{"id":39084,"date":"2016-09-25T23:28:30","date_gmt":"2016-09-25T23:28:30","guid":{"rendered":"https:\/\/www.reefshops.com\/product\/sunsun-mini-pompe-a-filtre-pour-aquarium-10w-ce-gs-faible-puissance-offre-speciale-jp-053\/"},"modified":"2025-03-16T09:06:16","modified_gmt":"2025-03-16T09:06:16","slug":"sunsun-mini-pompe-a-filtre-pour-aquarium-10w-ce-gs-faible-puissance-offre-speciale-jp-053","status":"publish","type":"product","link":"https:\/\/www.reefshops.com\/fr\/produit\/sunsun-mini-pompe-a-filtre-pour-aquarium-10w-ce-gs-faible-puissance-offre-speciale-jp-053\/","title":{"rendered":"SUNSUN \u2013 Mini pompe \u00e0 filtre pour Aquarium, 10W, CE\/GS, faible puissance, offre sp\u00e9ciale, JP-053"},"content":{"rendered":"<div style=\"clear:both\"><\/div>\n<p style=\"text-align:center\"><strong><span style=\"color:#00ffff\"><em><span style=\"font-size:18px;font-family:comic sans ms,sans-serif;background-color:#ffff00\"> SUNSUN Offre Sp\u00e9ciale CE\/GS 10W Faible Puissance Aquarium Mini Pompe \u00c0 Filtre <\/span><\/em><\/span><\/strong><strong><\/strong> <\/p>\n<p style=\"text-align:left\"><strong><\/strong> <\/p>\n<p style=\"text-align:left\"><strong><span style=\"font-size:18px;color:#ff9900\">1. Description du produit<\/span><\/strong><\/p>\n<\/p>\n<p><span style=\"font-size:10.5pt;font-family:'Times New Roman';color:#000000\">1. Cette pompe regroupe le pompage, la filtration, l&rsquo;a\u00e9ration et la cr\u00e9ation d&rsquo;une fontaine en un seul.<\/span><\/p>\n<\/p>\n<p><span style=\"font-size:10.5pt;font-family:'Times New Roman';color:#000000\">2. Il peut \u00eatre utilis\u00e9 pour de nombreuses applications diff\u00e9rentes, telles que les objets d&rsquo;art, la climatisation, les aquariums, les rocailles.<\/span><\/p>\n<\/p>\n<p><span style=\"font-size:10.5pt;font-family:'Times New Roman';color:#000000\">3. Il est facilement cach\u00e9, fabriqu\u00e9 \u00e0 partir de particules ABS de qualit\u00e9 sup\u00e9rieure.<\/span> <\/p>\n<\/p>\n<p><strong> <\/strong><\/p>\n<p><strong><span style=\"font-size:18px;font-family:comic sans ms, sans-serif;color:#ff9900;background-color:#ffffff\">2. D\u00e9tails de la mini pompe \u00e0 filtre d&rsquo;aquarium JP-053<\/span><\/strong><\/p>\n<\/p>\n<table class=\"aliDataTable\">\n<tbody>\n<tr align=\"left\">\n<td style=\"text-align:center;width:53.25pt\" valign=\"top\">\n<p><span style=\"font-size:14px;font-family:times new roman,times\">Mod\u00e8le<\/span><\/p>\n<\/td>\n<td style=\"text-align:center;width:53.25pt\" valign=\"top\">\n<p><span style=\"font-size:14px;font-family:times new roman,times\">Tension<\/span><\/p>\n<\/td>\n<td style=\"text-align:center;width:53.25pt\" valign=\"top\">\n<p><span style=\"font-size:14px;font-family:times new roman,times\">Fr\u00e9quence<\/span><\/p>\n<\/td>\n<td style=\"text-align:center;width:53.25pt\" valign=\"top\">\n<p><span style=\"font-size:14px;font-family:times new roman,times\">Puissance<\/span><\/p>\n<\/td>\n<td style=\"text-align:center;width:53.25pt\" valign=\"top\">\n<p><span style=\"font-size:14px;font-family:times new roman,times\">H-max<\/span><\/p>\n<\/td>\n<td style=\"text-align:center;width:53.25pt\" valign=\"top\">\n<p><span style=\"font-size:14px;font-family:times new roman,times\">Sortie<\/span><\/p>\n<\/td>\n<td style=\"text-align:center;width:53.3pt\" valign=\"top\">\n<p><span style=\"font-size:14px;font-family:times new roman,times\">Poids<\/span><\/p>\n<\/td>\n<td style=\"text-align:center;width:53.3pt\" valign=\"top\">\n<p><span style=\"font-size:14px;font-family:times new roman,times\"> Dimensions<\/span><\/p>\n<\/td>\n<\/tr>\n<tr align=\"left\">\n<td style=\"text-align:center\" valign=\"top\">\n<p><span style=\"font-size:14px;font-family:times new roman,times;color:#000000\">JP-052<\/span><\/p>\n<\/td>\n<td style=\"text-align:center\" valign=\"top\">\n<p><span style=\"font-size:14px;font-family:times new roman,times\">110V\/220V\/240V<\/span><\/p>\n<\/td>\n<td style=\"text-align:center\" valign=\"top\">\n<p><span style=\"font-size:14px;font-family:times new roman,times\">50 Hz\/60 Hz<\/span><\/p>\n<\/td>\n<td style=\"text-align:center\" valign=\"top\">\n<p><span style=\"font-size:14px;font-family:times new roman,times\">6W<\/span><\/p>\n<\/td>\n<td style=\"text-align:center\" valign=\"top\">\n<p><span style=\"font-size:14px;font-family:times new roman,times\">0,75 m<\/span><\/p>\n<\/td>\n<td style=\"text-align:center\" valign=\"top\">\n<p><span style=\"font-size:14px;font-family:times new roman,times\">450L\/h<\/span><\/p>\n<\/td>\n<td style=\"text-align:center\" valign=\"top\">\n<p><span style=\"font-size:14px;font-family:times new roman,times\">0,3 kg<\/span><\/p>\n<\/td>\n<td style=\"text-align:center\" valign=\"top\">\n<p><span style=\"font-size:14px;font-family:times new roman,times\">77*62*58mm<\/span><\/p>\n<\/td>\n<\/tr>\n<tr align=\"left\">\n<td style=\"text-align:center\" valign=\"top\">\n<p><span style=\"color:#ff6600\"><strong><span style=\"font-size:14px;font-family:times new roman,times\">JP-053<\/span><\/strong><\/span><\/p>\n<\/td>\n<td style=\"text-align:center\" valign=\"top\">\n<p><span style=\"font-size:14px;font-family:times new roman,times\">110V\/220V\/240V<\/span><\/p>\n<\/td>\n<td style=\"text-align:center\" valign=\"top\">\n<p><span style=\"font-size:14px;font-family:times new roman,times\">50 Hz\/60 Hz<\/span><\/p>\n<\/td>\n<td style=\"text-align:center\" valign=\"top\">\n<p><span style=\"font-size:14px;font-family:times new roman,times\">10W<\/span><\/p>\n<\/td>\n<td style=\"text-align:center\" valign=\"top\">\n<p><span style=\"font-size:14px;font-family:times new roman,times\">1,2\u00a0m<\/span><\/p>\n<\/td>\n<td style=\"text-align:center\" valign=\"top\">\n<p><span style=\"font-size:14px;font-family:times new roman,times\">700L\/h<\/span><\/p>\n<\/td>\n<td style=\"text-align:center\" valign=\"top\">\n<p><span style=\"font-size:14px;font-family:times new roman,times\">0,4 kg<\/span><\/p>\n<\/td>\n<td style=\"text-align:center\" valign=\"top\">\n<p><span style=\"font-size:14px;font-family:times new roman,times\">81*70*64mm<\/span><\/p>\n<\/td>\n<\/tr>\n<tr align=\"left\">\n<td style=\"text-align:center\" valign=\"top\">\n<p><span style=\"font-size:14px;font-family:times new roman,times\">JP-054<\/span><\/p>\n<\/td>\n<td style=\"text-align:center\" valign=\"top\">\n<p><span style=\"font-size:14px;font-family:times new roman,times\">110V\/220V\/240V<\/span><\/p>\n<\/td>\n<td style=\"text-align:center\" valign=\"top\">\n<p><span style=\"font-size:14px;font-family:times new roman,times\">50 Hz\/60 Hz<\/span><\/p>\n<\/td>\n<td style=\"text-align:center\" valign=\"top\">\n<p><span style=\"font-size:14px;font-family:times new roman,times\">14W<\/span><\/p>\n<\/td>\n<td style=\"text-align:center\" valign=\"top\">\n<p><span style=\"font-size:14px;font-family:times new roman,times\">1,6\u00a0m<\/span><\/p>\n<\/td>\n<td style=\"text-align:center\" valign=\"top\">\n<p><span style=\"font-size:14px;font-family:times new roman,times\">900L\/h<\/span><\/p>\n<\/td>\n<td style=\"text-align:center\" valign=\"top\">\n<p><span style=\"font-size:14px;font-family:times new roman,times\">0,5 kg<\/span><\/p>\n<\/td>\n<td style=\"text-align:center\" valign=\"top\">\n<p><span style=\"font-size:14px;font-family:times new roman,times\">87*72*70mm<\/span><\/p>\n<\/td>\n<\/tr>\n<tr align=\"left\">\n<td style=\"text-align:center\" valign=\"top\">\n<p><span style=\"font-size:14px;font-family:times new roman,times\">JP-055<\/span><\/p>\n<\/td>\n<td style=\"text-align:center\" valign=\"top\">\n<p><span style=\"font-size:14px;font-family:times new roman,times\">110V\/220V\/240V<\/span><\/p>\n<\/td>\n<td style=\"text-align:center\" valign=\"top\">\n<p><span style=\"font-size:14px;font-family:times new roman,times\">50 Hz\/60 Hz<\/span><\/p>\n<\/td>\n<td style=\"text-align:center\" valign=\"top\">\n<p><span style=\"font-size:14px;font-family:times new roman,times\">20W<\/span><\/p>\n<\/td>\n<td style=\"text-align:center\" valign=\"top\">\n<p><span style=\"font-size:14px;font-family:times new roman,times\">2,0\u00a0m<\/span><\/p>\n<\/td>\n<td style=\"text-align:center\" valign=\"top\">\n<p><span style=\"font-size:14px;font-family:times new roman,times\">1200L\/h<\/span><\/p>\n<\/td>\n<td style=\"text-align:center\" valign=\"top\">\n<p><span style=\"font-size:14px;font-family:times new roman,times\">0,6 kg<\/span><\/p>\n<\/td>\n<td style=\"text-align:center\" valign=\"top\">\n<p><span style=\"font-size:14px;font-family:times new roman,times\">110*80*84mm<\/span><\/p>\n<\/td>\n<\/tr>\n<tr align=\"left\">\n<td style=\"text-align:center\" valign=\"top\">\n<p><span style=\"font-size:14px;font-family:times new roman,times\">JP-056<\/span><\/p>\n<\/td>\n<td style=\"text-align:center\" valign=\"top\">\n<p><span style=\"font-size:14px;font-family:times new roman,times\">110V\/220V\/240V<\/span><\/p>\n<\/td>\n<td style=\"text-align:center\" valign=\"top\">\n<p><span style=\"font-size:14px;font-family:times new roman,times\">50 Hz\/60 Hz<\/span><\/p>\n<\/td>\n<td style=\"text-align:center\" valign=\"top\">\n<p><span style=\"font-size:14px;font-family:times new roman,times\">40W<\/span><\/p>\n<\/td>\n<td style=\"text-align:center\" valign=\"top\">\n<p><span style=\"font-size:14px;font-family:times new roman,times\">2,4\u00a0m<\/span><\/p>\n<\/td>\n<td style=\"text-align:center\" valign=\"top\">\n<p><span style=\"font-size:14px;font-family:times new roman,times\">2700L\/h<\/span><\/p>\n<\/td>\n<td style=\"text-align:center\" valign=\"top\">\n<p><span style=\"font-size:14px;font-family:times new roman,times\">1,25 kg<\/span><\/p>\n<\/td>\n<td style=\"text-align:center\" valign=\"top\">\n<p><span style=\"font-size:14px;font-family:times new roman,times\">126*101*102mm<\/span><\/p>\n<\/td>\n<\/tr>\n<tr align=\"left\">\n<td style=\"text-align:center\" valign=\"top\">\n<p><span style=\"font-size:14px;font-family:times new roman,times\">JP-057<\/span><\/p>\n<\/td>\n<td style=\"text-align:center\" valign=\"top\">\n<p><span style=\"font-size:14px;font-family:times new roman,times\">220V\/240V<\/span><\/p>\n<\/td>\n<td style=\"text-align:center\" valign=\"top\">\n<p><span style=\"font-size:14px;font-family:times new roman,times\">50 Hz<\/span><\/p>\n<\/td>\n<td style=\"text-align:center\" valign=\"top\">\n<p><span style=\"font-size:14px;font-family:times new roman,times\">50W<\/span><\/p>\n<\/td>\n<td style=\"text-align:center\" valign=\"top\">\n<p><span style=\"font-size:14px;font-family:times new roman,times\">2,7\u00a0m<\/span><\/p>\n<\/td>\n<td style=\"text-align:center\" valign=\"top\">\n<p><span style=\"font-size:14px;font-family:times new roman,times\">3500L\/h<\/span><\/p>\n<\/td>\n<td style=\"text-align:center\" valign=\"top\">\n<p><span style=\"font-size:14px;font-family:times new roman,times\">1,4 kg<\/span><\/p>\n<\/td>\n<td style=\"text-align:center\" valign=\"top\">\n<p><span style=\"font-size:14px;font-family:times new roman,times\">130*110*105mm<\/span><\/p>\n<\/td>\n<\/tr>\n<tr align=\"left\">\n<td style=\"text-align:center\" valign=\"top\">\n<p><span style=\"font-size:14px;font-family:times new roman,times\">JP-058<\/span><\/p>\n<\/td>\n<td style=\"text-align:center\" valign=\"top\">\n<p><span style=\"font-size:14px;font-family:times new roman,times\">220V\/240V<\/span><\/p>\n<\/td>\n<td style=\"text-align:center\" valign=\"top\">\n<p><span style=\"font-size:14px;font-family:times new roman,times\">50 Hz<\/span><\/p>\n<\/td>\n<td style=\"text-align:center\" valign=\"top\">\n<p><span style=\"font-size:14px;font-family:times new roman,times\">80W<\/span><\/p>\n<\/td>\n<td style=\"text-align:center\" valign=\"top\">\n<p><span style=\"font-size:14px;font-family:times new roman,times\">3,5\u00a0m<\/span><\/p>\n<\/td>\n<td style=\"text-align:center\" valign=\"top\">\n<p><span style=\"font-size:14px;font-family:times new roman,times\">5000L\/h<\/span><\/p>\n<\/td>\n<td style=\"text-align:center\" valign=\"top\">\n<p><span style=\"font-size:14px;font-family:times new roman,times\">1,9 kg<\/span><\/p>\n<\/td>\n<td style=\"text-align:center\" valign=\"top\">\n<p><span style=\"font-size:14px;font-family:times new roman,times\">168*124*142mm<\/span><\/p>\n<\/td>\n<\/tr>\n<tr align=\"left\">\n<td style=\"text-align:center\" valign=\"top\">\n<p><span style=\"font-size:14px;font-family:times new roman,times\">JP-059<\/span><\/p>\n<\/td>\n<td style=\"text-align:center\" valign=\"top\">\n<p><span style=\"font-size:14px;font-family:times new roman,times\">220V\/240V<\/span><\/p>\n<\/td>\n<td style=\"text-align:center\" valign=\"top\">\n<p><span style=\"font-size:14px;font-family:times new roman,times\">50 Hz<\/span><\/p>\n<\/td>\n<td style=\"text-align:center\" valign=\"top\">\n<p><span style=\"font-size:14px;font-family:times new roman,times\">100W<\/span><\/p>\n<\/td>\n<td style=\"text-align:center\" valign=\"top\">\n<p><span style=\"font-size:14px;font-family:times new roman,times\">4,0\u00a0m<\/span><\/p>\n<\/td>\n<td style=\"text-align:center\" valign=\"top\">\n<p><span style=\"font-size:14px;font-family:times new roman,times\">5800L\/h<\/span><\/p>\n<\/td>\n<td style=\"text-align:center\" valign=\"top\">\n<p><span style=\"font-size:14px;font-family:times new roman,times\">3,3 kg<\/span><\/p>\n<\/td>\n<td style=\"text-align:center\" valign=\"top\">\n<p><span style=\"font-size:14px;font-family:times new roman,times\">180*140*140mm<\/span><\/p>\n<\/td>\n<\/tr>\n<\/tbody>\n<\/table>\n<p> <img decoding=\"async\" alt=\"SUNSUN offre sp\u00e9ciale CE\/GS 10W mini pompe \u00e0 filtre d'aquarium \u00e0 faible puissance\" src=\"http:\/\/localhost\/media\/import\/detail\/695528263_692.jpg\"><\/p>\n<\/p>\n<\/p>\n<p><span style=\"color:#ff9900;background-color:#ffffff\"><strong><span style=\"font-size:18px;font-family:comic sans ms, sans-serif\">3. Autres nos mini pompes \u00e0 filtre d&rsquo;aquarium SUNSUN pour votre r\u00e9f\u00e9rence <\/span><\/strong><\/span><\/p>\n<\/p>\n<p> <img loading=\"lazy\" decoding=\"async\" alt=\"SUNSUN offre sp\u00e9ciale CE\/GS 10 W mini pompe \u00e0 filtre d'aquarium \u00e0 faible puissance\" src=\"http:\/\/localhost\/media\/import\/detail\/695419639_436.jpg\" width=\"600\" height=\"600\"><img decoding=\"async\" alt=\"SUNSUN Offre Sp\u00e9ciale CE\/GS 10W Mini Pompe \u00e0 Filtre pour Aquarium Faible Puissance\" src=\"http:\/\/localhost\/media\/import\/detail\/693399983_222.jpg\"><img loading=\"lazy\" decoding=\"async\" alt=\"SUNSUN Offre Sp\u00e9ciale CE\/GS 10W Mini pompe \u00e0 filtre d'aquarium \u00e0 faible puissance\" src=\"http:\/\/localhost\/media\/import\/detail\/691925856_935.jpg\" width=\"600\" height=\"600\"><\/p>\n<\/p>\n<\/p>\n<div style=\"clear:both\"><\/div>\n","protected":false},"excerpt":{"rendered":"<p>SUNSUN \u2013 Mini pompe \u00e0 filtre pour Aquarium, 10W, CE\/GS, faible puissance, offre sp\u00e9ciale, JP-053<\/p>\n","protected":false},"featured_media":5533,"comment_status":"open","ping_status":"closed","template":"","meta":[],"product_brand":[],"product_cat":[1380],"product_tag":[],"class_list":{"0":"post-39084","1":"product","2":"type-product","3":"status-publish","4":"has-post-thumbnail","6":"product_cat-pompes-a-eau-et-amp-tetes-motrices","8":"first","9":"instock","10":"shipping-taxable","11":"purchasable","12":"product-type-simple","13":"add-to-wishlist-after_add_to_cart"},"jetpack_sharing_enabled":true,"_links":{"self":[{"href":"https:\/\/www.reefshops.com\/fr\/wp-json\/wp\/v2\/product\/39084","targetHints":{"allow":["GET"]}}],"collection":[{"href":"https:\/\/www.reefshops.com\/fr\/wp-json\/wp\/v2\/product"}],"about":[{"href":"https:\/\/www.reefshops.com\/fr\/wp-json\/wp\/v2\/types\/product"}],"replies":[{"embeddable":true,"href":"https:\/\/www.reefshops.com\/fr\/wp-json\/wp\/v2\/comments?post=39084"}],"wp:featuredmedia":[{"embeddable":true,"href":"https:\/\/www.reefshops.com\/fr\/wp-json\/wp\/v2\/media\/5533"}],"wp:attachment":[{"href":"https:\/\/www.reefshops.com\/fr\/wp-json\/wp\/v2\/media?parent=39084"}],"wp:term":[{"taxonomy":"product_brand","embeddable":true,"href":"https:\/\/www.reefshops.com\/fr\/wp-json\/wp\/v2\/product_brand?post=39084"},{"taxonomy":"product_cat","embeddable":true,"href":"https:\/\/www.reefshops.com\/fr\/wp-json\/wp\/v2\/product_cat?post=39084"},{"taxonomy":"product_tag","embeddable":true,"href":"https:\/\/www.reefshops.com\/fr\/wp-json\/wp\/v2\/product_tag?post=39084"}],"curies":[{"name":"wp","href":"https:\/\/api.w.org\/{rel}","templated":true}]}}