{"id":39111,"date":"2016-09-25T23:28:31","date_gmt":"2016-09-25T23:28:31","guid":{"rendered":"https:\/\/www.reefshops.com\/product\/sunsun-gsce-95w-3800l-h-petite-pompe-submersible-deau-daquarium-jp-069\/"},"modified":"2025-03-16T09:06:26","modified_gmt":"2025-03-16T09:06:26","slug":"sunsun-gsce-95w-3800l-h-petite-pompe-submersible-deau-daquarium-jp-069","status":"publish","type":"product","link":"https:\/\/www.reefshops.com\/fr\/produit\/sunsun-gsce-95w-3800l-h-petite-pompe-submersible-deau-daquarium-jp-069\/","title":{"rendered":"SUNSUN GS,CE 95W 3800L\/h petite pompe Submersible d&rsquo;eau d&rsquo;aquarium JP-069"},"content":{"rendered":"<div style=\"clear:both\"><\/div>\n<p><span style=\"font-size:24px;color:#ff0000\">SUNSUN GS,CE 95W 3800L\/h petite pompe submersible d&rsquo;eau pour aquarium <\/span><\/p>\n<table class=\"aliDataTable\" style=\"height:300px;width:598px\" cellpadding=\"0\" border=\"1\">\n<tbody>\n<tr align=\"gauche\">\n<td valign=\"top\">\n<p><span style=\"font-size:12pt\">1.Item<\/span><\/p>\n<\/td>\n<td style=\"width:197.05pt\" valign=\"top\">\n<p><span style=\"font-size:12pt\">Pompe \u00e0 eau submersible pour aquarium SUNSUN<br \/><\/span><\/p>\n<\/td>\n<\/tr>\n<tr style=\"height:15.6pt\" align=\"gauche\">\n<td valign=\"top\">\n<p><span style=\"font-size:12pt\">2.Mod\u00e8le<\/span><\/p>\n<\/td>\n<td style=\"width:197.05pt\" valign=\"top\">\n<p><span style=\"font-size:12pt\">JP-069<\/span><\/p>\n<\/td>\n<\/tr>\n<tr align=\"gauche\">\n<td valign=\"top\">\n<p><span style=\"font-size:12pt\">3.Tension<\/span><\/p>\n<\/td>\n<td style=\"width:197.05pt\" valign=\"top\">\n<p><span style=\"font-size:12pt\">110V\/220V\/240V<\/span><\/p>\n<\/td>\n<\/tr>\n<tr style=\"height:16.35pt\" align=\"left\">\n<td valign=\"top\">\n<p><span style=\"font-size:12pt\">4.Fr\u00e9quence<\/span><\/p>\n<\/td>\n<td valign=\"top\">\n<p><span style=\"font-size:12pt\">50 Hz\/60 Hz<\/span><\/p>\n<\/td>\n<\/tr>\n<tr style=\"height:15.6pt\" align=\"left\">\n<td valign=\"top\">\n<p><span style=\"font-size:12pt\">5.Puissance<\/span><\/p>\n<\/td>\n<td valign=\"top\">\n<p><span style=\"font-size:12pt\">95W<\/span><\/p>\n<\/td>\n<\/tr>\n<tr style=\"height:16.35pt\" align=\"left\">\n<td valign=\"top\">\n<p><span style=\"font-size:12pt\">6. Sortie<\/span><\/p>\n<\/td>\n<td valign=\"top\">\n<p><span style=\"font-size:12pt\">3800L<\/span><span style=\"font-size:12pt\">\/h<\/span><\/p>\n<\/td>\n<\/tr>\n<tr align=\"left\">\n<td valign=\"top\">\n<p><span style=\"font-size:12pt\">7.Poids<\/span><\/p>\n<\/td>\n<td valign=\"top\">\n<p><span style=\"font-size:12pt\">2,9 kg<\/span><\/p>\n<\/td>\n<\/tr>\n<tr align=\"left\">\n<td valign=\"top\">\n<p><span style=\"font-size:12pt\">8.Dimensions<\/span><\/p>\n<\/td>\n<td valign=\"top\">\n<p><span style=\"font-size:12pt\">168*108*135mm<\/span><\/p>\n<\/td>\n<\/tr>\n<tr align=\"left\">\n<td valign=\"top\">\n<p><span style=\"font-size:12pt\">9.H-max<\/span><\/p>\n<\/td>\n<td valign=\"top\">\n<p><span style=\"font-size:12pt\">3,8\u00a0m<\/span><\/p>\n<\/td>\n<\/tr>\n<tr style=\"height:17.25pt\" align=\"left\">\n<td valign=\"top\">\n<p><span style=\"font-size:12pt\">10.Marque<\/span><\/p>\n<\/td>\n<td valign=\"top\">\n<p><span style=\"font-size:12pt\">SUNSUN<\/span><\/p>\n<\/td>\n<\/tr>\n<tr style=\"height:15pt\" align=\"left\">\n<td valign=\"top\">\n<p><span style=\"font-size:16px\">11.Qualit\u00e9<\/span><\/p>\n<\/td>\n<td valign=\"top\">\n<p><span style=\"font-size:16px\">Meilleure qualit\u00e9\u00a0; <br \/><\/span><\/p>\n<p align=\"left\"><span style=\"font-size:16px\">la plus grande entreprise de produits aquatiques en Chine.<\/span><\/p>\n<\/td>\n<\/tr>\n<tr style=\"height:4.6pt\" align=\"left\">\n<td valign=\"top\">\n<p><span style=\"font-size:16px\">12. Point de vente <\/span><\/p>\n<\/td>\n<td valign=\"top\">\n<p><span style=\"font-size:16px\">Marque bien connue en Chine\u00a0; s\u00fbr et fiable\u00a0; GS,CE <\/span><\/p>\n<\/td>\n<\/tr>\n<\/tbody>\n<\/table>\n<p> <img decoding=\"async\" alt=\"SUNSUN GS,CE 95W 3800L\/h petite pompe submersible d'eau pour aquarium\" src=\"http:\/\/localhost\/media\/import\/detail\/810980334_108.jpg\"><\/p>\n<p><span style=\"font-size:24px;color:#ff0000;background-color:#c0c0c0\">1. Caract\u00e9ristique de la pompe \u00e0 eau submersible pour aquarium\u00a0:<\/span><\/p>\n<p><span style=\"font-size:16px\">1) La pompe \u00e0 eau submersible pour aquarium utilise un noyau d&rsquo;arbre \u00e0 haute r\u00e9sistance et r\u00e9sistant \u00e0 l&rsquo;usure, offre une \u00e9conomie d&rsquo;\u00e9nergie tr\u00e8s efficace et longue dur\u00e9e de vie<\/span><\/p>\n<p><span style=\"font-size:16px\">2) Il est bien \u00e9tanche \u00e0 l&rsquo;eau, haute r\u00e9sistance di\u00e9lectrique, il est s\u00fbr et fiable<\/span><\/p>\n<p><span style=\"font-size:16px\">3) Il est con\u00e7u avec une turbine centrifuge, a un d\u00e9bit \u00e9lev\u00e9 et une haute pression<\/span><\/p>\n<p><span style=\"font-size:16px\">4) Il a diverses fonctions comme pompage, filtre et oxyg\u00e8ne<\/span><\/p>\n<p><span style=\"font-size:16px\">5) Appliquer sur <span style=\"font-size:24px;color:#ff0000\">aquariums, aquariums, rocailles, \u00e9tangs<\/span>dispositif de circulation d&rsquo;eau correspondant.<\/span><\/p>\n<\/p>\n<p> <span style=\"background-color:#c0c0c0\"><span style=\"font-size:24px;color:#ff0000\">2.Autres pompe \u00e0 eau submersible d&rsquo;aquarium multifonction pour votre r\u00e9f\u00e9rence<\/span> <\/span><\/p>\n<\/p>\n<p><span style=\"background-color:#c0c0c0\"><img loading=\"lazy\" decoding=\"async\" alt=\"SUNSUN GS, CE 95W 3800L\/h Petite pompe submersible d'aquarium\" src=\"http:\/\/localhost\/media\/import\/detail\/556207670_555.jpg\" width=\"622\" height=\"367\"><\/span><\/p>\n<p><img loading=\"lazy\" decoding=\"async\" alt=\"SUNSUN GS, CE 95W 3800L\/h Petite pompe submersible pour aquarium\" src=\"http:\/\/localhost\/media\/import\/detail\/545725985_176.jpg\" width=\"619\" height=\"459\"> <\/p>\n<\/p>\n<p><span style=\"background-color:#c0c0c0\"><span style=\"font-size:x-large;color:#ff0000\">3. Pompe \u00e0 eau submersible pour aquarium multifonction <span style=\"font-size:24px;color:#ff0000\">param\u00e8tre<\/span> <\/span> <\/span><\/p>\n<\/p>\n<table class=\"aliDataTable\" style=\"height:158px;width:88.77%\" border=\"1\">\n<tbody>\n<tr>\n<td>Mod\u00e8le<\/td>\n<td>Tension<\/td>\n<td>Fr\u00e9quence<\/td>\n<td>Puissance<\/td>\n<td>H-max<\/td>\n<td>Sortie<\/td>\n<td>Poids<\/td>\n<td>Dimensions<\/td>\n<\/tr>\n<tr>\n<td>JP-062<\/td>\n<td>110V \/220V\/240V<\/td>\n<td>50Hz\/60Hz<\/td>\n<td>6W<\/td>\n<td>1.0m<\/td>\n<td>450L\/h<\/td>\n<td>0.3Kg<\/td>\n<td> 80*50*65mm<\/td>\n<\/tr>\n<tr>\n<td>JP-063<\/td>\n<td>110V\/220V\/240V<\/td>\n<td>50Hz\/60Hz<\/td>\n<td>10W<\/p>\n<td>1,2m<\/td>\n<td>600L\/h<\/td>\n<td>0,4Kg<\/td>\n<td>85*56*71mm<\/td>\n<\/tr>\n<tr>\n<td>JP-064<\/td>\n<td>110V\/220V\/240V<\/td>\n<td>50Hz\/60Hz<\/td>\n<td>14W<\/td>\n<td>1,6m<\/td>\n<td>800L\/h<\/td>\n<td>0,45Kg<\/ td><\/p>\n<td>88*59*74mm<\/td>\n<\/tr>\n<tr>\n<td>JP-065<\/td>\n<td>110V\/220V\/240V<\/td>\n<td>50Hz\/60Hz<\/td>\n<td>22W<\/td>\n<td>2.0m<\/td>\n<td>1200L\/h<\/td>\n<td>0.6Kg<\/td>\n<td>100*64*83mm<\/td>\n<\/tr>\n<tr>\n<td><span style=\"color:#000000\">JP-066 <\/span><\/td>\n<td><span style=\"color:#000000\">110V\/220V\/240V <\/span><\/td>\n<td><span style=\"color:#000000\">50Hz\/60Hz <\/span><\/td>\n<td><span style=\"color:#000000\">45W<\/span><\/td>\n<td><span style=\"color:#000000\">2,7m<\/span><\/td>\n<td><span style=\"color:#000000\">1600L\/h<\/span><\/td>\n<td><span style=\"color:#000000\">1.0Kg<\/span><\/td>\n<td><span style=\"color:#000000\">110*72*96mm<\/span><\/td>\n<\/tr>\n<tr>\n<td>JP-067<\/td>\n<td>110V\/220V\/240V<\/td>\n<td>50Hz\/60Hz<\/td>\n<td>55W<\/td>\n<td>3,0 m<\/td>\n<td>2300L\/h<\/td>\n<td>1,4Kg<\/td>\n<td>140*80*115mm<\/td>\n<\/tr>\n<tr>\n<td>JP-068<\/td>\n<td>110V\/220V\/240V<\/td>\n<td>50Hz\/60Hz <\/td>\n<td>75W<\/td>\n<td>3,4m<\/td>\n<td>3100L\/h<\/td>\n<td>2,0Kg<\/td>\n<td>158*96*125mm<\/td>\n<\/tr>\n<tr>\n<td>JP-069<\/td>\n<td>110V\/220V\/240V <\/td>\n<td>50Hz\/60Hz<\/td>\n<td>95W<\/td>\n<td>3,8m<\/td>\n<td>3800L\/h<\/td>\n<td>2,9Kg<\/td>\n<td>168*108*135mm<\/td>\n<\/tr>\n<\/tbody>\n<\/table>\n<div style=\"clear:both\"><span style=\"background-color:#c0c0c0;color:#ff0000\"><\/span><\/div>\n","protected":false},"excerpt":{"rendered":"<p>SUNSUN GS,CE 95W 3800L\/h petite pompe Submersible d&rsquo;eau d&rsquo;aquarium JP-069<\/p>\n","protected":false},"featured_media":5586,"comment_status":"open","ping_status":"closed","template":"","meta":[],"product_brand":[],"product_cat":[1380],"product_tag":[],"class_list":{"0":"post-39111","1":"product","2":"type-product","3":"status-publish","4":"has-post-thumbnail","6":"product_cat-pompes-a-eau-et-amp-tetes-motrices","8":"first","9":"instock","10":"shipping-taxable","11":"purchasable","12":"product-type-simple","13":"add-to-wishlist-after_add_to_cart"},"jetpack_sharing_enabled":true,"_links":{"self":[{"href":"https:\/\/www.reefshops.com\/fr\/wp-json\/wp\/v2\/product\/39111","targetHints":{"allow":["GET"]}}],"collection":[{"href":"https:\/\/www.reefshops.com\/fr\/wp-json\/wp\/v2\/product"}],"about":[{"href":"https:\/\/www.reefshops.com\/fr\/wp-json\/wp\/v2\/types\/product"}],"replies":[{"embeddable":true,"href":"https:\/\/www.reefshops.com\/fr\/wp-json\/wp\/v2\/comments?post=39111"}],"wp:featuredmedia":[{"embeddable":true,"href":"https:\/\/www.reefshops.com\/fr\/wp-json\/wp\/v2\/media\/5586"}],"wp:attachment":[{"href":"https:\/\/www.reefshops.com\/fr\/wp-json\/wp\/v2\/media?parent=39111"}],"wp:term":[{"taxonomy":"product_brand","embeddable":true,"href":"https:\/\/www.reefshops.com\/fr\/wp-json\/wp\/v2\/product_brand?post=39111"},{"taxonomy":"product_cat","embeddable":true,"href":"https:\/\/www.reefshops.com\/fr\/wp-json\/wp\/v2\/product_cat?post=39111"},{"taxonomy":"product_tag","embeddable":true,"href":"https:\/\/www.reefshops.com\/fr\/wp-json\/wp\/v2\/product_tag?post=39111"}],"curies":[{"name":"wp","href":"https:\/\/api.w.org\/{rel}","templated":true}]}}