{"id":39112,"date":"2016-09-25T23:28:31","date_gmt":"2016-09-25T23:28:31","guid":{"rendered":"https:\/\/www.reefshops.com\/product\/sunsun-petite-pompe-a-eau-multifonction-pour-aquarium-faible-puissance-hj-501\/"},"modified":"2025-03-16T09:06:26","modified_gmt":"2025-03-16T09:06:26","slug":"sunsun-petite-pompe-a-eau-multifonction-pour-aquarium-faible-puissance-hj-501","status":"publish","type":"product","link":"https:\/\/www.reefshops.com\/fr\/produit\/sunsun-petite-pompe-a-eau-multifonction-pour-aquarium-faible-puissance-hj-501\/","title":{"rendered":"SUNSUN \u2013 petite pompe \u00e0 eau multifonction pour Aquarium, faible puissance, HJ-501"},"content":{"rendered":"<div style=\"clear:both\"><\/div>\n<p><img decoding=\"async\" alt=\"Petite pompe \u00e0 eau multifonction pour aquarium SUNSUN basse consommation\" src=\"http:\/\/localhost\/media\/import\/detail\/748736294_007.jpg\"><img decoding=\"async\" alt=\"Petite pompe \u00e0 eau multifonction SUNSUN basse consommation pour aquarium\" src=\"http:\/\/localhost\/media\/import\/detail\/532781374_464.jpg\"><\/p>\n<p><span style=\"font-size:24px;color:#ff0000\"><span style=\"background-color:#c0c0c0\">SUNSUN petite pompe \u00e0 eau multifonctionnelle pour aquarium \u00e0 faible consommation<\/span> <\/span><\/p>\n<table class=\"aliDataTable\" cellpadding=\"0\" border=\"1\">\n<tbody>\n<tr align=\"gauche\">\n<td valign=\"top\">\n<p><span style=\"font-size:12pt\">1.Item<\/span><\/p>\n<\/td>\n<td style=\"width:197.05pt\" valign=\"top\">\n<p><span style=\"font-size:12pt\">SUNSUN petite pompe \u00e0 eau d&rsquo;aquarium <\/span><\/p>\n<\/td>\n<\/tr>\n<tr style=\"height:15.6pt\" align=\"gauche\">\n<td valign=\"top\">\n<p><span style=\"font-size:12pt\">2.Mod\u00e8le<\/span><\/p>\n<\/td>\n<td style=\"width:197.05pt\" valign=\"top\">\n<p><span style=\"font-size:12pt\">HJ-501<\/span><\/p>\n<\/td>\n<\/tr>\n<tr align=\"gauche\">\n<td valign=\"top\">\n<p><span style=\"font-size:12pt\">3.Tension<\/span><\/p>\n<\/td>\n<td style=\"width:197.05pt\" valign=\"top\">\n<p><span style=\"font-size:12pt\">110V\/220V\/240V<\/span><\/p>\n<\/td>\n<\/tr>\n<tr style=\"height:16.35pt\" align=\"left\">\n<td valign=\"top\">\n<p><span style=\"font-size:12pt\">4.Fr\u00e9quence<\/span><\/p>\n<\/td>\n<td valign=\"top\">\n<p><span style=\"font-size:12pt\">50 Hz\/60 Hz<\/span><\/p>\n<\/td>\n<\/tr>\n<tr style=\"height:15.6pt\" align=\"left\">\n<td valign=\"top\">\n<p><span style=\"font-size:12pt\">5.Puissance<\/span><\/p>\n<\/td>\n<td valign=\"top\">\n<p><span style=\"font-size:12pt\">5W<\/span><\/p>\n<\/td>\n<\/tr>\n<tr style=\"height:16.35pt\" align=\"left\">\n<td valign=\"top\">\n<p><span style=\"font-size:12pt\">6. Sortie<\/span><\/p>\n<\/td>\n<td valign=\"top\">\n<p><span style=\"font-size:12pt\">250L<\/span><span style=\"font-size:12pt\">\/h<\/span><\/p>\n<\/td>\n<\/tr>\n<tr align=\"left\">\n<td valign=\"top\">\n<p><span style=\"font-size:12pt\">7.Poids<\/span><\/p>\n<\/td>\n<td valign=\"top\">\n<p><span style=\"font-size:12pt\">0,21 kg<\/span><\/p>\n<\/td>\n<\/tr>\n<tr align=\"left\">\n<td valign=\"top\">\n<p><span style=\"font-size:12pt\">8.Dimensions<\/span><\/p>\n<\/td>\n<td valign=\"top\">\n<p><span style=\"font-size:12pt\">54*65*58mm<\/span><\/p>\n<\/td>\n<\/tr>\n<tr align=\"left\">\n<td valign=\"top\">\n<p><span style=\"font-size:12pt\">9.Marque<\/span><\/p>\n<\/td>\n<td valign=\"top\">\n<p><span style=\"font-size:12pt\">SUNSUN<\/span><\/p>\n<\/td>\n<\/tr>\n<tr style=\"height:15pt\" align=\"left\">\n<td valign=\"top\">\n<p><span style=\"font-size:16px\">10.Qualit\u00e9<\/span><\/p>\n<\/td>\n<td valign=\"top\">\n<p><span style=\"font-size:16px\">Meilleure qualit\u00e9\u00a0; <br \/><\/span><\/p>\n<p align=\"left\"><span style=\"font-size:16px\"><span style=\"font-size:16px\">la plus grande entreprise de produits aquatiques en Chine.<\/span> <\/span><\/p>\n<\/td>\n<\/tr>\n<tr style=\"height:4.6pt\" align=\"left\">\n<td valign=\"top\">\n<p><span style=\"font-size:16px\">12. Point de vente <\/span><\/p>\n<\/td>\n<td valign=\"top\">\n<p><span style=\"font-size:16px\">Marque bien connue en Chine\u00a0; s\u00fbr et fiable, approuv\u00e9 par GS,CE<\/span><\/p>\n<\/td>\n<\/tr>\n<\/tbody>\n<\/table>\n<\/p>\n<p><span style=\"font-size:24px;color:#ff0000;background-color:#c0c0c0\">1. Utilisation pour aquarium et aquarium<\/span><\/p>\n<\/p>\n<p><img decoding=\"async\" alt=\"SUNSUN Low Power Multi-function Petite pompe \u00e0 eau d'aquarium\" src=\"http:\/\/localhost\/media\/import\/detail\/536661844_844.jpg\"><\/p>\n<\/p>\n<p style=\"text-align:center\"><span style=\"font-size:18px;color:#000000;text-decoration:underline;background-color:#ffff00\"><span style=\"font-family:'Verdana';text-decoration:underline\">Con\u00e7u pour <\/span><span style=\"font-family:'Verdana';text-decoration:underline\">immerg\u00e9<\/span><span style=\"font-family:'Verdana';text-decoration:underline\"> \u00e0 utiliser uniquement<\/span><\/span><\/p>\n<p style=\"text-align:center\"><span style=\"font-size:18px;color:#000000;background-color:#ffff00\"> <\/span><\/p>\n<p style=\"text-align:center\"><span style=\"font-size:18px;background-color:#ffff00\"><strong><em><span style=\"font-family:arial, helvetica, sans-serif\">Le moteur de la pompe est tr\u00e8s efficace, \u00e9conome en \u00e9nergie et silencieux, <span style=\"font-family:Arial\">Pratique \u00e0 utiliser<\/span> <\/span><\/em><\/strong><\/span><\/p>\n<\/p>\n<p><span style=\"font-size:24px;color:#ff0000;background-color:#c0c0c0\">2. Caract\u00e9ristique\u00a0:<\/span><\/p>\n<p> <span style=\"font-size:16px\">1. Il utilise un noyau d&rsquo;arbre \u00e0 haute r\u00e9sistance et r\u00e9sistant \u00e0 l&rsquo;usure, offre une \u00e9conomie d&rsquo;\u00e9nergie tr\u00e8s efficace et une longue dur\u00e9e de vie<\/span><\/p>\n<p><span style=\"font-size:16px\">2. a une bonne r\u00e9sistance \u00e0 l&rsquo;eau, une rigidit\u00e9 di\u00e9lectrique \u00e9lev\u00e9e, il est s\u00fbr et fiable<\/span><\/p>\n<p><span style=\"font-size:16px\">3. Il est con\u00e7u avec une turbine centrifuge, a un d\u00e9bit \u00e9lev\u00e9 et une haute pression<\/span><\/p>\n<p><span style=\"font-size:16px\">4. Il a diverses fonctions comme pompage, filtre et oxyg\u00e8ne<\/span><\/p>\n<p><span style=\"font-size:16px\">5. Appliquer aux <span style=\"font-size:24px;color:#ff0000\">aquariums, aquariums, rocailles, \u00e9tangs <\/span>dispositif de circulation d&rsquo;eau correspondant.<\/span><\/p>\n<\/p>\n<p><span style=\"background-color:#c0c0c0\"><span style=\"font-size:24px;color:#ff0000\">3.Autres pompe \u00e0 eau d&rsquo;aquarium multifonction pour votre r\u00e9f\u00e9rence<\/span> <\/span> <img decoding=\"async\" alt=\"SUNSUN petite pompe \u00e0 eau d'aquarium multifonction \u00e0 faible consommation\" src=\"http:\/\/localhost\/media\/import\/detail\/532796249_092.jpg\"><img decoding=\"async\" alt=\"SUNSUN petite pompe \u00e0 eau multifonctionnelle pour aquarium de faible puissance\" src=\"http:\/\/localhost\/media\/import\/detail\/532796252_154.jpg\"><img decoding=\"async\" alt=\"SUNSUN petite pompe \u00e0 eau multifonctionnelle pour aquarium de faible puissance\" src=\"http:\/\/localhost\/media\/import\/detail\/532796253_103.jpg\"><img decoding=\"async\" alt=\"Petite pompe \u00e0 eau multifonction SUNSUN basse consommation pour aquarium\" src=\"http:\/\/localhost\/media\/import\/detail\/532796254_281.jpg\"><\/p>\n<\/p>\n<p><span style=\"background-color:#c0c0c0\"><span style=\"font-size:x-large;color:#ff0000\">4. Pompe \u00e0 eau d&rsquo;aquarium multifonction <span style=\"font-size:24px;color:#ff0000\">Param\u00e8tre<\/span> <\/span> <\/span><\/p>\n<table class=\"aliDataTable ke-zeroborder\" style=\"width:666px\" cellpadding=\"0\" border=\"0\">\n<tbody>\n<tr align=\"left\">\n<td width=\"69\">MOD\u00c8LE<\/td>\n<td width=\"126\">TENSION<\/td>\n<td width=\"92\">FR\u00c9QUENCE<\/td>\n<td width=\"66\">PUISSANCE<\/td>\n<td width=\"60\">H-MAX<\/td>\n<td width=\"81\">SORTIE<\/td>\n<td width=\"65\">POIDS<\/td>\n<td width=\"107\">DIMENSIONS<\/td>\n<\/tr>\n<tr align=\"left\">\n<td><span style=\"color:#ff0000\">HJ-501<\/span><\/td>\n<td><span style=\"color:#ff0000\">110V\/220V\/240V<\/span><\/td>\n<td><span style=\"color:#ff0000\">50Hz\/60Hz<\/span><\/td>\n<td><span style=\"color:#ff0000\">5W<\/span><\/td>\n<td><span style=\"color:#ff0000\">0,6 m<\/span><\/td>\n<td><span style=\"color:#ff0000\">250 L\/h<\/span><\/td>\n<td><span style=\"color:#ff0000\">0,21 kg<\/span><\/td>\n<td><span style=\"color:#ff0000\">54x65x58mm<\/span><\/td>\n<\/tr>\n<tr align=\"left\">\n<td>HJ-701<\/td>\n<td>110V\/220V\/240V<\/td>\n<td>50Hz\/60Hz<\/td>\n<td>8W<\/td>\n<td>0,9m<\/td>\n<td>500L\/h<\/td>\n<td>0,4kg<\/td>\n<td>70x71x70mm<\/td>\n<\/tr>\n<tr align=\"left\">\n<td>HJ-901<\/td>\n<td>110V\/220V\/240V<\/td>\n<td>50Hz\/60Hz<\/td>\n<td>12W<\/td>\n<td>1,2m<\/td>\n<td>800L\/h<\/td>\n<td>0,5kg<\/td>\n<td>80x79x75mm<\/td>\n<\/tr>\n<tr align=\"left\">\n<td>HJ-1101<\/td>\n<td>110V\/220V\/240V<\/td>\n<td>50Hz\/60Hz<\/td>\n<td>18 L<\/td>\n<td>1,5m<\/td>\n<td>1000L\/h<\/td>\n<td>0,8kg<\/td>\n<td>88x88x85mm<\/td>\n<\/tr>\n<tr align=\"left\">\n<td>HJ-1501<\/td>\n<td>110V\/220V\/240V<\/td>\n<td>50Hz\/60Hz<\/td>\n<td>35W <\/td>\n<td>2,4m<\/td>\n<td>1350L\/h<\/td>\n<td>1,4kg<\/td>\n<td>105x126x110mm<\/td>\n<\/tr>\n<tr align=\"left\">\n<td>HJ-3701<\/td>\n<td>110V\/220V\/240V<\/td>\n<td>50Hz\/60Hz<\/td>\n<td>100W <\/td>\n<td>4,0m<\/td>\n<td>2500L\/h<\/td>\n<td>2,7kg<\/td>\n<td>141x139x137mm<\/td>\n<\/tr>\n<tr align=\"left\">\n<td>HJ-901B<\/td>\n<td>110V\/220V\/240V<\/td>\n<td>50Hz\/60Hz<\/td>\n<td>15 L<\/td>\n<td>1,3m<\/td>\n<td>1000L\/h<\/td>\n<td>0,4kg<\/td>\n<td>96x73x108mm<\/td>\n<\/tr>\n<tr align=\"left\">\n<td>HJ-901C<\/td>\n<td>110V\/220V\/240V<\/td>\n<td>50Hz\/60Hz<\/td>\n<td>15W<\/td>\n<p>1,3m<\/td>\n<td>1000L\/h<\/td>\n<td>0,4kg<\/td>\n<td>96x73x108mm<\/td>\n<\/tr>\n<\/tbody>\n<\/table>\n<p><p><span style=\"font-size:24px;color:#ff0000\"><\/span><\/p><\/p>\n","protected":false},"excerpt":{"rendered":"<p>SUNSUN \u2013 petite pompe \u00e0 eau multifonction pour Aquarium, faible puissance, HJ-501<\/p>\n","protected":false},"featured_media":5588,"comment_status":"open","ping_status":"closed","template":"","meta":[],"product_brand":[],"product_cat":[1380],"product_tag":[],"class_list":{"0":"post-39112","1":"product","2":"type-product","3":"status-publish","4":"has-post-thumbnail","6":"product_cat-pompes-a-eau-et-amp-tetes-motrices","8":"first","9":"instock","10":"shipping-taxable","11":"purchasable","12":"product-type-simple","13":"add-to-wishlist-after_add_to_cart"},"jetpack_sharing_enabled":true,"_links":{"self":[{"href":"https:\/\/www.reefshops.com\/fr\/wp-json\/wp\/v2\/product\/39112","targetHints":{"allow":["GET"]}}],"collection":[{"href":"https:\/\/www.reefshops.com\/fr\/wp-json\/wp\/v2\/product"}],"about":[{"href":"https:\/\/www.reefshops.com\/fr\/wp-json\/wp\/v2\/types\/product"}],"replies":[{"embeddable":true,"href":"https:\/\/www.reefshops.com\/fr\/wp-json\/wp\/v2\/comments?post=39112"}],"wp:featuredmedia":[{"embeddable":true,"href":"https:\/\/www.reefshops.com\/fr\/wp-json\/wp\/v2\/media\/5588"}],"wp:attachment":[{"href":"https:\/\/www.reefshops.com\/fr\/wp-json\/wp\/v2\/media?parent=39112"}],"wp:term":[{"taxonomy":"product_brand","embeddable":true,"href":"https:\/\/www.reefshops.com\/fr\/wp-json\/wp\/v2\/product_brand?post=39112"},{"taxonomy":"product_cat","embeddable":true,"href":"https:\/\/www.reefshops.com\/fr\/wp-json\/wp\/v2\/product_cat?post=39112"},{"taxonomy":"product_tag","embeddable":true,"href":"https:\/\/www.reefshops.com\/fr\/wp-json\/wp\/v2\/product_tag?post=39112"}],"curies":[{"name":"wp","href":"https:\/\/api.w.org\/{rel}","templated":true}]}}