{"id":39115,"date":"2016-09-25T23:28:31","date_gmt":"2016-09-25T23:28:31","guid":{"rendered":"https:\/\/www.reefshops.com\/product\/pompe-a-eau-daquarium-sunsun-35w-1100l-h-hj-1800\/"},"modified":"2025-03-16T09:06:27","modified_gmt":"2025-03-16T09:06:27","slug":"pompe-a-eau-daquarium-sunsun-35w-1100l-h-hj-1800","status":"publish","type":"product","link":"https:\/\/www.reefshops.com\/fr\/produit\/pompe-a-eau-daquarium-sunsun-35w-1100l-h-hj-1800\/","title":{"rendered":"Pompe \u00e0 eau d&rsquo;aquarium SUNSUN 35w 1100L\/h HJ-1800"},"content":{"rendered":"<div style=\"clear:both\"><\/div>\n<p><span style=\"font-size:18px\"><strong><span style=\"font-family:'Times New Roman'\">Param\u00e8tre<\/span><span style=\"font-family:'Times New Roman'\">\u00a0:<\/span><\/strong><\/span><\/p>\n<p><span style=\"font-size:10.5pt;font-family:'Times New Roman'\">&#8211; Tension (V) : 110\/220\/240<\/span><span style=\"font-size:10.5pt;font-family:'Times New Roman'\"><br \/><\/span><span style=\"font-size:10.5pt;font-family:'Times New Roman'\">&#8211; Fr\u00e9quence (Hz) : 50\/60<\/span><span style=\"font-size:10.5pt;font-family:'Times New Roman'\"><br \/><\/span><span style=\"font-size:10.5pt;font-family:'Times New Roman'\">&#8211; Puissance (W) : 35<\/span><\/p>\n<p><span style=\"font-size:10.5pt;font-family:'Times New Roman'\">&#8211; H-Max (m) : 2,3<\/span><\/p>\n<p><span style=\"font-size:10.5pt;font-family:'Times New Roman'\">&#8211; Sortie (L\/H) : 1100<\/span><\/p>\n<p><span style=\"font-size:10.5pt;font-family:'Times New Roman'\">&#8211; Poids (kg) : 0,78<\/span><\/p>\n<p><span style=\"font-size:10.5pt;font-family:'Times New Roman'\">&#8211; Dimensions (L*B*H) :91*94*108mm<\/span><\/p>\n<\/p>\n<p><span style=\"font-size:18px\"><strong><span style=\"font-family:'Times New Roman'\">Pompe \u00e0 eau d&rsquo;aquarium\u00a0:<\/span><\/strong><\/span><\/p>\n<\/p>\n<p><span style=\"font-size:10.5pt;font-family:'Times New Roman'\">1.<\/span><span style=\"font-size:10.5pt\">I<\/span><span style=\"font-size:10.5pt;font-family:'Times New Roman'\">t utilise un noyau d&rsquo;arbre \u00e0 haute r\u00e9sistance et r\u00e9sistant \u00e0 l&rsquo;usure,<\/span><span style=\"font-size:10.5pt\"> <\/span><span style=\"font-size:10.5pt;font-family:'Times New Roman'\">a une \u00e9conomie d&rsquo;\u00e9nergie tr\u00e8s efficace et une longue dur\u00e9e de vie<\/span><span style=\"font-size:10.5pt\">.<\/span><\/p>\n<\/p>\n<p><span style=\"font-size:10.5pt;font-family:'Times New Roman'\">2.<\/span><span style=\"font-size:10.5pt\">Je<\/span><span style=\"font-size:10.5pt;font-family:'Times New Roman'\">j&rsquo;ai bon<\/span><span style=\"font-size:10.5pt\">d<\/span><span style=\"font-size:10.5pt;font-family:'Times New Roman'\"> eau preuve,<\/span><span style=\"font-size:10.5pt\"> <\/span><span style=\"font-size:10.5pt;font-family:'Times New Roman'\">rigidit\u00e9 di\u00e9lectrique \u00e9lev\u00e9e,<\/span><span style=\"font-size:10.5pt\"> <\/span><span style=\"font-size:10.5pt;font-family:'Times New Roman'\">il est s\u00fbr et fiable<\/span><span style=\"font-size:10.5pt\">.<\/span><\/p>\n<\/p>\n<p><span style=\"font-size:10.5pt;font-family:'Times New Roman'\">3.<\/span><span style=\"font-size:10.5pt\">Je<\/span><span style=\"font-size:10.5pt;font-family:'Times New Roman'\">t con\u00e7u avec une turbine centrifuge, a un d\u00e9bit et une pression \u00e9lev\u00e9s<\/span><\/p>\n<\/p>\n<p><span style=\"font-size:10.5pt;font-family:'Times New Roman'\">4.<\/span><span style=\"font-size:10.5pt\">I<\/span><span style=\"font-size:10.5pt;font-family:'Times New Roman'\">il a diverses fonctions<\/span><span style=\"font-size:10.5pt\"> telles<\/span><span style=\"font-size:10.5pt;font-family:'Times New Roman'\"> comme le pompage, le filtre et l&rsquo;oxyg\u00e8ne<\/span><\/p>\n<\/p>\n<p><span style=\"font-size:10.5pt;font-family:'Times New Roman'\">5.<\/span><span style=\"font-size:10.5pt\">A<\/span><span style=\"font-size:10.5pt;font-family:'Times New Roman'\">appliquer aux aquariums, \u00e9tangs de rocaille <\/span><span style=\"font-size:10.5pt\">,<\/span><span style=\"font-size:10.5pt;font-family:'Times New Roman'\">circulation de l&rsquo;eau <\/span><span style=\"font-size:10.5pt\">et<\/span><span style=\"font-size:10.5pt;font-family:'Times New Roman'\"> correspondance des appareils<\/span><\/p>\n<\/p>\n<p><span style=\"font-size:10.5pt;font-family:'Times New Roman'\"><img decoding=\"async\" alt=\"SUNSUN 35w Pompe \u00e0 eau d'aquarium 1100L\/h HJ-1800\" src=\"http:\/\/localhost\/media\/import\/detail\/519260972_261.jpg\"><\/span><\/p>\n<p><span style=\"font-size:10.5pt;font-family:'Times New Roman'\"><img decoding=\"async\" alt=\"SUNSUN Pompe \u00e0 eau d'aquarium 35w 1100L\/h HJ-1800\" src=\"http:\/\/localhost\/media\/import\/detail\/519261880_761.jpg\"><img decoding=\"async\" alt=\"SUNSUN Pompe \u00e0 eau d'aquarium 35w 1100L\/h HJ-1800\" src=\"http:\/\/localhost\/media\/import\/detail\/519261884_474.jpg\"><img decoding=\"async\" alt=\"SUNSUN 35w 1100L\/h Pompe \u00e0 eau d'aquarium HJ-1800\" src=\"http:\/\/localhost\/media\/import\/detail\/519261888_549.jpg\"><\/span><\/p>\n","protected":false},"excerpt":{"rendered":"<p>Pompe \u00e0 eau d&rsquo;aquarium SUNSUN 35w 1100L\/h HJ-1800<\/p>\n","protected":false},"featured_media":5593,"comment_status":"open","ping_status":"closed","template":"","meta":[],"product_brand":[],"product_cat":[1380],"product_tag":[],"class_list":{"0":"post-39115","1":"product","2":"type-product","3":"status-publish","4":"has-post-thumbnail","6":"product_cat-pompes-a-eau-et-amp-tetes-motrices","8":"first","9":"instock","10":"shipping-taxable","11":"purchasable","12":"product-type-simple","13":"add-to-wishlist-after_add_to_cart"},"jetpack_sharing_enabled":true,"_links":{"self":[{"href":"https:\/\/www.reefshops.com\/fr\/wp-json\/wp\/v2\/product\/39115","targetHints":{"allow":["GET"]}}],"collection":[{"href":"https:\/\/www.reefshops.com\/fr\/wp-json\/wp\/v2\/product"}],"about":[{"href":"https:\/\/www.reefshops.com\/fr\/wp-json\/wp\/v2\/types\/product"}],"replies":[{"embeddable":true,"href":"https:\/\/www.reefshops.com\/fr\/wp-json\/wp\/v2\/comments?post=39115"}],"wp:featuredmedia":[{"embeddable":true,"href":"https:\/\/www.reefshops.com\/fr\/wp-json\/wp\/v2\/media\/5593"}],"wp:attachment":[{"href":"https:\/\/www.reefshops.com\/fr\/wp-json\/wp\/v2\/media?parent=39115"}],"wp:term":[{"taxonomy":"product_brand","embeddable":true,"href":"https:\/\/www.reefshops.com\/fr\/wp-json\/wp\/v2\/product_brand?post=39115"},{"taxonomy":"product_cat","embeddable":true,"href":"https:\/\/www.reefshops.com\/fr\/wp-json\/wp\/v2\/product_cat?post=39115"},{"taxonomy":"product_tag","embeddable":true,"href":"https:\/\/www.reefshops.com\/fr\/wp-json\/wp\/v2\/product_tag?post=39115"}],"curies":[{"name":"wp","href":"https:\/\/api.w.org\/{rel}","templated":true}]}}