{"id":39137,"date":"2016-09-25T23:28:32","date_gmt":"2016-09-25T23:28:32","guid":{"rendered":"https:\/\/www.reefshops.com\/product\/sunsun-30-w-5000l-h-jtp-5000-pompe-agricole-a-eau-pompe-electrique-de-piscine-jtp-5000\/"},"modified":"2025-03-16T09:06:32","modified_gmt":"2025-03-16T09:06:32","slug":"sunsun-30-w-5000l-h-jtp-5000-pompe-agricole-a-eau-pompe-electrique-de-piscine-jtp-5000","status":"publish","type":"product","link":"https:\/\/www.reefshops.com\/fr\/produit\/sunsun-30-w-5000l-h-jtp-5000-pompe-agricole-a-eau-pompe-electrique-de-piscine-jtp-5000\/","title":{"rendered":"SUNSUN 30 W 5000L\/h JTP-5000 pompe agricole \u00e0 eau\/pompe \u00e9lectrique de piscine JTP-5000"},"content":{"rendered":"<div style=\"clear:both\"><\/div>\n<p><span style=\"font-size:18px\"><strong><span style=\"color:#ff0000\"><span style=\"color:#000000\">SUNSUN 30W 5000L\/h JTP-5000 pompe agricole \u00e0 eau\/pompe \u00e9lectrique de piscine<\/span><\/span><\/strong><\/span><\/p>\n<p style=\"text-align:left\">\n<p><span style=\"font-size:16px;background-color:#00ffff\">Description du produit<\/span><\/p>\n<p style=\"text-align:left\"><span style=\"font-size:14px;color:#000000\">1. Conception nouvelle et g\u00e9n\u00e9reuse, utilisez la technologie \u00e0 fr\u00e9quence variable\u00a0; petite puissance, grand d\u00e9bit, \u00e9lev\u00e9 t\u00eate,<\/span><\/p>\n<p style=\"text-align:left\"><span style=\"font-size:14px;color:#000000\">super silencieux et peut \u00eatre utilis\u00e9 en mer ou sur terre.<\/span><\/p>\n<p style=\"text-align:left\"><span style=\"font-size:14px;color:#000000\">2. Utilisez un arbre en c\u00e9ramique, r\u00e9sistant \u00e0 l&rsquo;usure, ne rouille pas, longue dur\u00e9e de vie, adapt\u00e9 \u00e0 l&rsquo;eau douce et \u00e0 l&rsquo;eau de mer,<\/span><\/p>\n<p style=\"text-align:left\"><span style=\"font-size:14px;color:#000000\">ne contient pas d&rsquo;\u00e9l\u00e9ment en cuivre.<\/span><\/p>\n<p style=\"text-align:left\"><span style=\"font-size:14px;color:#000000\">3. Ce produit r\u00e9alise une d\u00e9molition d&rsquo;outils gratuite, facile \u00e0 nettoyer.<\/span><\/p>\n<p style=\"text-align:left\"><span style=\"font-size:14px;color:#000000\">4. La sortie r\u00e9alise plusieurs \u00e9tages, adapt\u00e9e \u00e0 une vari\u00e9t\u00e9 de diam\u00e8tres de connexion de tuyaux.<\/span><\/p>\n<p style=\"text-align:left\"><span style=\"font-size:14px;color:#000000\">5. La fonction de protection du rotor verrouill\u00e9 (coupe imm\u00e9diatement l&rsquo;alimentation une fois la feuille d&rsquo;eau verrouill\u00e9e)<\/span><\/p>\n<p style=\"text-align:left\">\n<p style=\"text-align:left\"><span style=\"font-size:16px;color:#000000;background-color:#00ffff\">Produit D\u00e9tails<\/span><\/p>\n<table class=\"aliDataTable\">\n<tbody>\n<tr align=\"left\">\n<td style=\"text-align:center;width:55.5pt\" valign=\"middle\">\n<p><span style=\"font-size:9pt\">Mod\u00e8le<\/span><\/p>\n<\/td>\n<td style=\"text-align:center;width:67.5pt\" valign=\"middle\">\n<p><span style=\"font-size:9pt\">Tension<\/span><\/p>\n<\/td>\n<td style=\"text-align:center;width:56.25pt\" valign=\"middle\">\n<p><span style=\"font-size:9pt\">Fr\u00e9quence<\/span><\/p>\n<\/td>\n<td style=\"text-align:center;width:54.75pt\" valign=\"middle\">\n<p><span style=\"font-size:9pt\">Puissance<\/span><\/p>\n<\/td>\n<td style=\"text-align:center;width:54.75pt\" valign=\"middle\">\n<p><span style=\"font-size:9pt\">H-max<\/span><\/p>\n<\/td>\n<td style=\"text-align:center;width:54.75pt\" valign=\"middle\">\n<p><span style=\"font-size:9pt\">Sortie<\/span><\/p>\n<\/td>\n<td style=\"text-align:center;width:54.8pt\" valign=\"middle\">\n<p><span style=\"font-size:9pt\">Hauteur d&rsquo;entr\u00e9e<\/span><\/p>\n<\/td>\n<td style=\"text-align:center;width:63.75pt\" valign=\"middle\">\n<p><span style=\"font-size:9pt\">Dimensions<\/span><\/p>\n<\/td>\n<\/tr>\n<tr align=\"left\">\n<td style=\"text-align:center\" valign=\"middle\">\n<p><span style=\"font-size:9pt\">JTP-4000<\/span><\/p>\n<\/td>\n<td style=\"text-align:center\" valign=\"middle\">\n<p><span style=\"font-size:9pt\">110V\/220V\/240V<\/span><\/p>\n<\/td>\n<td style=\"text-align:center\" valign=\"middle\">\n<p><span style=\"font-size:9pt;font-family:'Verdana';background:#ffffff;color:#000000\">50Hz\/60Hz<\/span><\/p>\n<\/td>\n<td style=\"text-align:center\" valign=\"middle\">\n<p><span style=\"font-size:9pt\">25W<\/span><\/p>\n<\/td>\n<td style=\"text-align:center\" valign=\"middle\">\n<p><span style=\"font-size:9pt\">3,2\u00a0m<\/span><\/p>\n<\/td>\n<td style=\"text-align:center\" valign=\"middle\">\n<p><span style=\"font-size:9pt\">4000L\/h<\/span><\/p>\n<\/td>\n<td style=\"text-align:center\" valign=\"middle\">\n<p><span style=\"font-size:9pt\">65\u00a0mm<\/span><\/p>\n<\/td>\n<td style=\"text-align:center\" valign=\"middle\">\n<p><span style=\"font-size:9pt\">186*123*137mm<\/span><\/p>\n<\/td>\n<\/tr>\n<tr align=\"left\">\n<td style=\"text-align:center\" valign=\"middle\">\n<p><span style=\"font-size:9pt\">JTP-5000<\/span><\/p>\n<\/td>\n<td style=\"text-align:center\" valign=\"middle\">\n<p><span style=\"font-size:9pt\">110V\/220V\/240V<\/span><\/p>\n<\/td>\n<td style=\"text-align:center\" valign=\"middle\">\n<p><span style=\"font-size:9pt;font-family:'Verdana';background:#ffffff;color:#000000\">50Hz\/60Hz<\/span><\/p>\n<\/td>\n<td style=\"text-align:center\" valign=\"middle\">\n<p><span style=\"font-size:9pt\">30W<\/span><\/p>\n<\/td>\n<td style=\"text-align:center\" valign=\"middle\">\n<p><span style=\"font-size:9pt\">3,6\u00a0m<\/span><\/p>\n<\/td>\n<td style=\"text-align:center\" valign=\"middle\">\n<p><span style=\"font-size:9pt\">5\u00a0000\u00a0L\/h<\/span><\/p>\n<\/td>\n<td style=\"text-align:center\" valign=\"middle\">\n<p><span style=\"font-size:9pt\">65\u00a0mm<\/span><\/p>\n<\/td>\n<td style=\"text-align:center\" valign=\"middle\">\n<p><span style=\"font-size:9pt\">186*123*137mm<\/span><\/p>\n<\/td>\n<\/tr>\n<tr align=\"left\">\n<td style=\"text-align:center\" valign=\"middle\">\n<p><span style=\"font-size:9pt\">JTP-6000<\/span><\/p>\n<\/td>\n<td style=\"text-align:center\" valign=\"middle\">\n<p><span style=\"font-size:9pt\">110V\/220V\/240V<\/span><\/p>\n<\/td>\n<td style=\"text-align:center\" valign=\"middle\">\n<p><span style=\"font-size:9pt;font-family:'Verdana';background:#ffffff;color:#000000\">50Hz\/60Hz<\/span><\/p>\n<\/td>\n<td style=\"text-align:center\" valign=\"middle\">\n<p><span style=\"font-size:9pt\">40W<\/span><\/p>\n<\/td>\n<td style=\"text-align:center\" valign=\"middle\">\n<p><span style=\"font-size:9pt\">4,0\u00a0m<\/span><\/p>\n<\/td>\n<td style=\"text-align:center\" valign=\"middle\">\n<p><span style=\"font-size:9pt\">6\u00a0000\u00a0L\/h<\/span><\/p>\n<\/td>\n<td style=\"text-align:center\" valign=\"middle\">\n<p><span style=\"font-size:9pt\">65\u00a0mm<\/span><\/p>\n<\/td>\n<td style=\"text-align:center\" valign=\"middle\">\n<p><span style=\"font-size:9pt\">186*123*137mm<\/span><\/p>\n<\/td>\n<\/tr>\n<tr align=\"left\">\n<td style=\"text-align:center\" valign=\"middle\">\n<p><span style=\"font-size:9pt\">JTP-7000<\/span><\/p>\n<\/td>\n<td style=\"text-align:center\" valign=\"middle\">\n<p><span style=\"font-size:9pt\">110V\/220V\/240V<\/span><\/p>\n<\/td>\n<td style=\"text-align:center\" valign=\"middle\">\n<p><span style=\"font-size:9pt;font-family:'Verdana';background:#ffffff;color:#000000\">50Hz\/60Hz<\/span><\/p>\n<\/td>\n<td style=\"text-align:center\" valign=\"middle\">\n<p><span style=\"font-size:9pt\">50W<\/span><\/p>\n<\/td>\n<td style=\"text-align:center\" valign=\"middle\">\n<p><span style=\"font-size:9pt\">4,4\u00a0m<\/span><\/p>\n<\/td>\n<td style=\"text-align:center\" valign=\"middle\">\n<p><span style=\"font-size:9pt\">7\u00a0000\u00a0L\/h<\/span><\/p>\n<\/td>\n<td style=\"text-align:center\" valign=\"middle\">\n<p><span style=\"font-size:9pt\">65\u00a0mm<\/span><\/p>\n<\/td>\n<td style=\"text-align:center\" valign=\"middle\">\n<p><span style=\"font-size:9pt\">186*123*137mm<\/span><\/p>\n<\/td>\n<\/tr>\n<tr align=\"left\">\n<td style=\"text-align:center\" valign=\"middle\">\n<p><span style=\"font-size:9pt\">JTP-8000<\/span><\/p>\n<\/td>\n<td style=\"text-align:center\" valign=\"middle\">\n<p><span style=\"font-size:9pt\">110V\/220V\/240V<\/span><\/p>\n<\/td>\n<td style=\"text-align:center\" valign=\"middle\">\n<p><span style=\"font-size:9pt;font-family:'Verdana';background:#ffffff;color:#000000\">50Hz\/60Hz<\/span><\/p>\n<\/td>\n<td style=\"text-align:center\" valign=\"middle\">\n<p><span style=\"font-size:9pt\">60W<\/span><\/p>\n<\/td>\n<td style=\"text-align:center\" valign=\"middle\">\n<p><span style=\"font-size:9pt\">4,8\u00a0m<\/span><\/p>\n<\/td>\n<td style=\"text-align:center\" valign=\"middle\">\n<p><span style=\"font-size:9pt\">8\u00a0000\u00a0L\/h<\/span><\/p>\n<\/td>\n<td style=\"text-align:center\" valign=\"middle\">\n<p><span style=\"font-size:9pt\">65\u00a0mm<\/span><\/p>\n<\/td>\n<td style=\"text-align:center\" valign=\"middle\">\n<p><span style=\"font-size:9pt\">186*123*137mm<\/span><\/p>\n<\/td>\n<\/tr>\n<tr align=\"left\">\n<td style=\"text-align:center\" valign=\"middle\">\n<p><span style=\"font-size:9pt\">JTP-9000<\/span><\/p>\n<\/td>\n<td style=\"text-align:center\" valign=\"middle\">\n<p><span style=\"font-size:9pt\">110V\/220V\/240V<\/span><\/p>\n<\/td>\n<td style=\"text-align:center\" valign=\"middle\">\n<p><span style=\"font-size:9pt;font-family:'Verdana';background:#ffffff;color:#000000\">50Hz\/60Hz<\/span><\/p>\n<\/td>\n<td style=\"text-align:center\" valign=\"middle\">\n<p><span style=\"font-size:9pt\">70W<\/span><\/p>\n<\/td>\n<td style=\"text-align:center\" valign=\"middle\">\n<p><span style=\"font-size:9pt\">5,2\u00a0m<\/span><\/p>\n<\/td>\n<td style=\"text-align:center\" valign=\"middle\">\n<p><span style=\"font-size:9pt\">9\u00a0000\u00a0L\/h<\/span><\/p>\n<\/td>\n<td style=\"text-align:center\" valign=\"middle\">\n<p><span style=\"font-size:9pt\">65\u00a0mm<\/span><\/p>\n<\/td>\n<td style=\"text-align:center\" valign=\"middle\">\n<p><span style=\"font-size:9pt\">186*123*137mm<\/span><\/p>\n<\/td>\n<\/tr>\n<tr align=\"left\">\n<td style=\"text-align:center\" valign=\"middle\">\n<p><span style=\"color:#ff6600\"><strong><span style=\"font-size:9pt\">JTP-10000<\/span><\/strong><\/span><\/p>\n<\/td>\n<td style=\"text-align:center\" valign=\"middle\">\n<p><span style=\"font-size:9pt\">110V\/220V\/240V<\/span><\/p>\n<\/td>\n<td style=\"text-align:center\" valign=\"middle\">\n<p><span style=\"font-size:9pt;font-family:'Verdana';background:#ffffff;color:#000000\">50Hz\/60Hz<\/span><\/p>\n<\/td>\n<td style=\"text-align:center\" valign=\"middle\">\n<p><span style=\"font-size:9pt\">85W<\/span><\/p>\n<\/td>\n<td style=\"text-align:center\" valign=\"middle\">\n<p><span style=\"font-size:9pt\">5,8\u00a0m<\/span><\/p>\n<\/td>\n<td style=\"text-align:center\" valign=\"middle\">\n<p><span style=\"font-size:9pt\">10 000 L\/h<\/span><\/p>\n<\/td>\n<td style=\"text-align:center\" valign=\"middle\">\n<p><span style=\"font-size:9pt\">72 mm<\/span><\/p>\n<\/td>\n<td style=\"text-align:center\" valign=\"middle\">\n<p><span style=\"font-size:9pt\">228*142*138mm<\/span><\/p>\n<\/td>\n<\/tr>\n<tr align=\"left\">\n<td style=\"text-align:center\" valign=\"middle\">\n<p><span style=\"font-size:9pt\">JTP-12000<\/span><\/p>\n<\/td>\n<td style=\"text-align:center\" valign=\"middle\">\n<p><span style=\"font-size:9pt\">110V\/220V\/240V<\/span><\/p>\n<\/td>\n<td style=\"text-align:center\" valign=\"middle\">\n<p><span style=\"font-size:9pt;font-family:'Verdana';background:#ffffff;color:#000000\">50Hz\/60Hz<\/span><\/p>\n<\/td>\n<td style=\"text-align:center\" valign=\"middle\">\n<p><span style=\"font-size:9pt\">100W<\/span><\/p>\n<\/td>\n<td style=\"text-align:center\" valign=\"middle\">\n<p><span style=\"font-size:9pt\">6,2\u00a0m<\/span><\/p>\n<\/td>\n<td style=\"text-align:center\" valign=\"middle\">\n<p><span style=\"font-size:9pt\">12 000 L\/h<\/span><\/p>\n<\/td>\n<td style=\"text-align:center\" valign=\"middle\">\n<p><span style=\"font-size:9pt\">72 mm<\/span><\/p>\n<\/td>\n<td style=\"text-align:center\" valign=\"middle\">\n<p><span style=\"font-size:9pt\">228*142*138mm<\/span><\/p>\n<\/td>\n<\/tr>\n<tr align=\"left\">\n<td style=\"text-align:center\" valign=\"middle\">\n<p><span style=\"font-size:9pt\">JTP-15000<\/span><\/p>\n<\/td>\n<td style=\"text-align:center\" valign=\"middle\">\n<p><span style=\"font-size:9pt\">110V\/220V\/240V<\/span><\/p>\n<\/td>\n<td style=\"text-align:center\" valign=\"middle\">\n<p><span style=\"font-size:9pt;font-family:'Verdana';background:#ffffff;color:#000000\">50Hz\/60Hz<\/span><\/p>\n<\/td>\n<td style=\"text-align:center\" valign=\"middle\">\n<p><span style=\"font-size:9pt\">120W<\/span><\/p>\n<\/td>\n<td style=\"text-align:center\" valign=\"middle\">\n<p><span style=\"font-size:9pt\">6,6\u00a0m<\/span><\/p>\n<\/td>\n<td style=\"text-align:center\" valign=\"middle\">\n<p><span style=\"font-size:9pt\">15 000 L\/h<\/span><\/p>\n<\/td>\n<td style=\"text-align:center\" valign=\"middle\">\n<p><span style=\"font-size:9pt\">72 mm<\/span><\/p>\n<\/td>\n<td style=\"text-align:center\" valign=\"middle\">\n<p><span style=\"font-size:9pt\">228*142*138mm<\/span><\/p>\n<\/td>\n<\/tr>\n<tr align=\"left\">\n<td style=\"text-align:center\" valign=\"middle\">\n<p><span style=\"font-size:9pt\">JTP-18000<\/span><\/p>\n<\/td>\n<td style=\"text-align:center\" valign=\"middle\">\n<p><span style=\"font-size:9pt\">110V\/220V\/240V<\/span><\/p>\n<\/td>\n<td style=\"text-align:center\" valign=\"middle\">\n<p><span style=\"font-size:9pt;font-family:'Verdana';background:#ffffff;color:#000000\">50Hz\/60Hz<\/span><\/p>\n<\/td>\n<td style=\"text-align:center\" valign=\"middle\">\n<p><span style=\"font-size:9pt\">150W<\/span><\/p>\n<\/td>\n<td style=\"text-align:center\" valign=\"middle\">\n<p><span style=\"font-size:9pt\">7,0\u00a0m<\/span><\/p>\n<\/td>\n<td style=\"text-align:center\" valign=\"middle\">\n<p><span style=\"font-size:9pt\">18 000 L\/h<\/span><\/p>\n<\/td>\n<td style=\"text-align:center\" valign=\"middle\">\n<p><span style=\"font-size:9pt\">72 mm<\/span><\/p>\n<\/td>\n<td style=\"text-align:center\" valign=\"middle\">\n<p><span style=\"font-size:9pt\">228*142*138mm<\/span><\/p>\n<\/td>\n<\/tr>\n<\/tbody>\n<\/table>\n<p><span style=\"font-size:18px;color:#ff9900\"><span style=\"font-family:comic sans ms, sans-serif\"><span style=\"background-color:#00ffff\"><span style=\"font-family:arial,helvetica,sans-serif;color:#000000\"><span style=\"font-size:16px\">Pr\u00e9sentation de la soci\u00e9t\u00e9<\/span><\/span><\/span><span style=\"font-size:16px\"><span style=\"background-color:#ffffff\"> (<\/span>La plus grande entreprise d&rsquo;aquariums en Chine maintenant)<\/span><strong> <\/strong><\/span> <\/span><\/p>\n<p style=\"text-align:left\">\n<p> <img decoding=\"async\" alt=\"SUNSUN 30W 5000L\/h JTP-5000 pompe agricole \u00e0 eau\/pompe \u00e9lectrique de piscine\" src=\"http:\/\/localhost\/media\/import\/detail\/HTB14ALvFXXXXXaYbpXXq6xXFXXXe.jpg\"><img decoding=\"async\" alt=\"SUNSUN 30W 5000L\/h JTP-5000 pompe agricole \u00e0 eau\/pompe \u00e9lectrique de piscine\" src=\"http:\/\/localhost\/media\/import\/detail\/HTB1YjaXXpXXXXbwbXXXq6xXFXXX4.jpg\"><img decoding=\"async\" alt=\"SUNSUN 30W 5000L\/h JTP-5000 pompe agricole \u00e0 eau\/pompe \u00e9lectrique de piscine\" src=\"http:\/\/localhost\/media\/import\/detail\/HTB1P6ezFFXXXXXIbXXXq6xXFXXX6.jpg\"><img decoding=\"async\" alt=\"SUNSUN 30W 5000L\/h JTP-5000 pompe agricole \u00e0 eau\/pompe \u00e9lectrique de piscine\" src=\"http:\/\/localhost\/media\/import\/detail\/HTB1W1sWFFXXXXcKaXXXq6xXFXXXV.jpg\"><img decoding=\"async\" alt=\"SUNSUN 30W 5000L\/h JTP-5000 pompe agricole \u00e0 eau\/pompe \u00e9lectrique de piscine\" src=\"http:\/\/localhost\/media\/import\/detail\/HTB1Yvm5FXXXXXXUbXXXq6xXFXXXy.jpg\"><img decoding=\"async\" alt=\"SUNSUN 30W 5000L\/h JTP-5000 pompe agricole \u00e0 eau\/pompe \u00e9lectrique de piscine\" src=\"http:\/\/localhost\/media\/import\/detail\/HTB18yesFXXXXXXaHapXXq6xXFXXX1.jpg\"><img decoding=\"async\" alt=\"SUNSUN 30W 5000L\/h JTP-5000 pompe agricole \u00e0 eau\/pompe \u00e9lectrique de piscine\" src=\"http:\/\/localhost\/media\/import\/detail\/HTB1.MoYFXXXXXXaIXFXXq6xXFXXXQ.jpg\"><img decoding=\"async\" alt=\"SUNSUN 30W 5000L\/h JTP-5000 pompe agricole \u00e0 eau\/pompe \u00e9lectrique de piscine\" src=\"http:\/\/localhost\/media\/import\/detail\/HTB1CGliFFXXXXX8apXXq6xXFXXX6.jpg\"><\/p>\n<p style=\"text-align:left\">\n<p style=\"text-align:left\">\n","protected":false},"excerpt":{"rendered":"<p>SUNSUN 30 W 5000L\/h JTP-5000 pompe agricole \u00e0 eau\/pompe \u00e9lectrique de piscine JTP-5000<\/p>\n","protected":false},"featured_media":5637,"comment_status":"open","ping_status":"closed","template":"","meta":[],"product_brand":[],"product_cat":[1380],"product_tag":[],"class_list":{"0":"post-39137","1":"product","2":"type-product","3":"status-publish","4":"has-post-thumbnail","6":"product_cat-pompes-a-eau-et-amp-tetes-motrices","8":"first","9":"instock","10":"shipping-taxable","11":"purchasable","12":"product-type-simple","13":"add-to-wishlist-after_add_to_cart"},"jetpack_sharing_enabled":true,"_links":{"self":[{"href":"https:\/\/www.reefshops.com\/fr\/wp-json\/wp\/v2\/product\/39137","targetHints":{"allow":["GET"]}}],"collection":[{"href":"https:\/\/www.reefshops.com\/fr\/wp-json\/wp\/v2\/product"}],"about":[{"href":"https:\/\/www.reefshops.com\/fr\/wp-json\/wp\/v2\/types\/product"}],"replies":[{"embeddable":true,"href":"https:\/\/www.reefshops.com\/fr\/wp-json\/wp\/v2\/comments?post=39137"}],"wp:featuredmedia":[{"embeddable":true,"href":"https:\/\/www.reefshops.com\/fr\/wp-json\/wp\/v2\/media\/5637"}],"wp:attachment":[{"href":"https:\/\/www.reefshops.com\/fr\/wp-json\/wp\/v2\/media?parent=39137"}],"wp:term":[{"taxonomy":"product_brand","embeddable":true,"href":"https:\/\/www.reefshops.com\/fr\/wp-json\/wp\/v2\/product_brand?post=39137"},{"taxonomy":"product_cat","embeddable":true,"href":"https:\/\/www.reefshops.com\/fr\/wp-json\/wp\/v2\/product_cat?post=39137"},{"taxonomy":"product_tag","embeddable":true,"href":"https:\/\/www.reefshops.com\/fr\/wp-json\/wp\/v2\/product_tag?post=39137"}],"curies":[{"name":"wp","href":"https:\/\/api.w.org\/{rel}","templated":true}]}}