{"id":39148,"date":"2016-09-25T23:28:32","date_gmt":"2016-09-25T23:28:32","guid":{"rendered":"https:\/\/www.reefshops.com\/product\/sunsun-220-v-ht-200-pompe-a-air-oxygene-aquarium-pompes-a-air\/"},"modified":"2025-03-16T09:06:35","modified_gmt":"2025-03-16T09:06:35","slug":"sunsun-220-v-ht-200-pompe-a-air-oxygene-aquarium-pompes-a-air","status":"publish","type":"product","link":"https:\/\/www.reefshops.com\/fr\/produit\/sunsun-220-v-ht-200-pompe-a-air-oxygene-aquarium-pompes-a-air\/","title":{"rendered":"SUNSUN 220 v HT-200 pompe \u00e0 air oxyg\u00e8ne aquarium pompes \u00e0 air"},"content":{"rendered":"<div style=\"clear:both\"><\/div>\n<div style=\"font-size:13px;font-family:Arial, Helvetica, sans-serif;color:#000000;width:726px\">\n<div>\n<p><span style=\"font-size:18px\"><strong>SUNSUN 220v pompe \u00e0 air oxyg\u00e8ne aquarium pompes \u00e0 air HT-200<\/strong><\/span><\/p>\n<\/div>\n<\/div>\n<div id=\"ali-anchor-AliPostDhMb-yisoh\" style=\"padding-top:8px\" data-section=\"AliPostDhMb-yisoh\" data-section-title=\"Description du produit\">\n<div id=\"ali-title-AliPostDhMb-yisoh\" style=\"border-bottom:#ddd 1px solid;padding-bottom:8px;padding-top:8px;padding-left:0px;padding-right:0px\"><span style=\"font-weight:bold;color:#333;padding-bottom:8px;padding-top:8px;padding-left:10px;line-height:12px;padding-right:10px;background-color:#ddd\">Description du produit<\/span><\/div>\n<div style=\"padding-bottom:10px;padding-top:10px;padding-left:0px;padding-right:0px\">\n<div style=\"height:42px;width:750px\">\n<div style=\"height:42px;float:left;width:25px;background-color:#00ccff\"> <\/div>\n<div style=\"float:droite;padding-bottom:5px;padding-top:5px;padding-left:0px;padding-right:0px;background-color:#0099ff\">\n<div style=\"font-size:24px;border-top:#ffffff 1px solid;font-family:Arial;border-bottom:#ffffff 1px solid;font-weight:bold;font-style:italic;padding-left:10px;line-height:30px;width:720px\">Affichage du produit<\/div>\n<\/div>\n<\/div>\n<\/div>\n<\/div>\n<p><strong><span style=\"font-size:16px\">CARACT\u00c9RISTIQUE\u00a0:<\/span><\/strong><\/p>\n<p><span style=\"font-size:14px\">Cette pompe \u00e0 air pour l&rsquo;industrie est id\u00e9ale pour fournir une pression d&rsquo;air aux filtres sous gravier et \u00e0 caisson, aux pierres \u00e0 air et aux \u00e9cumeurs de prot\u00e9ines qui utilisent des pierres \u00e0 air en c\u00e9ramique. Il est facilement r\u00e9glable, avec une commande pour modifier le circuit magn\u00e9tique au-dessus de la pompe. \u00c0 la fois durable et efficace.<\/span><\/p>\n<p><span style=\"font-size:14px\"><img decoding=\"async\" alt=\"HT-200-Z_01.jpg\" src=\"http:\/\/localhost\/media\/import\/detail\/HTB1dCmCGVXXXXcrXpXXq6xXFXXXO.jpg\"><img decoding=\"async\" alt=\"HT-200-Z_02.jpg\" src=\"http:\/\/localhost\/media\/import\/detail\/HTB14bCyGVXXXXXbXVXXq6xXFXXXS.jpg\"><img decoding=\"async\" alt=\"HT-200-Z_03.jpg\" src=\"http:\/\/localhost\/media\/import\/detail\/HTB1581BGVXXXXXJXFXXq6xXFXXXz.jpg\"><img decoding=\"async\" alt=\"HT-200-Z_04.jpg\" src=\"http:\/\/localhost\/media\/import\/detail\/HTB1DjWDGVXXXXapXpXXq6xXFXXXr.jpg\"><img decoding=\"async\" alt=\"HT-200-Z_05.jpg\" src=\"http:\/\/localhost\/media\/import\/detail\/HTB1ujewGVXXXXa_XFXXq6xXFXXXA.jpg\"><img decoding=\"async\" alt=\"HT-200-Z_06.jpg\" src=\"http:\/\/localhost\/media\/import\/detail\/HTB1KEOyGVXXXXcdXFXXq6xXFXXX3.jpg\"><\/span><\/p>\n<p data-section-blank=\"AliPostDhMb-ajolc\">\n<div id=\"ali-anchor-AliPostDhMb-ajolc\" style=\"padding-top:8px\" data-section=\"AliPostDhMb-ajolc\" data-section-title=\"Informations sur la soci\u00e9t\u00e9\"> <\/div>\n","protected":false},"excerpt":{"rendered":"<p>SUNSUN 220 v HT-200 pompe \u00e0 air oxyg\u00e8ne aquarium pompes \u00e0 air<\/p>\n","protected":false},"featured_media":5659,"comment_status":"open","ping_status":"closed","template":"","meta":[],"product_brand":[],"product_cat":[1382],"product_tag":[],"class_list":{"0":"post-39148","1":"product","2":"type-product","3":"status-publish","4":"has-post-thumbnail","6":"product_cat-pompes-a-air-et-amp-fournitures","8":"first","9":"instock","10":"shipping-taxable","11":"purchasable","12":"product-type-simple","13":"add-to-wishlist-after_add_to_cart"},"jetpack_sharing_enabled":true,"_links":{"self":[{"href":"https:\/\/www.reefshops.com\/fr\/wp-json\/wp\/v2\/product\/39148","targetHints":{"allow":["GET"]}}],"collection":[{"href":"https:\/\/www.reefshops.com\/fr\/wp-json\/wp\/v2\/product"}],"about":[{"href":"https:\/\/www.reefshops.com\/fr\/wp-json\/wp\/v2\/types\/product"}],"replies":[{"embeddable":true,"href":"https:\/\/www.reefshops.com\/fr\/wp-json\/wp\/v2\/comments?post=39148"}],"wp:featuredmedia":[{"embeddable":true,"href":"https:\/\/www.reefshops.com\/fr\/wp-json\/wp\/v2\/media\/5659"}],"wp:attachment":[{"href":"https:\/\/www.reefshops.com\/fr\/wp-json\/wp\/v2\/media?parent=39148"}],"wp:term":[{"taxonomy":"product_brand","embeddable":true,"href":"https:\/\/www.reefshops.com\/fr\/wp-json\/wp\/v2\/product_brand?post=39148"},{"taxonomy":"product_cat","embeddable":true,"href":"https:\/\/www.reefshops.com\/fr\/wp-json\/wp\/v2\/product_cat?post=39148"},{"taxonomy":"product_tag","embeddable":true,"href":"https:\/\/www.reefshops.com\/fr\/wp-json\/wp\/v2\/product_tag?post=39148"}],"curies":[{"name":"wp","href":"https:\/\/api.w.org\/{rel}","templated":true}]}}