{"id":39155,"date":"2016-09-25T23:28:33","date_gmt":"2016-09-25T23:28:33","guid":{"rendered":"https:\/\/www.reefshops.com\/product\/sunsun-pompe-a-air-pour-poisson-2x15-l-min-deux-sorties-yt-302\/"},"modified":"2025-03-16T09:06:37","modified_gmt":"2025-03-16T09:06:37","slug":"sunsun-pompe-a-air-pour-poisson-2x15-l-min-deux-sorties-yt-302","status":"publish","type":"product","link":"https:\/\/www.reefshops.com\/fr\/produit\/sunsun-pompe-a-air-pour-poisson-2x15-l-min-deux-sorties-yt-302\/","title":{"rendered":"SUNSUN \u2013 pompe \u00e0 air pour poisson, 2&#215;1,5 l\/min, deux sorties, YT-302"},"content":{"rendered":"<div style=\"clear:both\"><\/div>\n<p style=\"text-align:center\"><span style=\"font-size:24px\"><span style=\"color:#33cccc\"><em><span style=\"background-color:#ffff00\"> <\/span><\/em><strong><span style=\"background-color:#ffff00\"><span style=\"color:#008000\">SUNSUN 2*1,5L\/min pompe \u00e0 air pour poisson \u00e0 deux SORTIES<\/span><\/span><\/strong><span style=\"color:#008000;background-color:#ffff00\"><strong> <\/strong><\/span><em><span style=\"background-color:#ffff00\"> <\/span><\/em><\/span> <\/span><\/p>\n<p style=\"text-align:left\"><strong><\/strong> <\/p>\n<p style=\"text-align:left\"><strong><\/strong> <\/p>\n<p style=\"text-align:left\"><span style=\"color:#3366ff\"><strong><span style=\"font-size:18px\">1. Description du produit<\/span><\/strong><\/span><\/p>\n<p style=\"text-align:left\"><span style=\"font-size:18px\"> <span style=\"font-size:14px;font-family:comic sans ms, sans-serif\"> <\/span><\/span><\/p>\n<p align=\"left\"><span style=\"font-size:12pt;font-family:'Times New Roman','serif'\">1. Cette s\u00e9rie de mini pompes \u00e0 air d&rsquo;aquarium adopte un moteur magn\u00e9tique \u00e9lectrique de super qualit\u00e9. L&rsquo;air est produit par le piston selon un mouvement rectiligne et r\u00e9ciproque. Sa structure est plus raisonnable.<\/span><\/p>\n<p align=\"left\">\n<p align=\"left\"><span style=\"font-size:12pt;font-family:'Times New Roman','serif';color:black\">2. Conception lubrifiante sans huile pour produire de l&rsquo;air comprim\u00e9 plus pur.<\/span><\/p>\n<p align=\"left\">\n<p align=\"left\"><span style=\"font-size:12pt;font-family:'Times New Roman','serif';color:black\">3. Adoptez un nouveau type de mat\u00e9riau r\u00e9sistant \u00e0 l&rsquo;usure pour le piston et le cylindre, qui pr\u00e9sente une faible consommation d&rsquo;\u00e9nergie, un d\u00e9bit d&rsquo;air important et une pression d&rsquo;air \u00e9lev\u00e9e.<\/span><\/p>\n<p align=\"left\">\n<p align=\"left\"><span style=\"font-size:12pt;font-family:'Times New Roman','serif';color:black\">4. Le bo\u00eetier de cette mini pompe \u00e0 air d&rsquo;aquarium est fabriqu\u00e9 en alliage d&rsquo;aluminium de haute qualit\u00e9 avec un design \u00e9pur\u00e9 et la dissipation de la chaleur est plus efficace.<\/span><\/p>\n<p align=\"left\">\n<p align=\"left\"><span style=\"font-size:12pt;font-family:'Times New Roman','serif';color:black\">5. Disposition phosphoris\u00e9e, coloration r\u00e9guli\u00e8re et force adh\u00e9sive.<\/span><\/p>\n<p style=\"text-align:left\">\n<p><strong><\/strong> <\/p>\n<p><strong><\/strong> <\/p>\n<p><span style=\"color:#3366ff\"><strong><span style=\"font-size:18px;font-family:comic sans ms, sans-serif;background-color:#ffffff\">2. D\u00e9tails de la pompe \u00e0 air pour poisson \u00e0 deux sorties<\/span><\/strong><\/span> <\/p>\n<table class=\"aliDataTable\" style=\"height:120px;width:86.17%\" border=\"4\">\n<tbody>\n<tr>\n<td style=\"text-align:center\">Mod\u00e8le<\/td>\n<td style=\"text-align:center\">Tension<\/td>\n<td style=\"text-align:center\">Puissance<\/td>\n<td style=\"text-align:center\">Pression<\/td>\n<td style=\"text-align:center\">Sortie<\/td>\n<td style=\"text-align:center\">Poids<\/td>\n<td style=\"text-align:center\">Dimensions<\/td>\n<\/tr>\n<tr>\n<td style=\"text-align:center\">YT-301<\/td>\n<td style=\"text-align:center\">220 V\/50 Hz<\/td>\n<td style=\"text-align:center\">2,5 W<\/td>\n<td style=\"text-align:center\">0,012MPa<\/td>\n<td style=\"text-align:center\">1,5L\/min<\/td>\n<td style=\"text-align:center\">0,27kg<\/td>\n<td style=\"text-align:center\">105*70*55mm<\/td>\n<\/tr>\n<tr>\n<td style=\"text-align:center\">YT-301C<\/td>\n<td style=\"text-align:center\">220\u00a0V\/50\u00a0Hz<\/td>\n<td style=\"text-align:center\">3W<\/td>\n<td style=\"text-align:center\">0,012MPa<\/td>\n<td style=\"text-align:center\">1,5L\/min<\/td>\n<td style=\"text-align:center\">0,29 kg<\/td>\n<td style=\"text-align:center\">135*70*55mm<\/td>\n<\/tr>\n<tr>\n<td style=\"text-align:center\"><span style=\"background-color:#ffff99\">YT-302<\/span><\/td>\n<td style=\"text-align:center\"><span style=\"background-color:#ffff99\">220\u00a0V\/50\u00a0Hz<\/span><\/td>\n<td style=\"text-align:center\"><span style=\"background-color:#ffff99\">2,5\u00a0W<\/span><\/td>\n<td style=\"text-align:center\"><span style=\"background-color:#ffff99\">0,015MPa<\/span><\/td>\n<td style=\"text-align:center\"><span style=\"background-color:#ffff99\">2*1,5L\/min<\/span><\/td>\n<td style=\"text-align:center\"><span style=\"background-color:#ffff99\">0,29 kg<\/span><\/td>\n<td style=\"text-align:center\"><span style=\"background-color:#ffff99\">105*70*55mm<\/span><\/td>\n<\/tr>\n<tr>\n<td style=\"text-align:center\">YT-302C<\/td>\n<td style=\"text-align:center\">220\u00a0V\/50\u00a0Hz<\/td>\n<td style=\"text-align:center\">3W<\/td>\n<td style=\"text-align:center\">0,015MPa<\/td>\n<td style=\"text-align:center\">2*1,5L\/min<\/td>\n<td style=\"text-align:center\">0,31kg<\/td>\n<td style=\"text-align:center\">135*70*55mm<\/td>\n<\/tr>\n<tr>\n<td style=\"text-align:center\">YT-304<\/td>\n<td style=\"text-align:center\">220V\/50Hz<\/td>\n<td style=\"text-align:center\">8,5W<\/td>\n<td style=\"text-align:center\">0,013MPa<\/td>\n<td style=\"text-align:center\">4*4,5L\/min<\/td>\n<td style=\"text-align:center\">0,93kg<\/td>\n<td style=\"text-align:center\">198*145*96mm<\/td>\n<\/tr>\n<tr>\n<td style=\"text-align:center\">YT-8000<\/td>\n<td style=\"text-align:center\">220 V\/50 Hz<\/td>\n<td style=\"text-align:center\">8 W<\/td>\n<td style=\"text-align:center\">0,015 MPa<\/td>\n<td style=\"text-align:center\">4 L\/min<\/td>\n<td style=\"text-align:center\">2,0 kg<\/td>\n<td style=\"text-align:center\">230*153*75mm<\/td>\n<\/tr>\n<\/tbody>\n<\/table>\n<\/p>\n<p><img decoding=\"async\" alt=\"SUNSUN 2*1,5L\/min pompe \u00e0 air pour poisson \u00e0 deux sorties\" src=\"http:\/\/localhost\/media\/import\/detail\/800251183_207.jpg\"> <\/p>\n<p><img decoding=\"async\" alt=\"SUNSUN 2*1,5L\/min pompe \u00e0 air pour poisson \u00e0 deux SORTIES\" src=\"http:\/\/localhost\/media\/import\/detail\/699553425_026.jpg\"><\/p>\n<p><span style=\"font-size:24px;color:#ff0000\"> <\/span><\/p>\n<p><span style=\"color:#3366ff;background-color:#ffffff\"><strong><span style=\"font-size:18px;font-family:comic sans ms, sans-serif\">3. Autres nos pompes \u00e0 air d&rsquo;aquarium SUNSUN pour votre r\u00e9f\u00e9rence<\/span><\/strong><\/span><\/p>\n<p style=\"text-align:center\">\n<p style=\"text-align:left\">\n<p style=\"text-align:center\"><img decoding=\"async\" style=\"float:left\" alt=\"SUNSUN 2*1,5L\/min pompe \u00e0 air pour poisson \u00e0 deux SORTIES\" src=\"http:\/\/localhost\/media\/import\/detail\/800212828_380.jpg\"><img decoding=\"async\" style=\"float:left\" alt=\"SUNSUN 2*1,5L\/min pompe \u00e0 air pour poisson \u00e0 deux SORTIES\" src=\"http:\/\/localhost\/media\/import\/detail\/800212829_651.jpg\"> <\/p>\n<p style=\"text-align:left\">\n<\/p>\n<\/p>\n<\/p>\n<\/p>\n<\/p>\n<\/p>\n<\/p>\n<\/p>\n<\/p>\n<\/p>\n<\/p>\n<\/p>\n<\/p>\n<\/p>\n<\/p>\n<\/p>\n<\/p>\n<\/p>\n<\/p>\n<div style=\"clear:both\"><\/div>\n","protected":false},"excerpt":{"rendered":"<p>SUNSUN \u2013 pompe \u00e0 air pour poisson, 2&#215;1,5 l\/min, deux sorties, YT-302<\/p>\n","protected":false},"featured_media":5673,"comment_status":"open","ping_status":"closed","template":"","meta":[],"product_brand":[],"product_cat":[1382],"product_tag":[],"class_list":{"0":"post-39155","1":"product","2":"type-product","3":"status-publish","4":"has-post-thumbnail","6":"product_cat-pompes-a-air-et-amp-fournitures","8":"first","9":"instock","10":"shipping-taxable","11":"purchasable","12":"product-type-simple","13":"add-to-wishlist-after_add_to_cart"},"jetpack_sharing_enabled":true,"_links":{"self":[{"href":"https:\/\/www.reefshops.com\/fr\/wp-json\/wp\/v2\/product\/39155","targetHints":{"allow":["GET"]}}],"collection":[{"href":"https:\/\/www.reefshops.com\/fr\/wp-json\/wp\/v2\/product"}],"about":[{"href":"https:\/\/www.reefshops.com\/fr\/wp-json\/wp\/v2\/types\/product"}],"replies":[{"embeddable":true,"href":"https:\/\/www.reefshops.com\/fr\/wp-json\/wp\/v2\/comments?post=39155"}],"wp:featuredmedia":[{"embeddable":true,"href":"https:\/\/www.reefshops.com\/fr\/wp-json\/wp\/v2\/media\/5673"}],"wp:attachment":[{"href":"https:\/\/www.reefshops.com\/fr\/wp-json\/wp\/v2\/media?parent=39155"}],"wp:term":[{"taxonomy":"product_brand","embeddable":true,"href":"https:\/\/www.reefshops.com\/fr\/wp-json\/wp\/v2\/product_brand?post=39155"},{"taxonomy":"product_cat","embeddable":true,"href":"https:\/\/www.reefshops.com\/fr\/wp-json\/wp\/v2\/product_cat?post=39155"},{"taxonomy":"product_tag","embeddable":true,"href":"https:\/\/www.reefshops.com\/fr\/wp-json\/wp\/v2\/product_tag?post=39155"}],"curies":[{"name":"wp","href":"https:\/\/api.w.org\/{rel}","templated":true}]}}