{"id":39167,"date":"2016-09-25T23:28:34","date_gmt":"2016-09-25T23:28:34","guid":{"rendered":"https:\/\/www.reefshops.com\/product\/pompe-interne-submersible-a-tete-motrice-pour-aquarium-sunsun-jp-500g\/"},"modified":"2025-03-16T09:06:40","modified_gmt":"2025-03-16T09:06:40","slug":"pompe-interne-submersible-a-tete-motrice-pour-aquarium-sunsun-jp-500g","status":"publish","type":"product","link":"https:\/\/www.reefshops.com\/fr\/produit\/pompe-interne-submersible-a-tete-motrice-pour-aquarium-sunsun-jp-500g\/","title":{"rendered":"Pompe interne submersible \u00e0 t\u00eate motrice pour aquarium SUNSUN JP-500G"},"content":{"rendered":"<div style=\"clear:both\"><\/div>\n<p><strong><\/strong> <span style=\"color:#ff0000\"><strong><span style=\"font-size:32px\">Pompe interne submersible \u00e0 t\u00eate motrice pour aquarium SUNSUN <\/span><\/strong><\/span><\/p>\n<p><span style=\"font-size:18px\"><br \/><\/span><\/p>\n<\/p>\n<h3><span style=\"font-size:24px;color:#ff6600\">Description de la pompe interne submersible\u00a0:<\/span><\/h3>\n<h3><span style=\"font-size:18px\">La pompe interne submersible est con\u00e7ue pour pousser l&rsquo;eau vers un syst\u00e8me de filtration externe ou simplement pour d\u00e9placer l&rsquo;eau dans votre aquarium. La fonction de tuyau d&rsquo;air venturi vous aidera \u00e0 a\u00e9rer votre r\u00e9servoir en aspirant de l&rsquo;air dans le r\u00e9servoir et en cr\u00e9ant des bulles pour enrichir l&rsquo;eau. Convient aux r\u00e9servoirs d&rsquo;aquarium d&rsquo;eau douce ou sal\u00e9e.<\/span><\/h3>\n<h3><span style=\"font-size:18px;color:#ff6600\"><span style=\"font-size:24px\">Photos de la pompe interne submersible <\/span><\/span><\/h3>\n<h3><span style=\"color:#ffffff\"> pompe interne submersible pompe interne submersible pompe interne submersible <\/span><\/h3>\n<h3><span style=\"color:#ffffff\"><img decoding=\"async\" alt=\"Pompe interne submersible \u00e0 t\u00eate motrice pour aquarium SUNSUN\" src=\"http:\/\/localhost\/media\/import\/detail\/789409256_304.jpg\"> <\/span><\/h3>\n<h3><span style=\"font-size:18px;color:#ff6600\"><span style=\"font-size:24px\">Autres pompes internes submersibles<\/span><\/span><\/h3>\n<h3><span style=\"font-size:18px;color:#ff6600\"><span style=\"font-size:24px\"><img loading=\"lazy\" decoding=\"async\" alt=\"Pompe interne submersible \u00e0 t\u00eate motrice pour aquarium SUNSUN\" src=\"http:\/\/localhost\/media\/import\/detail\/759220628_319.jpg\" width=\"600\" height=\"600\"><img loading=\"lazy\" decoding=\"async\" alt=\"Pompe interne submersible \u00e0 t\u00eate motrice pour aquarium SUNSUN\" src=\"http:\/\/localhost\/media\/import\/detail\/759222572_281.jpg\" width=\"600\" height=\"600\"><img loading=\"lazy\" decoding=\"async\" alt=\"Pompe interne submersible \u00e0 t\u00eate motrice pour aquarium SUNSUN\" src=\"http:\/\/localhost\/media\/import\/detail\/758963103_596.jpg\" width=\"600\" height=\"600\"><img loading=\"lazy\" decoding=\"async\" alt=\"Pompe interne submersible \u00e0 t\u00eate motrice pour aquarium SUNSUN\" src=\"http:\/\/localhost\/media\/import\/detail\/748523631_737.jpg\" width=\"600\" height=\"600\"><\/span><\/span><\/h3>\n<h3> <\/h3>\n<p><strong><span style=\"font-size:24px;color:#ff6600\">Le param\u00e8tre de pompe interne submersible<\/span><\/strong><\/p>\n<p><img loading=\"lazy\" decoding=\"async\" alt=\"Pompe interne submersible \u00e0 t\u00eate motrice pour aquarium SUNSUN\" src=\"http:\/\/localhost\/media\/import\/detail\/698628483_120.jpg\" width=\"643\" height=\"552\"><\/p>\n<\/p>\n<p><span style=\"color:#ff6600\"><strong><span style=\"font-size:24px\">Faible bruit, bonnes performances <\/span> <span style=\"font-size:24px\">haute rigidit\u00e9 di\u00e9lectrique<\/span><\/strong><\/span><\/p>\n<p><img loading=\"lazy\" decoding=\"async\" alt=\"SUNSUN Pompe interne submersible \u00e0 t\u00eate motrice pour aquarium\" src=\"http:\/\/localhost\/media\/import\/detail\/691474836_805.jpg\" width=\"631\" height=\"179\"><\/p>\n<div id=\"ali-anchor-AliPostDhMb-vl3wo\" style=\"padding-top:8px\" data-section=\"AliPostDhMb-vl3wo\" data-section-title=\"Informations sur la soci\u00e9t\u00e9\">\n<div id=\"ali-title-AliPostDhMb-vl3wo\" style=\"border-bottom:#ddd 1px solid;padding-bottom:8px;padding-top:8px;padding-left:0px;padding-right:0px\"> <\/div>\n<\/div>\n<div style=\"clear:les deux\"><\/div>\n","protected":false},"excerpt":{"rendered":"<p>Pompe interne submersible \u00e0 t\u00eate motrice pour aquarium SUNSUN JP-500G<\/p>\n","protected":false},"featured_media":5697,"comment_status":"open","ping_status":"closed","template":"","meta":[],"product_brand":[],"product_cat":[1338],"product_tag":[],"class_list":{"0":"post-39167","1":"product","2":"type-product","3":"status-publish","4":"has-post-thumbnail","6":"product_cat-filtres-pour-aquariums","8":"first","9":"instock","10":"shipping-taxable","11":"purchasable","12":"product-type-simple","13":"add-to-wishlist-after_add_to_cart"},"jetpack_sharing_enabled":true,"_links":{"self":[{"href":"https:\/\/www.reefshops.com\/fr\/wp-json\/wp\/v2\/product\/39167","targetHints":{"allow":["GET"]}}],"collection":[{"href":"https:\/\/www.reefshops.com\/fr\/wp-json\/wp\/v2\/product"}],"about":[{"href":"https:\/\/www.reefshops.com\/fr\/wp-json\/wp\/v2\/types\/product"}],"replies":[{"embeddable":true,"href":"https:\/\/www.reefshops.com\/fr\/wp-json\/wp\/v2\/comments?post=39167"}],"wp:featuredmedia":[{"embeddable":true,"href":"https:\/\/www.reefshops.com\/fr\/wp-json\/wp\/v2\/media\/5697"}],"wp:attachment":[{"href":"https:\/\/www.reefshops.com\/fr\/wp-json\/wp\/v2\/media?parent=39167"}],"wp:term":[{"taxonomy":"product_brand","embeddable":true,"href":"https:\/\/www.reefshops.com\/fr\/wp-json\/wp\/v2\/product_brand?post=39167"},{"taxonomy":"product_cat","embeddable":true,"href":"https:\/\/www.reefshops.com\/fr\/wp-json\/wp\/v2\/product_cat?post=39167"},{"taxonomy":"product_tag","embeddable":true,"href":"https:\/\/www.reefshops.com\/fr\/wp-json\/wp\/v2\/product_tag?post=39167"}],"curies":[{"name":"wp","href":"https:\/\/api.w.org\/{rel}","templated":true}]}}