{"id":39178,"date":"2016-09-25T23:28:35","date_gmt":"2016-09-25T23:28:35","guid":{"rendered":"https:\/\/www.reefshops.com\/product\/sunsun-5000l-h-eco-aquarium-submersible-pompe-a-eau-detang-a-poissons-cep-5000\/"},"modified":"2025-03-16T09:06:43","modified_gmt":"2025-03-16T09:06:43","slug":"sunsun-5000l-h-eco-aquarium-submersible-pompe-a-eau-detang-a-poissons-cep-5000","status":"publish","type":"product","link":"https:\/\/www.reefshops.com\/fr\/produit\/sunsun-5000l-h-eco-aquarium-submersible-pompe-a-eau-detang-a-poissons-cep-5000\/","title":{"rendered":"SUNSUN 5000L\/h ECO aquarium submersible pompe \u00e0 eau d&rsquo;\u00e9tang \u00e0 poissons CEP-5000"},"content":{"rendered":"<div style=\"clear:both\"><\/div>\n<div>\n<p style=\"text-align:center\">\n<\/div>\n<div id=\"ali-anchor-AliPostDhMb-0yywa\" style=\"padding-top:8px\" data-section-title=\"signboard\" data-section=\"AliPostDhMb-0yywa\">\n<div id=\"ali-title-AliPostDhMb-0yywa\" style=\"border-bottom:#ddd 1px solid;padding-bottom:8px;padding-top:8px;padding-left:0px;padding-right:0px\"><span style=\"font-weight:bold;color:#333;padding-bottom:8px;padding-top:8px;padding-left:10px;line-height:12px;padding-right:10px;background-color:#ddd\">panneau<\/span><\/div>\n<div style=\"padding-bottom:10px;padding-top:10px;padding-left:0px;padding-right:0px\">\n<p><img decoding=\"async\" alt=\"SUNSUN 5000L\/h ECO pompe \u00e0 eau submersible pour aquarium\" src=\"http:\/\/localhost\/media\/import\/detail\/HTB1tUZmLXXXXXXQXFXXq6xXFXXXn.jpg\"> <\/p>\n<\/div>\n<\/div>\n<div style=\"text-align:center\"><strong><strong><span style=\"font-size:24px;line-height:36px\">SUNSUN 5000L\/h ECO pompe \u00e0 eau submersible pour aquarium d&rsquo;aquarium<\/span><\/strong><\/strong><\/div>\n<div id=\"ali-anchor-AliPostDhMb-0uqrw\" style=\"padding-top:8px\" data-section-title=\"Conseils d'achat\" data-section=\"AliPostDhMb-0uqrw\">\n<div id=\"ali-title-AliPostDhMb-0uqrw\" style=\"border-bottom:#ddd 1px solid;padding-bottom:8px;padding-top:8px;padding-left:0px;padding-right:0px\"><span style=\"font-weight:bold;color:#333;padding-bottom:8px;padding-top:8px;padding-left:10px;line-height:12px;padding-right:10px;background-color:#ddd\">Conseils d&rsquo;achat<\/span><\/div>\n<div style=\"padding-bottom:10px;padding-top:10px;padding-left:0px;padding-right:0px\">\n<p><span style=\"color:#ff0000\"><strong><span style=\"font-size:14px\">Conseils\u00a0:<\/span><\/strong><\/span><br \/><span style=\"font-size:14px\">si vous avez achet\u00e9 un certain nombre de produits,<\/span><br \/><span style=\"font-size:14px\">Nous pouvons vous offrir des \u00e9chantillons gratuits,<\/span><br \/><span style=\"font-size:14px\">Pour plus de d\u00e9tails, veuillez nous consulter.<\/span><\/p>\n<\/div>\n<\/div>\n<div style=\"text-align:center\"> <\/div>\n<div>\n<table class=\"aliDataTable ke-zeroborder\" style=\"width:750px\" cellpadding=\"0\" border=\"0\">\n<tbody>\n<tr>\n<td><a href=\"http:\/\/preview.alibaba.com\/product\/1439085149-215139670\/SUNSUN_CE_GS_fountain_pump_5000L_h_7000L_h_9000L_h.html\" target=\"_blank\"><img loading=\"lazy\" decoding=\"async\" border=\"0\" alt=\"SUNSUN 5000L\/h ECO pompe \u00e0 eau submersible pour aquarium\" src=\"http:\/\/localhost\/media\/import\/detail\/HTB1m0MLGpXXXXcnXpXXq6xXFXXXK.jpg\" width=\"190\" height=\"300\"><\/a><\/td>\n<td><a><\/a><\/td>\n<td><a href=\"http:\/\/preview.alibaba.com\/product\/1991365959-215139431\/SUNSUN_garden_water_fountain_pump_CHJ_series_electric_pump.html\" target=\"_blank\"><img loading=\"lazy\" decoding=\"async\" border=\"0\" alt=\"SUNSUN 5000L\/h ECO aquarium pompe \u00e0 eau submersible pour \u00e9tang \u00e0 poissons\" src=\"http:\/\/localhost\/media\/import\/detail\/HTB1adcDGpXXXXbPXFXXq6xXFXXXv.jpg\" width=\"189\" height=\"300\"><\/a><\/td>\n<td><a href=\"http:\/\/preview.alibaba.com\/product\/1991066327-215139431\/SUNSUN_ECO_garden_submersible_pression_pump_CHJ_2000.html\" target=\"_blank\"><img loading=\"lazy\" decoding=\"async\" border=\"0\" alt=\"SUNSUN 5000L\/h ECO aquarium pompe \u00e0 eau submersible pour \u00e9tang \u00e0 poissons\" src=\"http:\/\/localhost\/media\/import\/detail\/HTB1l2kIGpXXXXc_XpXXq6xXFXXXQ.jpg\" width=\"186\" height=\"300\"><\/a><\/td>\n<\/tr>\n<\/tbody>\n<\/table>\n<p style=\"text-align:left\">\n<p style=\"text-align:left\"><span style=\"color:#000000\"> <\/span><\/p>\n<\/div>\n<div id=\"ali-anchor-AliPostDhMb-0fpn7\" style=\"padding-top:8px\" data-section-title=\"Description du produit\" data-section=\"AliPostDhMb-0fpn7\">\n<div id=\"ali-title-AliPostDhMb-0fpn7\" style=\"border-bottom:#ddd 1px solid;padding-bottom:8px;padding-top:8px;padding-left:0px;padding-right:0px\"><span style=\"font-weight:bold;color:#333;padding-bottom:8px;padding-top:8px;padding-left:10px;line-height:12px;padding-right:10px;background-color:#ddd\">Description du produit<\/span><\/div>\n<div style=\"padding-bottom:10px;padding-top:10px;padding-left:0px;padding-right:0px\">\n<\/div>\n<\/div>\n<p style=\"text-align:left\">\n<p style=\"text-align:left\"><span style=\"font-size:11pt;font-family:arial,helvetica,sans-serif\">Si vous recherchez peu d&rsquo;entretien Pompes \u00e0 eau ECO, nous pouvons vous aider. Que vous repartiez de z\u00e9ro ou que vous remplaciez de vieilles pompes \u00e0 eau, nous sommes convaincus que nous avons les produits qu&rsquo;il vous faut. Commencez MAINTENANT votre recherche de bonnes pompes \u00e0 eau ECO dans votre gamme de prix.<\/span><\/p>\n<p><span style=\"font-family:times new roman,times\"><strong><span style=\"font-size:14pt;color:red\">GRATUIT<\/span><\/strong><strong><span style=\"font-size:14pt;color:red\"> 12 mois de garantie !!!<\/span><\/strong><\/span><\/p>\n<p><span style=\"font-family:times new roman,times;background-color:#ffff00\"><span style=\"font-size:14px;font-family:arial,helvetica,sans-serif;background-color:#ffffff\"><strong><span style=\"color:black\">[<\/span><\/strong><strong><span style=\"color:black\"><strong><span style=\"color:black\"> Eau ECO Escarpin<\/span><\/strong><\/span><\/strong><strong><span style=\"color:black\"> Caract\u00e9ristiques<\/span><span style=\"color:black\"> ]<\/span><\/strong><\/span><\/span><\/p>\n<\/p>\n<p><span style=\"font-size:14px\">1. Cette pompe \u00e0 eau ECO adopte un arbre en c\u00e9ramique inoxydable et r\u00e9siste \u00e0 l&rsquo;effilochage et \u00e0 la rouille. Le moteur asynchrone standard de haute performance avec une nouvelle conception permet d&rsquo;\u00e9conomiser l&rsquo;\u00e9nergie de cette pompe jusqu&rsquo;\u00e0 50 % par rapport \u00e0 avant.<\/span><\/p>\n<p><span style=\"font-size:14px\">2. Enduit de r\u00e9sine import\u00e9e de haute qualit\u00e9\u00a0; les performances d&rsquo;\u00e9tanch\u00e9it\u00e9 et d&rsquo;isolation sont excellentes. L&rsquo;h\u00e9lice en spirale de cette pompe \u00e0 eau de bassin permet une taille de particules de salet\u00e9 aussi grande que 5 mm.<\/span><\/p>\n<p><span style=\"font-size:14px\">3. Conception multifonctionnelle &#8212;&#8211; pompage, filtrage et fontaine 3 en 1. Peut \u00eatre utilis\u00e9 aussi bien en eau douce qu&rsquo;en eau de mer.<\/span><\/p>\n<p><span style=\"font-size:14px\">4. La sortie de cette pompe \u00e0 eau ECO peut avoir un bel aspect\u00a0; le tuyau de fontaine est facile \u00e0 assembler et peut \u00eatre utilis\u00e9 dans des pompes de n&rsquo;importe quelle taille.<\/span><\/p>\n<p><span style=\"font-size:14px\">5. La conception du tamis filtrant avec une zone surdimensionn\u00e9e prolonge la p\u00e9riode de maintenance<\/span><\/p>\n<p><span style=\"font-size:14px\">6. Diff\u00e9rentes formes de tuyaux de fontaine sont disponibles. La taille et la hauteur de la belle fontaine peuvent \u00eatre ajust\u00e9es \u00e0 votre guise.<\/span><\/p>\n<p><span style=\"font-size:14px\">7. Appliquer aux \u00e9tangs, rockey, bourn, r\u00e9servoirs d&rsquo;aquarium et de fruits de mer<\/span><br \/><span style=\"font-size:14px\">r\u00e9servoirs avec \u00e9quipement de recyclage de l&rsquo;eau correspondant\u00a0;<\/span><br \/><span style=\"font-size:14px\">8. Aspiration \u00e0 faible consommation et faible bruit ;<\/span><br \/><span style=\"font-size:14px\"> 60 % qu&rsquo;avant ;<\/span><\/p>\n<p><span style=\"font-size:14px\">9. Le double joint en r\u00e9sine et l&rsquo;anneau en caoutchouc le rendent plus s\u00fbr \u00e0 utiliser,<\/span><\/p>\n<p><span style=\"font-size:14px\">10. Arbre en c\u00e9ramique haute r\u00e9sistance et longue dur\u00e9e de vie. vie,<\/span><br \/><span style=\"font-size:14px\">11<\/span><span style=\"font-size:14px;font-family:arial,helvetica,sans-serif\"><span style=\"color:black\"><span style=\"font-size:14px\"> .Aucun \u00e9l\u00e9ment de cuivre Cultivez les organismes d&rsquo;eau sal\u00e9e en toute s\u00e9curit\u00e9<\/span><\/span><\/span><\/p>\n<\/p>\n<p><span style=\"font-family:times new roman,times\"><img decoding=\"async\" alt=\"CEP-7000_02.jpg\" src=\"http:\/\/localhost\/media\/import\/detail\/HTB1U9Q5GXXXXXaDXFXXq6xXFXXXu.jpg\"><img decoding=\"async\" alt=\"CEP-7000_03.jpg\" src=\"http:\/\/localhost\/media\/import\/detail\/HTB1CbFiGpXXXXXLXXXXq6xXFXXXF.jpg\"><\/span><\/p>\n<p><span style=\"font-size:24px;color:#00ff00\"><strong> <span style=\"font-size:18px\"> <span style=\"color:#339966\"> CARACT\u00c9RISTIQUES<\/span><\/span><\/strong><\/span><\/p>\n<table border=\"1\">\n<tbody>\n<tr>\n<td style=\"text-align:center\"><span style=\"font-size:14px\"><strong>Mod\u00e8le<\/strong><\/span><\/td>\n<td style=\"text-align:center\"><span style=\"font-size:14px\"><strong>Tension<\/strong><\/span><\/td>\n<td style=\"text-align:center\"><span style=\"font-size:14px\"><strong>Fr\u00e9quence<\/strong><\/span><\/td>\n<td style=\"text-align:center\"><span style=\"font-size:14px\"><strong>Puissance<\/strong><\/span><\/td>\n<td style=\"text-align:center\"><span style=\"font-size:14px\"><strong>H-max<\/strong><\/span><\/td>\n<td style=\"text-align:center\"><span style=\"font-size:14px\"><strong>Sortie<\/strong><\/span><\/td>\n<td style=\"text-align:center\"><span style=\"font-size:14px\"><strong>Longueur du c\u00e2ble<\/strong><\/span><\/td>\n<td style=\"text-align:center\"><span style=\"font-size:14px\"><strong>Poids<\/strong><\/span><\/td>\n<td style=\"text-align:center\"><span style=\"font-size:14px\"><strong>L*W*H(mm)<\/strong><\/span><\/td>\n<\/tr>\n<tr>\n<td style=\"text-align:center\">CEP-5000<\/td>\n<td style=\"text-align:center\">110V\/220V\/240V<\/td>\n<td style=\"text-align:center\">50Hz\/60Hz<\/td>\n<td style=\"text-align:center\">30w<\/td>\n<td style=\"text-align:center\">3,6m<\/td>\n<td style=\"text-align:center\">5000L\/h<\/td>\n<td style=\"text-align:center\">5m<\/td>\n<td style=\"text-align:center\">2,5kg<\/td>\n<td style=\"text-align:center\">220*115*140mm<\/td>\n<\/tr>\n<tr>\n<td style=\"text-align:center\">CEP-7000<\/td>\n<td style=\"text-align:center\">110V\/220V\/240V<\/td>\n<td style=\"text-align:center\">50Hz\/60Hz<\/td>\n<td style=\"text-align:center\">50w<\/td>\n<td style=\"text-align:center\">4,4 m<\/td>\n<td style=\"text-align:center\">7 000 L\/h<\/td>\n<td style=\"text-align:center\">5 m<\/td>\n<td style=\"text-align:center\">2,5 kg<\/td>\n<td style=\"text-align:center\">220*115*140<\/td>\n<\/tr>\n<tr>\n<td style=\"text-align:center\">CEP-9000<\/td>\n<td style=\"text-align:center\">110V\/220V\/240V<\/td>\n<td style=\"text-align:center\">50Hz\/60Hz<\/td>\n<td style=\"text-align:center\">70w<\/td>\n<td style=\"text-align:center\">5,2 m<\/td>\n<td style=\"text-align:center\">9 000 L\/h<\/td>\n<td style=\"text-align:center\">5 m<\/td>\n<td style=\"text-align:center\">2,5 kg<\/td>\n<td style=\"text-align:center\">220*115*140<\/td>\n<\/tr>\n<\/tbody>\n<\/table>\n<p style=\"text-align:center\">\n<div id=\"ali-anchor-AliPostDhMb-fgpux\" style=\"padding-top:8px\" data-section-title=\"Informations sur la soci\u00e9t\u00e9\" data-section=\"AliPostDhMb-fgpux\">\n<div id=\"ali-title-AliPostDhMb-fgpux\" style=\"border-bottom:#ddd 1px solid;padding-bottom:8px;padding-top:8px;padding-left:0px;padding-right:0px\"> <\/div>\n<\/div>\n<div style=\"clear:les deux\"><\/div>\n","protected":false},"excerpt":{"rendered":"<p>SUNSUN 5000L\/h ECO aquarium submersible pompe \u00e0 eau d&rsquo;\u00e9tang \u00e0 poissons CEP-5000<\/p>\n","protected":false},"featured_media":5719,"comment_status":"open","ping_status":"closed","template":"","meta":[],"product_brand":[],"product_cat":[1380],"product_tag":[],"class_list":{"0":"post-39178","1":"product","2":"type-product","3":"status-publish","4":"has-post-thumbnail","6":"product_cat-pompes-a-eau-et-amp-tetes-motrices","8":"first","9":"instock","10":"shipping-taxable","11":"purchasable","12":"product-type-simple","13":"add-to-wishlist-after_add_to_cart"},"jetpack_sharing_enabled":true,"_links":{"self":[{"href":"https:\/\/www.reefshops.com\/fr\/wp-json\/wp\/v2\/product\/39178","targetHints":{"allow":["GET"]}}],"collection":[{"href":"https:\/\/www.reefshops.com\/fr\/wp-json\/wp\/v2\/product"}],"about":[{"href":"https:\/\/www.reefshops.com\/fr\/wp-json\/wp\/v2\/types\/product"}],"replies":[{"embeddable":true,"href":"https:\/\/www.reefshops.com\/fr\/wp-json\/wp\/v2\/comments?post=39178"}],"wp:featuredmedia":[{"embeddable":true,"href":"https:\/\/www.reefshops.com\/fr\/wp-json\/wp\/v2\/media\/5719"}],"wp:attachment":[{"href":"https:\/\/www.reefshops.com\/fr\/wp-json\/wp\/v2\/media?parent=39178"}],"wp:term":[{"taxonomy":"product_brand","embeddable":true,"href":"https:\/\/www.reefshops.com\/fr\/wp-json\/wp\/v2\/product_brand?post=39178"},{"taxonomy":"product_cat","embeddable":true,"href":"https:\/\/www.reefshops.com\/fr\/wp-json\/wp\/v2\/product_cat?post=39178"},{"taxonomy":"product_tag","embeddable":true,"href":"https:\/\/www.reefshops.com\/fr\/wp-json\/wp\/v2\/product_tag?post=39178"}],"curies":[{"name":"wp","href":"https:\/\/api.w.org\/{rel}","templated":true}]}}