{"id":39180,"date":"2016-09-25T23:28:35","date_gmt":"2016-09-25T23:28:35","guid":{"rendered":"https:\/\/www.reefshops.com\/product\/pompe-a-eau-sous-marine-de-jardin-daquarium-de-5500l-h-150w-hyl-5500a\/"},"modified":"2025-03-16T09:06:44","modified_gmt":"2025-03-16T09:06:44","slug":"pompe-a-eau-sous-marine-de-jardin-daquarium-de-5500l-h-150w-hyl-5500a","status":"publish","type":"product","link":"https:\/\/www.reefshops.com\/fr\/produit\/pompe-a-eau-sous-marine-de-jardin-daquarium-de-5500l-h-150w-hyl-5500a\/","title":{"rendered":"Pompe \u00e0 eau sous-marine de jardin d&rsquo;aquarium de 5500L\/h 150W HYL-5500A"},"content":{"rendered":"<div style=\"clear:both\"><\/div>\n<p><span style=\"color:#ff00ff\"><strong><span style=\"font-size:16px\">5500L\/h 150W Pompe \u00e0 eau sous-marine pour jardin d&rsquo;aquarium HYL-5500A <\/span><\/strong><\/span><\/p>\n<\/p>\n<p style=\"font-size:14px\">sp\u00e9cifications\u00a0:<\/p>\n<p style=\"font-size:14px\">1. le rotor est fabriqu\u00e9 dans un mat\u00e9riau sp\u00e9cial,<em><strong>d\u00e9marrage facile et faible consommation d&rsquo;\u00e9nergie<\/strong><\/em>;<\/p>\n<p style=\"font-size:14px\">2. Arbre et localisateur d&rsquo;arbre en c\u00e9ramique de haute qualit\u00e9,<em><strong>durable et peu bruyant<\/strong><\/em>\u00a0;<\/p>\n<p style=\"font-size:14px\">3. moteur compl\u00e8tement scell\u00e9 et \u00e9tanche,<em><strong>s\u00fbr et fiable<\/strong><\/em>\u00a0;<\/p>\n<p style=\"font-size:14px\">4. Moteur asynchrone standard de haute performance avec<strong><em> nouveau design et \u00e9conomie d&rsquo;\u00e9nergie <\/em><\/strong><\/p>\n<p style=\"font-size:14px\"><strong><em>jusqu&rsquo;\u00e0 50\u00a0% qu&rsquo;avant<\/em><\/strong>\u00a0;<\/p>\n<p style=\"font-size:14px\">5. <em><strong>Protection de l&rsquo;interrupteur \u00e0 flotteur, utilisation plus s\u00fbre<\/strong><\/em>;<\/p>\n<p style=\"font-size:14px\">6. <em><strong>jardin aquatique, circulation de l&rsquo;eau dans les rocailles, alimentation et \u00e9vacuation de l&rsquo;eau dans la piscine<\/strong><\/em>.<\/p>\n<p style=\"font-size:14px\">\n<p style=\"font-size:14px\"><span style=\"color:#ff00ff\"><strong>Param\u00e8tres de la pompe \u00e0 eau sous-marine du jardin d&rsquo;aquarium<\/strong><\/span> <\/p>\n<table class=\"aliDataTable\" style=\"width:80%\" border=\"5\">\n<tbody>\n<tr>\n<td> Mod\u00e8le <\/td>\n<td>Tension<\/td>\n<td>Fr\u00e9quence<\/td>\n<td>Puissance<\/td>\n<td>H-max <\/td>\n<td>Sortie<\/td>\n<td>Poids<\/td>\n<td> Dimensions<\/td>\n<\/tr>\n<tr>\n<td style=\"text-align:center\">HYL-4500\/A<\/td>\n<td>110V\/240V<\/td>\n<td>50Hz\/60Hz<\/td>\n<td>95W<\/ td><\/p>\n<td>6,0 m<\/td>\n<td>4\u00a0500 L\/h<\/td>\n<td>2,61 kg\/2,81 kg<\/td>\n<td>180*180*260 mm<\/td>\n<\/tr>\n<tr>\n<td style=\"text-align:center\">HYL-5500\/A<\/td>\n<td>110V\/240V<\/td>\n<td>50Hz\/60Hz<\/td>\n<td>150W<\/ td><\/p>\n<td>7,0 m<\/td>\n<td>5 500 L\/h<\/td>\n<td>2,92 kg\/3,12 kg<\/td>\n<td>180*180*260 mm<\/td>\n<\/tr>\n<tr>\n<td style=\"text-align:center\">HYL-6500\/A<\/td>\n<td>110V\/240V<\/td>\n<td>50Hz\/60Hz<\/td>\n<td>95W<\/ td><\/p>\n<td>4,5 m<\/td>\n<td>6 500 L\/h<\/td>\n<td>2,61 kg\/2,81 kg<\/td>\n<td>180*180*260 mm<\/td>\n<\/tr>\n<tr>\n<td style=\"text-align:center\">HYL-7500\/A<\/td>\n<td>110V\/240V<\/td>\n<td>50Hz\/60Hz<\/td>\n<td>150W<\/ td><\/p>\n<td>5,5 m<\/td>\n<td>7 500 L\/h<\/td>\n<td>2,92 kg\/3,12 kg<\/td>\n<td>180*180*260 mm<\/td>\n<\/tr>\n<tr>\n<td style=\"text-align:center\">HYL-8000\/A<\/td>\n<td>110V\/240V<\/td>\n<td>50Hz\/60Hz<\/td>\n<td>180W<\/ td><\/p>\n<td>7,5 m<\/td>\n<td>8 000 L\/h<\/td>\n<td>3,22 kg\/3,42 kg<\/td>\n<td>180*180*260 mm<\/td>\n<\/tr>\n<tr>\n<td style=\"text-align:center\">HYL-9000\/A<\/td>\n<td>110V\/240V<\/td>\n<td>50Hz\/60Hz<\/td>\n<td>220W<\/ td><\/p>\n<td>8,5 m<\/td>\n<td>9 000 L\/h<\/td>\n<td>3,32 kg\/3,52 kg<\/td>\n<td>180*180*260 mm<\/td>\n<\/tr>\n<tr>\n<td style=\"text-align:center\">HYL-10000\/A<\/td>\n<td>110V\/240V<\/td>\n<td>50Hz\/60Hz<\/td>\n<td>320W<\/td>\n<td>9,5 m<\/td>\n<td>10 000 L\/h<\/td>\n<td>3,42 kg\/3,62 kg<\/td>\n<td>180*180*260 mm<\/td>\n<\/tr>\n<\/tbody>\n<\/table>\n<table class=\"aliDataTable\" border=\"5\">\n<tbody>\n<tr>\n<td> Mod\u00e8le <\/td>\n<td>Tension<\/td>\n<td>Fr\u00e9quence<\/td>\n<td>Puissance<\/td>\n<td>H-max <\/td>\n<td>Sortie<\/td>\n<td>Poids<\/td>\n<td> Dimensions<\/td>\n<\/tr>\n<tr>\n<td style=\"text-align:center\">HQS-5000<\/td>\n<td>220V<\/td>\n<td>50Hz<\/td>\n<td>250W<\/td>\n<td>6m<\/td>\n<td>6000L\/h<\/td>\n<td>3,6kg<\/td>\n<td>200*200*350mm<\/td>\n<\/tr>\n<tr>\n<td style=\"text-align:center\">HQS-6000\/I<\/td>\n<td>220V<\/td>\n<td>50Hz<\/td>\n<td>300W<\/td>\n<td>8m<\/td>\n<td>8000L\/h<\/td>\n<td>5,5kg<\/td>\n<td>200*200*350mm<\/td>\n<\/tr>\n<tr>\n<td style=\"text-align:center\">HQS-7000\/I<\/td>\n<td>220V<\/td>\n<td>50Hz<\/td>\n<td>320W<\/p>\n<td>10m<\/td>\n<td>10000L\/h<\/td>\n<td>6,2kg<\/td>\n<td>200*200*350mm<\/td>\n<\/tr>\n<tr>\n<td style=\"text-align:center\">HQS-8000\/I<\/td>\n<td>220V<\/td>\n<td>50Hz<\/td>\n<td>350W<\/p>\n<td>11m<\/td>\n<td>13000L\/h<\/td>\n<td>5,7kg<\/td>\n<td>250*250*350mm<\/td>\n<\/tr>\n<tr>\n<td style=\"text-align:center\">HQS-9000<\/td>\n<td>220V<\/td>\n<td>50Hz<\/td>\n<td>380W<\/td>\n<td>12m<\/td>\n<td>14000L\/h<\/td>\n<td>6,0kg<\/td>\n<td>250*250*350mm<\/td>\n<\/tr>\n<tr>\n<td style=\"text-align:center\">HQS-10000<\/td>\n<td>220V<\/td>\n<td>50Hz<\/td>\n<td>420W<\/td>\n<td>13m<\/td>\n<td>15000L\/h<\/td>\n<td>6,5kg<\/td>\n<td>250*250*350mm<\/td>\n<\/tr>\n<tr>\n<td style=\"text-align:center\">HQS-1800<\/td>\n<td>110V\/220V\/240V<\/td>\n<td>50Hz\/60Hz<\/td>\n<td> 180 W<\/td>\n<td>7,0 m<\/td>\n<td>8 500 L\/h<\/td>\n<td>5,5 kg<\/td>\n<td>182*137*279 mm<\/td>\n<\/tr>\n<tr>\n<td style=\"text-align:center\">HQS-4000<\/td>\n<td>220V\/240V<\/td>\n<td>50Hz<\/td>\n<td>100W<\/td>\n<td>4.0m<\/td>\n<td>4500L\/h<\/td>\n<td>2.8kg<\/td>\n<td>145*145*240mm<\/td>\n<\/tr>\n<tr>\n<td style=\"text-align:center\">HQS-4200<\/td>\n<td>220V\/240V<\/td>\n<td>50Hz<\/td>\n<td>100W<\/td>\n<p>4,2 m<\/td>\n<td>4500L\/h<\/td>\n<td>3,2 kg<\/td>\n<td>145*145*240mm<\/td>\n<\/tr>\n<\/tbody>\n<\/table>\n<table class=\"aliDataTable\" border=\"5\">\n<tbody>\n<tr>\n<td> Mod\u00e8le <\/td>\n<td> Tension<\/td>\n<td>Fr\u00e9quence<\/td>\n<td>Puissance<\/td>\n<td>H-max <\/td>\n<td>Sortie<\/td>\n<td>Poids<\/td>\n<td> Dimensions<\/td>\n<\/tr>\n<tr>\n<td style=\"text-align:center\">HQB-2000<\/td>\n<td>110V\/220V\/240V<\/td>\n<td>50Hz\/60Hz<\/td>\n<td>24W<\/td>\n<td>1,8m<\/td>\n<td>1400L\/h<\/td>\n<td>0,8kg<\/td>\n<td>138*65*145mm<\/td>\n<\/tr>\n<tr>\n<td style=\"text-align:center\">HQB-2200<\/td>\n<td>110V\/220V\/240V<\/td>\n<td>50Hz\/60Hz<\/td>\n<td> 40W<\/td>\n<td>2,3m<\/td>\n<td>1900L\/h<\/td>\n<td>1,2kg<\/td>\n<td>135*105*115mm<\/td>\n<\/tr>\n<tr>\n<td style=\"text-align:center\">HQB-2500<\/td>\n<td>110V\/220V\/240V<\/td>\n<td>50Hz\/60Hz<\/td>\n<td> 55W<\/td>\n<td>2,5m<\/td>\n<td>2000L\/h<\/td>\n<td>1,2kg<\/td>\n<td>153*105*135mm<\/td>\n<\/tr>\n<tr>\n<td style=\"text-align:center\">HQB-3000<\/td>\n<td>110V\/220V\/240V<\/td>\n<td>50Hz\/60Hz<\/td>\n<td> 60W<\/td>\n<td>3,0m<\/td>\n<td>2500L\/h<\/td>\n<td>1,6kg<\/td>\n<td>153*105*135mm<\/td>\n<\/tr>\n<tr>\n<td style=\"text-align:center\">HQB-3500<\/td>\n<td>110V\/220V\/240V<\/td>\n<td>50Hz\/60Hz<\/td>\n<td> 85W<\/td>\n<td>3,5m<\/td>\n<td>3000L\/h<\/td>\n<td>1,25kg<\/td>\n<td>153*105*135mm<\/td>\n<\/tr>\n<tr>\n<td style=\"text-align:center\">HQB-4500<\/td>\n<td>110V\/220V\/240V<\/td>\n<td>50Hz\/60Hz<\/td>\n<td> 100W<\/td>\n<td>4,5m<\/td>\n<td>4500L\/h<\/td>\n<td>2,7kg<\/td>\n<td>175*112*133mm<\/td>\n<\/tr>\n<tr>\n<td style=\"text-align:center\">HQB-5000<\/td>\n<td>110V\/220V\/240V<\/td>\n<td>50Hz\/60Hz<\/td>\n<td> 150 W<\/td>\n<td>5,0 m<\/td>\n<td>5 500 L\/h<\/td>\n<td>2,8 kg<\/td>\n<td>175*112*133 mm<\/td>\n<\/tr>\n<tr>\n<td style=\"text-align:center\">HQB-5500<\/td>\n<td>110V\/220V\/240V<\/td>\n<td>50Hz\/60Hz<\/td>\n<td>200W<\/td>\n<td>5,5 m<\/td>\n<td>6\u00a0800 L\/h<\/td>\n<td>4,0 kg<\/td>\n<td>200*140*160 mm<\/td>\n<\/tr>\n<\/tbody>\n<\/table>\n<p><span style=\"font-size:14px;color:#ff00ff\"><strong>Pompe \u00e0 eau sous-marine de jardin d&rsquo;aquarium<\/strong><\/span><\/p>\n<p><img decoding=\"async\" alt=\"5500L\/h 150W Pompe \u00e0 eau sous-marine de jardin d'aquarium HYL-5500A\" src=\"http:\/\/localhost\/media\/import\/detail\/549435054_926.jpg\"><\/p>\n<p><img decoding=\"async\" alt=\"5500L\/h 150W Pompe \u00e0 eau sous-marine pour jardin d'aquarium HYL-5500A\" src=\"http:\/\/localhost\/media\/import\/detail\/549436288_973.jpg\"><img decoding=\"async\" alt=\"5500L\/h 150W Pompe \u00e0 eau sous-marine de jardin d'aquarium HYL-5500A\" src=\"http:\/\/localhost\/media\/import\/detail\/549436291_702.jpg\"><img decoding=\"async\" alt=\"5500L\/h Pompe \u00e0 eau sous-marine de jardin d'aquarium 150W HYL-5500A\" src=\"http:\/\/localhost\/media\/import\/detail\/549436293_165.jpg\"><\/p>\n<p><span style=\"font-size:14px;color:#ff00ff\"><strong>D&rsquo;autres pompes \u00e0 eau sous-marines de jardin d&rsquo;aquarium montrent<\/strong><\/span><\/p>\n<p><span style=\"font-size:14px;color:#ff00ff\"><img decoding=\"async\" alt=\"5500L\/h 150W Pompe \u00e0 eau sous-marine pour jardin d'aquarium HYL-5500A\" src=\"http:\/\/localhost\/media\/import\/detail\/549438137_280.jpg\"><img decoding=\"async\" alt=\"5500L\/h 150W Pompe \u00e0 eau sous-marine de jardin d'aquarium HYL-5500A\" src=\"http:\/\/localhost\/media\/import\/detail\/549438138_699.jpg\"><\/span><\/p>\n<p><span style=\"font-size:14px;color:#ff00ff\"><img decoding=\"async\" alt=\"5500L\/h 150W Pompe \u00e0 eau sous-marine de jardin d'aquarium HYL-5500A\" src=\"http:\/\/localhost\/media\/import\/detail\/549439116_390.jpg\"><img decoding=\"async\" alt=\"5500L\/h Pompe \u00e0 eau sous-marine de jardin d'aquarium 150W HYL-5500A\" src=\"http:\/\/localhost\/media\/import\/detail\/549439118_572.jpg\"><img decoding=\"async\" alt=\"5500L\/h 150W Pompe \u00e0 eau sous-marine pour jardin d'aquarium HYL-5500A\" src=\"http:\/\/localhost\/media\/import\/detail\/549439119_175.jpg\"><\/span><\/p>\n<p><strong><span style=\"font-size:14px;color:#ff00ff\">Fonctionnalit\u00e9s<\/span><\/strong><\/p>\n<p><span style=\"font-size:12px;color:#003366\"><strong>1.il utilise un noyau d&rsquo;arbre \u00e0 haute r\u00e9sistance et r\u00e9sistant \u00e0 l&rsquo;usure, a une \u00e9conomie d&rsquo;\u00e9nergie tr\u00e8s efficace et une longue <\/strong><\/span><span style=\"font-size:12px;color:#003366\"><strong>dur\u00e9e de vie;<\/strong><\/span><\/p>\n<p><span style=\"font-size:12px;color:#003366\"><strong>2.il a une bonne \u00e9tanch\u00e9it\u00e9 et une haute r\u00e9sistance di\u00e9lectrique;il est s\u00fbr et fiable.<\/strong><\/span><\/p>\n<p><span style=\"font-size:12px;color:#003366\"><strong>3.vous pouvez l&rsquo;utiliser comme pompage et fontaine.<\/strong><\/span><\/p>\n<p><span style=\"font-size:12px;color:#003366\"><strong>4.appliquer \u00e0 la d\u00e9shydratation des aquariums, des \u00e9tangs, avec un \u00e9quipement de recyclage de l&rsquo;eau correspondant.<\/strong><\/span><\/p>\n<div id=\"ali-anchor-AliPostDhMb-w9fug\" style=\"padding-top:8px\" data-section-title=\"Informations sur la soci\u00e9t\u00e9\" data-section=\"AliPostDhMb-w9fug\">\n<div id=\"ali-title-AliPostDhMb-w9fug\" style=\"border-bottom:#ddd 1px solid;padding-bottom:8px;padding-top:8px;padding-left:0px;padding-right:0px\"> <\/div>\n<\/div>\n<div style=\"clear:les deux\"><\/div>\n","protected":false},"excerpt":{"rendered":"<p>Pompe \u00e0 eau sous-marine de jardin d&rsquo;aquarium de 5500L\/h 150W HYL-5500A<\/p>\n","protected":false},"featured_media":5723,"comment_status":"open","ping_status":"closed","template":"","meta":[],"product_brand":[],"product_cat":[1380],"product_tag":[],"class_list":{"0":"post-39180","1":"product","2":"type-product","3":"status-publish","4":"has-post-thumbnail","6":"product_cat-pompes-a-eau-et-amp-tetes-motrices","8":"first","9":"instock","10":"shipping-taxable","11":"purchasable","12":"product-type-simple","13":"add-to-wishlist-after_add_to_cart"},"jetpack_sharing_enabled":true,"_links":{"self":[{"href":"https:\/\/www.reefshops.com\/fr\/wp-json\/wp\/v2\/product\/39180","targetHints":{"allow":["GET"]}}],"collection":[{"href":"https:\/\/www.reefshops.com\/fr\/wp-json\/wp\/v2\/product"}],"about":[{"href":"https:\/\/www.reefshops.com\/fr\/wp-json\/wp\/v2\/types\/product"}],"replies":[{"embeddable":true,"href":"https:\/\/www.reefshops.com\/fr\/wp-json\/wp\/v2\/comments?post=39180"}],"wp:featuredmedia":[{"embeddable":true,"href":"https:\/\/www.reefshops.com\/fr\/wp-json\/wp\/v2\/media\/5723"}],"wp:attachment":[{"href":"https:\/\/www.reefshops.com\/fr\/wp-json\/wp\/v2\/media?parent=39180"}],"wp:term":[{"taxonomy":"product_brand","embeddable":true,"href":"https:\/\/www.reefshops.com\/fr\/wp-json\/wp\/v2\/product_brand?post=39180"},{"taxonomy":"product_cat","embeddable":true,"href":"https:\/\/www.reefshops.com\/fr\/wp-json\/wp\/v2\/product_cat?post=39180"},{"taxonomy":"product_tag","embeddable":true,"href":"https:\/\/www.reefshops.com\/fr\/wp-json\/wp\/v2\/product_tag?post=39180"}],"curies":[{"name":"wp","href":"https:\/\/api.w.org\/{rel}","templated":true}]}}