{"id":39215,"date":"2016-09-25T23:28:36","date_gmt":"2016-09-25T23:28:36","guid":{"rendered":"https:\/\/www.reefshops.com\/product\/sunsun-ce-gs-offre-speciale-pompe-detang-a-poissons-cfp-10000-155-w-10000l-h-cfp-10000\/"},"modified":"2025-03-16T09:06:53","modified_gmt":"2025-03-16T09:06:53","slug":"sunsun-ce-gs-offre-speciale-pompe-detang-a-poissons-cfp-10000-155-w-10000l-h-cfp-10000","status":"publish","type":"product","link":"https:\/\/www.reefshops.com\/fr\/produit\/sunsun-ce-gs-offre-speciale-pompe-detang-a-poissons-cfp-10000-155-w-10000l-h-cfp-10000\/","title":{"rendered":"SUNSUN CE\/GS offre sp\u00e9ciale pompe d&rsquo;\u00e9tang \u00e0 poissons CFP-10000 155 W 10000L\/h CFP-10000"},"content":{"rendered":"<div style=\"clear:both\"><\/div>\n<div id=\"ali-anchor-AliPostDhMb-6zdsp\" style=\"padding-top:8px\" data-section=\"AliPostDhMb-6zdsp\" data-section-title=\"signboard\">\n<p><span><\/span><\/p>\n<\/div>\n<p style=\"text-align:center\"><strong><span style=\"font-size:24px\">SUNSUN CE\/GS offre sp\u00e9ciale pompe d&rsquo;\u00e9tang \u00e0 poissons CFP-10000 155W 10000L\/h<\/span><\/strong><\/p>\n<div id=\"ali-anchor-AliPostDhMb-hkrdj\" style=\"padding-top:8px\" data-section=\"AliPostDhMb-hkrdj\" data-section-title=\"Description du produit\">\n<div id=\"ali-title-AliPostDhMb-hkrdj\" style=\"border-bottom:#ddd 1px solid;padding-bottom:8px;padding-top:8px;padding-left:0px;padding-right:0px\"><span style=\"font-weight:bold;color:#333;padding-bottom:8px;padding-top:8px;padding-left:10px;line-height:12px;padding-right:10px;background-color:#ddd\">Description du produit<\/span><\/div>\n<div style=\"padding-bottom:10px;padding-top:10px;padding-left:0px;padding-right:0px\">\n<p><span style=\"background-color:#ffff00\"><strong><span style=\"font-size:14pt\">Param\u00e8tre de la pompe de bassin CFP-10000<\/span><\/strong><\/span><\/p>\n<\/div>\n<\/div>\n<p><span style=\"font-family:times new roman,times\"><strong><span style=\"font-size:13.5pt;color:black\">Tension\u00a0: 110\u00a0V\/220V\/240V<\/span><\/strong><\/span><\/p>\n<p><span style=\"font-family:times new roman,times\"><strong><span style=\"font-size:13.5pt;color:black\">Fr\u00e9quence\u00a0: 50 Hz\/60 Hz<\/span><\/strong><strong><span style=\"font-size:13.5pt;color:black\"> <\/span><\/strong><\/span><\/p>\n<p><span style=\"font-family:times new roman,times\"><strong><span style=\"font-size:13.5pt;color:black\">Puissance\u00a0: 155 W<\/span><\/strong><\/span><\/p>\n<p><span style=\"font-family:times new roman,times\"><strong><span style=\"font-size:13.5pt;color:black\">D\u00e9bit\u00a0: 10 000\u00a0L\/h<\/span><\/strong><\/span><\/p>\n<p><span style=\"font-family:times new roman,times\"><strong><span style=\"font-size:13.5pt;color:black\">H-max\u00a0: 5,0 m<\/span><\/strong><\/span><\/p>\n<p><span style=\"font-family:times new roman,times\"><strong><span style=\"font-size:13.5pt;color:black\">Longueur du c\u00e2ble\u00a0: 10 m<\/span><\/strong><\/span><\/p>\n<p><span style=\"font-family:times new roman,times\"><strong><span style=\"font-size:13.5pt;color:black\">Dimensions\u00a0: 310x300x150mm<\/span><\/strong><\/span><\/p>\n<p><span style=\"font-family:times new roman,times\"><strong><span style=\"font-size:14pt;color:red\">GRATUIT<\/span><\/strong><strong><span style=\"font-size:14pt;color:red\"> 12 mois de garantie !!!<\/span><\/strong><\/span><\/p>\n<p><span style=\"font-family:times new roman,times;background-color:#ffff00\"><span style=\"font-size:18px\"><strong><span style=\"color:black\">[<\/span><\/strong><\/span><strong><span style=\"color:black\"><span style=\"font-size:18px\">Pompe de bassin<\/span><\/span><\/strong><strong><span style=\"font-size:14pt;color:black\">Caract\u00e9ristiques<\/span><span style=\"font-size:medium;color:black\">]<\/span><\/strong><strong><\/strong><\/span><\/p>\n<p><strong><span style=\"font-size:medium;font-family:times new roman,times;color:black\">1. Cette pompe de bassin adopte un arbre en c\u00e9ramique inoxydable et r\u00e9siste \u00e0 l&rsquo;effilochage et \u00e0 la rouille. Le moteur asynchrone standard de haute performance avec un nouveau design permet de<span style=\"color:#ff0000\">\u00e9conomie d&rsquo;\u00e9nergie de cette pompe jusqu&rsquo;\u00e0 50\u00a0% par rapport \u00e0 avant<\/span>.<\/span><\/strong><\/p>\n<p><strong><span style=\"font-size:medium;font-family:times new roman,times;color:black\">2. Enduit de r\u00e9sine import\u00e9e de haute qualit\u00e9, les performances d\u2019\u00e9tanch\u00e9it\u00e9 et d\u2019isolation sont excellentes. L&rsquo;h\u00e9lice en spirale de cette pompe pour \u00e9tang \u00e0 poissons permet une taille de particules de salet\u00e9 allant jusqu&rsquo;\u00e0 6 mm.<\/span><\/strong><\/p>\n<p><strong><span style=\"font-size:medium;font-family:times new roman,times;color:black\">3. Conception multifonctionnelle &#8212;&#8211; pompage, filtrage et fontaine 3 en 1. Peut \u00eatre utilis\u00e9 aussi bien dans l&rsquo;eau douce que dans l&rsquo;eau de mer.<\/span><\/strong><\/p>\n<p><strong><span style=\"font-size:medium;font-family:times new roman,times;color:black\">4. La sortie de cette pompe de bassin peut \u00eatre tourn\u00e9e \u00e0 360 degr\u00e9s et pr\u00e9sente un bel aspect\u00a0; le tuyau de fontaine est facile \u00e0 assembler et peut \u00eatre utilis\u00e9 dans des pompes de n&rsquo;importe quelle taille.<\/span><\/strong><\/p>\n<p><strong><span style=\"font-size:medium;font-family:times new roman,times;color:black\">5. La conception du tamis filtrant avec une zone surdimensionn\u00e9e prolonge la p\u00e9riode de maintenance<\/span><\/strong><\/p>\n<p><strong><span style=\"font-size:medium;font-family:times new roman,times;color:black\">6. Diff\u00e9rentes formes de tuyaux de fontaine sont disponibles. La taille et la hauteur de la belle fontaine peuvent \u00eatre ajust\u00e9es \u00e0 votre guise.<\/span><\/strong><\/p>\n<p><span style=\"font-size:medium;font-family:'times new roman', times;color:black;background-color:#ffff00\"><span style=\"font-family:times new roman,times\"><strong><span style=\"font-size:14pt;color:black\">[<\/span><\/strong><strong><span style=\"font-size:13.5pt;color:black\">Autre pompe de bassin<\/span><\/strong><strong><span style=\"font-size:14pt;color:black\"> Param\u00e8tre]<\/span><\/strong><\/span><\/span><\/p>\n<p><span style=\"font-size:medium;font-family:times new roman,times;color:black;background-color:#ffff00\"><img loading=\"lazy\" decoding=\"async\" alt=\"SUNSUN CE\/GS vente chaude pompe d'\u00e9tang \u00e0 poissons CFP-10000 155W 10000L\/h\" src=\"http:\/\/localhost\/media\/import\/detail\/701948065_446.jpg\" width=\"800\" height=\"279\"><\/span><\/p>\n<\/p>\n<p><span style=\"font-size:medium;font-family:'times new roman', times;color:noir;background-color:#ffff00\"><span style=\"font-size:medium;font-family:times new roman,times;color:noir\"><span style=\"font-family:times new roman,times\"><strong><span style=\"font-size:14pt;color:black\">[<\/span><\/strong><strong><span style=\"font-size:14pt;color:black\">Pompe \u00e0 lait<\/span><\/strong><strong><span style=\"font-size:14pt;color:black\"> Courbes de fonction]<\/span><\/strong><\/span><\/span><\/span><\/p>\n<p><span style=\"font-size:medium;font-family:times new roman,times;color:black;background-color:#ffff00\"><img decoding=\"async\" alt=\"SUNSUN CE\/GS vente chaude pompe d'\u00e9tang \u00e0 poissons CFP-10000 155W 10000L\/h\" src=\"http:\/\/localhost\/media\/import\/detail\/702220717_211.jpg\"><\/span><\/p>\n<\/p>\n<p><span style=\"font-family:times new roman,times;background-color:#808080\"><strong><span style=\"font-size:medium;color:black\">[<\/span><\/strong><strong><span style=\"font-size:13.5pt;color:black\">Pompe de bassin<\/span><\/strong><strong><span style=\"font-size:14pt;color:black\">Portes applicables<\/span><span style=\"font-size:medium;color:black\">]<\/span><\/strong><\/span><\/p>\n<p><strong><span style=\"font-size:medium;font-family:times new roman,times\"><span style=\"color:black\">Cette pompe pour \u00e9tang \u00e0 poissons<\/span> convient au pompage et \u00e0 la circulation de l&rsquo;eau dans les aquariums, les piscines de fruits de mer et les \u00e9tangs de jardin\u00a0; filtrer et nettoyer l&rsquo;eau de reproduction et pulv\u00e9riser les fontaines int\u00e9rieures et ext\u00e9rieures.<\/span><\/strong><\/p>\n<p><span style=\"font-family:times new roman,times;background-color:#808080\"><strong><span style=\"font-size:14pt;color:black\">[<\/span><\/strong><strong><span style=\"font-size:13.5pt;color:black\">\u00c9tang Pompe<\/span><\/strong><strong><span style=\"font-size:14pt;color:black\"> Affichage]<\/span><\/strong><\/span><\/p>\n<p><span style=\"font-family:times new roman,times;background-color:#ffff00\"><strong><span style=\"font-size:14pt;color:black\"><img decoding=\"async\" alt=\"SUNSUN CE\/GS vente chaude pompe d'\u00e9tang \u00e0 poissons CFP-10000 155W 10000L\/h\" src=\"http:\/\/localhost\/media\/import\/detail\/702227335_848.jpg\"><\/span><\/strong><\/span><\/p>\n<p><span style=\"font-family:times new roman,times;background-color:#ffff00\"><strong><span style=\"font-size:14pt;color:black\"><img decoding=\"async\" alt=\"SUNSUN CE\/GS vente chaude pompe d'\u00e9tang \u00e0 poissons CFP-10000 155W 10000L\/h\" src=\"http:\/\/localhost\/media\/import\/detail\/702223163_291.jpg\"><img decoding=\"async\" alt=\"SUNSUN CE\/GS vente chaude pompe d'\u00e9tang \u00e0 poissons CFP-10000 155W 10000L\/h\" src=\"http:\/\/localhost\/media\/import\/detail\/702223167_348.jpg\"><\/span><\/strong><\/span><\/p>\n<div id=\"ali-anchor-AliPostDhMb-wpjt5\" style=\"padding-top:8px\" data-section=\"AliPostDhMb-wpjt5\" data-section-title=\"Informations sur la soci\u00e9t\u00e9\">\n<div id=\"ali-title-AliPostDhMb-wpjt5\" style=\"border-bottom:#ddd 1px solid;padding-bottom:8px;padding-top:8px;padding-left:0px;padding-right:0px\"> <\/div>\n<\/div>\n<div style=\"clear:both\"><\/div>\n<p><strong><span style=\"color:#ff9900;font-family:Arial\"><\/span><\/strong><\/p>\n","protected":false},"excerpt":{"rendered":"<p>SUNSUN CE\/GS offre sp\u00e9ciale pompe d&rsquo;\u00e9tang \u00e0 poissons CFP-10000 155 W 10000L\/h CFP-10000<\/p>\n","protected":false},"featured_media":5793,"comment_status":"open","ping_status":"closed","template":"","meta":[],"product_brand":[],"product_cat":[1380],"product_tag":[],"class_list":{"0":"post-39215","1":"product","2":"type-product","3":"status-publish","4":"has-post-thumbnail","6":"product_cat-pompes-a-eau-et-amp-tetes-motrices","8":"first","9":"instock","10":"shipping-taxable","11":"purchasable","12":"product-type-simple","13":"add-to-wishlist-after_add_to_cart"},"jetpack_sharing_enabled":true,"_links":{"self":[{"href":"https:\/\/www.reefshops.com\/fr\/wp-json\/wp\/v2\/product\/39215","targetHints":{"allow":["GET"]}}],"collection":[{"href":"https:\/\/www.reefshops.com\/fr\/wp-json\/wp\/v2\/product"}],"about":[{"href":"https:\/\/www.reefshops.com\/fr\/wp-json\/wp\/v2\/types\/product"}],"replies":[{"embeddable":true,"href":"https:\/\/www.reefshops.com\/fr\/wp-json\/wp\/v2\/comments?post=39215"}],"wp:featuredmedia":[{"embeddable":true,"href":"https:\/\/www.reefshops.com\/fr\/wp-json\/wp\/v2\/media\/5793"}],"wp:attachment":[{"href":"https:\/\/www.reefshops.com\/fr\/wp-json\/wp\/v2\/media?parent=39215"}],"wp:term":[{"taxonomy":"product_brand","embeddable":true,"href":"https:\/\/www.reefshops.com\/fr\/wp-json\/wp\/v2\/product_brand?post=39215"},{"taxonomy":"product_cat","embeddable":true,"href":"https:\/\/www.reefshops.com\/fr\/wp-json\/wp\/v2\/product_cat?post=39215"},{"taxonomy":"product_tag","embeddable":true,"href":"https:\/\/www.reefshops.com\/fr\/wp-json\/wp\/v2\/product_tag?post=39215"}],"curies":[{"name":"wp","href":"https:\/\/api.w.org\/{rel}","templated":true}]}}