{"id":39217,"date":"2016-09-25T23:28:36","date_gmt":"2016-09-25T23:28:36","guid":{"rendered":"https:\/\/www.reefshops.com\/product\/fournisseur-et-fabricant-de-pompes-submersibles-hqb-5000\/"},"modified":"2025-03-16T09:06:54","modified_gmt":"2025-03-16T09:06:54","slug":"fournisseur-et-fabricant-de-pompes-submersibles-hqb-5000","status":"publish","type":"product","link":"https:\/\/www.reefshops.com\/fr\/produit\/fournisseur-et-fabricant-de-pompes-submersibles-hqb-5000\/","title":{"rendered":"Fournisseur et fabricant de pompes submersibles HQB-5000"},"content":{"rendered":"<div style=\"clear:both\"><\/div>\n<p><span style=\"font-size:16px\"><span style=\"color:#000080\"><strong><span style=\"font-size:24px\">Fournisseur et fabricant de pompes submersibles HQB-5000<\/span> <\/strong><\/span><\/span><\/p>\n<\/p>\n<div id=\"ali-anchor-AliPostDhMb-qps7k\" style=\"padding-top:8px\" data-section=\"AliPostDhMb-qps7k\" data-section-title=\"Description du produit\">\n<div id=\"ali-title-AliPostDhMb-qps7k\" style=\"border-bottom:#ddd 1px solid;padding-bottom:8px;padding-top:8px;padding-left:0px;padding-right:0px\"><span style=\"font-weight:bold;color:#333;padding-bottom:8px;padding-top:8px;padding-left:10px;line-height:12px;padding-right:10px;background-color:#ddd\">Description du produit<\/span><\/div>\n<div style=\"padding-bottom:10px;padding-top:10px;padding-left:0px;padding-right:0px\">\n<\/div>\n<\/div>\n<p style=\"font-size:14px\"><strong>Sp\u00e9cifications\u00a0:<\/strong><\/p>\n<p style=\"font-size:14px\">1. Il utilise un noyau d&rsquo;arbre \u00e0 haute r\u00e9sistance et r\u00e9sistant \u00e0 l&rsquo;usure, <strong><em>a une \u00e9conomie d&rsquo;\u00e9nergie tr\u00e8s efficace,<\/em><\/strong><\/p>\n<p style=\"font-size:14px\"><strong><em>et une longue dur\u00e9e de vie.<\/em><\/strong><\/p>\n<p style=\"font-size:14px\">2. Il a une bonne r\u00e9sistance di\u00e9lectrique imperm\u00e9able et \u00e9lev\u00e9e\u00a0; <em><strong>il est s\u00fbr et fiable.<\/strong><\/em><\/p>\n<p style=\"font-size:14px\">3. Vous pouvez l&rsquo;utiliser comme <em><strong>pompage et fontaine<\/strong><\/em>.<\/p>\n<p style=\"font-size:14px\">4. <strong><em>Appliquer aux aquariums et aux \u00e9tangs<\/em><\/strong> avec un \u00e9quipement de recyclage de l&rsquo;eau correspondant.<\/p>\n<p style=\"font-size:14px\">\n<p style=\"font-size:14px\"><strong>Param\u00e8tres des pompes submersibles SUNSUN<\/strong><\/p>\n<table style=\"width:80%\" border=\"5\">\n<tbody>\n<tr>\n<td> Mod\u00e8le <\/td>\n<td> Tension<\/td>\n<td>Fr\u00e9quence<\/td>\n<td>Puissance<\/td>\n<td>H-max <\/td>\n<td>Sortie<\/td>\n<td>Poids<\/td>\n<td> Dimensions<\/td>\n<\/tr>\n<tr>\n<td style=\"text-align:center\">HQB-2000<\/td>\n<td>110V\/220V\/240V<\/td>\n<td>50Hz\/60Hz<\/td>\n<td>24W<\/td>\n<td>1,8m<\/td>\n<td>1400L\/h<\/td>\n<td>0,8kg<\/td>\n<td>138*65*145mm<\/td>\n<\/tr>\n<tr>\n<td style=\"text-align:center\">HQB-2200<\/td>\n<td>110V\/220V\/240V<\/td>\n<td>50Hz\/60Hz<\/td>\n<td> 40W<\/td>\n<td>2,3m<\/td>\n<td>1900L\/h<\/td>\n<td>1,2kg<\/td>\n<td>135*105*115mm<\/td>\n<\/tr>\n<tr>\n<td style=\"text-align:center\">HQB-2500<\/td>\n<td>110V\/220V\/240V<\/td>\n<td>50Hz\/60Hz<\/td>\n<td> 55W<\/td>\n<td>2,5m<\/td>\n<td>2000L\/h<\/td>\n<td>1,2kg<\/td>\n<td>153*105*135mm<\/td>\n<\/tr>\n<tr>\n<td style=\"text-align:center\">HQB-3000<\/td>\n<td>110V\/220V\/240V<\/td>\n<td>50Hz\/60Hz<\/td>\n<td> 60W<\/td>\n<td>3,0m<\/td>\n<td>2500L\/h<\/td>\n<td>1,6kg<\/td>\n<td>153*105*135mm<\/td>\n<\/tr>\n<tr>\n<td style=\"text-align:center\">HQB-3500<\/td>\n<td>110V\/220V\/240V<\/td>\n<td>50Hz\/60Hz<\/td>\n<td> 85W<\/td>\n<td>3,5m<\/td>\n<td>3000L\/h<\/td>\n<td>1,25kg<\/td>\n<td>153*105*135mm<\/td>\n<\/tr>\n<tr>\n<td style=\"text-align:center\">HQB-4500<\/td>\n<td>110V\/220V\/240V<\/td>\n<td>50Hz\/60Hz<\/td>\n<td> 100W<\/td>\n<td>4,5m<\/td>\n<td>4500L\/h<\/td>\n<td>2,7kg<\/td>\n<td>175*112*133mm<\/td>\n<\/tr>\n<tr>\n<td style=\"text-align:center\">HQB-5000<\/td>\n<td>110V\/220V\/240V<\/td>\n<td>50Hz\/60Hz<\/td>\n<td> 150 W<\/td>\n<td>5,0 m<\/td>\n<td>5 500 L\/h<\/td>\n<td>2,8 kg<\/td>\n<td>175*112*133 mm<\/td>\n<\/tr>\n<tr>\n<td style=\"text-align:center\">HQB-5500<\/td>\n<td>110V\/220V\/240V<\/td>\n<td>50Hz\/60Hz<\/td>\n<td>200W<\/ td><\/p>\n<td>5,5 m<\/td>\n<td>6 800 L\/h<\/td>\n<td>4,0 kg<\/td>\n<td>200*140*160 mm<\/td>\n<\/tr>\n<\/tbody>\n<\/table>\n<p><span style=\"font-size:14px\"><strong>Exposition de pompes submersibles SUNSUN <\/strong><\/span><\/p>\n<p><span style=\"font-size:14px\"><strong>Multi-usages\u00a0: pompe + filtre + fontaine<\/strong><\/span><\/p>\n<p><span style=\"font-size:14px\"><strong><img decoding=\"async\" alt=\"Fournisseur et fabricant de pompes submersibles HQB-5000\" src=\"http:\/\/localhost\/media\/import\/detail\/821847893_223.jpg\"><\/strong><\/span><\/p>\n<\/p>\n<div style=\"clear:both\"><\/div>\n<p><strong><span style=\"color:#ff9900;font-family:Arial\"><\/span><\/strong><\/p>\n","protected":false},"excerpt":{"rendered":"<p>Fournisseur et fabricant de pompes submersibles HQB-5000<\/p>\n","protected":false},"featured_media":5797,"comment_status":"open","ping_status":"closed","template":"","meta":[],"product_brand":[],"product_cat":[1380],"product_tag":[],"class_list":{"0":"post-39217","1":"product","2":"type-product","3":"status-publish","4":"has-post-thumbnail","6":"product_cat-pompes-a-eau-et-amp-tetes-motrices","8":"first","9":"instock","10":"shipping-taxable","11":"purchasable","12":"product-type-simple","13":"add-to-wishlist-after_add_to_cart"},"jetpack_sharing_enabled":true,"_links":{"self":[{"href":"https:\/\/www.reefshops.com\/fr\/wp-json\/wp\/v2\/product\/39217","targetHints":{"allow":["GET"]}}],"collection":[{"href":"https:\/\/www.reefshops.com\/fr\/wp-json\/wp\/v2\/product"}],"about":[{"href":"https:\/\/www.reefshops.com\/fr\/wp-json\/wp\/v2\/types\/product"}],"replies":[{"embeddable":true,"href":"https:\/\/www.reefshops.com\/fr\/wp-json\/wp\/v2\/comments?post=39217"}],"wp:featuredmedia":[{"embeddable":true,"href":"https:\/\/www.reefshops.com\/fr\/wp-json\/wp\/v2\/media\/5797"}],"wp:attachment":[{"href":"https:\/\/www.reefshops.com\/fr\/wp-json\/wp\/v2\/media?parent=39217"}],"wp:term":[{"taxonomy":"product_brand","embeddable":true,"href":"https:\/\/www.reefshops.com\/fr\/wp-json\/wp\/v2\/product_brand?post=39217"},{"taxonomy":"product_cat","embeddable":true,"href":"https:\/\/www.reefshops.com\/fr\/wp-json\/wp\/v2\/product_cat?post=39217"},{"taxonomy":"product_tag","embeddable":true,"href":"https:\/\/www.reefshops.com\/fr\/wp-json\/wp\/v2\/product_tag?post=39217"}],"curies":[{"name":"wp","href":"https:\/\/api.w.org\/{rel}","templated":true}]}}