{"id":39222,"date":"2016-09-25T23:28:36","date_gmt":"2016-09-25T23:28:36","guid":{"rendered":"https:\/\/www.reefshops.com\/product\/pompe-a-eau-daquarium-a-grand-debit-sunsun-jp-055-1200l-h\/"},"modified":"2025-03-16T09:06:55","modified_gmt":"2025-03-16T09:06:55","slug":"pompe-a-eau-daquarium-a-grand-debit-sunsun-jp-055-1200l-h","status":"publish","type":"product","link":"https:\/\/www.reefshops.com\/fr\/produit\/pompe-a-eau-daquarium-a-grand-debit-sunsun-jp-055-1200l-h\/","title":{"rendered":"Pompe \u00e0 eau d&rsquo;aquarium \u00e0 grand d\u00e9bit SUNSUN (JP-055 1200L\/h)"},"content":{"rendered":"<div style=\"clear:both\"><\/div>\n<p><span style=\"background-color:#ffff00\"><strong><span style=\"font-size:26pt;font-family:'Times New Roman';font-style:normal\">SUNSUN <\/span><span style=\"font-size:24pt;font-family:'Times New Roman';font-style:normal\">JP<\/span><span style=\"font-size:20pt;font-family:'Times New Roman';font-style:normal\">-055<\/span><span style=\"font-size:20pt;font-style:normal\"> Pompe \u00e0 eau d&rsquo;aquarium<\/span><span style=\"font-size:9pt;font-family:'Arial'\"> <\/span><\/strong><\/span><\/p>\n<\/p>\n<p><span style=\"font-size:14pt;font-family:'Times New Roman';background:#ff0000\">[Param\u00e8tre de la pompe \u00e0 eau d&rsquo;aquarium JP-055]<\/span><\/p>\n<\/p>\n<p><span style=\"font-size:10.5pt;font-family:'Times New Roman';color:#000000\">Tension : 110 V\/220 V\/240 V<\/span><\/p>\n<\/p>\n<p><span style=\"font-size:10.5pt;font-family:'Times New Roman';color:#000000\">Fr\u00e9quence : 50 Hz\/60 Hz<\/span><span style=\"font-size:10.5pt;font-family:'Arial';color:#000000\"> <\/span><\/p>\n<\/p>\n<p><span style=\"font-size:10.5pt;font-family:'Times New Roman';color:#000000\">Puissance\u00a0: 20 W<\/span><\/p>\n<\/p>\n<p><span style=\"font-size:10.5pt;font-family:'Times New Roman';color:#000000\">H-max:2,0 m<\/span><\/p>\n<\/p>\n<p><span style=\"font-size:10.5pt;font-family:'Times New Roman';color:#000000\">Sortie\u00a0: 1\u00a0200\u00a0L\/h<\/span><\/p>\n<\/p>\n<p><span style=\"font-size:10.5pt;font-family:'Times New Roman';color:#000000\">Poids\u00a0: 0,6 kg<\/span><\/p>\n<\/p>\n<p><span style=\"font-size:10.5pt;font-family:'Times New Roman';color:#000000\">Dimensions:110x80x84mm<\/span><\/p>\n<\/p>\n<p><span style=\"font-size:14pt;font-family:'Arial';color:#ff0000\">GRATUIT<\/span><span style=\"font-size:14pt;font-family:'Times New Roman';color:#ff0000\"> 12 Mois de garantie<\/span><span style=\"font-size:14pt;color:#ff0000\">!!!<\/span><\/p>\n<\/p>\n<\/p>\n<p><span style=\"font-size:12pt;font-family:'Times New Roman';background:#ff0000;color:#000000\">[ <\/span><span style=\"font-size:14pt;font-family:'Times New Roman';background:#ff0000;color:#000000\">Pompe \u00e0 eau d&rsquo;aquarium JP-055<\/span><span style=\"font-size:12pt;font-family:'Times New Roman';background:#ff0000;color:#000000\"> <\/span><span style=\"font-size:14pt;font-family:'Times New Roman';background:#ff0000;color:#000000\">Description<\/span><span style=\"font-size:12pt;font-family:'Times New Roman';background:#ff0000;color:#000000\">]<\/span><\/p>\n<\/p>\n<p><span style=\"font-size:10.5pt;font-family:'Times New Roman';color:#000000\">(1). Pompe \u00e0 eau d&rsquo;aquarium multifonction, ensemble de pompage, filtre et oxyg\u00e8ne en un.<\/span><\/p>\n<\/p>\n<p><span style=\"font-size:10.5pt;font-family:'Times New Roman';color:#000000\">(2). Il utilise un noyau d&rsquo;arbre \u00e0 haute r\u00e9sistance et r\u00e9sistant \u00e0 l&rsquo;usure, offre une \u00e9conomie d&rsquo;\u00e9nergie tr\u00e8s efficace et une longue dur\u00e9e de vie.<\/span><\/p>\n<\/p>\n<p><span style=\"font-size:10.5pt;font-family:'Times New Roman';color:#000000\">(3). il a une bonne \u00e9tanch\u00e9it\u00e9, une rigidit\u00e9 di\u00e9lectrique \u00e9lev\u00e9e, il est s\u00fbr et fiable.<\/span><\/p>\n<\/p>\n<p><span style=\"font-size:10.5pt;font-family:'Times New Roman';color:#000000\">(4). Il est con\u00e7u avec une turbine centrifuge, a un d\u00e9bit et une pression \u00e9lev\u00e9s.<\/span><\/p>\n<\/p>\n<p><span style=\"font-size:10.5pt;font-family:'Times New Roman';color:#000000\">(5). Appliquer aux aquariums, fontaines, dispositifs de circulation d&rsquo;eau d&rsquo;\u00e9tang de rocaille correspondant.<\/span><\/p>\n<\/p>\n<p><span style=\"font-size:14pt;font-family:'Times New Roman';background:#ff0000;color:#000000\">[Autre pompe \u00e0 eau d&rsquo;aquarium<\/span><span style=\"font-size:14pt;font-family:times new roman,times;background:#ff0000;color:#000000\">s<\/span><span style=\"font-size:14pt;font-family:'Times New Roman';background:#ff0000;color:#000000\"> Param\u00e8tre]<\/span><span style=\"font-size:12pt;font-family:'Times New Roman';color:#000000\"> <\/span><\/p>\n<\/p>\n<table class=\"aliDataTable\">\n<tbody>\n<tr align=\"left\">\n<td style=\"background:#ffffff;text-align:center;width:63.05pt\" valign=\"top\">\n<p style=\"background:#ffffff\"><strong><span style=\"font-size:11pt;font-family:'Times New Roman';background:#ffffff;color:#000000\">Mod\u00e8le<\/span><\/strong><\/p>\n<\/td>\n<td style=\"background:#ffffff;text-align:center;width:75.75pt\" valign=\"top\">\n<p style=\"background:#ffffff\"><strong><span style=\"font-size:11pt;font-family:'Times New Roman';background:#ffffff;color:#000000\">Tension<\/span><\/strong><\/p>\n<\/td>\n<td style=\"background:#ffffff;text-align:center;width:62.8pt\" valign=\"top\">\n<p style=\"background:#ffffff\"><strong><span style=\"font-size:11pt;font-family:'Times New Roman';background:#ffffff;color:#000000\">Fr\u00e9quence<\/span><\/strong><\/p>\n<\/td>\n<td style=\"background:#ffffff;text-align:center;width:54.75pt\" valign=\"top\">\n<p style=\"background:#ffffff\"><strong><span style=\"font-size:11pt;font-family:'Times New Roman';background:#ffffff;color:#000000\">Puissance<\/span><\/strong><\/p>\n<\/td>\n<td style=\"background:#ffffff;text-align:center;width:54.75pt\" valign=\"top\">\n<p style=\"background:#ffffff\"><strong><span style=\"font-size:11pt;font-family:'Times New Roman';background:#ffffff;color:#000000\">H-max<\/span><\/strong><\/p>\n<\/td>\n<td style=\"background:#ffffff;text-align:center;width:54.75pt\" valign=\"top\">\n<p style=\"background:#ffffff\"><strong><span style=\"font-size:11pt;font-family:'Times New Roman';background:#ffffff;color:#000000\">Sortie<\/span><\/strong><\/p>\n<\/td>\n<td style=\"background:#ffffff;text-align:center;width:54.8pt\" valign=\"top\">\n<p style=\"background:#ffffff\"><strong><span style=\"font-size:11pt;font-family:'Times New Roman';background:#ffffff;color:#000000\">Poids<\/span><\/strong><\/p>\n<\/td>\n<td style=\"background:#ffffff;text-align:center;width:98.75pt\" valign=\"top\">\n<p style=\"background:#ffffff\"><strong><span style=\"font-size:11pt;font-family:'Times New Roman';background:#ffffff;color:#000000\">Dimensions<\/span><\/strong><\/p>\n<\/td>\n<\/tr>\n<tr align=\"left\">\n<td style=\"background:#ffffff;text-align:center\" valign=\"top\">\n<p style=\"background:#ffffff\"><span style=\"font-size:10.5pt;font-family:'Times New Roman';background:#ffffff;color:#000000\">JP-052<\/span><\/p>\n<\/td>\n<td style=\"background:#ffffff;text-align:center\" valign=\"top\">\n<p style=\"background:#ffffff\"><span style=\"font-size:10.5pt;font-family:'Times New Roman';background:#ffffff;color:#000000\">110V\/220V\/240V<\/span><\/p>\n<\/td>\n<td style=\"background:#ffffff;text-align:center\" valign=\"top\">\n<p style=\"background:#ffffff\"><span style=\"font-size:10.5pt;font-family:'Times New Roman';background:#ffffff;color:#000000\">50Hz\/60Hz<\/span><\/p>\n<\/td>\n<td style=\"background:#ffffff;text-align:center\" valign=\"top\">\n<p style=\"background:#ffffff\"><span style=\"font-size:10.5pt;font-family:'Times New Roman';background:#ffffff;color:#000000\">6W<\/span><\/p>\n<\/td>\n<td style=\"background:#ffffff;text-align:center\" valign=\"top\">\n<p style=\"background:#ffffff\"><span style=\"font-size:10.5pt;font-family:'Times New Roman';background:#ffffff;color:#000000\">0,75 m<\/span><\/p>\n<\/td>\n<td style=\"background:#ffffff;text-align:center\" valign=\"top\">\n<p style=\"background:#ffffff\"><span style=\"font-size:10.5pt;font-family:'Times New Roman';background:#ffffff;color:#000000\">450L\/h<\/span><\/p>\n<\/td>\n<td style=\"background:#ffffff;text-align:center\" valign=\"top\">\n<p style=\"background:#ffffff\"><span style=\"font-size:10.5pt;font-family:'Times New Roman';background:#ffffff;color:#000000\">0,3kg<\/span><\/p>\n<\/td>\n<td style=\"background:#ffffff;text-align:center\" valign=\"top\">\n<p style=\"background:#ffffff\"><span style=\"font-size:10.5pt;font-family:'Times New Roman';background:#ffffff;color:#000000\">77*62*58mm<\/span><\/p>\n<\/td>\n<\/tr>\n<tr align=\"left\">\n<td style=\"background:#ffffff;text-align:center\" valign=\"top\">\n<p style=\"background:#ffffff\"><span style=\"font-size:10.5pt;font-family:'Times New Roman';background:#ffffff;color:#000000\">JP-053<\/span><\/p>\n<\/td>\n<td style=\"background:#ffffff;text-align:center\" valign=\"top\">\n<p style=\"background:#ffffff\"><span style=\"font-size:10.5pt;font-family:'Times New Roman';background:#ffffff;color:#000000\">110V\/220V\/240V<\/span><\/p>\n<\/td>\n<td style=\"background:#ffffff;text-align:center\" valign=\"top\">\n<p style=\"background:#ffffff\"><span style=\"font-size:10.5pt;font-family:'Times New Roman';background:#ffffff;color:#000000\">50Hz\/60Hz<\/span><\/p>\n<\/td>\n<td style=\"background:#ffffff;text-align:center\" valign=\"top\">\n<p style=\"background:#ffffff\"><span style=\"font-size:10.5pt;font-family:'Times New Roman';background:#ffffff;color:#000000\">10W<\/span><\/p>\n<\/td>\n<td style=\"background:#ffffff;text-align:center\" valign=\"top\">\n<p style=\"background:#ffffff\"><span style=\"font-size:10.5pt;font-family:'Times New Roman';background:#ffffff;color:#000000\">1,2 m<\/span><\/p>\n<\/td>\n<td style=\"background:#ffffff;text-align:center\" valign=\"top\">\n<p style=\"background:#ffffff\"><span style=\"font-size:10.5pt;font-family:'Times New Roman';background:#ffffff;color:#000000\">700L\/h<\/span><\/p>\n<\/td>\n<td style=\"background:#ffffff;text-align:center\" valign=\"top\">\n<p style=\"background:#ffffff\"><span style=\"font-size:10.5pt;font-family:'Times New Roman';background:#ffffff;color:#000000\">0,4kg<\/span><\/p>\n<\/td>\n<td style=\"background:#ffffff;text-align:center\" valign=\"top\">\n<p style=\"background:#ffffff\"><span style=\"font-size:10.5pt;font-family:'Times New Roman';background:#ffffff;color:#000000\">81*70*64mm<\/span><\/p>\n<\/td>\n<\/tr>\n<tr align=\"left\">\n<td style=\"background:#ffffff;text-align:center\" valign=\"top\">\n<p style=\"background:#ffffff\"><span style=\"font-size:10.5pt;font-family:'Times New Roman';background:#ffffff;color:#000000\">JP-054<\/span><\/p>\n<\/td>\n<td style=\"background:#ffffff;text-align:center\" valign=\"top\">\n<p style=\"background:#ffffff\"><span style=\"font-size:10.5pt;font-family:'Times New Roman';background:#ffffff;color:#000000\">110V\/220V\/240V<\/span><\/p>\n<\/td>\n<td style=\"background:#ffffff;text-align:center\" valign=\"top\">\n<p style=\"background:#ffffff\"><span style=\"font-size:10.5pt;font-family:'Times New Roman';background:#ffffff;color:#000000\">50Hz\/60Hz<\/span><\/p>\n<\/td>\n<td style=\"background:#ffffff;text-align:center\" valign=\"top\">\n<p style=\"background:#ffffff\"><span style=\"font-size:10.5pt;font-family:'Times New Roman';background:#ffffff;color:#000000\">14W<\/span><\/p>\n<\/td>\n<td style=\"background:#ffffff;text-align:center\" valign=\"top\">\n<p style=\"background:#ffffff\"><span style=\"font-size:10.5pt;font-family:'Times New Roman';background:#ffffff;color:#000000\">1,6 m<\/span><\/p>\n<\/td>\n<td style=\"background:#ffffff;text-align:center\" valign=\"top\">\n<p style=\"background:#ffffff\"><span style=\"font-size:10.5pt;font-family:'Times New Roman';background:#ffffff;color:#000000\">900L\/h<\/span><\/p>\n<\/td>\n<td style=\"background:#ffffff;text-align:center\" valign=\"top\">\n<p style=\"background:#ffffff\"><span style=\"font-size:10.5pt;font-family:'Times New Roman';background:#ffffff;color:#000000\">0,5kg<\/span><\/p>\n<\/td>\n<td style=\"background:#ffffff;text-align:center\" valign=\"top\">\n<p style=\"background:#ffffff\"><span style=\"font-size:10.5pt;font-family:'Times New Roman';background:#ffffff;color:#000000\">87*72*70mm<\/span><\/p>\n<\/td>\n<\/tr>\n<tr align=\"left\">\n<td style=\"background:#ffffff;text-align:center\" valign=\"top\">\n<p style=\"background:#ffffff\"><span style=\"font-size:10.5pt;font-family:'Times New Roman';background:#ffffff;color:#000000\">JP-055<\/span><\/p>\n<\/td>\n<td style=\"background:#ffffff;text-align:center\" valign=\"top\">\n<p style=\"background:#ffffff\"><span style=\"font-size:10.5pt;font-family:'Times New Roman';background:#ffffff;color:#000000\">110V\/220V\/240V<\/span><\/p>\n<\/td>\n<td style=\"background:#ffffff;text-align:center\" valign=\"top\">\n<p style=\"background:#ffffff\"><span style=\"font-size:10.5pt;font-family:'Times New Roman';background:#ffffff;color:#000000\">50Hz\/60Hz<\/span><\/p>\n<\/td>\n<td style=\"background:#ffffff;text-align:center\" valign=\"top\">\n<p style=\"background:#ffffff\"><span style=\"font-size:10.5pt;font-family:'Times New Roman';background:#ffffff;color:#000000\">20W<\/span><\/p>\n<\/td>\n<td style=\"background:#ffffff;text-align:center\" valign=\"top\">\n<p style=\"background:#ffffff\"><span style=\"font-size:10.5pt;font-family:'Times New Roman';background:#ffffff;color:#000000\">2,0 m<\/span><\/p>\n<\/td>\n<td style=\"background:#ffffff;text-align:center\" valign=\"top\">\n<p style=\"background:#ffffff\"><span style=\"font-size:10.5pt;font-family:'Times New Roman';background:#ffffff;color:#000000\">1200L\/h<\/span><\/p>\n<\/td>\n<td style=\"background:#ffffff;text-align:center\" valign=\"top\">\n<p style=\"background:#ffffff\"><span style=\"font-size:10.5pt;font-family:'Times New Roman';background:#ffffff;color:#000000\">0,6kg<\/span><\/p>\n<\/td>\n<td style=\"background:#ffffff;text-align:center\" valign=\"top\">\n<p style=\"background:#ffffff\"><span style=\"font-size:10.5pt;font-family:'Times New Roman';background:#ffffff;color:#000000\">110*80*84mm<\/span><\/p>\n<\/td>\n<\/tr>\n<tr align=\"left\">\n<td style=\"background:#ffffff;text-align:center\" valign=\"top\">\n<p style=\"background:#ffffff\"><span style=\"font-size:10.5pt;font-family:'Times New Roman';background:#ffffff;color:#000000\">JP-056<\/span><\/p>\n<\/td>\n<td style=\"background:#ffffff;text-align:center\" valign=\"top\">\n<p style=\"background:#ffffff\"><span style=\"font-size:10.5pt;font-family:'Times New Roman';background:#ffffff;color:#000000\">110V\/220V\/240V<\/span><\/p>\n<\/td>\n<td style=\"background:#ffffff;text-align:center\" valign=\"top\">\n<p style=\"background:#ffffff\"><span style=\"font-size:10.5pt;font-family:'Times New Roman';background:#ffffff;color:#000000\">50Hz\/60Hz<\/span><\/p>\n<\/td>\n<td style=\"background:#ffffff;text-align:center\" valign=\"top\">\n<p style=\"background:#ffffff\"><span style=\"font-size:10.5pt;font-family:'Times New Roman';background:#ffffff;color:#000000\">40W<\/span><\/p>\n<\/td>\n<td style=\"background:#ffffff;text-align:center\" valign=\"top\">\n<p style=\"background:#ffffff\"><span style=\"font-size:10.5pt;font-family:'Times New Roman';background:#ffffff;color:#000000\">2,4 m<\/span><\/p>\n<\/td>\n<td style=\"background:#ffffff;text-align:center\" valign=\"top\">\n<p style=\"background:#ffffff\"><span style=\"font-size:10.5pt;font-family:'Times New Roman';background:#ffffff;color:#000000\">2700L\/h<\/span><\/p>\n<\/td>\n<td style=\"background:#ffffff;text-align:center\" valign=\"top\">\n<p style=\"background:#ffffff\"><span style=\"font-size:10.5pt;font-family:'Times New Roman';background:#ffffff;color:#000000\">1,25 kg<\/span><\/p>\n<\/td>\n<td style=\"background:#ffffff;text-align:center\" valign=\"top\">\n<p style=\"background:#ffffff\"><span style=\"font-size:10.5pt;font-family:'Times New Roman';background:#ffffff;color:#000000\">126*101*102mm<\/span><\/p>\n<\/td>\n<\/tr>\n<tr align=\"left\">\n<td style=\"background:#ffffff;text-align:center\" valign=\"top\">\n<p style=\"background:#ffffff\"><span style=\"font-size:10.5pt;font-family:'Times New Roman';background:#ffffff;color:#000000\">JP-057<\/span><\/p>\n<\/td>\n<td style=\"background:#ffffff;text-align:center\" valign=\"top\">\n<p style=\"background:#ffffff\"><span style=\"font-size:10.5pt;font-family:'Times New Roman';background:#ffffff;color:#000000\">110V\/220V\/240V<\/span><\/p>\n<\/td>\n<td style=\"background:#ffffff;text-align:center\" valign=\"top\">\n<p style=\"background:#ffffff\"><span style=\"font-size:10.5pt;font-family:'Times New Roman';background:#ffffff;color:#000000\">50Hz\/60Hz<\/span><\/p>\n<\/td>\n<td style=\"background:#ffffff;text-align:center\" valign=\"top\">\n<p style=\"background:#ffffff\"><span style=\"font-size:10.5pt;font-family:'Times New Roman';background:#ffffff;color:#000000\">50W<\/span><\/p>\n<\/td>\n<td style=\"background:#ffffff;text-align:center\" valign=\"top\">\n<p style=\"background:#ffffff\"><span style=\"font-size:10.5pt;font-family:'Times New Roman';background:#ffffff;color:#000000\">2,7 m<\/span><\/p>\n<\/td>\n<td style=\"background:#ffffff;text-align:center\" valign=\"top\">\n<p style=\"background:#ffffff\"><span style=\"font-size:10.5pt;font-family:'Times New Roman';background:#ffffff;color:#000000\">3500L\/h<\/span><\/p>\n<\/td>\n<td style=\"background:#ffffff;text-align:center\" valign=\"top\">\n<p style=\"background:#ffffff\"><span style=\"font-size:10.5pt;font-family:'Times New Roman';background:#ffffff;color:#000000\">1,4kg<\/span><\/p>\n<\/td>\n<td style=\"background:#ffffff;text-align:center\" valign=\"top\">\n<p style=\"background:#ffffff\"><span style=\"font-size:10.5pt;font-family:'Times New Roman';background:#ffffff;color:#000000\">130*110*105mm<\/span><\/p>\n<\/td>\n<\/tr>\n<tr align=\"left\">\n<td style=\"background:#ffffff;text-align:center\" valign=\"top\">\n<p style=\"background:#ffffff\"><span style=\"font-size:10.5pt;font-family:'Times New Roman';background:#ffffff;color:#000000\">JP-058<\/span><\/p>\n<\/td>\n<td style=\"background:#ffffff;text-align:center\" valign=\"top\">\n<p style=\"background:#ffffff\"><span style=\"font-size:10.5pt;font-family:'Times New Roman';background:#ffffff;color:#000000\">110V\/220V\/240V<\/span><\/p>\n<\/td>\n<td style=\"background:#ffffff;text-align:center\" valign=\"top\">\n<p style=\"background:#ffffff\"><span style=\"font-size:10.5pt;font-family:'Times New Roman';background:#ffffff;color:#000000\">50Hz\/60Hz<\/span><\/p>\n<\/td>\n<td style=\"background:#ffffff;text-align:center\" valign=\"top\">\n<p style=\"background:#ffffff\"><span style=\"font-size:10.5pt;font-family:'Times New Roman';background:#ffffff;color:#000000\">80W<\/span><\/p>\n<\/td>\n<td style=\"background:#ffffff;text-align:center\" valign=\"top\">\n<p style=\"background:#ffffff\"><span style=\"font-size:10.5pt;font-family:'Times New Roman';background:#ffffff;color:#000000\">3,5 m<\/span><\/p>\n<\/td>\n<td style=\"background:#ffffff;text-align:center\" valign=\"top\">\n<p style=\"background:#ffffff\"><span style=\"font-size:10.5pt;font-family:'Times New Roman';background:#ffffff;color:#000000\">5000L\/h<\/span><\/p>\n<\/td>\n<td style=\"background:#ffffff;text-align:center\" valign=\"top\">\n<p style=\"background:#ffffff\"><span style=\"font-size:10.5pt;font-family:'Times New Roman';background:#ffffff;color:#000000\">1,9kg<\/span><\/p>\n<\/td>\n<td style=\"background:#ffffff;text-align:center\" valign=\"top\">\n<p style=\"background:#ffffff\"><span style=\"font-size:10.5pt;font-family:'Times New Roman';background:#ffffff;color:#000000\">168*124*142mm<\/span><\/p>\n<\/td>\n<\/tr>\n<tr align=\"left\">\n<td style=\"background:#ffffff;text-align:center\" valign=\"top\">\n<p style=\"background:#ffffff\"><span style=\"font-size:10.5pt;font-family:'Times New Roman';background:#ffffff;color:#000000\">JP-059<\/span><\/p>\n<\/td>\n<td style=\"background:#ffffff;text-align:center\" valign=\"top\">\n<p style=\"background:#ffffff\"><span style=\"font-size:10.5pt;font-family:'Times New Roman';background:#ffffff;color:#000000\">110V\/220V\/240V<\/span><\/p>\n<\/td>\n<td style=\"background:#ffffff;text-align:center\" valign=\"top\">\n<p style=\"background:#ffffff\"><span style=\"font-size:10.5pt;font-family:'Times New Roman';background:#ffffff;color:#000000\">50Hz\/60Hz<\/span><\/p>\n<\/td>\n<td style=\"background:#ffffff;text-align:center\" valign=\"top\">\n<p style=\"background:#ffffff\"><span style=\"font-size:10.5pt;font-family:'Times New Roman';background:#ffffff;color:#000000\">100W<\/span><\/p>\n<\/td>\n<td style=\"background:#ffffff;text-align:center\" valign=\"top\">\n<p style=\"background:#ffffff\"><span style=\"font-size:10.5pt;font-family:'Times New Roman';background:#ffffff;color:#000000\">4,0 m<\/span><\/p>\n<\/td>\n<td style=\"background:#ffffff;text-align:center\" valign=\"top\">\n<p style=\"background:#ffffff\"><span style=\"font-size:10.5pt;font-family:'Times New Roman';background:#ffffff;color:#000000\">5800L\/h<\/span><\/p>\n<\/td>\n<td style=\"background:#ffffff;text-align:center\" valign=\"top\">\n<p style=\"background:#ffffff\"><span style=\"font-size:10.5pt;font-family:'Times New Roman';background:#ffffff;color:#000000\">3,3kg<\/span><\/p>\n<\/td>\n<td style=\"background:#ffffff;text-align:center\" valign=\"top\">\n<p style=\"background:#ffffff\"><span style=\"font-size:10.5pt;font-family:'Times New Roman';background:#ffffff;color:#000000\">180*140*140mm<\/span><\/p>\n<\/td>\n<\/tr>\n<\/tbody>\n<\/table>\n<\/p>\n<p><span style=\"font-size:14pt;font-family:'Times New Roman';background:#ff0000;color:#000000\">[<\/span><span style=\"font-size:14pt;font-family:'Times New Roman';background:#ff0000;color:#000000\">Pompe \u00e0 eau d&rsquo;aquarium<\/span><span style=\"font-size:14pt;font-family:'Times New Roman';background:#ff0000;color:#000000\"> Display]<\/span><\/p>\n<p><img decoding=\"async\" alt=\"SUNSUN pompe \u00e0 eau d'aquarium \u00e0 grand d\u00e9bit d'eau (JP-055 1200L\/h)\" src=\"http:\/\/localhost\/media\/import\/detail\/673483660_259.jpg\"><\/p><\/p>\n","protected":false},"excerpt":{"rendered":"<p>Pompe \u00e0 eau d&rsquo;aquarium \u00e0 grand d\u00e9bit SUNSUN (JP-055 1200L\/h)<\/p>\n","protected":false},"featured_media":5807,"comment_status":"open","ping_status":"closed","template":"","meta":[],"product_brand":[],"product_cat":[1380],"product_tag":[],"class_list":{"0":"post-39222","1":"product","2":"type-product","3":"status-publish","4":"has-post-thumbnail","6":"product_cat-pompes-a-eau-et-amp-tetes-motrices","8":"first","9":"instock","10":"shipping-taxable","11":"purchasable","12":"product-type-simple","13":"add-to-wishlist-after_add_to_cart"},"jetpack_sharing_enabled":true,"_links":{"self":[{"href":"https:\/\/www.reefshops.com\/fr\/wp-json\/wp\/v2\/product\/39222","targetHints":{"allow":["GET"]}}],"collection":[{"href":"https:\/\/www.reefshops.com\/fr\/wp-json\/wp\/v2\/product"}],"about":[{"href":"https:\/\/www.reefshops.com\/fr\/wp-json\/wp\/v2\/types\/product"}],"replies":[{"embeddable":true,"href":"https:\/\/www.reefshops.com\/fr\/wp-json\/wp\/v2\/comments?post=39222"}],"wp:featuredmedia":[{"embeddable":true,"href":"https:\/\/www.reefshops.com\/fr\/wp-json\/wp\/v2\/media\/5807"}],"wp:attachment":[{"href":"https:\/\/www.reefshops.com\/fr\/wp-json\/wp\/v2\/media?parent=39222"}],"wp:term":[{"taxonomy":"product_brand","embeddable":true,"href":"https:\/\/www.reefshops.com\/fr\/wp-json\/wp\/v2\/product_brand?post=39222"},{"taxonomy":"product_cat","embeddable":true,"href":"https:\/\/www.reefshops.com\/fr\/wp-json\/wp\/v2\/product_cat?post=39222"},{"taxonomy":"product_tag","embeddable":true,"href":"https:\/\/www.reefshops.com\/fr\/wp-json\/wp\/v2\/product_tag?post=39222"}],"curies":[{"name":"wp","href":"https:\/\/api.w.org\/{rel}","templated":true}]}}