{"id":39239,"date":"2016-09-25T23:28:37","date_gmt":"2016-09-25T23:28:37","guid":{"rendered":"https:\/\/www.reefshops.com\/product\/pompe-de-fontaine-detang-sunsun-18000l-h-315w-cqp-18000\/"},"modified":"2025-03-16T09:07:00","modified_gmt":"2025-03-16T09:07:00","slug":"pompe-de-fontaine-detang-sunsun-18000l-h-315w-cqp-18000","status":"publish","type":"product","link":"https:\/\/www.reefshops.com\/fr\/produit\/pompe-de-fontaine-detang-sunsun-18000l-h-315w-cqp-18000\/","title":{"rendered":"Pompe de fontaine d&rsquo;\u00e9tang SUNSUN 18000L\/h 315w CQP-18000"},"content":{"rendered":"<div style=\"clear:both\"><\/div>\n<p style=\"text-align:center\"><strong><span style=\"font-size:24px\"> Pompe de fontaine d&rsquo;\u00e9tang SUNSUN 18000L\/h 315w <\/span><\/strong> <\/p>\n<p><span style=\"font-size:18px;font-family:arial,helvetica,sans-serif;color:#000000\"><strong>Description de l&rsquo;article\u00a0:<\/strong><\/span><\/p>\n<p> <span style=\"font-family:tahoma,arial,helvetica,sans-serif\"> <span style=\"font-size:14px;font-family:trebuchet ms,geneva\">Cette pompe \u00e0 eau pour \u00e9tang \u00e0 poissons s&rsquo;applique aux \u00e9tangs \u00e0 poissons, rockey, bourn, aquariums et r\u00e9servoirs de fruits de mer avec des \u00e9quipements de recyclage d&rsquo;eau assortis.<\/span><\/span><\/p>\n<\/p>\n<p><span style=\"font-size:18px;font-family:arial,helvetica,sans-serif;color:#000000\"><strong>Caract\u00e9ristiques de la pompe d&rsquo;\u00e9tang\u00a0:<\/strong><\/span><\/p>\n<ul>\n<li><span style=\"font-size:18px;font-family:trebuchet ms,geneva\"><span style=\"color:#000000\"><span style=\"font-size:14px\"><span style=\"font-size:14px\"><span style=\"font-family:Arial\">Aspiration \u00e0 faible levier et faible bruit<\/span><\/span><\/span><\/span><\/span><\/li>\n<li><span style=\"font-size:18px;font-family:trebuchet ms,geneva\"><span style=\"color:#000000\"><span style=\"font-size:14px\"><span style=\"font-size:14px\"><span style=\"font-family:Arial\">Moteur asynchrone standard haute performance avec un nouveau design et une \u00e9conomie d&rsquo;\u00e9nergie jusqu&rsquo;\u00e0 50 % par rapport \u00e0 avant.<\/span><\/span><\/span><\/span><\/span><\/li>\n<li><span style=\"font-size:18px;font-family:trebuchet ms,geneva\"><span style=\"color:#000000\"><span style=\"font-size:14px\"><span style=\"font-size:14px\"><span style=\"font-family:Arial\">la conception du grand panier filtrant facilite l&rsquo;entretien beaucoup plus longtemps.<\/span><\/span><\/span><\/span><\/span><\/li>\n<li><span style=\"font-size:18px;font-family:trebuchet ms,geneva\"><span style=\"color:#000000\"><span style=\"font-size:14px\"><span style=\"font-size:14px\"><span style=\"font-family:Arial\">Double joint de r\u00e9sine et de caoutchouc La bague rend son utilisation plus s\u00fbre.<\/span><\/span><\/span><\/span><\/span><\/li>\n<li><span style=\"font-size:18px;font-family:trebuchet ms,geneva\"><span style=\"color:#000000\"><span style=\"font-size:14px\"><span style=\"font-size:14px\"><span style=\"font-family:Arial\">Arbre et usure en c\u00e9ramique \u00e0 haute r\u00e9sistance, longue dur\u00e9e de vie.<\/span><\/span><\/span><\/span><\/span><\/li>\n<li><span style=\"font-size:18px;font-family:trebuchet ms,geneva\"><span style=\"color:#000000\"><span style=\"font-size:14px\"><span style=\"font-size:14px\"><span style=\"font-family:Arial\">Il a une bonne r\u00e9sistance \u00e0 l&rsquo;eau et une rigidit\u00e9 di\u00e9lectrique \u00e9lev\u00e9e,<\/span><\/span><\/span><\/span><\/span><\/li>\n<li><span style=\"font-size:18px;font-family:trebuchet ms,geneva\"><span style=\"color:#000000\"><span style=\"font-size:14px\"><span style=\"font-size:14px\"><span style=\"font-family:Arial\">S&rsquo;applique aux \u00e9tangs, avec les \u00e9quipements de recyclage de l&rsquo;eau correspondant.<\/span><\/span><\/span><\/span><\/span><\/li>\n<\/ul>\n<p><span style=\"font-size:18px;font-family:arial,helvetica,sans-serif;color:#000000\"><strong><span style=\"background-color:#ff9900\">CQP-13000<\/span> date de la pompe de bassin\u00a0:<\/strong><\/span><\/p>\n<\/p>\n<table class=\"aliDataTable ke-zeroborder\" cellpadding=\"0\" border=\"0\">\n<tbody>\n<tr>\n<td>Nom du produit\u00a0:<\/td>\n<td> Pompe d&rsquo;\u00e9tang \u00e0 poissons SUNSUN 13000L\/h CQP-13000<\/td>\n<\/tr>\n<tr>\n<td> Inclure\u00a0:<\/td>\n<td> pompe \u00e0 eau d&rsquo;\u00e9tang<\/td>\n<\/tr>\n<tr>\n<td> <\/td>\n<td> Adaptateur de tuyau<\/td>\n<\/tr>\n<tr>\n<td> <\/td>\n<td> connexion<\/td>\n<\/tr>\n<tr>\n<td> <\/td>\n<td> \u00e9valuations<\/td>\n<\/tr>\n<tr>\n<td> Fonction\u00a0:<\/td>\n<td> Fonctionnement jour et nuit avec vanne d&rsquo;eau<\/td>\n<\/tr>\n<tr>\n<td> <\/td>\n<td> Minuterie 1H\/2H\/4H<\/td>\n<\/tr>\n<tr>\n<td> Caract\u00e9ristique\u00a0:<\/td>\n<td> \u00c9l\u00e9vation d&rsquo;eau Max\u00a0: 5,2 m<\/td>\n<\/tr>\n<tr>\n<td> <\/td>\n<td> D\u00e9bit d&rsquo;eau max\u00a0: 13 000 L\/H <span style=\"background-color:#ffff00\">(3 500 gal\/heure)<\/span><\/td>\n<\/tr>\n<tr>\n<td> Carton d&rsquo;exportation\u00a0:<\/td>\n<td> 6 pi\u00e8ces\/CTN<\/td>\n<\/tr>\n<tr>\n<td> N.W;G.W\/ Carton\u00a0:<\/td>\n<td> 12KG, 13KG<\/td>\n<\/tr>\n<tr>\n<td>Dimensions de la pompe<\/td>\n<td> 193*99*99mm<\/td>\n<\/tr>\n<tr>\n<td> MOQ\u00a0:<\/td>\n<td> 60PCS<\/td>\n<\/tr>\n<\/tbody>\n<\/table>\n<p><strong><span style=\"font-size:18px\">PARAMETRE<\/span><\/strong><\/p>\n<table class=\"aliDataTable\" style=\"height:192px;width:702px\" border=\"1\">\n<tbody>\n<tr>\n<td style=\"text-align:center\"><strong>Mod\u00e8le<\/strong><\/td>\n<td style=\"text-align:center\"><strong>Tension<\/strong><\/td>\n<td style=\"text-align:center\"><strong>Fr\u00e9quence<\/strong><\/td>\n<td style=\"text-align:center\"><strong>Puissance<\/strong><\/td>\n<td style=\"text-align:center\"><strong>H-max<\/strong><\/td>\n<td style=\"text-align:center\"><strong>Sortie<\/strong><\/td>\n<td style=\"text-align:center\"><strong>Longueur du c\u00e2ble<\/strong><\/td>\n<td style=\"text-align:center\"><strong>Poids<\/strong><\/td>\n<td style=\"text-align:center\"><strong>L*W*H(mm)<\/strong><\/td>\n<\/tr>\n<tr>\n<td style=\"text-align:center\">CQP-8000<\/td>\n<td style=\"text-align:center\">110V\/220V\/240V<\/td>\n<td style=\"text-align:center\">50Hz\/60Hz<\/td>\n<td style=\"text-align:center\">70w<\/td>\n<td style=\"text-align:center\">3,2m<\/td>\n<td style=\"text-align:center\">8000L\/h<\/td>\n<td style=\"text-align:center\">10m<\/td>\n<td style=\"text-align:center\">3,3kg<\/td>\n<td style=\"text-align:center\">275*152*165<\/td>\n<\/tr>\n<tr>\n<td style=\"text-align:center\">CQP-9000<\/td>\n<td style=\"text-align:center\">110V\/220V\/240V<\/td>\n<td style=\"text-align:center\">50Hz\/60Hz<\/td>\n<td style=\"text-align:center\">95w<\/td>\n<td style=\"text-align:center\">3,6m<\/td>\n<td style=\"text-align:center\">9000L\/h<\/td>\n<td style=\"text-align:center\">10m<\/td>\n<td style=\"text-align:center\">3,5kg<\/td>\n<td style=\"text-align:center\">275*152*165<\/td>\n<\/tr>\n<tr>\n<td style=\"text-align:center\">CQP-10000<\/td>\n<td style=\"text-align:center\">110V\/220V\/240V<\/td>\n<td style=\"text-align:center\">50Hz\/60Hz<\/td>\n<td style=\"text-align:center\">155w<\/td>\n<td style=\"text-align:center\">5,0m<\/td>\n<td style=\"text-align:center\">10000L\/h<\/td>\n<td style=\"text-align:center\">10m<\/td>\n<td style=\"text-align:center\">3,7kg<\/td>\n<td style=\"text-align:center\">275*152*165<\/td>\n<\/tr>\n<tr>\n<td style=\"text-align:center\">CQP-13000<\/td>\n<td style=\"text-align:center\">110V\/220V\/240V<\/td>\n<td style=\"text-align:center\">50Hz\/60Hz<\/td>\n<td style=\"text-align:center\">180w<\/td>\n<td style=\"text-align:center\">5,2m<\/td>\n<td style=\"text-align:center\">13000L\/h<\/td>\n<td style=\"text-align:center\">10m<\/td>\n<td style=\"text-align:center\">5,0kg<\/td>\n<td style=\"text-align:center\">305*170*180<\/td>\n<\/tr>\n<tr>\n<td style=\"text-align:center\">CQP-15000<\/td>\n<td style=\"text-align:center\">110V\/220V\/240V<\/td>\n<td style=\"text-align:center\">50Hz\/60Hz<\/td>\n<td style=\"text-align:center\">215w<\/td>\n<td style=\"text-align:center\">5,8m<\/td>\n<td style=\"text-align:center\">15000L\/h<\/td>\n<td style=\"text-align:center\">10m<\/td>\n<td style=\"text-align:center\">5,0kg<\/td>\n<td style=\"text-align:center\">305*170*180<\/td>\n<\/tr>\n<tr>\n<td style=\"text-align:center\"><span style=\"background-color:#00ffff\">CQP-18000<\/span><\/td>\n<td style=\"text-align:center\"><span style=\"background-color:#00ffff\">110V\/220V\/240V<\/span><\/td>\n<td style=\"text-align:center\"><span style=\"background-color:#00ffff\">50Hz\/60Hz<\/span><\/td>\n<td style=\"text-align:center\"><span style=\"background-color:#00ffff\">315<\/span><\/td>\n<td style=\"text-align:center\"><span style=\"background-color:#00ffff\">6,2 m<\/span><\/td>\n<td style=\"text-align:center\"><span style=\"background-color:#00ffff\">18 000 L\/h<\/span><\/td>\n<td style=\"text-align:center\"><span style=\"background-color:#00ffff\">10\u00a0m<\/span><\/td>\n<td style=\"text-align:center\"><span style=\"background-color:#00ffff\">5,0\u00a0kg<\/span><\/td>\n<td style=\"text-align:center\"><span style=\"background-color:#00ffff\">305*170*180<\/span><\/td>\n<\/tr>\n<\/tbody>\n<\/table>\n<p data-section-blank=\"AliPostDhMb-lb3q9\">\n<div id=\"ali-anchor-AliPostDhMb-lb3q9\" style=\"padding-top:8px\" data-section=\"AliPostDhMb-lb3q9\" data-section-title=\"Description du produit\">\n<div id=\"ali-title-AliPostDhMb-lb3q9\" style=\"border-bottom:#ddd 1px solid;padding-bottom:8px;padding-top:8px;padding-left:0px;padding-right:0px\"><span style=\"font-weight:bold;color:#333;padding-bottom:8px;padding-top:8px;padding-left:10px;line-height:12px;padding-right:10px;background-color:#ddd\">Description du produit<\/span><\/div>\n<div style=\"padding-bottom:10px;padding-top:10px;padding-left:0px;padding-right:0px\">\n<div style=\"height:42px;width:750px\">\n<div style=\"height:42px;float:left;width:25px;background-color:#00ccff\"> <\/div>\n<div style=\"float:droite;padding-bottom:5px;padding-top:5px;padding-left:0px;padding-right:0px;background-color:#0099ff\">\n<div style=\"font-size:24px;border-top:#ffffff 1px solid;font-family:Arial;border-bottom:#ffffff 1px solid;font-weight:bold;font-style:italic;padding-left:10px;line-height:30px;width:720px\">Affichage du produit<\/div>\n<\/div>\n<\/div>\n<\/div>\n<\/div>\n<p data-section-blank=\"AliPostDhMb-lb3q9\"> <img decoding=\"async\" alt=\"Pompe de fontaine d'\u00e9tang SUNSUN 18000L\/h 315w\" src=\"http:\/\/localhost\/media\/import\/detail\/HTB1cL23GXXXXXXKXXXXq6xXFXXXC.jpg\"><\/p>\n<p style=\"text-align:center\" data-section-blank=\"AliPostDhMb-lb3q9\">&#8212;&#8212;&#8212;&#8212;&#8212;&#8212;&#8212;&#8212;&#8212;&#8212;&#8212;&#8212;&#8212;&#8212;&#8212;&#8212;&#8212;&#8212;&#8212;&#8212;&#8212;&#8212;&#8212;&#8212;&#8212;&#8212;&#8212;&#8212;&#8212;&#8212;&#8212;&#8212;&#8212;&#8212;&#8212;&#8212;-<img decoding=\"async\" alt=\"SUNSUN 18000L\/h 315w Pompe de fontaine d'\u00e9tang\" src=\"http:\/\/localhost\/media\/import\/detail\/HTB1kFvIGXXXXXbRXVXXq6xXFXXXa.jpg\"><\/p>\n<p style=\"text-align:center\" data-section-blank=\"AliPostDhMb-lb3q9\">&#8212;&#8212;&#8212;&#8212;&#8212;&#8212;&#8212;&#8212;&#8212;&#8212;&#8212;&#8212;&#8212;&#8212;&#8212;&#8212;&#8212;&#8212;&#8212;&#8212;&#8212;&#8212;&#8212;&#8212;&#8212;&#8212;&#8212;&#8212;&#8212;&#8212;&#8212;&#8212;&#8212;&#8212;&#8212;&#8212;-<img decoding=\"async\" alt=\"SUNSUN 18000L\/h 315w Pompe de fontaine d'\u00e9tang\" src=\"http:\/\/localhost\/media\/import\/detail\/HTB1IPLVGXXXXXaCXpXXq6xXFXXXW.jpg\"><\/p>\n<p style=\"text-align:center\" data-section-blank=\"AliPostDhMb-lb3q9\">&#8212;&#8212;&#8212;&#8212;&#8212;&#8212;&#8212;&#8212;&#8212;&#8212;&#8212;&#8212;&#8212;&#8212;&#8212;&#8212;&#8212;&#8212;&#8212;&#8212;&#8212;&#8212;&#8212;&#8212;&#8212;&#8212;&#8212;&#8212;&#8212;&#8212;&#8212;&#8212;&#8212;&#8212;&#8212;&#8212;-<img decoding=\"async\" alt=\"SUNSUN 18000L\/h 315w Pompe de fontaine de bassin\" src=\"http:\/\/localhost\/media\/import\/detail\/HTB1ipYZGXXXXXcJXXXXq6xXFXXXM.jpg\"><\/p>\n<p style=\"text-align:center\" data-section-blank=\"AliPostDhMb-lb3q9\">&#8212;&#8212;&#8212;&#8212;&#8212;&#8212;&#8212;&#8212;&#8212;&#8212;&#8212;&#8212;&#8212;&#8212;&#8212;&#8212;&#8212;&#8212;&#8212;&#8212;&#8212;&#8212;&#8212;&#8212;&#8212;&#8212;&#8212;&#8212;&#8212;&#8212;&#8212;&#8212;&#8212;&#8212;&#8212;&#8212;-<img decoding=\"async\" alt=\"Pompe de fontaine d'\u00e9tang SUNSUN 18000L\/h 315w\" src=\"http:\/\/localhost\/media\/import\/detail\/HTB1Hyv1GXXXXXaEXXXXq6xXFXXXD.jpg\"><\/p>\n<p style=\"text-align:center\" data-section-blank=\"AliPostDhMb-lb3q9\">&#8212;&#8212;&#8212;&#8212;&#8212;&#8212;&#8212;&#8212;&#8212;&#8212;&#8212;&#8212;&#8212;&#8212;&#8212;&#8212;&#8212;&#8212;&#8212;&#8212;&#8212;&#8212;&#8212;&#8212;&#8212;&#8212;&#8212;&#8212;&#8212;&#8212;&#8212;&#8212;&#8212;&#8212;&#8212;&#8212;-<img decoding=\"async\" alt=\"SUNSUN 18000L\/h 315w Pompe de fontaine de bassin\" src=\"http:\/\/localhost\/media\/import\/detail\/HTB10O_PGXXXXXa_XFXXq6xXFXXXI.jpg\"><\/p>\n<p data-section-blank=\"AliPostDhMb-l3dhe\">\n<div id=\"ali-anchor-AliPostDhMb-l3dhe\" style=\"padding-top:8px\" data-section=\"AliPostDhMb-l3dhe\" data-section-title=\"Informations sur la soci\u00e9t\u00e9\"> <\/div>\n","protected":false},"excerpt":{"rendered":"<p>Pompe de fontaine d&rsquo;\u00e9tang SUNSUN 18000L\/h 315w CQP-18000<\/p>\n","protected":false},"featured_media":5841,"comment_status":"open","ping_status":"closed","template":"","meta":[],"product_brand":[],"product_cat":[1380],"product_tag":[],"class_list":{"0":"post-39239","1":"product","2":"type-product","3":"status-publish","4":"has-post-thumbnail","6":"product_cat-pompes-a-eau-et-amp-tetes-motrices","8":"first","9":"instock","10":"shipping-taxable","11":"purchasable","12":"product-type-simple","13":"add-to-wishlist-after_add_to_cart"},"jetpack_sharing_enabled":true,"_links":{"self":[{"href":"https:\/\/www.reefshops.com\/fr\/wp-json\/wp\/v2\/product\/39239","targetHints":{"allow":["GET"]}}],"collection":[{"href":"https:\/\/www.reefshops.com\/fr\/wp-json\/wp\/v2\/product"}],"about":[{"href":"https:\/\/www.reefshops.com\/fr\/wp-json\/wp\/v2\/types\/product"}],"replies":[{"embeddable":true,"href":"https:\/\/www.reefshops.com\/fr\/wp-json\/wp\/v2\/comments?post=39239"}],"wp:featuredmedia":[{"embeddable":true,"href":"https:\/\/www.reefshops.com\/fr\/wp-json\/wp\/v2\/media\/5841"}],"wp:attachment":[{"href":"https:\/\/www.reefshops.com\/fr\/wp-json\/wp\/v2\/media?parent=39239"}],"wp:term":[{"taxonomy":"product_brand","embeddable":true,"href":"https:\/\/www.reefshops.com\/fr\/wp-json\/wp\/v2\/product_brand?post=39239"},{"taxonomy":"product_cat","embeddable":true,"href":"https:\/\/www.reefshops.com\/fr\/wp-json\/wp\/v2\/product_cat?post=39239"},{"taxonomy":"product_tag","embeddable":true,"href":"https:\/\/www.reefshops.com\/fr\/wp-json\/wp\/v2\/product_tag?post=39239"}],"curies":[{"name":"wp","href":"https:\/\/api.w.org\/{rel}","templated":true}]}}