{"id":39244,"date":"2016-09-25T23:28:37","date_gmt":"2016-09-25T23:28:37","guid":{"rendered":"https:\/\/www.reefshops.com\/product\/sunsun-2016-nouveau-sterilisateur-uv-pour-aquarium-sterilisateur-uv-cuv-111a\/"},"modified":"2025-03-16T09:07:01","modified_gmt":"2025-03-16T09:07:01","slug":"sunsun-2016-nouveau-sterilisateur-uv-pour-aquarium-sterilisateur-uv-cuv-111a","status":"publish","type":"product","link":"https:\/\/www.reefshops.com\/fr\/produit\/sunsun-2016-nouveau-sterilisateur-uv-pour-aquarium-sterilisateur-uv-cuv-111a\/","title":{"rendered":"SUNSUN 2016 Nouveau st\u00e9rilisateur UV pour aquarium, st\u00e9rilisateur UV CUV-111A&#8230;"},"content":{"rendered":"<div style=\"clear:both\"><\/div>\n<div> <\/div>\n<div> <\/div>\n<div><span style=\"font-size:18px\"><strong> <span style=\"background-color:#ffff00\"> SUNSUN 2015 Nouveau st\u00e9rilisateur UV pour aquarium, prix de la lumi\u00e8re de l&rsquo;eau du st\u00e9rilisateur UV<\/span><\/strong><\/span><\/div>\n<div> <\/div>\n<div>\n<p style=\"background:#ffffff;text-align:left\">\n<\/div>\n<div id=\"ali-anchor-AliPostDhMb-7vfzo\" style=\"padding-top:8px\" data-section=\"AliPostDhMb-7vfzo\" data-section-title=\"Description du produit\">\n<div id=\"ali-title-AliPostDhMb-7vfzo\" style=\"border-bottom:#ddd 1px solid;padding-bottom:8px;padding-top:8px;padding-left:0px;padding-right:0px\"><span style=\"font-weight:bold;color:#333;padding-bottom:8px;padding-top:8px;padding-left:10px;line-height:12px;padding-right:10px;background-color:#ddd\">Description du produit<\/span><\/div>\n<div style=\"padding-bottom:10px;padding-top:10px;padding-left:0px;padding-right:0px\">\n<\/div>\n<\/div>\n<p style=\"background:#ffffff;text-align:left\">\n<p style=\"background:#ffffff;text-align:left\"><strong><span style=\"font-size:18px\"> Fonctionnalit\u00e9 du st\u00e9rilisateur UV <\/span><\/strong><\/p>\n<p style=\"background:#ffffff;text-align:left\"><span style=\"font-size:14px;font-family:arial,helvetica,sans-serif\"><span style=\"background:#ffffff;color:#2f2f2f\">1.<\/span><\/span><span style=\"font-size:14px;font-family:arial,helvetica,sans-serif\"><span style=\"background:#ffffff;color:#2f2f2f\">SUNSUN<\/span><span style=\"background:#ffffff;color:#2f2f2f\"> Le st\u00e9rilisateur \u00e0 lumi\u00e8re UV a une conception unique qui alimente l&rsquo;eau \u00e0 travers une h\u00e9lice sp\u00e9ciale <\/span><span style=\"background:#ffffff;color:#2f2f2f\">ce qui signifie que l&rsquo;eau <\/span><\/span><span style=\"font-size:14px;font-family:Verdana, Arial, Helvetica, sans-serif;color:#2f2f2f;line-height:21px\">ne coule pas seulement \u00e0 travers les UV mais tourne \u00e0 l&rsquo;int\u00e9rieur, permettant aux UV d&rsquo;\u00eatre plus expos\u00e9s avant que l&rsquo;eau ne sorte du sortie.<\/span><\/p>\n<p style=\"background:#ffffff;text-align:left\"><span style=\"font-family:arial,helvetica,sans-serif\"><span style=\"font-size:14px\"><span style=\"background:#ffffff;color:#2f2f2f\">2.Cette forme de <\/span><\/span><span style=\"font-size:14px\"><span style=\"background:#ffffff;color:#2f2f2f\">la st\u00e9rilisation permet une efficacit\u00e9 accrue gr\u00e2ce \u00e0 une exposition plus uniforme de l&rsquo;eau aux UV. Ce syst\u00e8me UV am\u00e9lior\u00e9, le<\/span><\/span><\/span><span style=\"background:#ffffff;color:#2f2f2f\">Clarificateur UltraViolet <\/span><span style=\"background:#ffffff;color:#2f2f2f\">continue d&rsquo;\u00eatre un \u00e9l\u00e9ment cl\u00e9 d&rsquo;un syst\u00e8me d&rsquo;eau claire bien filtr\u00e9.<\/span><span style=\"background:#ffffff;color:#2f2f2f\">Contrairement \u00e0 d&rsquo;autres st\u00e9rilisateurs, cet appareil <\/span><span style=\"background:#ffffff;color:#2f2f2f\">a <\/span><span style=\"background:#ffffff;color:#2f2f2f\">trois entr\u00e9es\/sorties &#8211; tr\u00e8s utiles si vous souhaitez ex\u00e9cuter la sortie vers un deux<\/span><span style=\"background:#ffffff;color:#2f2f2f\"> cascade d&rsquo;automne, voire une cascade et un filtre. <\/span><\/p>\n<p style=\"background:#ffffff;text-align:left\"><span style=\"font-family:arial,helvetica,sans-serif\"><span style=\"font-size:14px\"><span style=\"background:#ffffff;color:#2f2f2f\">3. L&rsquo;unit\u00e9 est livr\u00e9e <\/span><span style=\"background:#ffffff;color:#2f2f2f\">complet avec trois embouts de tuyau \u00e9tag\u00e9s pour s&rsquo;adapter \u00e0 une vari\u00e9t\u00e9 de tailles de tuyaux. Le clarificateur UV dispose \u00e9galement d&rsquo;un <\/span><span style=\"background:#ffffff;color:#2f2f2f\"> centre<\/span><\/span><span style=\"font-size:14px\"><span style=\"background:#ffffff;color:#2f2f2f\"> panneau permettant<\/span><span style=\"background:#ffffff;color:#2f2f2f\"> de v\u00e9rifiez que l&rsquo;UV est pleinement op\u00e9rationnel \u00e0 tout moment.<\/span><\/span><\/span><\/p>\n<p style=\"background:#ffffff;text-align:left\"><span style=\"font-family:arial,helvetica,sans-serif\"><span style=\"font-size:14px\"><span style=\"background:#ffffff;color:#2f2f2f\">4.Le st\u00e9rilisateur est \u00e9galement fourni avec une fen\u00eatre s\u00e9par\u00e9e<\/span><\/span><span style=\"font-size:14px\"><span style=\"background:#ffffff;color:#2f2f2f\"> verre<\/span><span style=\"background:#ffffff;color:#2f2f2f\"> qui <\/span><span style=\"background:#ffffff;color:#2f2f2f\"> peut \u00eatre utilis\u00e9e pour remplacer <\/span><span style=\"background:#ffffff;color:#2f2f2f\"> l&rsquo;un des tuyaux \u00e0 utiliser comme unit\u00e9 une entr\u00e9e\/une sortie. <span style=\"font-size:10px;color:#ffffff;line-height:27px\">St\u00e9rilisateur UV<\/span><br \/><\/span><\/span><\/span><\/p>\n<p style=\"background:#ffffff;text-align:left\">\n<p style=\"text-align:left\">\n<p style=\"text-align:left\">\n<p style=\"background:#ffffff;text-align:left\"><strong> <span style=\"font-size:18px;font-family:Verdana, Arial, Helvetica, sans-serif;line-height:27px\">St\u00e9rilisateur UV <\/span><span style=\"font-size:18px;font-family:Verdana, Arial, Helvetica, sans-serif;line-height:27px\">Not\u00e9<\/span><\/strong><\/p>\n<p style=\"text-align:left\"><span style=\"font-size:14px;font-family:arial,helvetica,sans-serif\">1. Avec dispositif de protection \u00e0 l&rsquo;int\u00e9rieur.<br \/>2. Ballast \u00e0 usage ext\u00e9rieur.<br \/>3. Conception de l&rsquo;\u00e9cran indicateur.<br \/>4. Veuillez ne pas le connecter \u00e0 la source d&rsquo;alimentation avant de terminer l&rsquo;assemblage de toutes les pi\u00e8ces de rechange.<br \/>5. Le produit peut tuer les germes et les algues nocifs afin de cr\u00e9er des conditions de vie appropri\u00e9es et saines pour les poissons d&rsquo;ornement.<\/span><\/p>\n<p style=\"text-align:left\"><span style=\"font-size:14px;font-family:arial,helvetica,sans-serif\">6. Les UVC sont nocifs pour les yeux et la peau. Veuillez ne pas regarder les UVC directement ou ne pas laisser la peau s&rsquo;approcher des UVC<br \/>7. Veuillez ne pas mettre le produit dans l&rsquo;eau.<br \/>8. Veuillez ne pas connecter la lumi\u00e8re UV \u00e0 la source d&rsquo;alimentation s&rsquo;il n&rsquo;y a pas de circulation d&rsquo;eau.<br \/>9. Afin de ne pas influencer la pression de l&rsquo;eau contre la coque du corps, veuillez ne pas \u00e9quiper l&rsquo;interrupteur entre la coque du corps et le tuyau de l&rsquo;aquarium.<\/span><\/p>\n<p style=\"background:#ffffff;text-align:left\">\n<p style=\"background:#ffffff;text-align:center\">\n<p style=\"background:#ffffff;text-align:center\"><img decoding=\"async\" alt=\"CUV-1_01.jpg\" src=\"http:\/\/localhost\/media\/import\/detail\/HTB1pFecFVXXXXb8XpXXq6xXFXXXo.jpg\"><img decoding=\"async\" alt=\"CUV-1_02.jpg\" src=\"http:\/\/localhost\/media\/import\/detail\/HTB1uqCvFVXXXXc1XXXXq6xXFXXXr.jpg\"><img decoding=\"async\" alt=\"CUV-1_03.jpg\" src=\"http:\/\/localhost\/media\/import\/detail\/HTB1aOqfFVXXXXX2XpXXq6xXFXXXx.jpg\"> <\/p>\n<p style=\"background:#ffffff;text-align:center\">\n<\/p>\n<p style=\"text-align:center\">\n<p style=\"text-align:center\"><span style=\"font-size:10.5pt;font-family:comic sans ms,sans-serif\"><img decoding=\"async\" alt=\"1.jpg\" src=\"http:\/\/localhost\/media\/import\/detail\/522684473_928.jpg\"><\/span><\/p>\n<p style=\"text-align:center\"><span style=\"font-size:10.5pt;font-family:comic sans ms,sans-serif\"><img decoding=\"async\" alt=\"2.jpg\" src=\"http:\/\/localhost\/media\/import\/detail\/522684774_782.jpg\"><\/span><\/p>\n<div style=\"clear:both\"><\/div>\n","protected":false},"excerpt":{"rendered":"<p>SUNSUN 2016 Nouveau st\u00e9rilisateur UV pour aquarium, st\u00e9rilisateur UV CUV-111A&#8230;<\/p>\n","protected":false},"featured_media":5851,"comment_status":"open","ping_status":"closed","template":"","meta":[],"product_brand":[],"product_cat":[1338],"product_tag":[],"class_list":{"0":"post-39244","1":"product","2":"type-product","3":"status-publish","4":"has-post-thumbnail","6":"product_cat-filtres-pour-aquariums","8":"first","9":"instock","10":"shipping-taxable","11":"purchasable","12":"product-type-simple","13":"add-to-wishlist-after_add_to_cart"},"jetpack_sharing_enabled":true,"_links":{"self":[{"href":"https:\/\/www.reefshops.com\/fr\/wp-json\/wp\/v2\/product\/39244","targetHints":{"allow":["GET"]}}],"collection":[{"href":"https:\/\/www.reefshops.com\/fr\/wp-json\/wp\/v2\/product"}],"about":[{"href":"https:\/\/www.reefshops.com\/fr\/wp-json\/wp\/v2\/types\/product"}],"replies":[{"embeddable":true,"href":"https:\/\/www.reefshops.com\/fr\/wp-json\/wp\/v2\/comments?post=39244"}],"wp:featuredmedia":[{"embeddable":true,"href":"https:\/\/www.reefshops.com\/fr\/wp-json\/wp\/v2\/media\/5851"}],"wp:attachment":[{"href":"https:\/\/www.reefshops.com\/fr\/wp-json\/wp\/v2\/media?parent=39244"}],"wp:term":[{"taxonomy":"product_brand","embeddable":true,"href":"https:\/\/www.reefshops.com\/fr\/wp-json\/wp\/v2\/product_brand?post=39244"},{"taxonomy":"product_cat","embeddable":true,"href":"https:\/\/www.reefshops.com\/fr\/wp-json\/wp\/v2\/product_cat?post=39244"},{"taxonomy":"product_tag","embeddable":true,"href":"https:\/\/www.reefshops.com\/fr\/wp-json\/wp\/v2\/product_tag?post=39244"}],"curies":[{"name":"wp","href":"https:\/\/api.w.org\/{rel}","templated":true}]}}