{"id":39249,"date":"2016-09-25T23:28:37","date_gmt":"2016-09-25T23:28:37","guid":{"rendered":"https:\/\/www.reefshops.com\/product\/lampes-uv-brevetees-sunsun-15-watts-pour-etang-et-jardin-cuv-111\/"},"modified":"2025-03-16T09:07:03","modified_gmt":"2025-03-16T09:07:03","slug":"lampes-uv-brevetees-sunsun-15-watts-pour-etang-et-jardin-cuv-111","status":"publish","type":"product","link":"https:\/\/www.reefshops.com\/fr\/produit\/lampes-uv-brevetees-sunsun-15-watts-pour-etang-et-jardin-cuv-111\/","title":{"rendered":"Lampes UV brevet\u00e9es SUNSUN 15 watts pour \u00e9tang et jardin CUV-111"},"content":{"rendered":"<div style=\"clear:both\"><\/div>\n<p align=\"center\"><strong><span style=\"font-size:24px\">SUNSUN 15 watts CUV-111 <span style=\"background-color:#ffff00\">Lumi\u00e8re UV d&rsquo;\u00e9tang<\/span> pour \u00e9tang et jardin <\/span><\/strong><\/p>\n<p align=\"center\">\n<p data-section-blank=\"AliPostDhMb-hnvvt\">\n<p align=\"center\"><span style=\"color:#ffffff\">lampes UV pour bassin <\/span><\/p>\n<div id=\"ali-anchor-AliPostDhMb-hnvvt\" style=\"padding-top:8px\" data-section=\"AliPostDhMb-hnvvt\" data-section-title=\"Description du produit\">\n<div id=\"ali-title-AliPostDhMb-hnvvt\" style=\"border-bottom:#ddd 1px solid;padding-bottom:8px;padding-top:8px;padding-left:0px;padding-right:0px\"><span style=\"font-weight:bold;color:#333;padding-bottom:8px;padding-top:8px;padding-left:10px;line-height:12px;padding-right:10px;background-color:#ddd\">Description du produit<\/span><\/div>\n<div style=\"padding-bottom:10px;padding-top:10px;padding-left:0px;padding-right:0px\">\n<\/div>\n<\/div>\n<p align=\"center\">\n<p data-section-blank=\"AliPostDhMb-hnvvt\"><span style=\"color:#ffffff\"> <span style=\"font-family:Calibri, 'zapf dingbats';line-height:18px\"> lampes UV pour \u00e9tang <\/span><\/span><\/p>\n<p><span style=\"font-size:18px;font-family:Calibri, 'zapf dingbats'\"><strong>1. CUV-111 \u00c9tang<\/strong><strong> Lumi\u00e8re UV <\/strong><strong>Param\u00e8tre<\/strong><\/span><\/p>\n<p><span style=\"font-size:13.5pt;font-family:Calibri, 'zapf dingbats'\">Tension\u00a0: 110\u00a0V\/220\u00a0V\/240\u00a0V<\/span><\/p>\n<p><span style=\"font-size:13.5pt;font-family:Calibri, 'zapf dingbats'\">Fr\u00e9quence\u00a0: 50 Hz\/60 Hz <\/span><\/p>\n<p><span style=\"font-size:13.5pt;font-family:Calibri, 'zapf dingbats'\">Puissance\u00a0: 15 W<\/span><\/p>\n<p><span style=\"font-size:13.5pt;font-family:Calibri, 'zapf dingbats'\">Puissance UV\u00a0: 1x11W<\/span><\/p>\n<p><span style=\"font-size:13.5pt;font-family:Calibri, 'zapf dingbats'\">Capacit\u00e9\u00a0: 10\u00a0000\u00a0L<\/span><\/p>\n<p><span style=\"font-size:13.5pt;font-family:Calibri, 'zapf dingbats'\">Pression maximale\u00a0: 0,3par<\/span><\/p>\n<p><span style=\"font-size:13.5pt;font-family:Calibri, 'zapf dingbats'\">D\u00e9bit d&rsquo;eau\u00a0: 1\u00a0700\u00a0L\/h<\/span><\/p>\n<p><span style=\"font-size:13.5pt;font-family:Calibri, 'zapf dingbats'\">Longueur\u00a0: 314 mm<\/span><\/p>\n<p><em><span style=\"font-family:Calibri, 'zapf dingbats'\"><strong><span style=\"font-size:14pt;color:red\">GRATUIT 12 mois Garantie !!!<\/span><\/strong><\/span><\/em><\/p>\n<p><span style=\"font-family:Calibri, 'zapf dingbats'\"><strong><span style=\"font-size:13.5pt\">2. Lumi\u00e8re UV pour bassin <\/span><\/strong><strong><span style=\"font-size:14pt\">Caract\u00e9ristiques<\/span><\/strong><\/span><\/p>\n<p><span style=\"font-family:Calibri, 'zapf dingbats'\"><span style=\"font-size:medium\">1). Cette lumi\u00e8re UV de bassin avec une forte lib\u00e9ration d&rsquo;\u00e9nergie de rayons ultraviolets \u00e9limine efficacement les <\/span><span style=\"font-size:medium\">bact\u00e9ries nocives pr\u00e9sentes dans l&rsquo;eau<\/span><\/span><\/p>\n<p><span style=\"font-family:Calibri, 'zapf dingbats'\"><span style=\"font-size:medium\">2). Conception sp\u00e9ciale du bo\u00eetier rotatif du cylindre int\u00e9rieur, fournissant \u00e0 l&rsquo;eau une st\u00e9rilisation enti\u00e8rement efficace <\/span><span style=\"font-size:medium\">flux<\/span><\/span><\/p>\n<p><span style=\"font-size:medium;font-family:Calibri, 'zapf dingbats'\">3). Rotation libre \u00e0 360\u00b0 de la sortie d&rsquo;eau et de l&rsquo;entr\u00e9e d&rsquo;eau.<\/span><\/p>\n<p><span style=\"font-family:Calibri, 'zapf dingbats'\"><span style=\"font-size:medium\">4). Bo\u00eetier en plastique r\u00e9sistant aux UV, cordon d&rsquo;alimentation en caoutchouc r\u00e9sistant \u00e0 l&rsquo;eau de haute qualit\u00e9 <\/span><span style=\"font-size:medium\">cordon. <\/span><\/span><\/p>\n<p><span style=\"font-size:medium;font-family:Calibri, 'zapf dingbats'\">5). Convient aux aquariums et aux \u00e9tangs ext\u00e9rieurs<\/span><\/p>\n<p><span style=\"font-size:medium;font-family:Calibri, 'zapf dingbats'\">6). Diff\u00e9rentes tailles et puissances au choix. Ballast \u00e9lectronique de 3W \u00e0 95W<\/span><\/p>\n<p><span style=\"font-family:Calibri, 'zapf dingbats'\"><strong><span style=\"font-size:14pt\">3. Autre<\/span><\/strong><strong><span style=\"font-size:13.5pt\"> Lumi\u00e8re UV pour bassin<\/span><\/strong><strong><span style=\"font-size:14pt\"> Param\u00e8tre et <strong><span style=\"font-size:14pt;line-height:28px\">Affichage<\/span><\/strong><\/span><\/strong><\/span><\/p>\n<p><span style=\"font-family:Calibri, 'zapf dingbats'\"><strong><span style=\"font-size:14pt\"><img decoding=\"async\" alt=\"Lampes UV brevet\u00e9es SUNSUN 15 watts pour \u00e9tang et jardin\" src=\"http:\/\/localhost\/media\/import\/detail\/HTB1pFecFVXXXXb8XpXXq6xXFXXXo.jpg\"><img decoding=\"async\" alt=\"Lumi\u00e8res UV brevet\u00e9es SUNSUN 15 watts pour \u00e9tang et jardin\" src=\"http:\/\/localhost\/media\/import\/detail\/HTB1aOqfFVXXXXX2XpXXq6xXFXXXx.jpg\"> <strong><span style=\"font-size:14pt;line-height:28px\"><img decoding=\"async\" alt=\"Lampes UV brevet\u00e9es SUNSUN 15 watts pour \u00e9tang et jardin\" src=\"http:\/\/localhost\/media\/import\/detail\/HTB1uqCvFVXXXXc1XXXXq6xXFXXXr.jpg\"><\/span><\/strong><\/span><\/strong><\/span><\/p>\n<p><span style=\"font-family:Calibri, 'zapf dingbats'\"><strong><span style=\"font-size:13.5pt\">4. Application de lampes UV pour bassin<\/span><\/strong><\/span><\/p>\n<p><span style=\"font-family:Calibri, 'zapf dingbats'\"><strong><\/strong><strong><\/strong><span style=\"font-size:13.5pt\">Veuillez garder l&rsquo;eau propre.<\/span><\/span><\/p>\n<p><span style=\"font-size:medium;font-family:Calibri, 'zapf dingbats'\">La lumi\u00e8re UV SunSun Pond peut \u00eatre connect\u00e9e au filtre de l&rsquo;\u00e9tang et \u00e0 la pompe directement en tant que syst\u00e8me pour fonctionner professionnellement dans les jardins ou les \u00e9tangs, le premier processus de clarification de l&rsquo;eau.<\/span><\/p>\n<p><span style=\"font-size:medium;font-family:Calibri, 'zapf dingbats'\">Cette lumi\u00e8re UV pour \u00e9tang peut <span style=\"font-size:12pt\">\u00eatre utilis\u00e9e avec nos pompes \u00e0 eau d&rsquo;aquarium HQJ s\u00e9rie et s\u00e9rie JP.<\/span> <\/span><\/p>\n","protected":false},"excerpt":{"rendered":"<p>Lampes UV brevet\u00e9es SUNSUN 15 watts pour \u00e9tang et jardin CUV-111<\/p>\n","protected":false},"featured_media":5861,"comment_status":"open","ping_status":"closed","template":"","meta":[],"product_brand":[],"product_cat":[1338],"product_tag":[],"class_list":{"0":"post-39249","1":"product","2":"type-product","3":"status-publish","4":"has-post-thumbnail","6":"product_cat-filtres-pour-aquariums","8":"first","9":"instock","10":"shipping-taxable","11":"purchasable","12":"product-type-simple","13":"add-to-wishlist-after_add_to_cart"},"jetpack_sharing_enabled":true,"_links":{"self":[{"href":"https:\/\/www.reefshops.com\/fr\/wp-json\/wp\/v2\/product\/39249","targetHints":{"allow":["GET"]}}],"collection":[{"href":"https:\/\/www.reefshops.com\/fr\/wp-json\/wp\/v2\/product"}],"about":[{"href":"https:\/\/www.reefshops.com\/fr\/wp-json\/wp\/v2\/types\/product"}],"replies":[{"embeddable":true,"href":"https:\/\/www.reefshops.com\/fr\/wp-json\/wp\/v2\/comments?post=39249"}],"wp:featuredmedia":[{"embeddable":true,"href":"https:\/\/www.reefshops.com\/fr\/wp-json\/wp\/v2\/media\/5861"}],"wp:attachment":[{"href":"https:\/\/www.reefshops.com\/fr\/wp-json\/wp\/v2\/media?parent=39249"}],"wp:term":[{"taxonomy":"product_brand","embeddable":true,"href":"https:\/\/www.reefshops.com\/fr\/wp-json\/wp\/v2\/product_brand?post=39249"},{"taxonomy":"product_cat","embeddable":true,"href":"https:\/\/www.reefshops.com\/fr\/wp-json\/wp\/v2\/product_cat?post=39249"},{"taxonomy":"product_tag","embeddable":true,"href":"https:\/\/www.reefshops.com\/fr\/wp-json\/wp\/v2\/product_tag?post=39249"}],"curies":[{"name":"wp","href":"https:\/\/api.w.org\/{rel}","templated":true}]}}