{"id":39251,"date":"2016-09-25T23:28:37","date_gmt":"2016-09-25T23:28:37","guid":{"rendered":"https:\/\/www.reefshops.com\/product\/sunsun-ce-gs-aquarium-lumiere-uv-1500l-h-cuv-209\/"},"modified":"2025-03-16T09:07:03","modified_gmt":"2025-03-16T09:07:03","slug":"sunsun-ce-gs-aquarium-lumiere-uv-1500l-h-cuv-209","status":"publish","type":"product","link":"https:\/\/www.reefshops.com\/fr\/produit\/sunsun-ce-gs-aquarium-lumiere-uv-1500l-h-cuv-209\/","title":{"rendered":"SUNSUN CE\/GS aquarium lumi\u00e8re uv 1500L\/h CUV-209"},"content":{"rendered":"<div style=\"clear:both\"><\/div>\n<p align=\"center\"><span style=\"font-size:24px\"><strong><span style=\"font-family:'Arial','sans-serif';color:red\">SUNSUN <\/span><\/strong><strong><span style=\"font-family:'Arial','sans-serif';color:black\"> CUV-209<\/span><\/strong><span style=\"font-family:'Arial','sans-serif';color:black\"> <strong><span style=\"font-family:'Arial','sans-serif';background:white\">Lumi\u00e8re UV pour aquarium<\/span><\/strong><\/span><\/span> <\/p>\n<p><span style=\"background-color:#ffff00\"><strong><span style=\"font-size:18pt;font-family:'Arial','sans-serif';color:black\">CUV-209 <\/span><\/strong><strong><span style=\"font-size:13.5pt;font-family:Arial, sans-serif;color:black\">Lumi\u00e8re UV du r\u00e9servoir <\/span><\/strong><strong><span style=\"font-size:14pt;font-family:Arial, sans-serif;color:black\">Param\u00e8tre<\/span><\/strong><\/span><\/p>\n<p><span style=\"font-size:13.5pt;font-family:'Arial','sans-serif';color:black\">Tension : 110V\/220V\/240V<\/span><\/p>\n<p><span style=\"font-size:13.5pt;font-family:'Arial','sans-serif';color:black\">Fr\u00e9quence : 50 Hz\/60 Hz <\/span><\/p>\n<p><span style=\"font-size:13.5pt;font-family:'Arial','sans-serif';color:black\">Puissance : 12 W<\/span><\/p>\n<p><span style=\"font-size:13.5pt;font-family:'Arial','sans-serif';color:black\">Puissance UV\u00a0: 1x9W<\/span><\/p>\n<p><span style=\"font-size:13.5pt;font-family:'Arial','sans-serif';color:black\">Capacit\u00e9\u00a0: 8000L<\/span><\/p>\n<p><span style=\"font-size:13.5pt;font-family:'Arial','sans-serif';color:black\">Pression maximale\u00a0: 0,3par<\/span><\/p>\n<p><span style=\"font-size:13.5pt;font-family:'Arial','sans-serif';color:black\">D\u00e9bit d&rsquo;eau\u00a0: 1500\u00a0L\/h<\/span><\/p>\n<p><span style=\"font-size:13.5pt;font-family:'Arial','sans-serif';color:black\">Longueur\u00a0: 276 mm<\/span><\/p>\n<p><strong><span style=\"font-size:14pt;font-family:'Arial','sans-serif';color:red\">Garantie GRATUITE de 12 mois !!!<\/span><\/strong><\/p>\n<p><span style=\"font-size:9pt;font-family:Arial, sans-serif;color:#ffffff\"> lumi\u00e8re UV du r\u00e9servoir <\/span><\/p>\n<p><span style=\"background-color:#ffff00\"><strong><span style=\"font-size:13.5pt;font-family:Arial, sans-serif;color:noir\">Lumi\u00e8re UV du r\u00e9servoir <\/span><\/strong><strong><span style=\"font-size:14pt;font-family:Arial, sans-serif;color:black\">Fonctionnalit\u00e9s<\/span><\/strong><\/span><\/p>\n<p><span style=\"font-size:medium;font-family:'Arial','sans-serif';color:black\">1. Forte lib\u00e9ration d&rsquo;\u00e9nergie des rayons ultraviolets, \u00e9limine efficacement les <\/span><span style=\"font-size:medium;font-family:'Arial','sans-serif';color:black\">bact\u00e9ries nocives dans l&rsquo;eau<\/span><\/p>\n<p><span style=\"font-size:medium;font-family:'Arial','sans-serif';color:black\">2. Conception sp\u00e9ciale du bo\u00eetier rotatif du cylindre int\u00e9rieur, fournissant \u00e0 l&rsquo;eau une st\u00e9rilisation enti\u00e8rement efficace <\/span><\/p>\n<p><span style=\"font-size:medium;font-family:'Arial','sans-serif';color:black\">3. Rotation libre \u00e0 360\u00b0 de la sortie d&rsquo;eau et de l&rsquo;entr\u00e9e d&rsquo;eau.<\/span><\/p>\n<p><span style=\"font-size:medium;font-family:'Arial','sans-serif';color:black\">4. Bo\u00eetier en plastique r\u00e9sistant aux UV, caoutchouc de haute qualit\u00e9 r\u00e9sistant \u00e0 l&rsquo;arrosage <\/span><span style=\"font-family:'Arial','sans-serif';color:black\"><span style=\"font-size:medium\">cordon. <\/span><\/span><\/p>\n<p><span style=\"font-size:medium;font-family:'Arial','sans-serif';color:black\">5. Convient aux aquariums et aux \u00e9tangs ext\u00e9rieurs<\/span><\/p>\n<p><span style=\"font-size:medium;font-family:'Arial','sans-serif';color:black\">6. Diff\u00e9rentes tailles et puissances au choix. Ballast \u00e9lectronique de 3W \u00e0 95W<\/span><\/p>\n<p><span style=\"color:#ffffff\"> r\u00e9servoir lumi\u00e8re uv <\/span><\/p>\n<p><span style=\"background-color:#ffff00\"><strong><span style=\"font-size:14pt;font-family:Arial, sans-serif;color:black\">Autre<\/span><\/strong><strong><span style=\"font-size:13.5pt;font-family:Arial, sans-serif;color:black\"> Tank UV Light<\/span><\/strong><\/span><strong><span style=\"font-size:14pt;font-family:'Arial','sans-serif';background:white;color:black\"><span style=\"background-color:#ffff00\"> Param\u00e8tre<\/span><img loading=\"lazy\" decoding=\"async\" alt=\"SUNSUN Lumi\u00e8re UV pour aquarium CE\/GS 1500L\/h\" src=\"http:\/\/localhost\/media\/import\/detail\/736346902_007.jpg\" width=\"800\" height=\"251\"><\/span><\/strong><\/p>\n<p><span style=\"font-size:9pt;font-family:'Arial','sans-serif';color:black\"> <img loading=\"lazy\" decoding=\"async\" alt=\"SUNSUN CE\/GS aquarium lumi\u00e8re uv 1500L\/h\" src=\"http:\/\/localhost\/media\/import\/detail\/736346896_580.jpg\" width=\"800\" height=\"234\"><\/span><\/p>\n<p><strong><span style=\"font-size:13.5pt;font-family:'Arial','sans-serif';background:blanc\">R\u00e9servoir UV Light<\/span><\/strong><strong><span style=\"font-size:14pt;font-family:'Arial','sans-serif';background:blanc\"> Affichage<\/span><\/strong><\/p>\n<p><span style=\"font-size:9pt;font-family:'Arial','sans-serif';color:black\"> <img decoding=\"async\" alt=\"SUNSUN CE\/GS aquarium lumi\u00e8re uv 1500L\/h\" src=\"http:\/\/localhost\/media\/import\/detail\/739643081_828.jpg\"><img decoding=\"async\" alt=\"SUNSUN CE\/GS aquarium lumi\u00e8re uv 1500L\/h\" src=\"http:\/\/localhost\/media\/import\/detail\/739643092_686.jpg\"><img decoding=\"async\" alt=\"SUNSUN CE\/GS aquarium lumi\u00e8re uv 1500L\/h\" src=\"http:\/\/localhost\/media\/import\/detail\/739643098_732.jpg\"><img decoding=\"async\" alt=\"SUNSUN CE\/GS aquarium lumi\u00e8re uv 1500L\/h\" src=\"http:\/\/localhost\/media\/import\/detail\/739643101_491.jpg\"><img decoding=\"async\" alt=\"Lumi\u00e8re uv pour aquarium SUNSUN CE\/GS 1500L\/h\" src=\"http:\/\/localhost\/media\/import\/detail\/739643107_230.jpg\"><img decoding=\"async\" alt=\"Lumi\u00e8re uv pour aquarium SUNSUN CE\/GS 1500L\/h\" src=\"http:\/\/localhost\/media\/import\/detail\/739643114_646.jpg\"><\/span><\/p>\n<\/p>\n<p><strong><span style=\"font-size:13.5pt;font-family:'Arial','sans-serif';background:white;color:black\">Application de la lumi\u00e8re UV du r\u00e9servoir<\/span><\/strong><\/p>\n<p><strong><\/strong><strong><\/strong><span style=\"font-size:13.5pt;font-family:'Arial','sans-serif';color:black\">Veuillez garder l&rsquo;eau propre.<\/span><\/p>\n<p><span style=\"font-size:medium;font-family:'Arial','sans-serif';color:black\">La lumi\u00e8re UV peut \u00eatre connect\u00e9e au filtre de l&rsquo;\u00e9tang et \u00e0 la pompe directement comme un syst\u00e8me pour fonctionner professionnellement dans les jardins ou les \u00e9tangs, le premier processus de clarification de l&rsquo;eau.<\/span><\/p>\n<p><span style=\"font-size:medium;font-family:'Arial','sans-serif';color:black\">Cette lampe UV pour r\u00e9servoir peut \u00eatre utilis\u00e9e avec nos pompes \u00e0 eau d&rsquo;aquarium s\u00e9ries HQJ et JP.<\/span> <\/span><\/p>\n<\/p>\n<div style=\"clear:les deux\"><\/div>\n","protected":false},"excerpt":{"rendered":"<p>SUNSUN CE\/GS aquarium lumi\u00e8re uv 1500L\/h CUV-209<\/p>\n","protected":false},"featured_media":5865,"comment_status":"open","ping_status":"closed","template":"","meta":[],"product_brand":[],"product_cat":[1338],"product_tag":[],"class_list":{"0":"post-39251","1":"product","2":"type-product","3":"status-publish","4":"has-post-thumbnail","6":"product_cat-filtres-pour-aquariums","8":"first","9":"instock","10":"shipping-taxable","11":"purchasable","12":"product-type-simple","13":"add-to-wishlist-after_add_to_cart"},"jetpack_sharing_enabled":true,"_links":{"self":[{"href":"https:\/\/www.reefshops.com\/fr\/wp-json\/wp\/v2\/product\/39251","targetHints":{"allow":["GET"]}}],"collection":[{"href":"https:\/\/www.reefshops.com\/fr\/wp-json\/wp\/v2\/product"}],"about":[{"href":"https:\/\/www.reefshops.com\/fr\/wp-json\/wp\/v2\/types\/product"}],"replies":[{"embeddable":true,"href":"https:\/\/www.reefshops.com\/fr\/wp-json\/wp\/v2\/comments?post=39251"}],"wp:featuredmedia":[{"embeddable":true,"href":"https:\/\/www.reefshops.com\/fr\/wp-json\/wp\/v2\/media\/5865"}],"wp:attachment":[{"href":"https:\/\/www.reefshops.com\/fr\/wp-json\/wp\/v2\/media?parent=39251"}],"wp:term":[{"taxonomy":"product_brand","embeddable":true,"href":"https:\/\/www.reefshops.com\/fr\/wp-json\/wp\/v2\/product_brand?post=39251"},{"taxonomy":"product_cat","embeddable":true,"href":"https:\/\/www.reefshops.com\/fr\/wp-json\/wp\/v2\/product_cat?post=39251"},{"taxonomy":"product_tag","embeddable":true,"href":"https:\/\/www.reefshops.com\/fr\/wp-json\/wp\/v2\/product_tag?post=39251"}],"curies":[{"name":"wp","href":"https:\/\/api.w.org\/{rel}","templated":true}]}}