{"id":39254,"date":"2016-09-25T23:28:37","date_gmt":"2016-09-25T23:28:37","guid":{"rendered":"https:\/\/www.reefshops.com\/product\/eco-ctp-2800-3000l-h-16000l-h-pompe-submersible-de-haute-qualite-24v-dc-pompe-de-fontaine-a-eau-submersible-ctp-2800\/"},"modified":"2025-03-16T09:07:04","modified_gmt":"2025-03-16T09:07:04","slug":"eco-ctp-2800-3000l-h-16000l-h-pompe-submersible-de-haute-qualite-24v-dc-pompe-de-fontaine-a-eau-submersible-ctp-2800","status":"publish","type":"product","link":"https:\/\/www.reefshops.com\/fr\/produit\/eco-ctp-2800-3000l-h-16000l-h-pompe-submersible-de-haute-qualite-24v-dc-pompe-de-fontaine-a-eau-submersible-ctp-2800\/","title":{"rendered":"ECO CTP-2800 3000L\/h-16000L\/h pompe submersible de haute qualit\u00e9 24v dc\/pompe de fontaine \u00e0 eau submersible CTP-2800"},"content":{"rendered":"<div style=\"clear:both\"><\/div>\n<div id=\"ali-anchor-AliPostDhMb-gaqf0\" style=\"padding-top:8px\" data-section-title=\"nom\" data-section=\"AliPostDhMb-gaqf0\">\n<div id=\"ali-title-AliPostDhMb-gaqf0\" style=\"border-bottom:#ddd 1px solid;padding-bottom:8px;padding-top:8px;padding-left:0px;padding-right:0px\"><span style=\"font-weight:bold;color:#333;padding-bottom:8px;padding-top:8px;padding-left:10px;line-height:12px;padding-right:10px;background-color:#ddd\"><\/span> <\/div>\n<div style=\"padding-bottom:10px;padding-top:10px;padding-left:0px;padding-right:0px\">\n<p style=\"text-align:center\"><span style=\"font-size:24px\"><strong>ECO CTP-2800 3000L\/h-16000L\/h pompe submersible de haute qualit\u00e9 24v dc\/fontaine d&rsquo;eau submersible pompe<\/strong><\/span><\/p>\n<\/div>\n<\/div>\n<p style=\"text-align:left\">\n<p style=\"text-align:left\">\n<div id=\"ali-anchor-AliPostDhMb-u34xo\" style=\"padding-top:8px\" data-section-title=\"Description du produit\" data-section=\"AliPostDhMb-u34xo\">\n<div id=\"ali-title-AliPostDhMb-u34xo\" style=\"border-bottom:#ddd 1px solid;padding-bottom:8px;padding-top:8px;padding-left:0px;padding-right:0px\"><span style=\"font-weight:bold;color:#333;padding-bottom:8px;padding-top:8px;padding-left:10px;line-height:12px;padding-right:10px;background-color:#ddd\">Description du produit<\/span><\/div>\n<div style=\"padding-bottom:10px;padding-top:10px;padding-left:0px;padding-right:0px\">\n<p style=\"font-size:18px\"><span style=\"font-size:18px;background-color:#ffff00\">1. Description de la pompe de fontaine d&rsquo;eau submersible Sunsun ECO 24v dc <\/span><\/p>\n<\/p>\n<p><span style=\"font-size:14px;font-family:arial, helvetica, sans-serif\">La pompe submersible 24v dc <span style=\"color:#000000\">est id\u00e9ale pour cr\u00e9er des jeux d&rsquo;eau, la circulation d&rsquo;\u00e9tangs, des cascades, des ruisseaux de fontaine et des aquariums marins, <\/span><\/span><\/p>\n<p><span style=\"font-size:14px;font-family:arial, helvetica, sans-serif;color:#000000\">cette pompe submersible Sunsun ECO 24v dc apportera une nouvelle vie \u00e0 votre \u00e9tang. <\/span><\/p>\n<p><span style=\"font-size:14px;font-family:arial, helvetica, sans-serif;color:#000000\">La pompe submersible Sunsun ECO 24 V DC garantit des performances \u00e9lev\u00e9es et est de qualit\u00e9 fabriqu\u00e9e avec des fonctionnalit\u00e9s exceptionnelles <\/span><\/p>\n<p><span style=\"font-size:14px;font-family:arial, helvetica, sans-serif;color:#000000\">comprenant un bo\u00eetier robuste et durable, une fonction de protection contre la surchauffe, une faible consommation d&rsquo;\u00e9nergie et fonctionne presque en silence. <\/span><\/p>\n<p><span style=\"font-size:14px;font-family:arial, helvetica, sans-serif;color:#000000\">La pompe submersible Sunsun ECO 24 V DC convient \u00e0 l&rsquo;eau douce et \u00e0 l&rsquo;eau sal\u00e9e et est con\u00e7ue pour une longue dur\u00e9e de vie et un fonctionnement continu. <\/span><\/p>\n<p><span style=\"font-size:14px;font-family:arial, helvetica, sans-serif;color:#000000\">Ajoutez une touche amusante \u00e0 votre \u00e9tang et offrez \u00e0 vos cr\u00e9atures marines le meilleur environnement de vie\u00a0!<\/span><\/p>\n<\/p>\n<p><span style=\"font-size:18px;font-family:Arial;color:#000000;background-color:#ffff00\">2. Caract\u00e9ristiques de la pompe de fontaine \u00e0 eau submersible Sunsun ECO 24 V CC <\/span><\/p>\n<\/p>\n<p><span style=\"font-size:14px;font-family:arial, helvetica, sans-serif\">1. Design novateur et g\u00e9n\u00e9reux, utilise la technologie \u00e0 fr\u00e9quence variable\u00a0; petite puissance, grand d\u00e9bit, t\u00eate haute, super silencieux et amphibie. sans-serif;color:#000000;background-color:#ffffff;\u00a0\u00bb&gt;2. Pompe de fontaine submersible 24v dc, arbre en c\u00e9ramique, r\u00e9sistance \u00e0 l&rsquo;usure, pas de rouille, longue dur\u00e9e de vie<\/span><\/p>\n<p><span style=\"font-size:14px;font-family:arial, helvetica, sans-serif\"> <\/span><\/p>\n<p style=\"background:#ffffff\"><span style=\"font-size:14px;font-family:arial, helvetica, sans-serif;color:#000000;background-color:#ffffff\">3. L&rsquo;eau douce et l&rsquo;eau de mer ne contiennent pas d&rsquo;\u00e9l\u00e9ment en cuivre<\/span><\/p>\n<p><span style=\"font-size:14px;font-family:arial, helvetica, sans-serif\"> <\/span><\/p>\n<p style=\"background:#ffffff\"><span style=\"font-size:14px;font-family:arial, helvetica, sans-serif;color:#000000;background-color:#ffffff\">4. Cette <span style=\"color:#000000;background-color:#ffffff\">Pompe submersible 24v dc<\/span> r\u00e9alise une d\u00e9molition gratuite des outils, facile \u00e0 nettoyer<\/span><\/p>\n<p><span style=\"font-size:14px;font-family:arial, helvetica, sans-serif\"> <\/span><\/p>\n<p style=\"background:#ffffff\"><span style=\"font-size:14px;font-family:arial, helvetica, sans-serif;color:#000000;background-color:#ffffff\">5. La sortie est r\u00e9alis\u00e9e \u00e0 plusieurs \u00e9tages, adapt\u00e9e \u00e0 une vari\u00e9t\u00e9 de diam\u00e8tres de raccordement de tuyaux<\/span><\/p>\n<p><span style=\"font-size:14px;font-family:arial, helvetica, sans-serif\"> <\/span><\/p>\n<p style=\"background:#ffffff\"><span style=\"font-size:14px;font-family:arial, helvetica, sans-serif\"><span style=\"color:#000000;background-color:#ffffff\">6. T<\/span><span style=\"color:#000000;background-color:#ffffff\">la fonction de protection du rotor verrouill\u00e9 (coupe imm\u00e9diatement l&rsquo;alimentation apr\u00e8s la mort de la carte feuille d&rsquo;eau.)<\/span><\/span><\/p>\n<p><span style=\"font-size:14px;font-family:arial, helvetica, sans-serif\"> <\/span><\/p>\n<p style=\"background:#ffffff\"><span style=\"font-size:14px;font-family:arial, helvetica, sans-serif\"><span style=\"color:#000000;background-color:#ffffff\">7. <\/span><span style=\"color:#000000;background-color:#ffffff\">Appliquer sur les \u00e9tangs, les r\u00e9servoirs rocheux, bourn et d&rsquo;aquarium avec un \u00e9quipement de recyclage de l&rsquo;eau correspondant<\/span><\/span><\/p>\n<p style=\"background:#ffffff\">\n<p style=\"font-size:18px\">\n<p style=\"font-size:18px\"><span style=\"font-size:18px;font-family:Arial;color:#000000;background-color:#ffff00\">3. D\u00e9tail de la <span style=\"font-family:Arial;color:#000000\">Pompe de fontaine \u00e0 eau submersible Sunsun ECO 24 V DC <\/span><\/span><\/p>\n<p style=\"font-size:18px\"><span style=\"font-size:9pt;font-family:Arial;background:#ffffff;color:#000000\"><span style=\"font-size:18px\"><img decoding=\"async\" alt=\"ECO CTP-2800 3000L\/h pompe submersible de haute qualit\u00e9 24v dc\/pompe de fontaine \u00e0 eau submersible\" src=\"http:\/\/localhost\/media\/import\/detail\/HTB1YOQTJpXXXXccXFXXq6xXFXXXb.jpg\"><img decoding=\"async\" alt=\"ECO CTP-2800 3000L\/h pompe submersible de haute qualit\u00e9 24v dc\/pompe de fontaine \u00e0 eau submersible\" src=\"http:\/\/localhost\/media\/import\/detail\/HTB1b2wzJpXXXXcTXVXXq6xXFXXXj.jpg\"><img decoding=\"async\" alt=\"ECO CTP-2800 Pompe submersible de haute qualit\u00e9 3000L\/h 24v dc\/pompe de fontaine d'eau submersible\" src=\"http:\/\/localhost\/media\/import\/detail\/HTB1pb3YJpXXXXaYXFXXq6xXFXXX9.jpg\"><img decoding=\"async\" alt=\"ECO CTP-2800 3000L\/h haute qualit\u00e9 pompe submersible 24v dc\/pompe de fontaine \u00e0 eau submersible\" src=\"http:\/\/localhost\/media\/import\/detail\/HTB1rSIQJpXXXXazXVXXq6xXFXXXh.jpg\"><img decoding=\"async\" alt=\"ECO CTP-2800 3000L\/h pompe submersible de haute qualit\u00e9 24v dc\/submersible pompe de fontaine \u00e0 eau\" src=\"http:\/\/localhost\/media\/import\/detail\/HTB1eopBFVXXXXbBXVXXq6xXFXXXw.jpg\"><img decoding=\"async\" alt=\"ECO CTP-2800 3000L\/h pompe submersible de haute qualit\u00e9 24v dc\/pompe de fontaine \u00e0 eau submersible\" src=\"http:\/\/localhost\/media\/import\/detail\/HTB1BC0GFVXXXXXXXVXXq6xXFXXXu.jpg\"><\/span><\/span><\/p>\n<\/div>\n<\/div>\n","protected":false},"excerpt":{"rendered":"<p>ECO CTP-2800 3000L\/h-16000L\/h pompe submersible de haute qualit\u00e9 24v dc\/pompe de fontaine \u00e0 eau submersible CTP-2800<\/p>\n","protected":false},"featured_media":5871,"comment_status":"open","ping_status":"closed","template":"","meta":[],"product_brand":[],"product_cat":[1380],"product_tag":[],"class_list":{"0":"post-39254","1":"product","2":"type-product","3":"status-publish","4":"has-post-thumbnail","6":"product_cat-pompes-a-eau-et-amp-tetes-motrices","8":"first","9":"instock","10":"shipping-taxable","11":"purchasable","12":"product-type-simple","13":"add-to-wishlist-after_add_to_cart"},"jetpack_sharing_enabled":true,"_links":{"self":[{"href":"https:\/\/www.reefshops.com\/fr\/wp-json\/wp\/v2\/product\/39254","targetHints":{"allow":["GET"]}}],"collection":[{"href":"https:\/\/www.reefshops.com\/fr\/wp-json\/wp\/v2\/product"}],"about":[{"href":"https:\/\/www.reefshops.com\/fr\/wp-json\/wp\/v2\/types\/product"}],"replies":[{"embeddable":true,"href":"https:\/\/www.reefshops.com\/fr\/wp-json\/wp\/v2\/comments?post=39254"}],"wp:featuredmedia":[{"embeddable":true,"href":"https:\/\/www.reefshops.com\/fr\/wp-json\/wp\/v2\/media\/5871"}],"wp:attachment":[{"href":"https:\/\/www.reefshops.com\/fr\/wp-json\/wp\/v2\/media?parent=39254"}],"wp:term":[{"taxonomy":"product_brand","embeddable":true,"href":"https:\/\/www.reefshops.com\/fr\/wp-json\/wp\/v2\/product_brand?post=39254"},{"taxonomy":"product_cat","embeddable":true,"href":"https:\/\/www.reefshops.com\/fr\/wp-json\/wp\/v2\/product_cat?post=39254"},{"taxonomy":"product_tag","embeddable":true,"href":"https:\/\/www.reefshops.com\/fr\/wp-json\/wp\/v2\/product_tag?post=39254"}],"curies":[{"name":"wp","href":"https:\/\/api.w.org\/{rel}","templated":true}]}}