{"id":39281,"date":"2016-09-25T23:28:39","date_gmt":"2016-09-25T23:28:39","guid":{"rendered":"https:\/\/www.reefshops.com\/product\/pompe-daquarium-submersible-sunsun-400l-h-hj-542\/"},"modified":"2025-03-16T09:07:11","modified_gmt":"2025-03-16T09:07:11","slug":"pompe-daquarium-submersible-sunsun-400l-h-hj-542","status":"publish","type":"product","link":"https:\/\/www.reefshops.com\/fr\/produit\/pompe-daquarium-submersible-sunsun-400l-h-hj-542\/","title":{"rendered":"Pompe d&rsquo;aquarium submersible SUNSUN 400L\/H HJ-542"},"content":{"rendered":"<div style=\"clear:both\"><\/div>\n<p><span style=\"font-size:18px;font-family:times new roman,times\"><\/span> <\/p>\n<\/p>\n<p><span style=\"text-decoration:underline\"><span style=\"background-color:#ffff00\"><strong><span style=\"font-size:24px\"> 2.Mod\u00e8le\u00a0: HJ-542, pompe submersible multifonction\u00a0:<\/span><\/strong><\/span><\/span><\/p>\n<\/p>\n<p style=\"background:#ffffff\"><span style=\"font-size:18px;font-family:times new roman,times;background:#ffffff;color:#0000ff\">Cette pompe submersible 400L\/H est parfait pour les petits r\u00e9servoirs car il est facilement cach\u00e9. <\/span><\/p>\n<p style=\"background:#ffffff\"><span style=\"font-size:18px;font-family:times new roman,times;color:#0000ff\"><span style=\"background:#ffffff\">Il est fabriqu\u00e9 \u00e0 partir de <\/span><span style=\"background:#ffffff\">particules ABS standard sup\u00e9rieures et convient \u00e0 une utilisation en eau sal\u00e9e. <\/span><\/span><\/p>\n<p style=\"background:#ffffff\"><span style=\"font-size:18px;font-family:times new roman,times;background:#ffffff;color:#0000ff\">r\u00e9servoirs d&rsquo;aquarium.<\/span><\/p>\n<p><span style=\"font-size:18px;font-family:times new roman,times\"> <\/span><\/p>\n<p><span style=\"font-size:18px;font-family:times new roman,times\"> <\/span><\/p>\n<table class=\"aliDataTable\" style=\"width:80%\" border=\"1\">\n<tbody>\n<tr>\n<td><img decoding=\"async\" alt=\"Pompe d'aquarium submersible SUNSUN 400L\/H\" src=\"http:\/\/localhost\/media\/import\/detail\/756340142_783.jpg\"><\/td>\n<\/tr>\n<tr>\n<td>\n<p style=\"background:#ffffff\">\n<p style=\"background:#ffffff\"><span style=\"text-decoration:underline\"><span style=\"font-size:24px\"><span style=\"background-color:#ffff00\"><strong>3. Caract\u00e9ristiques\u00a0:<\/strong><\/span><\/span><\/span><\/p>\n<p style=\"background:#ffffff\">\n<p><span style=\"font-size:18px;font-family:times new roman,times\">1.il utilise un noyau d&rsquo;arbre \u00e0 haute r\u00e9sistance et r\u00e9sistant \u00e0 l&rsquo;usure, a une \u00e9nergie tr\u00e8s efficace <\/span><\/p>\n<p><span style=\"font-size:18px;font-family:times new roman,times\"> \u00e9conomie et longue dur\u00e9e de vie<\/span><\/p>\n<p><span style=\"font-size:18px;font-family:times new roman,times\"> <\/span><\/p>\n<p><span style=\"font-size:18px;font-family:times new roman,times\">2. il est r\u00e9sistant \u00e0 l&rsquo;eau, \u00e0 haute rigidit\u00e9 di\u00e9lectrique, il est s\u00fbr et fiable<\/span><\/p>\n<p><span style=\"font-size:18px;font-family:times new roman,times\"> <\/span><\/p>\n<p><span style=\"font-size:18px;font-family:times new roman,times\">3.il est con\u00e7u avec une turbine centrifuge, a un d\u00e9bit \u00e9lev\u00e9 et pression<\/span><\/p>\n<p><span style=\"font-size:18px;font-family:times new roman,times\"> <\/span><\/p>\n<p><span style=\"font-size:18px;font-family:times new roman,times\">4. il a diverses fonctions comme pompage, filtre et oxyg\u00e8ne, il appartient au submersible multifonction<\/span><\/p>\n<p><span style=\"font-size:18px;font-family:times new roman,times\"> <\/span><\/p>\n<p><span style=\"font-size:18px;font-family:times new roman,times\">5. appliquer aux aquariums, \u00e0 la circulation de l&rsquo;eau des \u00e9tangs de rocaille et aux appareils correspondant.<\/span><\/p>\n<\/p>\n<\/td>\n<\/tr>\n<\/tbody>\n<\/table>\n<\/p>\n<p><span style=\"font-size:18px;color:#0000ff\"><span style=\"font-family:verdana,geneva\"> le mod\u00e8le mis \u00e0 jour HJ-542, il a plus de fonctions que l&rsquo;UJ-541, telles<\/span><\/span><\/p>\n<p><span style=\"font-size:18px;color:#0000ff\"><span style=\"font-family:verdana,geneva\"> comme fonctions d&rsquo;<strong><span style=\"color:#ff0000\">a\u00e9ration<\/span><\/strong><\/span><\/span><span style=\"font-size:18px;color:#0000ff\"><span style=\"font-family:verdana,geneva\"><strong> <\/strong> et<\/span><\/span><span style=\"font-size:18px;color:#ff0000\"><span style=\"font-family:verdana,geneva\"><strong> filtration.<\/strong><\/span><\/span><\/p>\n<\/p>\n<p><span style=\"font-size:18px\"><span style=\"font-size:18px;color:#0000ff\"><span style=\"font-family:verdana,geneva\"> <\/span><\/span><\/span><span style=\"font-size:24px;color:#000000;background-color:#ffff00\"><span style=\"font-family:verdana,geneva\">HJ-541<\/span><\/span><span style=\"font-size:18px\"><span style=\"font-size:18px;color:#0000ff\"><span style=\"font-family:verdana,geneva\"><span style=\"font-size:24px;color:#000000\"> <\/span> <\/span><\/span><\/span><span style=\"font-size:24px;color:#000000;background-color:#ffff00\"><span style=\"font-family:verdana,geneva\">HJ-542<\/span><\/span><\/p>\n<\/p>\n<p><img loading=\"lazy\" decoding=\"async\" alt=\"SUNSUN 400L\/H pompe d'aquarium submersible\" src=\"http:\/\/localhost\/media\/import\/detail\/756109510_599.jpg\" width=\"300\" height=\"300\"> <img loading=\"lazy\" decoding=\"async\" alt=\"Pompe d'aquarium submersible SUNSUN 400L\/H\" src=\"http:\/\/localhost\/media\/import\/detail\/756341766_139.jpg\" width=\"300\" height=\"300\"><\/p>\n<p><span style=\"text-decoration:underline\"><strong><span style=\"font-size:24px;background-color:#ffff00\"><span style=\"text-decoration:underline;font-family:'Verdana';color:#2f2f2f\"> 4. Les sp\u00e9cifications\u00a0:<\/span><\/span><\/strong><\/span><\/p>\n<\/p>\n<p style=\"background:#ffffff\"><span style=\"font-size:18px;font-family:times new roman,times\"> <\/span><span style=\"font-size:18px;font-family:times new roman,times;color:#0000ff\">Alimentation <span style=\"color:#000000\">5w <\/span><\/span><span style=\"font-size:18px;font-family:times new roman,times;color:#0000ff\"><span style=\"color:#000000\"><span style=\"color:#0000ff\">longueur du c\u00e2ble <\/span>2m<\/span><\/span><\/p>\n<p style=\"background:#ffffff\"><span style=\"font-size:18px;font-family:times new roman,times\"> <\/span><\/p>\n<p style=\"background:#ffffff\"><span style=\"font-size:18px;font-family:times new roman,times;color:#2f2f2f\"><span style=\"color:#0000ff\">Sortie\u00a0: <span style=\"color:#000000\">400l\/h <\/span><\/span><\/span><span style=\"font-size:18px;font-family:times new roman,times\"><span style=\"color:#0000ff\">sortie dia.<\/span> 0,4&Prime;<\/span><\/p>\n<p style=\"background:#ffffff\">\n<p style=\"background:#ffffff\"><span style=\"font-size:18px;font-family:times new roman,times;color:#2f2f2f\"><span style=\"color:#0000ff\">Hauteur max <span style=\"color:#000000\">0,8<\/span><\/span>m <\/span><span style=\"font-size:18px;font-family:times new roman,times\"><span style=\"color:#2f2f2f\"><span style=\"color:#0000ff\">Tension<\/span> 110v220v\/<\/span><span style=\"color:#2f2f2f\">240v<\/span><\/span><\/p>\n<p style=\"background:#ffffff\"><span style=\"font-size:18px;font-family:times new roman,times\"> <\/span><\/p>\n<p><span style=\"font-size:18px;font-family:times new roman,times\"><span style=\"color:#0000ff\">Fr\u00e9quence<\/span><span style=\"color:#2f2f2f\"> 50\/60HZ <\/span><\/span><span style=\"font-size:18px;font-family:times new roman,times\"><span style=\"color:#2f2f2f\"><span style=\"color:#0000ff\">poids <\/span>0,2 kg<\/span><\/span><\/p>\n<p><span style=\"font-size:18px;font-family:times new roman,times\"> <\/span><\/p>\n<p style=\"background:#ffffff\"><span style=\"font-size:18px;font-family:times new roman,times;color:#2f2f2f\"><span style=\"color:#2f2f2f\"><span style=\"color:#0000ff\">Dimensions<\/span> 60x 56x 58mm <\/span><\/span><span style=\"font-size:18px;font-family:times new roman,times\"><span style=\"color:#2f2f2f\"><span style=\"color:#0000ff\">Garantie <\/span><span style=\"color:#000000\">12 mois <\/span><\/span><span style=\"color:#000000\"><br \/><\/span><\/span><\/p>\n<p style=\"background:#ffffff\"><span style=\"font-size:18px;font-family:times new roman,times\"> <\/span><\/p>\n<p style=\"background:#ffffff\">\n<p style=\"background:#ffffff\"><span style=\"text-decoration:underline\"><strong><span style=\"font-size:24px;text-decoration:underline;font-family:'Verdana';background:#ffffff;color:#2f2f2f\"><span style=\"background-color:#ffff00\"> 5. Les autres mod\u00e8les\u00a0:<\/span><\/span><\/strong><\/span><\/p>\n<p style=\"background:#ffffff\">\n<p style=\"background:#ffffff\"> <img decoding=\"async\" alt=\"SUNSUN 400L\/H pompe d'aquarium submersible\" src=\"http:\/\/localhost\/media\/import\/detail\/756113620_237.jpg\"><img decoding=\"async\" alt=\"Pompe d'aquarium submersible SUNSUN 400L\/H\" src=\"http:\/\/localhost\/media\/import\/detail\/756113622_576.jpg\"><img decoding=\"async\" alt=\"Aquarium submersible SUNSUN 400L\/H pompe\" src=\"http:\/\/localhost\/media\/import\/detail\/756113626_156.jpg\"><\/p>\n<p style=\"background:#ffffff\"><img decoding=\"async\" alt=\"SUNSUN 400L\/H pompe d'aquarium submersible\" src=\"http:\/\/localhost\/media\/import\/detail\/756113616_742.jpg\"><\/p>\n<p style=\"background:#ffffff\">\n<p style=\"background:#ffffff\">\n<p style=\"background:#ffffff\">\n<p style=\"background:#ffffff\"><span style=\"font-size:24px\"> <img decoding=\"async\" alt=\"Pompe d'aquarium submersible SUNSUN 400L\/H\" src=\"http:\/\/localhost\/media\/import\/detail\/756120313_130.jpg\"><\/span><\/p>\n<p style=\"background:#ffffff\"><span style=\"font-size:24px\"><img loading=\"lazy\" decoding=\"async\" src=\"http:\/\/localhost\/media\/import\/detail\/550730474_406.jpg\" width=\"608\" height=\"702\"><\/span><\/p>\n<p style=\"background:#ffffff\">\n<p style=\"background:#ffffff\">\n<p><strong><\/strong> <\/p>\n<div style=\"clear:both\"><\/div>\n","protected":false},"excerpt":{"rendered":"<p>Pompe d&rsquo;aquarium submersible SUNSUN 400L\/H HJ-542<\/p>\n","protected":false},"featured_media":5924,"comment_status":"open","ping_status":"closed","template":"","meta":[],"product_brand":[],"product_cat":[1380],"product_tag":[],"class_list":{"0":"post-39281","1":"product","2":"type-product","3":"status-publish","4":"has-post-thumbnail","6":"product_cat-pompes-a-eau-et-amp-tetes-motrices","8":"first","9":"instock","10":"shipping-taxable","11":"purchasable","12":"product-type-simple","13":"add-to-wishlist-after_add_to_cart"},"jetpack_sharing_enabled":true,"_links":{"self":[{"href":"https:\/\/www.reefshops.com\/fr\/wp-json\/wp\/v2\/product\/39281","targetHints":{"allow":["GET"]}}],"collection":[{"href":"https:\/\/www.reefshops.com\/fr\/wp-json\/wp\/v2\/product"}],"about":[{"href":"https:\/\/www.reefshops.com\/fr\/wp-json\/wp\/v2\/types\/product"}],"replies":[{"embeddable":true,"href":"https:\/\/www.reefshops.com\/fr\/wp-json\/wp\/v2\/comments?post=39281"}],"wp:featuredmedia":[{"embeddable":true,"href":"https:\/\/www.reefshops.com\/fr\/wp-json\/wp\/v2\/media\/5924"}],"wp:attachment":[{"href":"https:\/\/www.reefshops.com\/fr\/wp-json\/wp\/v2\/media?parent=39281"}],"wp:term":[{"taxonomy":"product_brand","embeddable":true,"href":"https:\/\/www.reefshops.com\/fr\/wp-json\/wp\/v2\/product_brand?post=39281"},{"taxonomy":"product_cat","embeddable":true,"href":"https:\/\/www.reefshops.com\/fr\/wp-json\/wp\/v2\/product_cat?post=39281"},{"taxonomy":"product_tag","embeddable":true,"href":"https:\/\/www.reefshops.com\/fr\/wp-json\/wp\/v2\/product_tag?post=39281"}],"curies":[{"name":"wp","href":"https:\/\/api.w.org\/{rel}","templated":true}]}}