{"id":39283,"date":"2016-09-25T23:28:39","date_gmt":"2016-09-25T23:28:39","guid":{"rendered":"https:\/\/www.reefshops.com\/product\/sunsun-3000l-h-hqb-3503-equipement-de-jardin-maisons-outils-de-jardin-de-porte\/"},"modified":"2025-03-16T09:07:12","modified_gmt":"2025-03-16T09:07:12","slug":"sunsun-3000l-h-hqb-3503-equipement-de-jardin-maisons-outils-de-jardin-de-porte","status":"publish","type":"product","link":"https:\/\/www.reefshops.com\/fr\/produit\/sunsun-3000l-h-hqb-3503-equipement-de-jardin-maisons-outils-de-jardin-de-porte\/","title":{"rendered":"SUNSUN 3000L\/h HQB-3503 \u00e9quipement de jardin maisons outils de jardin de porte"},"content":{"rendered":"<div style=\"clear:both\"><\/div>\n<div id=\"ali-anchor-AliPostDhMb-zur8x\" style=\"padding-top:8px\" data-section-title=\"Description du produit\" data-section=\"AliPostDhMb-zur8x\">\n<div id=\"ali-title-AliPostDhMb-zur8x\" style=\"border-bottom:#ddd 1px solid;padding-bottom:8px;padding-top:8px;padding-left:0px;padding-right:0px\"><span style=\"font-weight:bold;color:#333;padding-bottom:8px;padding-top:8px;padding-left:10px;line-height:12px;padding-right:10px;background-color:#ddd\">Description du produit<\/span><\/div>\n<div style=\"padding-bottom:10px;padding-top:10px;padding-left:0px;padding-right:0px\">\n<div>\n<div style=\"float:gauche;background-color:#00ccff\"> <\/div>\n<div style=\"float:droite;padding-bottom:5px;padding-top:5px;padding-left:0px;padding-right:0px;background-color:#0099ff\">\n<div style=\"font-size:24px;border-top:#ffffff 1px solide;font-family:Arial;border-bottom:#ffffff 1px solid;font-weight:bold;font-style:italic;padding-left:10px;line-height:30px\">Affichage du produit<\/div>\n<\/div>\n<\/div>\n<\/div>\n<\/div>\n<p data-section-blank=\"AliPostDhMb-zur8x\"><img decoding=\"async\" alt=\".jpg\" src=\"http:\/\/localhost\/media\/import\/detail\/HTB1u9zzGpXXXXa1aXXXq6xXFXXXj.jpg\"><\/p>\n<p><span style=\"font-size:14px;font-family:arial,helvetica,sans-serif;color:#008000\"><strong>Application<\/strong><\/span><\/p>\n<p><span style=\"font-size:14px;font-family:arial,helvetica,sans-serif\"><span style=\"color:#000000\">1.fountain<\/span><span style=\"color:#000000\">\/<\/span><span style=\"color:#000000\">aquarium<\/span><\/span><\/p>\n<p><span style=\"font-size:14px;font-family:arial,helvetica,sans-serif\"><span style=\"color:#000000\">2.<\/span>Puits, chutes de pluie, Feng Shui et piscine<\/span><\/p>\n<p><span style=\"font-size:14px;font-family:arial,helvetica,sans-serif;color:#000000\">3. Irrigation de jardin\/ferme<\/span><\/p>\n<p><span style=\"font-size:14px;font-family:arial,helvetica,sans-serif;color:#000000\">4 Aquarium Petit \u00e9tang \u00e0 poissons<\/span><\/p>\n<p><span style=\"font-size:14px;font-family:arial,helvetica,sans-serif;color:#000000\">5.Approvisionnement en eau pour t\u00e9l\u00e9commande ares etc. tous les syst\u00e8mes de jeux d&rsquo;eau<\/span><\/p>\n<p><span style=\"font-size:14px;font-family:arial,helvetica,sans-serif;color:#000000\">6. \u00e9tang koi et tous les autres jeux d&rsquo;eau gr\u00e2ce \u00e0 la technologie avanc\u00e9e utilis\u00e9e dans notre pompe<\/span><\/p>\n<p><span style=\"font-size:14px;font-family:arial,helvetica,sans-serif\"><span style=\"color:#000000\">7.<\/span> Professionnels pour une vari\u00e9t\u00e9 d&rsquo;artisanat, une rocaille, un jardin de fontaine d\u00e9di\u00e9, un aquarium, des fontaines d&rsquo;eau <\/span><\/p>\n<p><span style=\"font-size:14px;font-family:arial,helvetica,sans-serif\">et d&rsquo;autres \u0153uvres d\u00e9coratives.<\/span><\/p>\n<p><span style=\"font-size:14px;font-family:arial,helvetica,sans-serif\"> <\/span><\/p>\n<p><span style=\"font-size:14px;font-family:arial,helvetica,sans-serif\"><span style=\"color:#008000\"><strong>Caract\u00e9ristique\u00a0:<br \/><\/strong><\/span>1. Parfait pour l&rsquo;int\u00e9rieur ou l&rsquo;ext\u00e9rieur utiliser.<\/span><\/p>\n<p><span style=\"font-size:14px;font-family:arial,helvetica,sans-serif\">2. Conception compacte, silencieuse, s\u00fbre et durable.<\/span><\/p>\n<p><span style=\"font-size:14px;font-family:arial,helvetica,sans-serif\">3. Haute efficacit\u00e9\u00a0: \u00e9conomies sur les co\u00fbts de fonctionnement et \u00e9conomies d&rsquo;\u00e9nergie jusqu&rsquo;\u00e0 50\u00a0% par rapport \u00e0 avant<\/span><\/p>\n<p><span style=\"font-size:14px;font-family:arial,helvetica,sans-serif\">4. Compl\u00e8tement non corrosif<\/span><\/p>\n<p><span style=\"font-size:14px;font-family:arial,helvetica,sans-serif\">5. Il a une bonne \u00e9tanch\u00e9it\u00e9 et une r\u00e9sistance di\u00e9lectrique \u00e9lev\u00e9e<\/span><\/p>\n<p><span style=\"font-size:14px;font-family:arial,helvetica,sans-serif\">6. Les pompes sont adapt\u00e9es aux environnements d&rsquo;eau douce et d&rsquo;eau sal\u00e9e<\/span><\/p>\n<p><span style=\"font-size:14px;font-family:arial,helvetica,sans-serif\">7. Pompe submersible avec diff\u00e9rentes t\u00eates de refoulement, contr\u00f4le de d\u00e9bit r\u00e9glable.<\/span><\/p>\n<p><span style=\"font-size:14px;font-family:arial,helvetica,sans-serif\">8. Plong\u00e9e sous-marine compl\u00e8te, \u00e9conomie d&rsquo;\u00e9nergie et durabilit\u00e9, et s\u00e9curit\u00e9 hyperstatique<\/span><\/p>\n<\/p>\n<p><span style=\"font-size:14px;font-family:arial,helvetica,sans-serif\"><span style=\"color:#339966\"><strong><span style=\"font-size:16px\">Param\u00e8tre\u00a0:<\/span><\/strong><\/span><\/span><\/p>\n<table class=\"aliDataTable\" border=\"1\">\n<tbody>\n<tr>\n<td style=\"text-align:center\"><strong>Mod\u00e8le<\/strong><\/td>\n<td style=\"text-align:center\"><strong>Tension<\/strong><\/td>\n<td style=\"text-align:center\"><strong>Fr\u00e9quence<\/strong><\/td>\n<td style=\"text-align:center\"><strong>Puissance<\/strong><\/td>\n<td style=\"text-align:center\"><strong>H-max<\/strong><\/td>\n<td style=\"text-align:center\"><strong>Sortie<\/strong><\/td>\n<td style=\"text-align:center\"><strong>Longueur du c\u00e2ble<\/strong><\/td>\n<td style=\"text-align:center\"><strong>Poids<\/strong><\/td>\n<td style=\"text-align:center\"><strong>L*W*H(mm)<\/strong><\/td>\n<\/tr>\n<tr>\n<td style=\"text-align:center\">HQB-2003<\/td>\n<td style=\"text-align:center\">110V\/220V\/240V<\/td>\n<td style=\"text-align:center\">50Hz\/60Hz<\/td>\n<td style=\"text-align:center\"> 24W<\/td>\n<td style=\"text-align:center\"> 1,8m<\/td>\n<td style=\"text-align:center\"> 1400L\/h<\/td>\n<td style=\"text-align:center\">10m<\/td>\n<td style=\"text-align:center\"> 1,0kg<\/td>\n<td style=\"text-align:center\">165*125*100<\/td>\n<\/tr>\n<tr>\n<td style=\"text-align:center\">HQB-2203<\/td>\n<td style=\"text-align:center\">110V\/220V\/240V <\/td>\n<td style=\"text-align:center\"> 50Hz\/60Hz<\/td>\n<td style=\"text-align:center\"> 40W<\/td>\n<td style=\"text-align:center\"> 2,3m<\/td>\n<td style=\"text-align:center\">1900L\/h<\/td>\n<td style=\"text-align:center\">10m<\/td>\n<td style=\"text-align:center\"> 1,4kg<\/td>\n<td style=\"text-align:center\"> 135*105*135<\/td>\n<\/tr>\n<tr>\n<td style=\"text-align:center\">HQB-2503<\/td>\n<td style=\"text-align:center\"> 110V\/220V\/240V<\/td>\n<td style=\"text-align:center\">50Hz\/60Hz <\/td>\n<td style=\"text-align:center\"> 55W<\/td>\n<td style=\"text-align:center\"> 2,5m<\/td>\n<td style=\"text-align:center\"> 2000L\/h<\/td>\n<td style=\"text-align:center\"> 10m<\/td>\n<td style=\"text-align:center\"> 1,4kg<\/td>\n<td style=\"text-align:center\"> 153*105*135<\/td>\n<\/tr>\n<tr>\n<td style=\"text-align:center\">HQB-3003<\/td>\n<td style=\"text-align:center\"> 110V\/220V\/240V<\/td>\n<td style=\"text-align:center\"> 50Hz\/60Hz<\/td>\n<td style=\"text-align:center\"> 60W<\/td>\n<td style=\"text-align:center\"> 3,0m<\/td>\n<td style=\"text-align:center\"> 2500L\/h<\/td>\n<td style=\"text-align:center\"> 10m<\/td>\n<td style=\"text-align:center\"> 1,8kg<\/td>\n<td style=\"text-align:center\"> 153*105*135<\/td>\n<\/tr>\n<tr>\n<td style=\"text-align:center\">HQB-3503<\/td>\n<td style=\"text-align:center\"> 110V\/220V\/240V<\/td>\n<td style=\"text-align:center\"> 50Hz\/60Hz<\/td>\n<td style=\"text-align:center\"> 85W<\/td>\n<td style=\"text-align:center\"> 3,5m<\/td>\n<td style=\"text-align:center\">\n<p> 3000L\/h<\/p>\n<\/td>\n<td style=\"text-align:center\"> 10m<\/td>\n<td style=\"text-align:center\"> 1,45kg<\/td>\n<td style=\"text-align:center\"> 153*105*135<\/td>\n<\/tr>\n<tr>\n<td style=\"text-align:center\">HQB-4503<\/td>\n<td style=\"text-align:center\"> 110V\/220V\/240V<\/td>\n<td style=\"text-align:center\"> 50Hz\/60Hz<\/td>\n<td style=\"text-align:center\"> 100W<\/td>\n<td style=\"text-align:center\"> 4,0m<\/td>\n<td style=\"text-align:center\"> 4500L\/h<\/td>\n<td style=\"text-align:center\"> 10m<\/td>\n<td style=\"text-align:center\"> 3,2kg<\/td>\n<td style=\"text-align:center\"> 175*112*133<\/td>\n<\/tr>\n<tr>\n<td style=\"text-align:center\">HQB-5503<\/td>\n<td style=\"text-align:center\"> 110V\/220V\/240V<\/td>\n<td style=\"text-align:center\"> 50Hz\/60Hz<\/td>\n<td style=\"text-align:center\"> 150W<\/td>\n<td style=\"text-align:center\"> 5,0m<\/td>\n<td style=\"text-align:center\"> 5500L\/h<\/td>\n<td style=\"text-align:center\"> 10m<\/td>\n<td style=\"text-align:center\"> 3,3kg<\/td>\n<td style=\"text-align:center\"> 175*112*133<\/td>\n<\/tr>\n<\/tbody>\n<\/table>\n<p><span style=\"font-size:14px;font-family:arial,helvetica,sans-serif\"><br \/><\/span><\/p>\n<p style=\"text-align:center\">\n<p style=\"text-align:center\"><img decoding=\"async\" alt=\"SUNSUN 3000L\/h HQB-3503 \u00e9quipement de jardin abrite des outils de jardin de porte\" src=\"http:\/\/localhost\/media\/import\/detail\/HTB1H9CGGpXXXXbxapXXq6xXFXXXd.jpg\"><img decoding=\"async\" alt=\"SUNSUN 3000L\/h HQB-3503 \u00e9quipement de jardin abrite des outils de jardin de porte\" src=\"http:\/\/localhost\/media\/import\/detail\/HTB1j.nbGpXXXXXTaXXXq6xXFXXXW.jpg\"><img decoding=\"async\" alt=\"SUNSUN 3000L\/h HQB-3503 \u00e9quipement de jardin abrite des outils de jardinage de porte\" src=\"http:\/\/localhost\/media\/import\/detail\/HTB1T0WOGpXXXXbaaXXXq6xXFXXXD.jpg\"><img decoding=\"async\" alt=\"SUNSUN 3000L\/h HQB-3503 \u00e9quipement de jardin abrite des outils de jardinage de porte\" src=\"http:\/\/localhost\/media\/import\/detail\/HTB1tL4eGVXXXXbbXFXXq6xXFXXXT.jpg\"><img decoding=\"async\" alt=\"SUNSUN 3000L\/h HQB-3503 \u00e9quipement de jardin abrite des outils de jardinage de porte\" src=\"http:\/\/localhost\/media\/import\/detail\/HTB1bmGCGpXXXXbXapXXq6xXFXXXD.jpg\"> <\/p><\/p>\n","protected":false},"excerpt":{"rendered":"<p>SUNSUN 3000L\/h HQB-3503 \u00e9quipement de jardin maisons outils de jardin de porte<\/p>\n","protected":false},"featured_media":5928,"comment_status":"open","ping_status":"closed","template":"","meta":[],"product_brand":[],"product_cat":[1380],"product_tag":[],"class_list":{"0":"post-39283","1":"product","2":"type-product","3":"status-publish","4":"has-post-thumbnail","6":"product_cat-pompes-a-eau-et-amp-tetes-motrices","8":"first","9":"instock","10":"shipping-taxable","11":"purchasable","12":"product-type-simple","13":"add-to-wishlist-after_add_to_cart"},"jetpack_sharing_enabled":true,"_links":{"self":[{"href":"https:\/\/www.reefshops.com\/fr\/wp-json\/wp\/v2\/product\/39283","targetHints":{"allow":["GET"]}}],"collection":[{"href":"https:\/\/www.reefshops.com\/fr\/wp-json\/wp\/v2\/product"}],"about":[{"href":"https:\/\/www.reefshops.com\/fr\/wp-json\/wp\/v2\/types\/product"}],"replies":[{"embeddable":true,"href":"https:\/\/www.reefshops.com\/fr\/wp-json\/wp\/v2\/comments?post=39283"}],"wp:featuredmedia":[{"embeddable":true,"href":"https:\/\/www.reefshops.com\/fr\/wp-json\/wp\/v2\/media\/5928"}],"wp:attachment":[{"href":"https:\/\/www.reefshops.com\/fr\/wp-json\/wp\/v2\/media?parent=39283"}],"wp:term":[{"taxonomy":"product_brand","embeddable":true,"href":"https:\/\/www.reefshops.com\/fr\/wp-json\/wp\/v2\/product_brand?post=39283"},{"taxonomy":"product_cat","embeddable":true,"href":"https:\/\/www.reefshops.com\/fr\/wp-json\/wp\/v2\/product_cat?post=39283"},{"taxonomy":"product_tag","embeddable":true,"href":"https:\/\/www.reefshops.com\/fr\/wp-json\/wp\/v2\/product_tag?post=39283"}],"curies":[{"name":"wp","href":"https:\/\/api.w.org\/{rel}","templated":true}]}}