{"id":39284,"date":"2016-09-25T23:28:39","date_gmt":"2016-09-25T23:28:39","guid":{"rendered":"https:\/\/www.reefshops.com\/product\/sunsun-ctp-5000-eco-30w-5000l-h-variation-de-frequence-submersible\/"},"modified":"2025-03-16T09:07:12","modified_gmt":"2025-03-16T09:07:12","slug":"sunsun-ctp-5000-eco-30w-5000l-h-variation-de-frequence-submersible","status":"publish","type":"product","link":"https:\/\/www.reefshops.com\/fr\/produit\/sunsun-ctp-5000-eco-30w-5000l-h-variation-de-frequence-submersible\/","title":{"rendered":"SUNSUN CTP-5000 ECO 30w 5000L\/h Variation de Fr\u00e9quence Submersible"},"content":{"rendered":"<div style=\"clear:both\"><\/div>\n<div style=\"font-size:13px;font-family:Arial, Helvetica, sans-serif;width:726px;color:#000000\"> <\/div>\n<div style=\"font-size:13px;font-family:Arial, Helvetica, sans-serif;width:726px;color:#000000\">\n<table class=\"ke-zeroborder\" cellpadding=\"0\" border=\"0\">\n<tbody>\n<tr>\n<td><a href=\"http:\/\/preview.alibaba.com\/product\/1940320417-215139431\/SUNSUN_Newly_ECO_Low_Power_Super_Quiet_Pond_Fountain_Submersible_Water_Pump_CTF_3800.html\" target=\"_blank\"><img loading=\"lazy\" decoding=\"async\" border=\"0\" alt=\"SUNSUN CTP-5000 ECO 30w 5000L\/h Pompe \u00e0 eau de fontaine submersible \u00e0 variation de fr\u00e9quence\" src=\"http:\/\/localhost\/media\/import\/detail\/HTB1_QwQGpXXXXXBXpXXq6xXFXXXO.jpg\" width=\"190\" height=\"300\"><\/a><\/td>\n<td> <\/td>\n<td><a href=\"http:\/\/preview.alibaba.com\/product\/60041935615-215139431\/SUNSUN_CTP_5000_ECO_30w_5000L_h_water_pump_home_use.html\" target=\"_blank\"><img loading=\"lazy\" decoding=\"async\" border=\"0\" alt=\"SUNSUN CTP-5000 ECO 30w Pompe \u00e0 eau de fontaine submersible \u00e0 variation de fr\u00e9quence 5000L\/h\" src=\"http:\/\/localhost\/media\/import\/detail\/HTB1pSkIGpXXXXauXpXXq6xXFXXX0.jpg\" width=\"189\" height=\"300\"><\/a><\/td>\n<td><a href=\"http:\/\/preview.alibaba.com\/product\/60011545865-215139431\/SUNSUN_HJ_series_Plastic_Circulation_Mini_Auto_Water_Pump.html\" target=\"_blank\"><img loading=\"lazy\" decoding=\"async\" border=\"0\" alt=\"SUNSUN CTP-5000 ECO 30w 5000L\/h Pompe \u00e0 eau de fontaine submersible \u00e0 variation de fr\u00e9quence\" src=\"http:\/\/localhost\/media\/import\/detail\/HTB1T6onGpXXXXb3XVXXq6xXFXXXe.jpg\" width=\"186\" height=\"300\"><\/a><\/td>\n<\/tr>\n<\/tbody>\n<\/table>\n<\/div>\n<div id=\"ali-anchor-AliPostDhMb-x97li\" style=\"padding-top:8px\" data-section-title=\"Description du produit\" data-section=\"AliPostDhMb-x97li\">\n<div id=\"ali-title-AliPostDhMb-x97li\" style=\"border-bottom:#ddd 1px solid;padding-bottom:8px;padding-top:8px;padding-left:0px;padding-right:0px\"><span style=\"font-weight:bold;color:#333;padding-bottom:8px;padding-top:8px;padding-left:10px;line-height:12px;padding-right:10px;background-color:#ddd\">Description du produit<\/span><\/div>\n<div style=\"padding-bottom:10px;padding-top:10px;padding-left:0px;padding-right:0px\">\n<div>\n<div style=\"float:gauche;background-color:#00ccff\"> <\/div>\n<div style=\"float:droite;padding-bottom:5px;padding-top:5px;padding-left:0px;padding-right:0px;background-color:#0099ff\">\n<div style=\"font-size:24px;border-top:#ffffff 1px solid;font-family:Arial;border-bottom:#ffffff 1px solid;font-weight:bold;font-style:italic;padding-left:10px;line-height:30px\">Affichage du produit<\/div>\n<\/div>\n<\/div>\n<\/div>\n<\/div>\n<p><span style=\"font-size:14pt\"><strong>CARACT\u00c9RISTIQUES\u00a0:<\/strong><\/span><\/p>\n<p><span style=\"font-size:18px\"><span style=\"font-size:12pt;color:#800000\"><strong>01<\/strong><\/span><span style=\"color:#993300\"><span style=\"font-size:14px;font-family:arial,helvetica,sans-serif;color:#000000\"> Il int\u00e8gre une lumi\u00e8re UV-C et une pompe \u00e0 eau dans son ensemble, compact-<\/span><\/span><span style=\"color:#993300\"><span style=\"font-size:14px;font-family:arial,helvetica,sans-serif;color:#000000\"> taille et installation facile;<\/span><br \/><span style=\"font-size:14px;font-family:arial,helvetica,sans-serif;color:#000000\"><span style=\"color:#800000\"><strong><span style=\"font-size:18px\">02<\/span><\/strong><\/span> Il utilise une eau \u00e9conome en \u00e9nergie et silencieuse \u00e0 tr\u00e8s faible bruit<\/span><span style=\"font-size:14px;font-family:arial,helvetica,sans-serif;color:#000000\"> pompe et lumi\u00e8re UV submersible\u00a0;<\/span><br \/><span style=\"font-size:14px;font-family:arial,helvetica,sans-serif;color:#000000\"><span style=\"color:#800000\"><strong><span style=\"font-size:18px\">03<\/span><\/strong><\/span> Ce produit est principalement adapt\u00e9 \u00e0 la circulation de l&rsquo;eau du fond<\/span><span style=\"font-size:14px;font-family:arial,helvetica,sans-serif;color:#000000\"> r\u00e9servoirs de filtration arowana;<\/span><br \/><span style=\"font-size:14px;font-family:arial,helvetica,sans-serif;color:#000000\"><span style=\"font-size:18px;color:#800000\"><strong>04<\/strong><\/span> Afin de ne pas avoir d&rsquo;impact sur le d\u00e9bit de la pompe, la lumi\u00e8re UV sera<\/span><span style=\"font-size:14px;font-family:arial,helvetica,sans-serif;color:#000000\"> \u00eatre plac\u00e9e \u00e0 l&rsquo;entr\u00e9e ;<\/span><br \/><span style=\"font-size:14px;font-family:arial,helvetica,sans-serif;color:#000000\"><span style=\"font-size:18px;color:#800000\"><strong>05<\/strong><\/span> Ajusteur sp\u00e9cialement con\u00e7u, qui peut ajuster la sortie par la lumi\u00e8re UV<\/span><span style=\"font-size:14px;font-family:arial,helvetica,sans-serif;color:#000000\"> facilement, puis pour assurer le bon r\u00e9sultat de la filtration UV.<\/span><\/span><\/span><\/p>\n<p><span style=\"font-size:16px;font-family:Calibri, 'zapf dingbats'\"><span style=\"line-height:21px\"><span>06<\/span> Cette pompe \u00e0 eau ECO s&rsquo;applique aux <em><strong> \u00e9tangs, rockey, bourn, r\u00e9servoirs d&rsquo;aquarium<\/strong> <\/em> et <em><strong> r\u00e9servoir de fruits de mer<\/strong> <\/em> avec recyclage de l&rsquo;eau <\/span><span style=\"line-height:21px\"> correspondance d&rsquo;\u00e9quipement.<\/span><\/span><\/p>\n<p><span style=\"font-size:16px;font-family:Calibri, 'zapf dingbats';line-height:21px\"><span style=\"font-size:18px;color:#800000\"><strong>07<\/strong><\/span><em><strong> Aspiration de faible niveau<\/strong> <\/em> et<em><strong> faible bruit<\/strong><\/em> . Le d\u00e9bit d&rsquo;eau peut \u00eatre ajust\u00e9\u00a0!<\/span><\/p>\n<p><span style=\"font-size:16px;font-family:Calibri, 'zapf dingbats';line-height:21px\"><span style=\"font-size:18px\"><strong><span style=\"color:#800000\">08<\/span><\/strong><\/span> La conception du grand panier filtrant rend<em><strong> l&rsquo;entretien beaucoup plus important. plus long<\/strong><\/em> .<\/span><\/p>\n<p><span style=\"font-size:16px;font-family:Calibri, 'zapf dingbats';line-height:21px\"><span style=\"font-size:18px\"><strong><span style=\"color:#800000\">09<\/span><\/strong><\/span> Double joint en r\u00e9sine et anneau en caoutchouc il<em><strong> plus s\u00fbr \u00e0 utiliser<\/strong><\/em> .<\/span><\/p>\n<p><span style=\"font-size:16px;font-family:Calibri, 'zapf dingbats';line-height:21px\"><span style=\"font-size:18px\"><strong><span style=\"color:#800000\">10<\/span><\/strong><\/span> Arbre en c\u00e9ramique \u00e0 haute r\u00e9sistance et \u00e0 l&rsquo;usure,<em><strong> longue dur\u00e9e de vie<\/strong><\/em> .<\/span><\/p>\n<p style=\"text-align:left\"><span style=\"font-size:16px;font-family:Calibri, 'zapf dingbats';line-height:21px\"><span style=\"font-size:18px\"><strong><span style=\"color:#800000\">11<\/span><\/strong><\/span> Moteur asynchrone standard haute performance avec un nouveau design et<strong><span style=\"color:#ff0000\"> \u00e9conomie d&rsquo;\u00e9nergie jusqu&rsquo;\u00e0 60\u00a0%<\/span><\/strong> qu&rsquo;auparavant.<\/span><\/p>\n<p style=\"text-align:left\">\n<p style=\"text-align:left\"><span style=\"font-size:18px\"><strong><span style=\"color:#993300\"><img decoding=\"async\" alt=\"CTP_01.jpg\" src=\"http:\/\/localhost\/media\/import\/detail\/HTB1pYJHFVXXXXarXFXXq6xXFXXXH.jpg\"><img decoding=\"async\" alt=\"CTP_02.jpg\" src=\"http:\/\/localhost\/media\/import\/detail\/HTB1kyXGFVXXXXcDXpXXq6xXFXXX0.jpg\"><img decoding=\"async\" alt=\"CTP_03.jpg\" src=\"http:\/\/localhost\/media\/import\/detail\/HTB1YYlFFVXXXXb9XVXXq6xXFXXXL.jpg\"><img decoding=\"async\" alt=\"CTP_04.jpg\" src=\"http:\/\/localhost\/media\/import\/detail\/HTB1C8XJFVXXXXaBXpXXq6xXFXXXf.jpg\"><img decoding=\"async\" alt=\"CTP_05.jpg\" src=\"http:\/\/localhost\/media\/import\/detail\/HTB1eopBFVXXXXbBXVXXq6xXFXXXw.jpg\"><a href=\"http:\/\/gzweierma.en.alibaba.com\/productgrouplist-215139685-2\/UV_C_Clarifying.html?isGallery=Y\" target=\"_blank\"><img decoding=\"async\" alt=\"CTP_06.jpg\" src=\"http:\/\/localhost\/media\/import\/detail\/HTB1BC0GFVXXXXXXXVXXq6xXFXXXu.jpg\"><\/a><\/span><\/strong><\/span><\/p>\n<p data-section-blank=\"AliPostDhMb-o9591\"> <img decoding=\"async\" alt=\"001.jpg\" src=\"http:\/\/localhost\/media\/import\/detail\/HTB18sWCGpXXXXcRaXXXq6xXFXXXJ.jpg\"><img decoding=\"async\" alt=\"002.jpg\" src=\"http:\/\/localhost\/media\/import\/detail\/HTB1taR4GpXXXXXfaXXXq6xXFXXXN.jpg\"><img decoding=\"async\" alt=\"003.jpg\" src=\"http:\/\/localhost\/media\/import\/detail\/HTB1t85cGpXXXXX_aXXXq6xXFXXXb.jpg\"><img decoding=\"async\" alt=\"007.jpg\" src=\"http:\/\/localhost\/media\/import\/detail\/HTB1xO2tGpXXXXa3aXXXq6xXFXXXa.jpg\"><\/p>\n<div id=\"ali-anchor-AliPostDhMb-o9591\" style=\"padding-top:8px\" data-section-title=\"Informations sur la soci\u00e9t\u00e9\" data-section=\"AliPostDhMb-o9591\">\n<div id=\"ali-title-AliPostDhMb-o9591\" style=\"border-bottom:#ddd 1px solid;padding-bottom:8px;padding-top:8px;padding-left:0px;padding-right:0px\"> <\/div>\n<\/div>\n<div style=\"clear:les deux\"><\/div>\n","protected":false},"excerpt":{"rendered":"<p>SUNSUN CTP-5000 ECO 30w 5000L\/h Variation de Fr\u00e9quence Submersible<\/p>\n","protected":false},"featured_media":5930,"comment_status":"open","ping_status":"closed","template":"","meta":[],"product_brand":[],"product_cat":[1380],"product_tag":[],"class_list":{"0":"post-39284","1":"product","2":"type-product","3":"status-publish","4":"has-post-thumbnail","6":"product_cat-pompes-a-eau-et-amp-tetes-motrices","8":"first","9":"instock","10":"shipping-taxable","11":"purchasable","12":"product-type-simple","13":"add-to-wishlist-after_add_to_cart"},"jetpack_sharing_enabled":true,"_links":{"self":[{"href":"https:\/\/www.reefshops.com\/fr\/wp-json\/wp\/v2\/product\/39284","targetHints":{"allow":["GET"]}}],"collection":[{"href":"https:\/\/www.reefshops.com\/fr\/wp-json\/wp\/v2\/product"}],"about":[{"href":"https:\/\/www.reefshops.com\/fr\/wp-json\/wp\/v2\/types\/product"}],"replies":[{"embeddable":true,"href":"https:\/\/www.reefshops.com\/fr\/wp-json\/wp\/v2\/comments?post=39284"}],"wp:featuredmedia":[{"embeddable":true,"href":"https:\/\/www.reefshops.com\/fr\/wp-json\/wp\/v2\/media\/5930"}],"wp:attachment":[{"href":"https:\/\/www.reefshops.com\/fr\/wp-json\/wp\/v2\/media?parent=39284"}],"wp:term":[{"taxonomy":"product_brand","embeddable":true,"href":"https:\/\/www.reefshops.com\/fr\/wp-json\/wp\/v2\/product_brand?post=39284"},{"taxonomy":"product_cat","embeddable":true,"href":"https:\/\/www.reefshops.com\/fr\/wp-json\/wp\/v2\/product_cat?post=39284"},{"taxonomy":"product_tag","embeddable":true,"href":"https:\/\/www.reefshops.com\/fr\/wp-json\/wp\/v2\/product_tag?post=39284"}],"curies":[{"name":"wp","href":"https:\/\/api.w.org\/{rel}","templated":true}]}}