{"id":39323,"date":"2016-12-27T16:03:43","date_gmt":"2016-12-27T16:03:43","guid":{"rendered":"https:\/\/www.reefshops.com\/product\/red-devil-devil-skimmer-skimmer-nano-micro-cylindre-serie-micro-cylindre-red-devil-skimmer-rdc-250\/"},"modified":"2025-03-16T09:14:14","modified_gmt":"2025-03-16T09:14:14","slug":"red-devil-devil-skimmer-skimmer-nano-micro-cylindre-serie-micro-cylindre-red-devil-skimmer-rdc-250","status":"publish","type":"product","link":"https:\/\/www.reefshops.com\/fr\/produit\/red-devil-devil-skimmer-skimmer-nano-micro-cylindre-serie-micro-cylindre-red-devil-skimmer-rdc-250\/","title":{"rendered":"Red Devil Devil skimmer skimmer NANO micro cylindre s\u00e9rie micro cylindre Red Devil skimmer RDC-250"},"content":{"rendered":"<h2>Description du produit <\/h2>\n<div class=\" mod=\">\n<div>\n<div>\n<div class=\" d\u00e9tail-inside=\">\n<div>\n<div>\n<div class=\" r\u00e9gion-custom=\">\n<div class=\" widget-custom=\">\n<div>\n<div class=\" mod-detail-description=\" data-mod-config='{\"showOn\":[\"mod-detail-description\"],\"title\":\"\ufffd\ufffd\u03f8\ufffd\ufffd\u03e2\",\"tabConfig\":{\"trace\":\"tabdetail\",\"showKey\":\"mod-detail-description\"}}'>\n<div class=\" de-description-detail=\">\n<div>\n<p><a><img class=\" size-full=\"><\/a><\/p>\n<p>Sp\u00e9cifications\u00a0: <\/p>\n<p>Mod\u00e8le\u00a0: RDC-250 \/ NANO-250 <\/p>\n<p>Type de lieu\u00a0: Int\u00e9gr\u00e9 <\/p>\n<p>Taille (diam\u00e8tre \/ hauteur MM) : 90\/420 <\/p>\n<p>\u00c9quip\u00e9 d&rsquo;une pompe \u00e0 eau : Red Devil SP1 (Red Devil SP1) <\/p>\n<p>Puissance de fonctionnement : 7,8 W <\/p>\n<p>Capacit\u00e9 inspiratoire maximale : 180 L\/H R\u00e9servoir maximum recommand\u00e9 (L) : 250 <\/p>\n<p>R\u00e9servoir recommand\u00e9 : 50-250 L <\/p>\n<p>Sp\u00e9cifications du quai (MM) : 140\/100 <\/p>\n<p><a><img class=\" size-full=\"><\/a><\/p>\n<p>Et la source des SOURCES MARINES RED DEVIL CONE (RDC) C\u00f4ne d&rsquo;\u00e9cumeur de pompe Red Devil (azote) Caract\u00e9ristiques de la gamme\u00a0: <\/p>\n<p>Une apparence \u00e9poustouflante avec\u00a0: MS et la source de la version internationale de la s\u00e9rie RDC de pompe \u00e0 tuyau rouge de haute qualit\u00e9, production de match du diable rouge du sens de la mode tr\u00e8s moderne <\/p>\n<p>2 RDC-250 de taille ultra-petite occupe les sp\u00e9cifications fournies\u00a0: Seule une empreinte de 140 X 100\u00a0MM peut \u00eatre plac\u00e9e pour toutes les sp\u00e9cifications du puisard de filtre. <\/p>\n<p>3 est \u00e9quip\u00e9 du dernier d\u00e9veloppement pour les petites pompes \u00e0 conif\u00e8res Devil SP1, d&rsquo;une conception de turbine unique \u00e0 aiguille am\u00e9lior\u00e9e, d&rsquo;un fonctionnement silencieux, de hautes performances et de caract\u00e9ristiques de faible consommation d&rsquo;\u00e9nergie. <\/p>\n<p>4 corps coniques complets pour optimiser l&rsquo;effet bulle, la mati\u00e8re organique p\u00e9n\u00e8tre plus facilement dans la coupelle de collecte. <\/p>\n<p>5 Toutes les pi\u00e8ces fabriqu\u00e9es par la technologie laser garantissent efficacement non seulement le degr\u00e9 de fabrication, mais sont \u00e9galement capables de maintenir une qualit\u00e9 de produit stable. <\/p>\n<\/p><\/div>\n<p>&amp;Nbsp; pour <\/p>\n<p>&amp;Nbsp; pour <\/p>\n<div>\n<p>Ecumeur RDC autres mod\u00e8les <\/p>\n<p><a><img class=\" size-full=\"><\/a><\/p>\n<p><a><img class=\" size-full=\"><\/a><\/p>\n<p><a><img class=\" size-full=\"><\/a><\/p>\n<div>Le RDC-850 est \u00e0 gauche au milieu et le DC-250 est \u00e0 droite RDC-900 <\/div>\n<div>L&rsquo;image ci-dessus provient du plan du site CIPS de l&rsquo;exposition d&rsquo;aquarium, ajoutez une nouvelle eau sal\u00e9e de qualit\u00e9 temporaire <\/div>\n<div><img><\/div>\n<p><a><img class=\" size-full=\"><\/a><a><img class=\" size-large=\"><\/a><\/p>\n<p><a><img class=\" size-full=\"><\/a><\/p>\n<p>&amp;Nbsp; pour <\/p>\n<\/p>\n<p>&amp;Nbsp; pour <\/p>\n<div><\/div>\n<div>\n<\/div>\n<div><\/div>\n<div>Comparaison g\u00e9n\u00e9rationnelle <\/p>\n<p><\/div>\n<div>\n<\/div><\/div><\/div><\/div><\/div><\/div>\n<div class=\" widget-custom=\"><\/div><\/div><\/div><\/div><\/div><\/div><\/div><\/div><\/div>\n","protected":false},"excerpt":{"rendered":"<p>Red Devil Devil skimmer skimmer NANO micro cylindre s\u00e9rie micro cylindre Red Devil skimmer RDC-250<\/p>\n","protected":false},"featured_media":6300,"comment_status":"open","ping_status":"closed","template":"","meta":[],"product_brand":[],"product_cat":[358],"product_tag":[],"class_list":{"0":"post-39323","1":"product","2":"type-product","3":"status-publish","4":"has-post-thumbnail","6":"product_cat-ecumeurs-de-proteines","8":"first","9":"instock","10":"shipping-taxable","11":"purchasable","12":"product-type-simple","13":"add-to-wishlist-after_add_to_cart"},"jetpack_sharing_enabled":true,"_links":{"self":[{"href":"https:\/\/www.reefshops.com\/fr\/wp-json\/wp\/v2\/product\/39323","targetHints":{"allow":["GET"]}}],"collection":[{"href":"https:\/\/www.reefshops.com\/fr\/wp-json\/wp\/v2\/product"}],"about":[{"href":"https:\/\/www.reefshops.com\/fr\/wp-json\/wp\/v2\/types\/product"}],"replies":[{"embeddable":true,"href":"https:\/\/www.reefshops.com\/fr\/wp-json\/wp\/v2\/comments?post=39323"}],"wp:featuredmedia":[{"embeddable":true,"href":"https:\/\/www.reefshops.com\/fr\/wp-json\/wp\/v2\/media\/6300"}],"wp:attachment":[{"href":"https:\/\/www.reefshops.com\/fr\/wp-json\/wp\/v2\/media?parent=39323"}],"wp:term":[{"taxonomy":"product_brand","embeddable":true,"href":"https:\/\/www.reefshops.com\/fr\/wp-json\/wp\/v2\/product_brand?post=39323"},{"taxonomy":"product_cat","embeddable":true,"href":"https:\/\/www.reefshops.com\/fr\/wp-json\/wp\/v2\/product_cat?post=39323"},{"taxonomy":"product_tag","embeddable":true,"href":"https:\/\/www.reefshops.com\/fr\/wp-json\/wp\/v2\/product_tag?post=39323"}],"curies":[{"name":"wp","href":"https:\/\/api.w.org\/{rel}","templated":true}]}}