{"id":39332,"date":"2016-12-27T16:03:36","date_gmt":"2016-12-27T16:03:36","guid":{"rendered":"https:\/\/www.reefshops.com\/product\/accessoire-ecumeur-sps-pompe-integree-rdc-850-1600-special\/"},"modified":"2025-03-16T09:07:32","modified_gmt":"2025-03-16T09:07:32","slug":"accessoire-ecumeur-sps-pompe-integree-rdc-850-1600-special","status":"publish","type":"product","link":"https:\/\/www.reefshops.com\/fr\/produit\/accessoire-ecumeur-sps-pompe-integree-rdc-850-1600-special\/","title":{"rendered":"Accessoire \u00e9cumeur SPS pompe int\u00e9gr\u00e9e RDC-850\/1600 sp\u00e9cial"},"content":{"rendered":"<h2>Description du produit <\/h2>\n<div>Param\u00e8tres techniques\u00a0: <\/div>\n<div>Mod\u00e8le \ud83d\ude41 Rouge) Devil SP3 \/ (Rouge) Devil SP3 <\/div>\n<div>Puissance de la pompe : 15 W <\/div>\n<div>Capacit\u00e9 inspiratoire maximale : 700 L\/H <\/div>\n<div>Types de pompe : s\u00e9parateur de prot\u00e9ines de la mer RDC-850 et pompe \u00e0 brosse \u00e0 aiguille sp\u00e9ciale RDC-1600 <\/div>\n<div><\/div>\n<div><a><img class=\" alignnone=\"><\/a><\/div>\n<div><strong><br \/><\/strong>Pompe \u00e0 conif\u00e8res Devil DEVIL SP3 Caract\u00e9ristiques du produit\u00a0: <\/div>\n<div>1 La pompe \u00e0 conif\u00e8res Devil con\u00e7ue pour l&rsquo;\u00e9cumoire \/ l&rsquo;azote est le d\u00e9veloppement de la conception pour les normes europ\u00e9ennes allemandes &#8211; produits personnalis\u00e9s. <\/div>\n<div>2 Super quantit\u00e9 d&rsquo;admission\u00a0: la pompe unique maximale peut atteindre 700 L\/H, la consommation \u00e9lectrique est de 15 W <\/div>\n<div>3 peuvent \u00eatre utilis\u00e9s \u00e0 l&rsquo;ext\u00e9rieur du cylindre ou des cylindres\/amphibiens. <\/div>\n<div>4 pompes avec buse d&rsquo;aspiration optimis\u00e9e pour conif\u00e8res et tube venturi. <\/div>\n<div>5 superbes combinaisons de couleurs rouge et noir, aspect ultra-\u00e9l\u00e9gant. <\/div>\n<div>\n<div>6 axes et raffin\u00e9s \u00e0 l&rsquo;aide d&rsquo;une production de noyau hautement poli de qualit\u00e9 sup\u00e9rieure <\/div>\n<div>7 performances de rotor magn\u00e9tique (performances non traditionnelles par rapport au rotor magn\u00e9tique ordinaire, le rotor magn\u00e9tique co\u00fbte environ 8 \u00e0 10 fois le rotor magn\u00e9tique normal) <\/div>\n<div>8 puces de protection thermique int\u00e9gr\u00e9es, l&rsquo;arr\u00eat automatique de la pompe ne fonctionne pas correctement. <\/div>\n<div>9 Corps de pompe \u00e0 eau lui-m\u00eame en mat\u00e9riau ABS ignifuge de haute qualit\u00e9 <\/div>\n<div>10 avec une ligne \u00e9paisse et audacieuse de haute puissance <\/div>\n<div>11 conception unique de barre de montage \u00e0 ventouse, la pompe peut \u00eatre plac\u00e9e dans les deux sens autour d&rsquo;un placement horizontal et vertical. Id\u00e9al pour toutes sortes d&rsquo;\u00e9cumeurs faits maison et DIY. (Diff\u00e9rentes directions d&rsquo;\u00e9cumoire d&rsquo;inqui\u00e9tude du probl\u00e8me de l&rsquo;eau) <\/div><\/div>\n<div><\/div>\n<div>Le type de pompe SP3 en conif\u00e8re Devil a pass\u00e9 l&rsquo;autorit\u00e9 de la certification CE, EMC et Rohs. <\/div>\n<div>\n<\/div>\n<div><\/div>\n<div><strong><\/p>\n<p><\/strong><\/div>\n<div><strong><\/p>\n<p><\/strong><\/div>\n<div><\/div>\n<div>Bo\u00eete d&#8217;emballage <\/div>\n<div><\/div>\n<div><a><img class=\" alignnone=\"><\/a><\/div><\/div>\n","protected":false},"excerpt":{"rendered":"<p>Accessoire \u00e9cumeur SPS pompe int\u00e9gr\u00e9e RDC-850\/1600 sp\u00e9cial<\/p>\n","protected":false},"featured_media":6058,"comment_status":"open","ping_status":"closed","template":"","meta":[],"product_brand":[],"product_cat":[358],"product_tag":[],"class_list":{"0":"post-39332","1":"product","2":"type-product","3":"status-publish","4":"has-post-thumbnail","6":"product_cat-ecumeurs-de-proteines","8":"first","9":"instock","10":"shipping-taxable","11":"purchasable","12":"product-type-simple","13":"add-to-wishlist-after_add_to_cart"},"jetpack_sharing_enabled":true,"_links":{"self":[{"href":"https:\/\/www.reefshops.com\/fr\/wp-json\/wp\/v2\/product\/39332","targetHints":{"allow":["GET"]}}],"collection":[{"href":"https:\/\/www.reefshops.com\/fr\/wp-json\/wp\/v2\/product"}],"about":[{"href":"https:\/\/www.reefshops.com\/fr\/wp-json\/wp\/v2\/types\/product"}],"replies":[{"embeddable":true,"href":"https:\/\/www.reefshops.com\/fr\/wp-json\/wp\/v2\/comments?post=39332"}],"wp:featuredmedia":[{"embeddable":true,"href":"https:\/\/www.reefshops.com\/fr\/wp-json\/wp\/v2\/media\/6058"}],"wp:attachment":[{"href":"https:\/\/www.reefshops.com\/fr\/wp-json\/wp\/v2\/media?parent=39332"}],"wp:term":[{"taxonomy":"product_brand","embeddable":true,"href":"https:\/\/www.reefshops.com\/fr\/wp-json\/wp\/v2\/product_brand?post=39332"},{"taxonomy":"product_cat","embeddable":true,"href":"https:\/\/www.reefshops.com\/fr\/wp-json\/wp\/v2\/product_cat?post=39332"},{"taxonomy":"product_tag","embeddable":true,"href":"https:\/\/www.reefshops.com\/fr\/wp-json\/wp\/v2\/product_tag?post=39332"}],"curies":[{"name":"wp","href":"https:\/\/api.w.org\/{rel}","templated":true}]}}