{"id":39377,"date":"2016-12-27T16:03:42","date_gmt":"2016-12-27T16:03:42","guid":{"rendered":"https:\/\/www.reefshops.com\/product\/boule-de-nourriture-anaerobie-de-mer-dissolvant-de-nitrate-source\/"},"modified":"2025-03-16T09:08:00","modified_gmt":"2025-03-16T09:08:00","slug":"boule-de-nourriture-anaerobie-de-mer-dissolvant-de-nitrate-source","status":"publish","type":"product","link":"https:\/\/www.reefshops.com\/fr\/produit\/boule-de-nourriture-anaerobie-de-mer-dissolvant-de-nitrate-source\/","title":{"rendered":"Boule de nourriture ana\u00e9robie de mer, dissolvant de nitrate, source"},"content":{"rendered":"<h2>Description du produit <\/h2>\n<p><strong>Boule ana\u00e9robies de source de fruits de mer SOURCES MARINES DENI-BALLS <\/strong>Utilisation de mat\u00e9riaux sp\u00e9ciaux, aliments nutritifs contenant des bact\u00e9ries ana\u00e9robies, les bact\u00e9ries ana\u00e9robies absorbent 100% pour fournir des aliments nutritifs pour l&rsquo;\u00e9liminateur de nitrate ana\u00e9robie, les bact\u00e9ries ana\u00e9robies peuvent efficacement azote, la teneur en nitrate dans l&rsquo;eau peut \u00eatre le plus grand degr\u00e9 de r\u00e9duction, \u00e0 \u00e9viter la reproduction d&rsquo;algues, \u00e9liminant la difficult\u00e9 de changer l&rsquo;eau, de sorte qu&rsquo;une agriculture biologique plus saine. <\/p>\n<div>\n<div>\n<p>Les produits peuvent \u00eatre plac\u00e9s sur l&rsquo;utilisation d&rsquo;un dissolvant de nitrate, la dur\u00e9e d&rsquo;utilisation est de 8 \u00e0 12 mois, lorsque le nombre de base d&rsquo;origine ayant \u00e9t\u00e9 consomm\u00e9 en suppl\u00e9ment. <\/p>\n<p>Diam\u00e8tre des particules\u00a0: 34 mm <\/p>\n<p>Recommandations g\u00e9n\u00e9rales pour le taux d&rsquo;allocation\u00a0: 8 \u00e0 10 particules par billes bio ordinaires avec bille blanche avec un ana\u00e9robie <\/p>\n<p><a><img class=\" size-full=\"><\/a><\/p>\n<\/p><\/div><\/div>\n<p>&amp;Nbsp; pour <\/p>\n<\/p><\/div>\n","protected":false},"excerpt":{"rendered":"<p>Boule de nourriture ana\u00e9robie de mer, dissolvant de nitrate, source<\/p>\n","protected":false},"featured_media":6209,"comment_status":"open","ping_status":"closed","template":"","meta":[],"product_brand":[],"product_cat":[358],"product_tag":[],"class_list":{"0":"post-39377","1":"product","2":"type-product","3":"status-publish","4":"has-post-thumbnail","6":"product_cat-ecumeurs-de-proteines","8":"first","9":"instock","10":"shipping-taxable","11":"purchasable","12":"product-type-simple","13":"add-to-wishlist-after_add_to_cart"},"jetpack_sharing_enabled":true,"_links":{"self":[{"href":"https:\/\/www.reefshops.com\/fr\/wp-json\/wp\/v2\/product\/39377","targetHints":{"allow":["GET"]}}],"collection":[{"href":"https:\/\/www.reefshops.com\/fr\/wp-json\/wp\/v2\/product"}],"about":[{"href":"https:\/\/www.reefshops.com\/fr\/wp-json\/wp\/v2\/types\/product"}],"replies":[{"embeddable":true,"href":"https:\/\/www.reefshops.com\/fr\/wp-json\/wp\/v2\/comments?post=39377"}],"wp:featuredmedia":[{"embeddable":true,"href":"https:\/\/www.reefshops.com\/fr\/wp-json\/wp\/v2\/media\/6209"}],"wp:attachment":[{"href":"https:\/\/www.reefshops.com\/fr\/wp-json\/wp\/v2\/media?parent=39377"}],"wp:term":[{"taxonomy":"product_brand","embeddable":true,"href":"https:\/\/www.reefshops.com\/fr\/wp-json\/wp\/v2\/product_brand?post=39377"},{"taxonomy":"product_cat","embeddable":true,"href":"https:\/\/www.reefshops.com\/fr\/wp-json\/wp\/v2\/product_cat?post=39377"},{"taxonomy":"product_tag","embeddable":true,"href":"https:\/\/www.reefshops.com\/fr\/wp-json\/wp\/v2\/product_tag?post=39377"}],"curies":[{"name":"wp","href":"https:\/\/api.w.org\/{rel}","templated":true}]}}