{"id":39385,"date":"2016-12-27T16:03:38","date_gmt":"2016-12-27T16:03:38","guid":{"rendered":"https:\/\/www.reefshops.com\/product\/pompe-de-titrage-et-fournitures-associees-futs-de-liquide-acrylique-lsc5-0-dune-capacite-de-50-litres\/"},"modified":"2025-03-16T09:07:55","modified_gmt":"2025-03-16T09:07:55","slug":"pompe-de-titrage-et-fournitures-associees-futs-de-liquide-acrylique-lsc5-0-dune-capacite-de-50-litres","status":"publish","type":"product","link":"https:\/\/www.reefshops.com\/fr\/produit\/pompe-de-titrage-et-fournitures-associees-futs-de-liquide-acrylique-lsc5-0-dune-capacite-de-50-litres\/","title":{"rendered":"Pompe de titrage et fournitures associ\u00e9es F\u00fbts de liquide acrylique LSC5.0 d&rsquo;une capacit\u00e9 de 5,0 litres"},"content":{"rendered":"<h2>Description du produit <\/h2>\n<p><a><img class=\" size-large=\"><\/a><\/p>\n<p><\/p>\n<p>Baril de r\u00e9servoir Source Sea <\/p>\n<p>Baril de r\u00e9servoir source Sea MARINE SOURCES suivant une vari\u00e9t\u00e9 de sp\u00e9cifications, l&rsquo;utilisation d&rsquo;acrylique avanc\u00e9 aux propri\u00e9t\u00e9s appropri\u00e9es \u00e0 la temp\u00e9rature ambiante et au chargement normal, toutes sortes de r\u00e9servoirs et d&rsquo;additifs liquides peuvent \u00eatre utilis\u00e9s car diff\u00e9rents types de conteneurs de stockage de liquide peuvent \u00e9galement \u00eatre titr\u00e9s avec une pompe <\/p>\n<p>Le baril de r\u00e9servoir est livr\u00e9 avec un petit transparent. Le tube, soit le tuyau de la pompe de titrage guid\u00e9 dans la partie d&rsquo;extr\u00e9mit\u00e9, afin de ne pas obstruer et de lisser directement le liquide, peut \u00eatre utilis\u00e9 comme b\u00e2ton d&rsquo;agitation de liquide. <\/p>\n<p>Mod\u00e8le : LSC0.8 capacit\u00e9 interne : 0,8 L Sp\u00e9cifications (taille\/hauteur du rev\u00eatement) : 90 X 90\/200 MM <br \/> Mod\u00e8le : LSC1.5 capacit\u00e9 interne : 1,5 L Sp\u00e9cifications (taille\/hauteur du rev\u00eatement) : 100 X 100\/305 MM <br \/> Mod\u00e8le : LSC2.5 capacit\u00e9 interne : 2,5 L Sp\u00e9cifications (taille\/hauteur du rev\u00eatement) : 120 X 120\/355 MM <br \/> Mod\u00e8le : LSC5.0 capacit\u00e9 interne : 5,0 L Sp\u00e9cifications (taille\/hauteur du rev\u00eatement) : 160 X 160\/360 MM <\/p>\n<\/p><\/div>\n","protected":false},"excerpt":{"rendered":"<p>Pompe de titrage et fournitures associ\u00e9es F\u00fbts de liquide acrylique LSC5.0 d&rsquo;une capacit\u00e9 de 5,0 litres<\/p>\n","protected":false},"featured_media":6175,"comment_status":"open","ping_status":"closed","template":"","meta":[],"product_brand":[],"product_cat":[358],"product_tag":[],"class_list":{"0":"post-39385","1":"product","2":"type-product","3":"status-publish","4":"has-post-thumbnail","6":"product_cat-ecumeurs-de-proteines","8":"first","9":"instock","10":"shipping-taxable","11":"purchasable","12":"product-type-simple","13":"add-to-wishlist-after_add_to_cart"},"jetpack_sharing_enabled":true,"_links":{"self":[{"href":"https:\/\/www.reefshops.com\/fr\/wp-json\/wp\/v2\/product\/39385","targetHints":{"allow":["GET"]}}],"collection":[{"href":"https:\/\/www.reefshops.com\/fr\/wp-json\/wp\/v2\/product"}],"about":[{"href":"https:\/\/www.reefshops.com\/fr\/wp-json\/wp\/v2\/types\/product"}],"replies":[{"embeddable":true,"href":"https:\/\/www.reefshops.com\/fr\/wp-json\/wp\/v2\/comments?post=39385"}],"wp:featuredmedia":[{"embeddable":true,"href":"https:\/\/www.reefshops.com\/fr\/wp-json\/wp\/v2\/media\/6175"}],"wp:attachment":[{"href":"https:\/\/www.reefshops.com\/fr\/wp-json\/wp\/v2\/media?parent=39385"}],"wp:term":[{"taxonomy":"product_brand","embeddable":true,"href":"https:\/\/www.reefshops.com\/fr\/wp-json\/wp\/v2\/product_brand?post=39385"},{"taxonomy":"product_cat","embeddable":true,"href":"https:\/\/www.reefshops.com\/fr\/wp-json\/wp\/v2\/product_cat?post=39385"},{"taxonomy":"product_tag","embeddable":true,"href":"https:\/\/www.reefshops.com\/fr\/wp-json\/wp\/v2\/product_tag?post=39385"}],"curies":[{"name":"wp","href":"https:\/\/api.w.org\/{rel}","templated":true}]}}