{"id":39401,"date":"2016-12-27T16:03:42","date_gmt":"2016-12-27T16:03:42","guid":{"rendered":"https:\/\/www.reefshops.com\/product\/baril-de-baril-de-zeolite-de-zeolite-dzr-200\/"},"modified":"2025-03-16T09:14:03","modified_gmt":"2025-03-16T09:14:03","slug":"baril-de-baril-de-zeolite-de-zeolite-dzr-200","status":"publish","type":"product","link":"https:\/\/www.reefshops.com\/fr\/produit\/baril-de-baril-de-zeolite-de-zeolite-dzr-200\/","title":{"rendered":"Baril de baril de z\u00e9olite de z\u00e9olite DZR-200"},"content":{"rendered":"<h2>Description du produit <\/h2>\n<div><a><img class=\" alignnone=\"><\/a><\/p>\n<\/div>\n<div><\/div>\n<div>\n<p>Mer SOURCES MARINES source baril de z\u00e9olite (Pompe du Diable) DZR-200 <\/p>\n<div>Mod\u00e8le :. DZR-200 <br \/> Type de lieu : Encastr\u00e9 <br \/> Sp\u00e9cifications du produit (diam\u00e8tre \/ hauteur MM) : 200\/500 <br \/> Utilisation Pompe : Diable D4000 <\/div>\n<div>Puissance \/ D\u00e9bit : 55W \/ 4000L \/ H <br \/> Eau trait\u00e9e maximale : 2800L : <\/div>\n<div>Sp\u00e9cification de la zone (MM) :, 370\/220 <\/div><\/div>\n<div><\/div>\n<div><\/div>\n<div>\n<div><\/div>\n<div>Baril de z\u00e9olite Description d&rsquo;utilisation\u00a0: <\/div>\n<div>(Ci-apr\u00e8s les donn\u00e9es de z\u00e9olite provenant d&rsquo;Internet, pour r\u00e9f\u00e9rence) <\/div>\n<div><\/div>\n<div>Source de z\u00e9olite de mer utilisant une cuve en acrylique de haute qualit\u00e9 et une production de tuyaux avanc\u00e9e, est une nouvelle g\u00e9n\u00e9ration d&rsquo;\u00e9quipement de filtration de r\u00e9servoirs d&rsquo;eau de mer, le syst\u00e8me est construit avec un \u00e9quipement essentiel Zeovit. Le syst\u00e8me est actuellement des cercles Zeovit reconnus dans le pays et \u00e0 l&rsquo;\u00e9tranger, les coraux de poissons marins en particulier sont les syst\u00e8mes de survie des coraux SPS les plus parfaits <\/div>\n<div><\/div>\n<div>\n<p>PS\u00a0: source de baril de z\u00e9olite en mer avec un r\u00e9glage flexible de la vie. pompe en fonction des pompes \u00e0 eau du r\u00e9servoir au d\u00e9bit maximum recommand\u00e9, tel que le r\u00e9servoir du client est relativement petit, il est recommand\u00e9 des vannes \u00e0 bille suppl\u00e9mentaires de 20 mm (voir \u00e9galement la n\u00e9cessit\u00e9 d&rsquo;acheter une connexion sous tension de 20 mm, une connexion) d\u00e9bit, <\/p>\n<p>&amp;Nbsp; pour <\/p>\n<p>\u00c9galement connues sous le nom de roches volcaniques z\u00e9olithiques, les roches s\u00e9dimentaires de l&rsquo;\u00e9ruption volcanique sont form\u00e9es par la mati\u00e8re organique s\u00e9dimentaire qui est liqu\u00e9fi\u00e9e ou vaporis\u00e9e pour g\u00e9n\u00e9rer de fins trous, et ces trous sont g\u00e9n\u00e9ralement des mol\u00e9cules organiques de m\u00eame taille, petites comme un nanom\u00e8tre, ce qui est similaire \u00e0 la structure interne dense des pores de l&rsquo;\u00e9ponge, de sorte que la mati\u00e8re organique dans l&rsquo;eau a une forte adsorption. Il s&rsquo;agit d&rsquo;un principe de filtration physique de la z\u00e9olithe. <\/p>\n<p>Roches s\u00e9dimentaires form\u00e9es de sels min\u00e9raux de z\u00e9olite d&rsquo;aluminium comme le s\u00e9l\u00e9nium compos\u00e9s, sur la base du principe de l&rsquo;\u00e9change d&rsquo;ions, de cations de z\u00e9olite ayant une forte adsorption. Il s&rsquo;agit d&rsquo;une z\u00e9olithe \u00e0 principe de filtration chimique. <\/p>\n<p>La z\u00e9olite peut adsorber des mol\u00e9cules organiques et inorganiques, g\u00e9n\u00e9ralement du m\u00e9thanol, de l&rsquo;ammoniac et d&rsquo;autres mol\u00e9cules plus petites, la plupart de ces substances sont \u00e9cumoires et le charbon actif peut g\u00e9rer en dehors de la plage. Ainsi, la z\u00e9olite dans les applications dans l\u2019eau de mer peut consid\u00e9rablement ralentir le vieillissement de la qualit\u00e9 de l\u2019eau. <\/p>\n<p>Les avantages de l&rsquo;application de z\u00e9olite dans les r\u00e9servoirs d&rsquo;eau de mer sont les suivants\u00a0: <br \/> 1, pour maintenir une concentration relativement faible de NO3 et NO4 + (ammoniac\/ammonium), les cr\u00e9atures marines ont des conditions de vie optimales NH3 + (NH4 +) &lt;0,02 ppm ou moins, et une vari\u00e9t\u00e9 de m\u00e9thodes de filtrage traditionnelles peuvent cr\u00e9er un tel environnement, mais veulent descendre plus bas pour s&#039;appuyer sur la z\u00e9olite, ce qui est tr\u00e8s important pour garder les coraux SPS. <br \/> 2, parce que l&rsquo;adsorption de la z\u00e9olite de la fonction organique, r\u00e9duisant ainsi la g\u00e9n\u00e9ration de sels inorganiques. <br \/> 3, \u00e9vitez la teneur excessive en \u00e9l\u00e9ments m\u00e9talliques de l&rsquo;eau de mer. <br \/> 4, le bilan hydrique des concentrations de carbone organique, d&rsquo;azote organique et de phosphore organique. Ces trois substances, plus les micro-organismes du cylindre sont stables, plus le son est dur, meilleur est l&rsquo;\u00e9tat du corail. <br \/> 5, augmenter la transparence du r\u00e9servoir <br \/> 6, adsorption des additifs excessifs, pour construire le meilleur tampon. <br \/> 7, un agent de blanchiment naturel <\/p>\n<p>Mais la z\u00e9olite pr\u00e9sente des inconv\u00e9nients, car comme avec tout filtre biologique lors de son utilisation, la surface sera attach\u00e9e \u00e0 un grand nombre de bact\u00e9ries b\u00e9n\u00e9fiques, car les pores de la z\u00e9olite sont extr\u00eamement petits, il est donc facile d&rsquo;\u00eatre bloqu\u00e9, et finalement compl\u00e8tement perdu son r\u00f4le propre. Par cons\u00e9quent, l&rsquo;utilisation de z\u00e9olite dans la mer dans le r\u00e9servoir doit se conformer au principe de nettoyage (nettoyage) fr\u00e9quent, et dans le processus de nettoyage, plus la z\u00e9olite est intense, meilleur est le roulement. Si le produit z\u00e9olite baril ZF-140 s&rsquo;adapte pr\u00e9cis\u00e9ment \u00e0 l&rsquo;environnement de travail de la z\u00e9olite, la z\u00e9olite dans le baril acrylique, plus l&rsquo;utilisation d&rsquo;un d\u00e9bit constant d&rsquo;eau de mer de pompe submersible est faible, puis s&rsquo;\u00e9coule par le haut. Afin de renforcer la z\u00e9olite roulante, ce produit est sp\u00e9cialement con\u00e7u avec des poign\u00e9es, il est recommand\u00e9 de pousser et tirer au moins 30 fois par jour. <\/p>\n<p>Attention\u00a0: <br \/> 1, l&rsquo;utilisation de ce produit r\u00e9duira les nutriments dans l&rsquo;eau de mer, afin de ne pas avoir \u00e0 nourrir le blanchiment des coraux, mais du coup, un grand nombre d&rsquo;alimentations augmentera la charge sur le syst\u00e8me de filtre doit \u00eatre progressif pour r\u00e9duire les nutriments et l&rsquo;alimentation doit \u00eatre \u00e9quilibr\u00e9e. <br \/>2, un nouvel aquarium utilisant ce produit, doit durer au moins deux mois afin de maintenir l&rsquo;eau lentement dans l&rsquo;organisme. L&rsquo;ancien aquarium pour utiliser ce produit doit \u00eatre filtr\u00e9 pendant une p\u00e9riode plus longue, car ce produit absorbera les nutriments, provoquant les micro-organismes du cylindre car il n&rsquo;y a pas de nourriture et la mort, donc plus d\u00e9pendant de la transition du r\u00e9servoir de filtration biologique, plus n\u00e9cessaire. <br \/> 3, \u00e9tant donn\u00e9 que le fonctionnement du produit pr\u00e9sente un certain degr\u00e9 de difficult\u00e9, nous sommes donc d\u00e9termin\u00e9s \u00e0 acheter pour avertir les clients\u00a0: cela ne s&rsquo;applique qu&rsquo;aux \u00e9quipements ayant une exp\u00e9rience consid\u00e9rable et un niveau d&rsquo;enthousiaste consid\u00e9rable, mais ne convient tout simplement pas au contact avec les r\u00e9servoirs d&rsquo;eau de mer pour les d\u00e9butants. <\/p>\n<\/p><\/div><\/div>\n<div><a><img class=\" size-full=\"><\/a><\/p>\n<p><\/div><\/div>\n","protected":false},"excerpt":{"rendered":"<p>Baril de baril de z\u00e9olite de z\u00e9olite DZR-200<\/p>\n","protected":false},"featured_media":6230,"comment_status":"open","ping_status":"closed","template":"","meta":[],"product_brand":[],"product_cat":[358],"product_tag":[],"class_list":{"0":"post-39401","1":"product","2":"type-product","3":"status-publish","4":"has-post-thumbnail","6":"product_cat-ecumeurs-de-proteines","8":"first","9":"instock","10":"shipping-taxable","11":"purchasable","12":"product-type-simple","13":"add-to-wishlist-after_add_to_cart"},"jetpack_sharing_enabled":true,"_links":{"self":[{"href":"https:\/\/www.reefshops.com\/fr\/wp-json\/wp\/v2\/product\/39401","targetHints":{"allow":["GET"]}}],"collection":[{"href":"https:\/\/www.reefshops.com\/fr\/wp-json\/wp\/v2\/product"}],"about":[{"href":"https:\/\/www.reefshops.com\/fr\/wp-json\/wp\/v2\/types\/product"}],"replies":[{"embeddable":true,"href":"https:\/\/www.reefshops.com\/fr\/wp-json\/wp\/v2\/comments?post=39401"}],"wp:featuredmedia":[{"embeddable":true,"href":"https:\/\/www.reefshops.com\/fr\/wp-json\/wp\/v2\/media\/6230"}],"wp:attachment":[{"href":"https:\/\/www.reefshops.com\/fr\/wp-json\/wp\/v2\/media?parent=39401"}],"wp:term":[{"taxonomy":"product_brand","embeddable":true,"href":"https:\/\/www.reefshops.com\/fr\/wp-json\/wp\/v2\/product_brand?post=39401"},{"taxonomy":"product_cat","embeddable":true,"href":"https:\/\/www.reefshops.com\/fr\/wp-json\/wp\/v2\/product_cat?post=39401"},{"taxonomy":"product_tag","embeddable":true,"href":"https:\/\/www.reefshops.com\/fr\/wp-json\/wp\/v2\/product_tag?post=39401"}],"curies":[{"name":"wp","href":"https:\/\/api.w.org\/{rel}","templated":true}]}}