{"id":39409,"date":"2016-12-27T16:03:43","date_gmt":"2016-12-27T16:03:43","guid":{"rendered":"https:\/\/www.reefshops.com\/product\/en-plus-du-coffret-source-silencieux-a-mousse-de-mer-silencieux-anti-buee-btb-2\/"},"modified":"2025-03-16T09:14:07","modified_gmt":"2025-03-16T09:14:07","slug":"en-plus-du-coffret-source-silencieux-a-mousse-de-mer-silencieux-anti-buee-btb-2","status":"publish","type":"product","link":"https:\/\/www.reefshops.com\/fr\/produit\/en-plus-du-coffret-source-silencieux-a-mousse-de-mer-silencieux-anti-buee-btb-2\/","title":{"rendered":"En plus du coffret source Silencieux \u00e0 mousse de mer Silencieux anti-bu\u00e9e BTB-2"},"content":{"rendered":"<h2>Description du produit <\/h2>\n<div>\n<p>En plus du bo\u00eetier de silencieux en mousse de lancement <\/p>\n<div>\n<div>Sp\u00e9cifications : <\/div>\n<div>Mod\u00e8le : BTB-2 <\/div>\n<div>D\u00e9bit : 3800 L\/H <\/div>\n<div>Hauteur t : 520MM <\/div>\n<div>Sp\u00e9cifications du rev\u00eatement : 240MM \/ 140MM <\/div>\n<div>Sp\u00e9cifications d&rsquo;admission\u00a0: 40\u00a0MM <\/div><\/div>\n<div><a><img class=\" wp-image-3133=\"><\/a><\/p>\n<\/div>\n<div>La s\u00e9lection de la bo\u00eete de silencieux en mousse de lancement MS de processus de production de mat\u00e9riaux acryliques de haute qualit\u00e9, en connectant les tuyaux d&rsquo;eau d&rsquo;aquarium, peut r\u00e9soudre efficacement les probl\u00e8mes courants en plus des suivants <\/div>\n<div>1 pour r\u00e9duire l&rsquo;\u00e9coulement d&rsquo;un grand nombre de mousse <\/div>\n<div>2 r\u00e9duire les \u00e9claboussures de sel marin <\/div>\n<div>3 r\u00e9duire efficacement le volume d&rsquo;eau <\/div>\n<div>4 en frappant un plan d&rsquo;eau, augmenter la teneur en oxyg\u00e8ne. <\/div>\n<div>\n<div>Diam\u00e8tre d&rsquo;entr\u00e9e de 32\u00a0MM. Au moment de l&rsquo;installation, raccord de tuyau ou de tuyau dur de 30\u00a0MM. <\/div>\n<div>\n<\/div><\/div>\n<div>Sch\u00e9ma <\/div><\/div>\n<div><a><img class=\" alignnone=\"><\/a><\/div>\n<div>\n<div>\n<\/div>\n<div>? <\/div><\/div>\n<div><\/div>\n<div>\n<\/div>\n<div><\/div>\n<div><\/div><\/div>\n","protected":false},"excerpt":{"rendered":"<p>En plus du coffret source Silencieux \u00e0 mousse de mer Silencieux anti-bu\u00e9e BTB-2<\/p>\n","protected":false},"featured_media":6251,"comment_status":"open","ping_status":"closed","template":"","meta":[],"product_brand":[],"product_cat":[358],"product_tag":[],"class_list":{"0":"post-39409","1":"product","2":"type-product","3":"status-publish","4":"has-post-thumbnail","6":"product_cat-ecumeurs-de-proteines","8":"first","9":"instock","10":"shipping-taxable","11":"purchasable","12":"product-type-simple","13":"add-to-wishlist-after_add_to_cart"},"jetpack_sharing_enabled":true,"_links":{"self":[{"href":"https:\/\/www.reefshops.com\/fr\/wp-json\/wp\/v2\/product\/39409","targetHints":{"allow":["GET"]}}],"collection":[{"href":"https:\/\/www.reefshops.com\/fr\/wp-json\/wp\/v2\/product"}],"about":[{"href":"https:\/\/www.reefshops.com\/fr\/wp-json\/wp\/v2\/types\/product"}],"replies":[{"embeddable":true,"href":"https:\/\/www.reefshops.com\/fr\/wp-json\/wp\/v2\/comments?post=39409"}],"wp:featuredmedia":[{"embeddable":true,"href":"https:\/\/www.reefshops.com\/fr\/wp-json\/wp\/v2\/media\/6251"}],"wp:attachment":[{"href":"https:\/\/www.reefshops.com\/fr\/wp-json\/wp\/v2\/media?parent=39409"}],"wp:term":[{"taxonomy":"product_brand","embeddable":true,"href":"https:\/\/www.reefshops.com\/fr\/wp-json\/wp\/v2\/product_brand?post=39409"},{"taxonomy":"product_cat","embeddable":true,"href":"https:\/\/www.reefshops.com\/fr\/wp-json\/wp\/v2\/product_cat?post=39409"},{"taxonomy":"product_tag","embeddable":true,"href":"https:\/\/www.reefshops.com\/fr\/wp-json\/wp\/v2\/product_tag?post=39409"}],"curies":[{"name":"wp","href":"https:\/\/api.w.org\/{rel}","templated":true}]}}