{"id":32188,"date":"2014-06-22T10:25:16","date_gmt":"2014-06-22T10:25:16","guid":{"rendered":"https:\/\/www.reefshops.com\/product\/bomba-de-retorno-de-agua-jebao-dc-velocidade-variavel-dc6000\/"},"modified":"2025-03-16T08:12:03","modified_gmt":"2025-03-16T08:12:03","slug":"bomba-de-retorno-de-agua-jebao-dc-velocidade-variavel-dc6000","status":"publish","type":"product","link":"https:\/\/www.reefshops.com\/pt-br\/produto\/bomba-de-retorno-de-agua-jebao-dc-velocidade-variavel-dc6000\/","title":{"rendered":"BOMBA DE RETORNO DE \u00c1GUA JEBAO DC Velocidade vari\u00e1vel DC6000"},"content":{"rendered":"<p><span>De 110V a 240V de tens\u00e3o, dispon\u00edvel em todo o mundo!<\/span><\/p>\n<p><span><span>Controlador DC6000 de 1800 litros a 6000 litros<\/span><\/span><\/p>\n<p><span>Recurso<\/span><span> <\/span><\/p>\n<ul>\n<li><span>Motor de alto desempenho com eletr\u00f4nica inovadora e economia de energia de at\u00e9 50% do que antes.<\/span><span> <\/span><\/li>\n<li><span>Dec\u00e7\u00e3o Eletr\u00f4nica IC, prote\u00e7\u00e3o de desligamento autom\u00e1tico sem \u00e1gua<\/span><span> <\/span><\/li>\n<li><span>Prote\u00e7\u00e3o do motor se o rotor estiver bloqueado<\/span><span> <\/span><\/li>\n<li><span>Opera\u00e7\u00e3o super silenciosa<\/span><span> <\/span><\/li>\n<li><span>Pode operar em \u00e1gua marinha e doce<\/span><span> <\/span><\/li>\n<li><span>Sem componentes de cobre, seguran\u00e7a para seu tanque!<\/span><span> <\/span><\/li>\n<li><span>Com eixo cer\u00e2mico resistente ao desgaste, maior vida \u00fatil<\/span><span> <\/span><\/li>\n<li><span>Modelo de feed de 10 minutos (ou pausa para voltar ao normal)<\/span><span> <\/span><\/li>\n<\/ul>\n<p><span> <\/span><span>Especifica\u00e7\u00e3o<\/span><\/p>\n<p><span> <\/span><span> <\/span><span> <\/span><span> <\/span><\/p>\n<table border=\"1\" cellpadding=\"0\">\n<tr>\n<td><span>Modelo<\/span><\/td>\n<td><span>Tamanho (L X L X A)<\/span><\/td>\n<td><span>Taxa de fluxo ajust\u00e1vel<\/span><\/td>\n<td><span>Altura m\u00e1xima<\/span><\/td>\n<td><span>Conector de mangueira<\/span><\/td>\n<td><span>Watts<\/span><\/td>\n<\/tr>\n<tr>\n<td><span>DC6000<\/span><\/td>\n<td><span>31cm x 25cm x 20cm<\/span><\/td>\n<td><span>1800L a 6000L<\/span><\/td>\n<td><span>3,6 milh\u00f5es<\/span><\/td>\n<td><span>3 mangueiras para 20\/25\/32<\/span><\/td>\n<td><span>DC24V 4A 40W<\/span><\/td>\n<\/tr>\n<tr>\n<td><span>DC12000<\/span><\/td>\n<td><span>39cm x 25cm x 20cm<\/span><\/td>\n<td><span>3600L a 12000L<\/span><\/td>\n<td><span>4,8 milh\u00f5es<\/span><\/td>\n<td><span>1 mangueira para 20\/25\/32\/38mm<\/span><\/td>\n<td>\n<p><span>DC24V 5A 85W<\/span><\/p>\n<\/td>\n<\/tr>\n<tr>\n<td><span>DC9000<\/span><\/td>\n<td><span>39cm x 25cm x 20cm<\/span><\/td>\n<td><span>2700L a 9000L<\/span><\/td>\n<td><span>4,3 milh\u00f5es<\/span><\/td>\n<td><span>1 mangueira para 20\/25\/32\/38mm<\/span><\/td>\n<td>\n<p><span>DC24V 5A 70W<\/span><\/p>\n<\/td>\n<\/tr>\n<\/tbody>\n","protected":false},"excerpt":{"rendered":"<p>BOMBA DE RETORNO DE \u00c1GUA JEBAO DC Velocidade vari\u00e1vel DC6000<\/p>\n","protected":false},"featured_media":95,"comment_status":"open","ping_status":"closed","template":"","meta":[],"product_brand":[],"product_cat":[777],"product_tag":[],"class_list":{"0":"post-32188","1":"product","2":"type-product","3":"status-publish","4":"has-post-thumbnail","6":"product_cat-bombas-de-agua","8":"first","9":"instock","10":"shipping-taxable","11":"purchasable","12":"product-type-simple","13":"add-to-wishlist-after_add_to_cart"},"jetpack_sharing_enabled":true,"_links":{"self":[{"href":"https:\/\/www.reefshops.com\/pt-br\/wp-json\/wp\/v2\/product\/32188","targetHints":{"allow":["GET"]}}],"collection":[{"href":"https:\/\/www.reefshops.com\/pt-br\/wp-json\/wp\/v2\/product"}],"about":[{"href":"https:\/\/www.reefshops.com\/pt-br\/wp-json\/wp\/v2\/types\/product"}],"replies":[{"embeddable":true,"href":"https:\/\/www.reefshops.com\/pt-br\/wp-json\/wp\/v2\/comments?post=32188"}],"wp:featuredmedia":[{"embeddable":true,"href":"https:\/\/www.reefshops.com\/pt-br\/wp-json\/wp\/v2\/media\/95"}],"wp:attachment":[{"href":"https:\/\/www.reefshops.com\/pt-br\/wp-json\/wp\/v2\/media?parent=32188"}],"wp:term":[{"taxonomy":"product_brand","embeddable":true,"href":"https:\/\/www.reefshops.com\/pt-br\/wp-json\/wp\/v2\/product_brand?post=32188"},{"taxonomy":"product_cat","embeddable":true,"href":"https:\/\/www.reefshops.com\/pt-br\/wp-json\/wp\/v2\/product_cat?post=32188"},{"taxonomy":"product_tag","embeddable":true,"href":"https:\/\/www.reefshops.com\/pt-br\/wp-json\/wp\/v2\/product_tag?post=32188"}],"curies":[{"name":"wp","href":"https:\/\/api.w.org\/{rel}","templated":true}]}}