{"id":32198,"date":"2014-06-24T07:33:25","date_gmt":"2014-06-24T07:33:25","guid":{"rendered":"https:\/\/www.reefshops.com\/product\/filtro-canister-externo-para-aquario-atman-cf-800\/"},"modified":"2025-03-16T08:12:05","modified_gmt":"2025-03-16T08:12:05","slug":"filtro-canister-externo-para-aquario-atman-cf-800","status":"publish","type":"product","link":"https:\/\/www.reefshops.com\/pt-br\/produto\/filtro-canister-externo-para-aquario-atman-cf-800\/","title":{"rendered":"Filtro canister externo para aqu\u00e1rio atman cf-800"},"content":{"rendered":"<p><span>volts:220v<br \/><\/span><span style=\"font-size: 12px\">frequ\u00eancia<\/span><span style=\"font-size: 12px\">:50hz<br \/><\/span><span style=\"font-size: 12px\">pot\u00eancia:21W<br \/><\/span><span style=\"font-size: 12px\">tamanho:19cm\u00d719cm\u00d739cm<br \/><\/span><span style=\"font-size: 12px\">eleva\u00e7\u00e3o:1,7M<br \/><\/span><span style=\"font-size: 12px\">taxa de fluxo:960L\/Hr<\/span><\/p>\n<p><span>recurso:<br \/><\/span><span style=\"font-size: 12px\">suc\u00e7\u00e3o de \u00e1gua com press\u00e3o de ar, f\u00e1cil instala\u00e7\u00e3o e limpeza<br \/>longa vida \u00fatil <\/span><\/p>\n","protected":false},"excerpt":{"rendered":"<p>suc\u00e7\u00e3o de \u00e1gua com press\u00e3o de ar, f\u00e1cil instala\u00e7\u00e3o e limpeza<\/p>\n","protected":false},"featured_media":151,"comment_status":"open","ping_status":"closed","template":"","meta":[],"product_brand":[],"product_cat":[1260],"product_tag":[],"class_list":{"0":"post-32198","1":"product","2":"type-product","3":"status-publish","4":"has-post-thumbnail","6":"product_cat-filtros-de-aquario-canister","8":"first","9":"instock","10":"shipping-taxable","11":"purchasable","12":"product-type-simple","13":"add-to-wishlist-after_add_to_cart"},"jetpack_sharing_enabled":true,"_links":{"self":[{"href":"https:\/\/www.reefshops.com\/pt-br\/wp-json\/wp\/v2\/product\/32198","targetHints":{"allow":["GET"]}}],"collection":[{"href":"https:\/\/www.reefshops.com\/pt-br\/wp-json\/wp\/v2\/product"}],"about":[{"href":"https:\/\/www.reefshops.com\/pt-br\/wp-json\/wp\/v2\/types\/product"}],"replies":[{"embeddable":true,"href":"https:\/\/www.reefshops.com\/pt-br\/wp-json\/wp\/v2\/comments?post=32198"}],"wp:featuredmedia":[{"embeddable":true,"href":"https:\/\/www.reefshops.com\/pt-br\/wp-json\/wp\/v2\/media\/151"}],"wp:attachment":[{"href":"https:\/\/www.reefshops.com\/pt-br\/wp-json\/wp\/v2\/media?parent=32198"}],"wp:term":[{"taxonomy":"product_brand","embeddable":true,"href":"https:\/\/www.reefshops.com\/pt-br\/wp-json\/wp\/v2\/product_brand?post=32198"},{"taxonomy":"product_cat","embeddable":true,"href":"https:\/\/www.reefshops.com\/pt-br\/wp-json\/wp\/v2\/product_cat?post=32198"},{"taxonomy":"product_tag","embeddable":true,"href":"https:\/\/www.reefshops.com\/pt-br\/wp-json\/wp\/v2\/product_tag?post=32198"}],"curies":[{"name":"wp","href":"https:\/\/api.w.org\/{rel}","templated":true}]}}