{"id":32256,"date":"2014-06-29T03:39:56","date_gmt":"2014-06-29T03:39:56","guid":{"rendered":"https:\/\/www.reefshops.com\/product\/lampada-uv-de-9w-para-filtro-hw-303b-304b-404b-jup-01\/"},"modified":"2025-03-16T08:12:20","modified_gmt":"2025-03-16T08:12:20","slug":"lampada-uv-de-9w-para-filtro-hw-303b-304b-404b-jup-01","status":"publish","type":"product","link":"https:\/\/www.reefshops.com\/pt-br\/produto\/lampada-uv-de-9w-para-filtro-hw-303b-304b-404b-jup-01\/","title":{"rendered":"L\u00e2mpada UV de 9w, para filtro HW-303B 304B 404B JUP-01"},"content":{"rendered":"<p><span style=\"color: #0000ff;font-size: large\">L\u00e2mpada UV de 9 W, <\/span><\/p>\n<p><span style=\"color: #0000ff;font-size: large\">a l\u00e2mpada UV sobressalente para o filtro HW-303B 304B 404B JUP-01<\/span><\/p>\n","protected":false},"excerpt":{"rendered":"<p>L\u00e2mpada UV de 9w, para substitui\u00e7\u00e3o do filtro HW-303B 304B 404B JUP-01<\/p>\n","protected":false},"featured_media":559,"comment_status":"open","ping_status":"closed","template":"","meta":[],"product_brand":[],"product_cat":[1265],"product_tag":[],"class_list":{"0":"post-32256","1":"product","2":"type-product","3":"status-publish","4":"has-post-thumbnail","6":"product_cat-lampadas-esterilizadoras-uv-e-amp-lampadas","8":"first","9":"instock","10":"shipping-taxable","11":"purchasable","12":"product-type-simple","13":"add-to-wishlist-after_add_to_cart"},"jetpack_sharing_enabled":true,"_links":{"self":[{"href":"https:\/\/www.reefshops.com\/pt-br\/wp-json\/wp\/v2\/product\/32256","targetHints":{"allow":["GET"]}}],"collection":[{"href":"https:\/\/www.reefshops.com\/pt-br\/wp-json\/wp\/v2\/product"}],"about":[{"href":"https:\/\/www.reefshops.com\/pt-br\/wp-json\/wp\/v2\/types\/product"}],"replies":[{"embeddable":true,"href":"https:\/\/www.reefshops.com\/pt-br\/wp-json\/wp\/v2\/comments?post=32256"}],"wp:featuredmedia":[{"embeddable":true,"href":"https:\/\/www.reefshops.com\/pt-br\/wp-json\/wp\/v2\/media\/559"}],"wp:attachment":[{"href":"https:\/\/www.reefshops.com\/pt-br\/wp-json\/wp\/v2\/media?parent=32256"}],"wp:term":[{"taxonomy":"product_brand","embeddable":true,"href":"https:\/\/www.reefshops.com\/pt-br\/wp-json\/wp\/v2\/product_brand?post=32256"},{"taxonomy":"product_cat","embeddable":true,"href":"https:\/\/www.reefshops.com\/pt-br\/wp-json\/wp\/v2\/product_cat?post=32256"},{"taxonomy":"product_tag","embeddable":true,"href":"https:\/\/www.reefshops.com\/pt-br\/wp-json\/wp\/v2\/product_tag?post=32256"}],"curies":[{"name":"wp","href":"https:\/\/api.w.org\/{rel}","templated":true}]}}