{"id":32270,"date":"2014-08-03T18:19:05","date_gmt":"2014-08-03T18:19:05","guid":{"rendered":"https:\/\/www.reefshops.com\/product\/bomba-de-frequencia-variavel-sunsun-bombas-submersiveis-para-tanque-de-peixes-bomba-de-agua-ctp-3800\/"},"modified":"2025-03-16T08:12:26","modified_gmt":"2025-03-16T08:12:26","slug":"bomba-de-frequencia-variavel-sunsun-bombas-submersiveis-para-tanque-de-peixes-bomba-de-agua-ctp-3800","status":"publish","type":"product","link":"https:\/\/www.reefshops.com\/pt-br\/produto\/bomba-de-frequencia-variavel-sunsun-bombas-submersiveis-para-tanque-de-peixes-bomba-de-agua-ctp-3800\/","title":{"rendered":"Bomba de frequ\u00eancia vari\u00e1vel sunsun Bombas submers\u00edveis para tanque de peixes Bomba de \u00e1gua CTP-3800"},"content":{"rendered":"<p><img loading=\"lazy\" decoding=\"async\" class=\"tamanho completo wp-image-648\" src=\"http:\/\/localhost\/wp-content\/uploads\/2014\/08\/6.jpg\" alt=\"\" width=\"704\" height=\"377\" srcset=\"https:\/\/www.reefshops.com\/wp-content\/uploads\/2014\/08\/6.jpg 704w, https:\/\/www.reefshops.com\/wp-content\/uploads\/2014\/08\/6-600x321.jpg 600w, https:\/\/www.reefshops.com\/wp-content\/uploads\/2014\/08\/6-300x161.jpg 300w\" sizes=\"auto, (max-width: 704px) 100vw, 704px\" \/><\/p>\n","protected":false},"excerpt":{"rendered":"<p>bomba potente, f\u00e1cil utiliza\u00e7\u00e3o<\/p>\n","protected":false},"featured_media":651,"comment_status":"open","ping_status":"closed","template":"","meta":[],"product_brand":[],"product_cat":[777],"product_tag":[],"class_list":{"0":"post-32270","1":"product","2":"type-product","3":"status-publish","4":"has-post-thumbnail","6":"product_cat-bombas-de-agua","8":"first","9":"instock","10":"shipping-taxable","11":"purchasable","12":"product-type-simple","13":"add-to-wishlist-after_add_to_cart"},"jetpack_sharing_enabled":true,"_links":{"self":[{"href":"https:\/\/www.reefshops.com\/pt-br\/wp-json\/wp\/v2\/product\/32270","targetHints":{"allow":["GET"]}}],"collection":[{"href":"https:\/\/www.reefshops.com\/pt-br\/wp-json\/wp\/v2\/product"}],"about":[{"href":"https:\/\/www.reefshops.com\/pt-br\/wp-json\/wp\/v2\/types\/product"}],"replies":[{"embeddable":true,"href":"https:\/\/www.reefshops.com\/pt-br\/wp-json\/wp\/v2\/comments?post=32270"}],"wp:featuredmedia":[{"embeddable":true,"href":"https:\/\/www.reefshops.com\/pt-br\/wp-json\/wp\/v2\/media\/651"}],"wp:attachment":[{"href":"https:\/\/www.reefshops.com\/pt-br\/wp-json\/wp\/v2\/media?parent=32270"}],"wp:term":[{"taxonomy":"product_brand","embeddable":true,"href":"https:\/\/www.reefshops.com\/pt-br\/wp-json\/wp\/v2\/product_brand?post=32270"},{"taxonomy":"product_cat","embeddable":true,"href":"https:\/\/www.reefshops.com\/pt-br\/wp-json\/wp\/v2\/product_cat?post=32270"},{"taxonomy":"product_tag","embeddable":true,"href":"https:\/\/www.reefshops.com\/pt-br\/wp-json\/wp\/v2\/product_tag?post=32270"}],"curies":[{"name":"wp","href":"https:\/\/api.w.org\/{rel}","templated":true}]}}