{"id":32277,"date":"2014-01-11T07:06:58","date_gmt":"2014-01-11T07:06:58","guid":{"rendered":"https:\/\/www.reefshops.com\/product\/xy-2008-bomba-de-aquario-para-tanque-de-peixes-filtro-de-canto-bio-acionado-por-ar-esponja-fritada-betta\/"},"modified":"2025-03-16T08:12:30","modified_gmt":"2025-03-16T08:12:30","slug":"xy-2008-bomba-de-aquario-para-tanque-de-peixes-filtro-de-canto-bio-acionado-por-ar-esponja-fritada-betta","status":"publish","type":"product","link":"https:\/\/www.reefshops.com\/pt-br\/produto\/xy-2008-bomba-de-aquario-para-tanque-de-peixes-filtro-de-canto-bio-acionado-por-ar-esponja-fritada-betta\/","title":{"rendered":"XY-2008 Bomba de aqu\u00e1rio para tanque de peixes, filtro de canto bio acionado por ar, esponja fritada Betta"},"content":{"rendered":"<p><span style=\"font-size: large;color: #3366ff\"><strong>Especifica\u00e7\u00f5es:<\/strong><\/span><\/p>\n<p><span style=\"font-size: grande\"> <\/span><\/p>\n<p><span style=\"font-size: large;color: #3366ff\">Comprimento lateral 8 * 8 CM, altura da caixa 8 CM, altura da sa\u00edda 2-10 CM (ajust\u00e1vel)<\/span><\/p>\n<p><span style=\"font-size: large;color: #3366ff\">Descri\u00e7\u00e3o:<\/span><\/p>\n<p><span style=\"font-size: large;color: #3366ff\">Este \u00e9 um filtro embutido, usando esponja s\u00eanior ecologicamente correta, bomba de ar ou bombas podem ser conectadas para obter o efeito duplo de aera\u00e7\u00e3o e filtra\u00e7\u00e3o para aumentar a taxa de sobreviv\u00eancia dos peixes.<\/span><\/p>\n<p><span style=\"font-size: grande\"> <\/span><\/p>\n<p><span style=\"font-size: large;color: #3366ff\">M\u00eddia de filtro:<\/span><\/p>\n<p><span style=\"font-size: large;color: #3366ff\">1, filtro de algod\u00e3o, algod\u00e3o bioqu\u00edmico, algod\u00e3o grosso, filtro de algod\u00e3o fino, pedra de filtro, anel de cer\u00e2mica.<\/span><\/p>\n<p><span style=\"font-size: large;color: #3366ff\">2, filtro de algod\u00e3o multicamadas + duas pedras de filtro, filtragem mais cient\u00edfica e mais completa<\/span><\/p>\n<p><span style=\"font-size: large;color: #3366ff\">3,forma curva de \u00e2ngulo do cilindro, cilindro que economiza espa\u00e7o.<\/span><\/p>\n<p><span style=\"font-size: large;color: #3366ff\">4, \u00e2ngulo de sa\u00edda ajust\u00e1vel<\/span><\/p>\n<p><span style=\"font-size: grande\"> <\/span><\/p>\n<p><span style=\"font-size: large;color: #3366ff\"><strong>O pacote inclui: <\/strong><\/span><\/p>\n<p><span style=\"font-size: large;color: #3366ff\">1x XY-2008 Fish Tank Aquarium Pump Air Driven Bio Corner Filter Sponge Fry Betta<\/span><\/p>\n","protected":false},"excerpt":{"rendered":"<p>filtro de canto pequeno<\/p>\n","protected":false},"featured_media":737,"comment_status":"open","ping_status":"closed","template":"","meta":[],"product_brand":[],"product_cat":[690],"product_tag":[],"class_list":{"0":"post-32277","1":"product","2":"type-product","3":"status-publish","4":"has-post-thumbnail","6":"product_cat-filtro-de-carbono","8":"first","9":"instock","10":"shipping-taxable","11":"purchasable","12":"product-type-simple","13":"add-to-wishlist-after_add_to_cart"},"jetpack_sharing_enabled":true,"_links":{"self":[{"href":"https:\/\/www.reefshops.com\/pt-br\/wp-json\/wp\/v2\/product\/32277","targetHints":{"allow":["GET"]}}],"collection":[{"href":"https:\/\/www.reefshops.com\/pt-br\/wp-json\/wp\/v2\/product"}],"about":[{"href":"https:\/\/www.reefshops.com\/pt-br\/wp-json\/wp\/v2\/types\/product"}],"replies":[{"embeddable":true,"href":"https:\/\/www.reefshops.com\/pt-br\/wp-json\/wp\/v2\/comments?post=32277"}],"wp:featuredmedia":[{"embeddable":true,"href":"https:\/\/www.reefshops.com\/pt-br\/wp-json\/wp\/v2\/media\/737"}],"wp:attachment":[{"href":"https:\/\/www.reefshops.com\/pt-br\/wp-json\/wp\/v2\/media?parent=32277"}],"wp:term":[{"taxonomy":"product_brand","embeddable":true,"href":"https:\/\/www.reefshops.com\/pt-br\/wp-json\/wp\/v2\/product_brand?post=32277"},{"taxonomy":"product_cat","embeddable":true,"href":"https:\/\/www.reefshops.com\/pt-br\/wp-json\/wp\/v2\/product_cat?post=32277"},{"taxonomy":"product_tag","embeddable":true,"href":"https:\/\/www.reefshops.com\/pt-br\/wp-json\/wp\/v2\/product_tag?post=32277"}],"curies":[{"name":"wp","href":"https:\/\/api.w.org\/{rel}","templated":true}]}}