{"id":32296,"date":"2014-07-10T05:01:07","date_gmt":"2014-07-10T05:01:07","guid":{"rendered":"https:\/\/www.reefshops.com\/product\/sunsun-hj-211-pequena-bomba-de-submersao-nano\/"},"modified":"2025-03-16T08:12:39","modified_gmt":"2025-03-16T08:12:39","slug":"sunsun-hj-211-pequena-bomba-de-submersao-nano","status":"publish","type":"product","link":"https:\/\/www.reefshops.com\/pt-br\/produto\/sunsun-hj-211-pequena-bomba-de-submersao-nano\/","title":{"rendered":"sunsun HJ-211 pequena bomba de submers\u00e3o nano"},"content":{"rendered":"<p><span style=\"color: #0000ff\"><strong>volts:220-240v 50hz<br \/>pot\u00eancia:2w<br \/>eleva\u00e7\u00e3o:0,45 metro<br \/>taxa de fluxo:200 L\/H<br \/>tamanho(L\u00d7B\u00d7H):38\u00d737\u00d732 mm<\/strong><\/span><\/p>\n","protected":false},"excerpt":{"rendered":"<p>bomba de submers\u00e3o muito mini, f\u00e1cil de usar<\/p>\n","protected":false},"featured_media":896,"comment_status":"open","ping_status":"closed","template":"","meta":[],"product_brand":[],"product_cat":[1261],"product_tag":[],"class_list":{"0":"post-32296","1":"product","2":"type-product","3":"status-publish","4":"has-post-thumbnail","6":"product_cat-cabecas-poderosas","8":"first","9":"instock","10":"shipping-taxable","11":"purchasable","12":"product-type-simple","13":"add-to-wishlist-after_add_to_cart"},"jetpack_sharing_enabled":true,"_links":{"self":[{"href":"https:\/\/www.reefshops.com\/pt-br\/wp-json\/wp\/v2\/product\/32296","targetHints":{"allow":["GET"]}}],"collection":[{"href":"https:\/\/www.reefshops.com\/pt-br\/wp-json\/wp\/v2\/product"}],"about":[{"href":"https:\/\/www.reefshops.com\/pt-br\/wp-json\/wp\/v2\/types\/product"}],"replies":[{"embeddable":true,"href":"https:\/\/www.reefshops.com\/pt-br\/wp-json\/wp\/v2\/comments?post=32296"}],"wp:featuredmedia":[{"embeddable":true,"href":"https:\/\/www.reefshops.com\/pt-br\/wp-json\/wp\/v2\/media\/896"}],"wp:attachment":[{"href":"https:\/\/www.reefshops.com\/pt-br\/wp-json\/wp\/v2\/media?parent=32296"}],"wp:term":[{"taxonomy":"product_brand","embeddable":true,"href":"https:\/\/www.reefshops.com\/pt-br\/wp-json\/wp\/v2\/product_brand?post=32296"},{"taxonomy":"product_cat","embeddable":true,"href":"https:\/\/www.reefshops.com\/pt-br\/wp-json\/wp\/v2\/product_cat?post=32296"},{"taxonomy":"product_tag","embeddable":true,"href":"https:\/\/www.reefshops.com\/pt-br\/wp-json\/wp\/v2\/product_tag?post=32296"}],"curies":[{"name":"wp","href":"https:\/\/api.w.org\/{rel}","templated":true}]}}