{"id":32302,"date":"2014-07-10T23:59:21","date_gmt":"2014-07-10T23:59:21","guid":{"rendered":"https:\/\/www.reefshops.com\/product\/soquete-t5-t8-a-prova-dagua-2-pecas\/"},"modified":"2025-03-16T08:12:41","modified_gmt":"2025-03-16T08:12:41","slug":"soquete-t5-t8-a-prova-dagua-2-pecas","status":"publish","type":"product","link":"https:\/\/www.reefshops.com\/pt-br\/produto\/soquete-t5-t8-a-prova-dagua-2-pecas\/","title":{"rendered":"soquete T5 T8 \u00e0 prova d&#8217;\u00e1gua 2 pe\u00e7as"},"content":{"rendered":"<p><span style=\"color: #0000ff;font-size: large\"><strong>soquete T5\/T8 \u00e0 prova d&#8217;\u00e1gua<\/strong><\/span><\/p>\n<p><span style=\"color: #0000ff;font-size: large\"><strong>f\u00e1cil instala\u00e7\u00e3o e uso<\/strong><\/span><\/p>\n","protected":false},"excerpt":{"rendered":"<p>soquete T5\/T8 \u00e0 prova d&#8217;\u00e1gua<\/p>\n<p> f\u00e1cil instala\u00e7\u00e3o e uso<\/p>\n","protected":false},"featured_media":934,"comment_status":"open","ping_status":"closed","template":"","meta":[],"product_brand":[],"product_cat":[1271],"product_tag":[],"class_list":{"0":"post-32302","1":"product","2":"type-product","3":"status-publish","4":"has-post-thumbnail","6":"product_cat-tampas-finais-e-amp-soquetes","8":"first","9":"instock","10":"shipping-taxable","11":"purchasable","12":"product-type-simple","13":"add-to-wishlist-after_add_to_cart"},"jetpack_sharing_enabled":true,"_links":{"self":[{"href":"https:\/\/www.reefshops.com\/pt-br\/wp-json\/wp\/v2\/product\/32302","targetHints":{"allow":["GET"]}}],"collection":[{"href":"https:\/\/www.reefshops.com\/pt-br\/wp-json\/wp\/v2\/product"}],"about":[{"href":"https:\/\/www.reefshops.com\/pt-br\/wp-json\/wp\/v2\/types\/product"}],"replies":[{"embeddable":true,"href":"https:\/\/www.reefshops.com\/pt-br\/wp-json\/wp\/v2\/comments?post=32302"}],"wp:featuredmedia":[{"embeddable":true,"href":"https:\/\/www.reefshops.com\/pt-br\/wp-json\/wp\/v2\/media\/934"}],"wp:attachment":[{"href":"https:\/\/www.reefshops.com\/pt-br\/wp-json\/wp\/v2\/media?parent=32302"}],"wp:term":[{"taxonomy":"product_brand","embeddable":true,"href":"https:\/\/www.reefshops.com\/pt-br\/wp-json\/wp\/v2\/product_brand?post=32302"},{"taxonomy":"product_cat","embeddable":true,"href":"https:\/\/www.reefshops.com\/pt-br\/wp-json\/wp\/v2\/product_cat?post=32302"},{"taxonomy":"product_tag","embeddable":true,"href":"https:\/\/www.reefshops.com\/pt-br\/wp-json\/wp\/v2\/product_tag?post=32302"}],"curies":[{"name":"wp","href":"https:\/\/api.w.org\/{rel}","templated":true}]}}