{"id":32320,"date":"2014-07-12T23:58:27","date_gmt":"2014-07-12T23:58:27","guid":{"rendered":"https:\/\/www.reefshops.com\/product\/dream-led-excelente-painel-de-led-para-tanque-de-carvao-marinho\/"},"modified":"2025-03-16T08:12:50","modified_gmt":"2025-03-16T08:12:50","slug":"dream-led-excelente-painel-de-led-para-tanque-de-carvao-marinho","status":"publish","type":"product","link":"https:\/\/www.reefshops.com\/pt-br\/produto\/dream-led-excelente-painel-de-led-para-tanque-de-carvao-marinho\/","title":{"rendered":"Dream led, excelente painel de LED para tanque de carv\u00e3o marinho"},"content":{"rendered":"<p><span style=\"font-size: large;color: #0000ff\"><strong>Descri\u00e7\u00e3o:<\/strong><\/span><\/p>\n<ul>\n<li><span style=\"font-size: large;color: #0000ff\"><strong>Tens\u00e3o direta DC (VF): 30-36VDC<\/strong><\/span><\/li>\n<li><span style=\"font-size: large;color: #0000ff\"><strong>Pot\u00eancia nominal: 100W<\/strong><\/span><\/li>\n<li><span style=\"font-size: large;color: #0000ff\"><strong>\u00c2ngulo de vis\u00e3o: 160 graus<\/strong><\/span><\/li>\n<li><span style=\"font-size: large;color: #0000ff\"><strong>Temperatura de opera\u00e7\u00e3o: 0\u00b0C &#8211; 110\u00b0C<\/strong><\/span><\/li>\n<\/ul>\n<p><span style=\"font-size: large;color: #0000ff\"><strong>Canal 1) 10S x 2P 10000K (EPISTAR: 45mils)<br \/>Canal 2) 10S x 2P 455nm (EPISTAR: 45mils) (azul, ben\u00e9fico para a clorofila C)<br \/>Canal 3) 10S x 420nm paralelo com 10S x 430nm (EPILED: 45mils) (faixa UV)<br \/>Canal 4) 10S x 2P 445nm (EPISTAR: 45mils) (azul, ben\u00e9fico para a clorofila C)<br \/>Canal 5) 10S x 2P 15000K (EPISTAR: 45mils)<\/strong><\/span><\/p>\n","protected":false},"excerpt":{"rendered":"<p>Painel de led de 100w, 5 canais em um chip, leds de cor roxa 10000k 20000k 15000k em um painel de led<br \/>\n excelente ilumina\u00e7\u00e3o led para seu coral marinho e aqu\u00e1rio<br \/>\n tudo em um projeto<\/p>\n","protected":false},"featured_media":1056,"comment_status":"open","ping_status":"closed","template":"","meta":[],"product_brand":[],"product_cat":[641],"product_tag":[],"class_list":{"0":"post-32320","1":"product","2":"type-product","3":"status-publish","4":"has-post-thumbnail","6":"product_cat-drivers-acessorios-de-led","8":"first","9":"instock","10":"shipping-taxable","11":"purchasable","12":"product-type-simple","13":"add-to-wishlist-after_add_to_cart"},"jetpack_sharing_enabled":true,"_links":{"self":[{"href":"https:\/\/www.reefshops.com\/pt-br\/wp-json\/wp\/v2\/product\/32320","targetHints":{"allow":["GET"]}}],"collection":[{"href":"https:\/\/www.reefshops.com\/pt-br\/wp-json\/wp\/v2\/product"}],"about":[{"href":"https:\/\/www.reefshops.com\/pt-br\/wp-json\/wp\/v2\/types\/product"}],"replies":[{"embeddable":true,"href":"https:\/\/www.reefshops.com\/pt-br\/wp-json\/wp\/v2\/comments?post=32320"}],"wp:featuredmedia":[{"embeddable":true,"href":"https:\/\/www.reefshops.com\/pt-br\/wp-json\/wp\/v2\/media\/1056"}],"wp:attachment":[{"href":"https:\/\/www.reefshops.com\/pt-br\/wp-json\/wp\/v2\/media?parent=32320"}],"wp:term":[{"taxonomy":"product_brand","embeddable":true,"href":"https:\/\/www.reefshops.com\/pt-br\/wp-json\/wp\/v2\/product_brand?post=32320"},{"taxonomy":"product_cat","embeddable":true,"href":"https:\/\/www.reefshops.com\/pt-br\/wp-json\/wp\/v2\/product_cat?post=32320"},{"taxonomy":"product_tag","embeddable":true,"href":"https:\/\/www.reefshops.com\/pt-br\/wp-json\/wp\/v2\/product_tag?post=32320"}],"curies":[{"name":"wp","href":"https:\/\/api.w.org\/{rel}","templated":true}]}}