{"id":32345,"date":"2014-07-17T22:34:26","date_gmt":"2014-07-17T22:34:26","guid":{"rendered":"https:\/\/www.reefshops.com\/product\/filtro-interno-sunsun-jup-22-9w-com-esterilizador-uv-facil-instalacao-e-limpeza\/"},"modified":"2025-03-16T08:13:00","modified_gmt":"2025-03-16T08:13:00","slug":"filtro-interno-sunsun-jup-22-9w-com-esterilizador-uv-facil-instalacao-e-limpeza","status":"publish","type":"product","link":"https:\/\/www.reefshops.com\/pt-br\/produto\/filtro-interno-sunsun-jup-22-9w-com-esterilizador-uv-facil-instalacao-e-limpeza\/","title":{"rendered":"Filtro interno sunsun JUP-22 9w com esterilizador uv, f\u00e1cil instala\u00e7\u00e3o e limpeza"},"content":{"rendered":"<p><span style=\"font-size: large;color: #0000ff\"><strong>VOLTS: 220V\/240V 50hz<br \/>pot\u00eancia: 9W<br \/>Pot\u00eancia da l\u00e2mpada UV:9W<br \/>eleva\u00e7\u00e3o:0,6m<br \/>taxa de fluxo:800L\/h<\/strong><\/span><br \/><span style=\"font-size: large\"><strong>tamanho:95x80x310mm<\/strong><\/span><\/p>\n","protected":false},"excerpt":{"rendered":"<p>qualidade f\u00e1cil de usar<\/p>\n","protected":false},"featured_media":1207,"comment_status":"open","ping_status":"closed","template":"","meta":[],"product_brand":[],"product_cat":[772],"product_tag":[],"class_list":{"0":"post-32345","1":"product","2":"type-product","3":"status-publish","4":"has-post-thumbnail","6":"product_cat-esterilizadores-uv","8":"first","9":"instock","10":"shipping-taxable","11":"purchasable","12":"product-type-simple","13":"add-to-wishlist-after_add_to_cart"},"jetpack_sharing_enabled":true,"_links":{"self":[{"href":"https:\/\/www.reefshops.com\/pt-br\/wp-json\/wp\/v2\/product\/32345","targetHints":{"allow":["GET"]}}],"collection":[{"href":"https:\/\/www.reefshops.com\/pt-br\/wp-json\/wp\/v2\/product"}],"about":[{"href":"https:\/\/www.reefshops.com\/pt-br\/wp-json\/wp\/v2\/types\/product"}],"replies":[{"embeddable":true,"href":"https:\/\/www.reefshops.com\/pt-br\/wp-json\/wp\/v2\/comments?post=32345"}],"wp:featuredmedia":[{"embeddable":true,"href":"https:\/\/www.reefshops.com\/pt-br\/wp-json\/wp\/v2\/media\/1207"}],"wp:attachment":[{"href":"https:\/\/www.reefshops.com\/pt-br\/wp-json\/wp\/v2\/media?parent=32345"}],"wp:term":[{"taxonomy":"product_brand","embeddable":true,"href":"https:\/\/www.reefshops.com\/pt-br\/wp-json\/wp\/v2\/product_brand?post=32345"},{"taxonomy":"product_cat","embeddable":true,"href":"https:\/\/www.reefshops.com\/pt-br\/wp-json\/wp\/v2\/product_cat?post=32345"},{"taxonomy":"product_tag","embeddable":true,"href":"https:\/\/www.reefshops.com\/pt-br\/wp-json\/wp\/v2\/product_tag?post=32345"}],"curies":[{"name":"wp","href":"https:\/\/api.w.org\/{rel}","templated":true}]}}