{"id":32351,"date":"2025-03-16T08:13:02","date_gmt":"2025-03-16T08:13:02","guid":{"rendered":"https:\/\/www.reefshops.com\/product\/odyssea-t5ho-iluminacao-2-tubo-com-leds-50cm-60cm-90cm-120cm\/"},"modified":"2025-03-16T08:13:02","modified_gmt":"2025-03-16T08:13:02","slug":"odyssea-t5ho-iluminacao-2-tubo-com-leds-50cm-60cm-90cm-120cm","status":"publish","type":"product","link":"https:\/\/www.reefshops.com\/pt-br\/produto\/odyssea-t5ho-iluminacao-2-tubo-com-leds-50cm-60cm-90cm-120cm\/","title":{"rendered":"odyssea T5HO ilumina\u00e7\u00e3o 2 tubo com LEDs 50cm 60cm 90cm 120cm"},"content":{"rendered":"<p><span style=\"font-size: large;color: #0000ff\"><strong>Sistema de ilumina\u00e7\u00e3o Odyssea T5HO de 2 tubos (l\u00e2mpada)<\/strong><\/span><\/p>\n<p><span style=\"font-size: large;color: #0000ff\"><strong>pode funcionar com aqu\u00e1rios marinhos e de plantas frescas<\/strong><\/span><\/p>\n<p><span style=\"font-size: large;color: #0000ff\"><strong>Votagem:220-240V 50hz<\/strong><\/span><\/p>\n<p><span style=\"font-size: large;color: #0000ff\"><strong>para a cor das l\u00e2mpadas T5HO, voc\u00ea pode me deixar uma nota do que voc\u00ea precisa<\/strong><\/span><\/p>\n<p><span style=\"font-size: large;color: #0000ff\"><strong><span title=\"\u25a0\u9ed1\u8272\u3001\u94f6\u767d\u8272\u5916\u89c2\uff0c\u811a\u67b6\u53ef\u4ee5\u5ef6\u4f38\u4f7f\u7528\">\u25a0 Apar\u00eancia preta<\/p>\n","protected":false},"excerpt":{"rendered":"<p>use o trip\u00e9 pode ser estendido <br \/><\/span><span>\u25a0 o principal uso de materiais leves de liga de alum\u00ednio<\/p>\n","protected":false},"featured_media":0,"comment_status":"open","ping_status":"closed","template":"","meta":[],"product_brand":[1274,1275,1276,1273],"product_cat":[1277],"product_tag":[1278,1280,1279],"class_list":{"0":"post-32351","1":"product","2":"type-product","3":"status-publish","5":"product_brand-span-pt-br","6":"product_brand-span-title2-8-pt-br","7":"product_brand--high-quality-cable-total-length-of-about-2-8-meters-pt-br","8":"product_brand-ultra-durable-br-pt-br","9":"product_cat-fios-com-uma-amostragem-de-interruptor-de-interruptor-de-mais-de-3","10":"product_tag-000-times-the-normal-operation-of-the-span-titleodyssea-pt-br","11":"product_tag--pt-br","13":"ts_product_brand-quiet-pt-br","15":"first","16":"instock","17":"shipping-taxable","18":"purchasable","19":"product-type-simple","20":"add-to-wishlist-after_add_to_cart"},"jetpack_sharing_enabled":true,"_links":{"self":[{"href":"https:\/\/www.reefshops.com\/pt-br\/wp-json\/wp\/v2\/product\/32351","targetHints":{"allow":["GET"]}}],"collection":[{"href":"https:\/\/www.reefshops.com\/pt-br\/wp-json\/wp\/v2\/product"}],"about":[{"href":"https:\/\/www.reefshops.com\/pt-br\/wp-json\/wp\/v2\/types\/product"}],"replies":[{"embeddable":true,"href":"https:\/\/www.reefshops.com\/pt-br\/wp-json\/wp\/v2\/comments?post=32351"}],"wp:attachment":[{"href":"https:\/\/www.reefshops.com\/pt-br\/wp-json\/wp\/v2\/media?parent=32351"}],"wp:term":[{"taxonomy":"product_brand","embeddable":true,"href":"https:\/\/www.reefshops.com\/pt-br\/wp-json\/wp\/v2\/product_brand?post=32351"},{"taxonomy":"product_cat","embeddable":true,"href":"https:\/\/www.reefshops.com\/pt-br\/wp-json\/wp\/v2\/product_cat?post=32351"},{"taxonomy":"product_tag","embeddable":true,"href":"https:\/\/www.reefshops.com\/pt-br\/wp-json\/wp\/v2\/product_tag?post=32351"}],"curies":[{"name":"wp","href":"https:\/\/api.w.org\/{rel}","templated":true}]}}