{"id":32356,"date":"2014-07-19T18:40:57","date_gmt":"2014-07-19T18:40:57","guid":{"rendered":"https:\/\/www.reefshops.com\/product\/tesoura-de-aco-inoxidavel-de-20-cm-para-tanque-de-plantas\/"},"modified":"2025-03-16T08:13:05","modified_gmt":"2025-03-16T08:13:05","slug":"tesoura-de-aco-inoxidavel-de-20-cm-para-tanque-de-plantas","status":"publish","type":"product","link":"https:\/\/www.reefshops.com\/pt-br\/produto\/tesoura-de-aco-inoxidavel-de-20-cm-para-tanque-de-plantas\/","title":{"rendered":"Tesoura de a\u00e7o inoxid\u00e1vel de 20 cm para tanque de plantas"},"content":{"rendered":"<p><span style=\"color: #0000ff;font-size: large\"><strong>Tesoura de a\u00e7o inoxid\u00e1vel de 20 cm para aqu\u00e1rio de plantas<\/strong><\/span><\/p>\n<p><span style=\"color: #0000ff;font-size: large\"><strong><strong>material: 430, a\u00e7o inoxid\u00e1vel 2CR13 <\/strong><\/strong><\/span><\/p>\n","protected":false},"excerpt":{"rendered":"<p>Tesoura de a\u00e7o inoxid\u00e1vel de 20 cm para tanque de plantas<\/p>\n","protected":false},"featured_media":1317,"comment_status":"open","ping_status":"closed","template":"","meta":[],"product_brand":[],"product_cat":[1287],"product_tag":[],"class_list":{"0":"post-32356","1":"product","2":"type-product","3":"status-publish","4":"has-post-thumbnail","6":"product_cat-suplementos-para-plantas-aquaticas","8":"first","9":"instock","10":"shipping-taxable","11":"purchasable","12":"product-type-simple","13":"add-to-wishlist-after_add_to_cart"},"jetpack_sharing_enabled":true,"_links":{"self":[{"href":"https:\/\/www.reefshops.com\/pt-br\/wp-json\/wp\/v2\/product\/32356","targetHints":{"allow":["GET"]}}],"collection":[{"href":"https:\/\/www.reefshops.com\/pt-br\/wp-json\/wp\/v2\/product"}],"about":[{"href":"https:\/\/www.reefshops.com\/pt-br\/wp-json\/wp\/v2\/types\/product"}],"replies":[{"embeddable":true,"href":"https:\/\/www.reefshops.com\/pt-br\/wp-json\/wp\/v2\/comments?post=32356"}],"wp:featuredmedia":[{"embeddable":true,"href":"https:\/\/www.reefshops.com\/pt-br\/wp-json\/wp\/v2\/media\/1317"}],"wp:attachment":[{"href":"https:\/\/www.reefshops.com\/pt-br\/wp-json\/wp\/v2\/media?parent=32356"}],"wp:term":[{"taxonomy":"product_brand","embeddable":true,"href":"https:\/\/www.reefshops.com\/pt-br\/wp-json\/wp\/v2\/product_brand?post=32356"},{"taxonomy":"product_cat","embeddable":true,"href":"https:\/\/www.reefshops.com\/pt-br\/wp-json\/wp\/v2\/product_cat?post=32356"},{"taxonomy":"product_tag","embeddable":true,"href":"https:\/\/www.reefshops.com\/pt-br\/wp-json\/wp\/v2\/product_tag?post=32356"}],"curies":[{"name":"wp","href":"https:\/\/api.w.org\/{rel}","templated":true}]}}