{"id":32405,"date":"2014-10-04T14:13:29","date_gmt":"2014-10-04T14:13:29","guid":{"rendered":"https:\/\/www.reefshops.com\/product\/terno-de-peca-sobressalente-do-skimmer-de-proteina-de-fonte-marinha-sbp80\/"},"modified":"2025-03-16T08:13:21","modified_gmt":"2025-03-16T08:13:21","slug":"terno-de-peca-sobressalente-do-skimmer-de-proteina-de-fonte-marinha-sbp80","status":"publish","type":"product","link":"https:\/\/www.reefshops.com\/pt-br\/produto\/terno-de-peca-sobressalente-do-skimmer-de-proteina-de-fonte-marinha-sbp80\/","title":{"rendered":"terno de pe\u00e7a sobressalente do Skimmer de prote\u00edna de fonte marinha SBP80"},"content":{"rendered":"<div><span style=\"font-size: large;color: #0000ff\"><strong>o traje de reposi\u00e7\u00e3o para o Protein Skimmer de fonte marinha<\/strong><\/span><\/div>\n<div><span style=\"font-size: large;color: #0000ff\"><strong>RDC-850 \/ RDC-900 \/ SDC-900 \/ SDC-900E <\/strong><\/span><\/div>\n<div><span style=\"font-size: large;color: #0000ff\"><strong>SDP-900 \/ SDP-900E \/DHO-900 \/ DHO-900C<\/strong><\/span><\/div>\n<div> <\/div>\n<div><span style=\"font-size: large;color: #0000ff\"><strong>a pe\u00e7a de reposi\u00e7\u00e3o inclui<\/strong><\/span><\/div>\n<div>\n<div><span style=\"font-size: large;color: #0000ff\"><strong>Roda de agulha SP3 1 pe\u00e7a <\/strong><\/span><\/div>\n<div><span style=\"font-size: large;color: #0000ff\"><strong>Eixo de cer\u00e2mica SP3 1 pe\u00e7a <\/strong><\/span><\/div>\n<div><span style=\"font-size: large;color: #0000ff\"><strong>Tampa de borracha do eixo SP3 3 pe\u00e7as <\/strong><\/span><\/div>\n<div><span style=\"font-size: large;color: #0000ff\"><strong>parafuso 3 unidades <\/strong><\/span><\/div>\n<div><span style=\"font-size: large;color: #0000ff\"><strong>torneira de tubo de copo de cole\u00e7\u00e3o 3 pe\u00e7as <\/strong><\/span><\/div>\n<div><span style=\"font-size: large;color: #0000ff\"><strong>Anel O 1 pe\u00e7a <\/strong><\/span><\/div>\n<div><span style=\"font-size: large;color: #0000ff\"><strong>valor de ajuste de entrada de ar 1 unidade <\/strong><\/span><\/div>\n<div><span style=\"color: #0000ff\"><span style=\"font-size: large\"><strong>tubo macio 1 unidade <\/strong><\/span> <\/span><\/div><\/div>\n","protected":false},"excerpt":{"rendered":"<p>terno de pe\u00e7a sobressalente do Skimmer de prote\u00edna de fonte marinha SBP80<br \/>\n adequado para modelo skimmer<br \/>\n RDC-850 \/ RDC-900 \/ SDC-900 \/ SDC-900E SDP-900 \/ SDP-900E \/DHO-900 \/ DHO-900C<\/p>\n","protected":false},"featured_media":1633,"comment_status":"open","ping_status":"closed","template":"","meta":[],"product_brand":[],"product_cat":[1293],"product_tag":[],"class_list":{"0":"post-32405","1":"product","2":"type-product","3":"status-publish","4":"has-post-thumbnail","6":"product_cat-peca-de-reposicao-para-skimmer-de-proteinas","8":"first","9":"instock","10":"shipping-taxable","11":"purchasable","12":"product-type-simple","13":"add-to-wishlist-after_add_to_cart"},"jetpack_sharing_enabled":true,"_links":{"self":[{"href":"https:\/\/www.reefshops.com\/pt-br\/wp-json\/wp\/v2\/product\/32405","targetHints":{"allow":["GET"]}}],"collection":[{"href":"https:\/\/www.reefshops.com\/pt-br\/wp-json\/wp\/v2\/product"}],"about":[{"href":"https:\/\/www.reefshops.com\/pt-br\/wp-json\/wp\/v2\/types\/product"}],"replies":[{"embeddable":true,"href":"https:\/\/www.reefshops.com\/pt-br\/wp-json\/wp\/v2\/comments?post=32405"}],"wp:featuredmedia":[{"embeddable":true,"href":"https:\/\/www.reefshops.com\/pt-br\/wp-json\/wp\/v2\/media\/1633"}],"wp:attachment":[{"href":"https:\/\/www.reefshops.com\/pt-br\/wp-json\/wp\/v2\/media?parent=32405"}],"wp:term":[{"taxonomy":"product_brand","embeddable":true,"href":"https:\/\/www.reefshops.com\/pt-br\/wp-json\/wp\/v2\/product_brand?post=32405"},{"taxonomy":"product_cat","embeddable":true,"href":"https:\/\/www.reefshops.com\/pt-br\/wp-json\/wp\/v2\/product_cat?post=32405"},{"taxonomy":"product_tag","embeddable":true,"href":"https:\/\/www.reefshops.com\/pt-br\/wp-json\/wp\/v2\/product_tag?post=32405"}],"curies":[{"name":"wp","href":"https:\/\/api.w.org\/{rel}","templated":true}]}}