{"id":32410,"date":"2014-09-05T16:35:55","date_gmt":"2014-09-05T16:35:55","guid":{"rendered":"https:\/\/www.reefshops.com\/product\/ph-201-medidor-de-ph-e-controlador-de-valor-com-sonda-e-interruptor-de-funcao-de-acao-hi-lo\/"},"modified":"2025-03-16T08:13:22","modified_gmt":"2025-03-16T08:13:22","slug":"ph-201-medidor-de-ph-e-controlador-de-valor-com-sonda-e-interruptor-de-funcao-de-acao-hi-lo","status":"publish","type":"product","link":"https:\/\/www.reefshops.com\/pt-br\/produto\/ph-201-medidor-de-ph-e-controlador-de-valor-com-sonda-e-interruptor-de-funcao-de-acao-hi-lo\/","title":{"rendered":"PH 201 Medidor de Ph e Controlador de Valor com Sonda e interruptor de fun\u00e7\u00e3o de a\u00e7\u00e3o HI\/LO"},"content":{"rendered":"<p><span style=\"font-size: large;color: #0000ff\"><strong><span style=\"font-family: Verdana\">Controlador digital de pH PH-201 <\/span><\/strong><br \/><span style=\"font-family: Verdana\">Faixa de medi\u00e7\u00e3o: 0,00~14,00PH<br \/>Precis\u00e3o: \u00b1(0,1%+2 d\u00edgitos) ap\u00f3s calibra\u00e7\u00e3o<br \/>Resolu\u00e7\u00e3o: 0,01PH <br \/>Intervalo definido: 3,50~10,50PH<br \/>Temperatura ambiente: 0~50\u2103 Umidade: &lt;95%<br \/>Dimens\u00f5es: 150mm\u00d785mm\u00d740mm<br \/><\/span><\/span><\/p>\n<p><span style=\"color: #0000ff;font-size: large\"><span style=\"font-family: Verdana\">Interruptor de fun\u00e7\u00e3o de a\u00e7\u00e3o HI\/LO<\/span><\/span><\/p>\n","protected":false},"excerpt":{"rendered":"<p>Ideia para aqu\u00e1rio marinho e fresco<\/p>\n","protected":false},"featured_media":1653,"comment_status":"open","ping_status":"closed","template":"","meta":[],"product_brand":[],"product_cat":[768],"product_tag":[],"class_list":{"0":"post-32410","1":"product","2":"type-product","3":"status-publish","4":"has-post-thumbnail","6":"product_cat-kits-de-teste","8":"first","9":"instock","10":"shipping-taxable","11":"purchasable","12":"product-type-simple","13":"add-to-wishlist-after_add_to_cart"},"jetpack_sharing_enabled":true,"_links":{"self":[{"href":"https:\/\/www.reefshops.com\/pt-br\/wp-json\/wp\/v2\/product\/32410","targetHints":{"allow":["GET"]}}],"collection":[{"href":"https:\/\/www.reefshops.com\/pt-br\/wp-json\/wp\/v2\/product"}],"about":[{"href":"https:\/\/www.reefshops.com\/pt-br\/wp-json\/wp\/v2\/types\/product"}],"replies":[{"embeddable":true,"href":"https:\/\/www.reefshops.com\/pt-br\/wp-json\/wp\/v2\/comments?post=32410"}],"wp:featuredmedia":[{"embeddable":true,"href":"https:\/\/www.reefshops.com\/pt-br\/wp-json\/wp\/v2\/media\/1653"}],"wp:attachment":[{"href":"https:\/\/www.reefshops.com\/pt-br\/wp-json\/wp\/v2\/media?parent=32410"}],"wp:term":[{"taxonomy":"product_brand","embeddable":true,"href":"https:\/\/www.reefshops.com\/pt-br\/wp-json\/wp\/v2\/product_brand?post=32410"},{"taxonomy":"product_cat","embeddable":true,"href":"https:\/\/www.reefshops.com\/pt-br\/wp-json\/wp\/v2\/product_cat?post=32410"},{"taxonomy":"product_tag","embeddable":true,"href":"https:\/\/www.reefshops.com\/pt-br\/wp-json\/wp\/v2\/product_tag?post=32410"}],"curies":[{"name":"wp","href":"https:\/\/api.w.org\/{rel}","templated":true}]}}