{"id":32411,"date":"2014-09-05T16:46:23","date_gmt":"2014-09-05T16:46:23","guid":{"rendered":"https:\/\/www.reefshops.com\/product\/mini-monitor-de-ph-com-bateria\/"},"modified":"2025-03-16T08:13:22","modified_gmt":"2025-03-16T08:13:22","slug":"mini-monitor-de-ph-com-bateria","status":"publish","type":"product","link":"https:\/\/www.reefshops.com\/pt-br\/produto\/mini-monitor-de-ph-com-bateria\/","title":{"rendered":"Mini monitor de PH com bateria"},"content":{"rendered":"<table border=\"1\" cellpadding=\"0\">\n<tr>\n<td valign=\"top\">\n<p><span>Intervalo<\/span><\/p>\n<\/td>\n<td valign=\"top\">\n<p><span>0h00-14h00PH<\/span><\/p>\n<\/td>\n<\/tr>\n<tr>\n<td valign=\"top\">\n<p><span>Resolu\u00e7\u00e3o<\/span><\/p>\n<\/td>\n<td valign=\"top\">\n<p><span>0,01PH<\/span><\/p>\n<\/td>\n<\/tr>\n<tr>\n<td valign=\"top\">\n<p><span>Precis\u00e3o<\/span><\/p>\n<\/td>\n<td valign=\"top\">\n<p><span>\u00b10,1pH<\/span><\/p>\n<\/td>\n<\/tr>\n<tr>\n<td valign=\"top\">\n<p><span>Baterias<\/span><\/p>\n<\/td>\n<td valign=\"top\">\n<p><span>4\u00d71,5V(AG1)<\/span><\/p>\n<\/td>\n<\/tr>\n<tr>\n<td valign=\"top\">\n<p><span>Temperatura operacional<\/span><\/p>\n<\/td>\n<td valign=\"top\">\n<p><span>0\u00b0C~50\u00b0C<\/span><\/p>\n<\/td>\n<\/tr>\n<tr>\n<td valign=\"top\">\n<p><span>Dimens\u00f5es<\/span><\/p>\n<\/td>\n<td valign=\"top\">\n<p><span>60mm\u00d755mm\u00d723mm<\/span><\/p>\n<\/td>\n<\/tr>\n<tr>\n<td valign=\"top\">\n<p><span>Peso<\/span><\/p>\n<\/td>\n<td valign=\"top\">\n<p><span>75g<\/span><\/p>\n<\/td>\n<\/tr>\n<\/tbody>\n<p>Com l\u00edquido de celibra\u00e7\u00e3o e kit de montagem<\/p>\n","protected":false},"excerpt":{"rendered":"<p>f\u00e1cil instala\u00e7\u00e3o<\/p>\n","protected":false},"featured_media":1658,"comment_status":"open","ping_status":"closed","template":"","meta":[],"product_brand":[],"product_cat":[768],"product_tag":[],"class_list":{"0":"post-32411","1":"product","2":"type-product","3":"status-publish","4":"has-post-thumbnail","6":"product_cat-kits-de-teste","8":"first","9":"instock","10":"shipping-taxable","11":"purchasable","12":"product-type-simple","13":"add-to-wishlist-after_add_to_cart"},"jetpack_sharing_enabled":true,"_links":{"self":[{"href":"https:\/\/www.reefshops.com\/pt-br\/wp-json\/wp\/v2\/product\/32411","targetHints":{"allow":["GET"]}}],"collection":[{"href":"https:\/\/www.reefshops.com\/pt-br\/wp-json\/wp\/v2\/product"}],"about":[{"href":"https:\/\/www.reefshops.com\/pt-br\/wp-json\/wp\/v2\/types\/product"}],"replies":[{"embeddable":true,"href":"https:\/\/www.reefshops.com\/pt-br\/wp-json\/wp\/v2\/comments?post=32411"}],"wp:featuredmedia":[{"embeddable":true,"href":"https:\/\/www.reefshops.com\/pt-br\/wp-json\/wp\/v2\/media\/1658"}],"wp:attachment":[{"href":"https:\/\/www.reefshops.com\/pt-br\/wp-json\/wp\/v2\/media?parent=32411"}],"wp:term":[{"taxonomy":"product_brand","embeddable":true,"href":"https:\/\/www.reefshops.com\/pt-br\/wp-json\/wp\/v2\/product_brand?post=32411"},{"taxonomy":"product_cat","embeddable":true,"href":"https:\/\/www.reefshops.com\/pt-br\/wp-json\/wp\/v2\/product_cat?post=32411"},{"taxonomy":"product_tag","embeddable":true,"href":"https:\/\/www.reefshops.com\/pt-br\/wp-json\/wp\/v2\/product_tag?post=32411"}],"curies":[{"name":"wp","href":"https:\/\/api.w.org\/{rel}","templated":true}]}}