{"id":32418,"date":"2014-12-09T18:30:18","date_gmt":"2014-12-09T18:30:18","guid":{"rendered":"https:\/\/www.reefshops.com\/product\/controle-sem-fio-da-bomba-jebao-rw-4-wave-maker\/"},"modified":"2025-03-16T08:13:24","modified_gmt":"2025-03-16T08:13:24","slug":"controle-sem-fio-da-bomba-jebao-rw-4-wave-maker","status":"publish","type":"product","link":"https:\/\/www.reefshops.com\/pt-br\/produto\/controle-sem-fio-da-bomba-jebao-rw-4-wave-maker\/","title":{"rendered":"Controle sem fio da bomba Jebao RW-4 Wave Maker"},"content":{"rendered":"<p><span style=\"font-family: arial;font-size: large;color: #0000ff\"><strong>Recurso (Jebao RW4 Wireless WaveMaker)<\/strong><\/span><\/p>\n<p><span style=\"font-family: arial\"> <\/span><\/p>\n<ul>\n<li><span style=\"font-family: arial;font-size: large;color: #0000ff\"><strong>8 vaz\u00f5es diferentes (500 &#8211; 4000 litros)<\/strong><\/span><\/li>\n<\/ul>\n<ul>\n<ul>\n<li><span style=\"font-family: arial;font-size: large;color: #0000ff\"><strong>Super silencioso. A borracha tem um som 100% menor que o Vortech<\/strong><\/span><\/li>\n<\/ul>\n<\/ul>\n<p><span style=\"font-family: arial\"> <\/span><\/p>\n<ul>\n<ul>\n<li><span style=\"font-size: large;color: #0000ff\"><strong><span style=\"font-family: arial\">Controlador sem fio para conectar bomba mestre\/escravo<\/span><\/strong><\/span><\/li>\n<\/ul>\n<\/ul>\n<p><span style=\"font-family: arial\"> <\/span><\/p>\n<ul>\n<ul>\n<li><span style=\"font-size: large;color: #0000ff\"><strong><span style=\"font-family: arial\">Pode operar de forma aut\u00f4noma em uma bomba ou sem fio<\/span><\/strong><\/span><\/li>\n<\/ul>\n<\/ul>\n<p><span style=\"font-family: arial\"> <\/span><\/p>\n<ul>\n<ul>\n<li><span style=\"font-size: large;color: #0000ff\"><strong><span style=\"font-family: arial\">F\u00e1cil instala\u00e7\u00e3o e manuten\u00e7\u00e3o.<\/span><\/strong><\/span><\/li>\n<\/ul>\n<\/ul>\n<p><span style=\"font-family: arial\"> <\/span><\/p>\n<ul>\n<ul>\n<li><span style=\"font-size: large;color: #0000ff\"><strong><span style=\"font-family: arial\">Suporte magn\u00e9tico<\/span><\/strong><\/span><\/li>\n<\/ul>\n<\/ul>\n<p><span style=\"font-family: arial\"> <\/span><\/p>\n<ul>\n<ul>\n<li><span style=\"font-size: large;color: #0000ff\"><strong><span style=\"font-family: arial\">Sensor noturno &#8211; detecta automaticamente quando as luzes do tanque se apagam e retarda a bomba.<\/span><\/strong><\/span><\/li>\n<\/ul>\n<\/ul>\n<p><span style=\"font-family: arial\"> <\/span><\/p>\n<ul>\n<ul>\n<li><span style=\"font-size: large;color: #0000ff\"><strong><span style=\"font-family: arial\">Modo de alimenta\u00e7\u00e3o com um toque &#8211; retarda a bomba por um per\u00edodo de 10 minutos.<\/span><\/strong><\/span><\/li>\n<\/ul>\n<\/ul>\n<p><span style=\"font-family: arial\"> <\/span><\/p>\n<ul>\n<ul>\n<li><span style=\"font-size: large;color: #0000ff\"><strong><span style=\"font-family: arial\">Alto desempenho, fluxo de \u00e1gua potente combinado com baixo consumo de energia.<\/span><\/strong><\/span><\/li>\n<\/ul>\n<\/ul>\n<p><span style=\"font-family: arial\"> <\/span><\/p>\n<ul>\n<ul>\n<li><span style=\"font-size: large;color: #0000ff\"><strong><span style=\"font-family: arial\">Eixo de cer\u00e2mica para longa vida e durabilidade<\/span><\/strong><\/span><\/li>\n<\/ul>\n<\/ul>\n<p><span style=\"font-family: arial\"> <\/span><\/p>\n<ul>\n<li><span style=\"font-size: large;color: #0000ff\"><strong><span style=\"font-family: arial\">Sistema de controle inteligente para gerar v\u00e1rios padr\u00f5es de ondas adequados ao seu tanque.<\/span><\/strong><\/span><\/li>\n<\/ul>\n<div>\n<div>\n<p><strong><span style=\"font-family: arial;font-size: small\">Modo Wave:<\/span><\/strong><\/p>\n<\/p><\/div>\n<div><span style=\"font-family: arial;font-size: small\"><strong><br \/><\/strong><\/span><span style=\"font-family: arial;font-size: small\"><strong>W1<\/strong><strong>:<\/strong><strong>Modo Onda<\/strong><strong><\/strong><\/span><\/div>\n<div><span style=\"font-family: arial;font-size: small\"> <\/span><\/p>\n<p align=\"left\"><span style=\"font-family: arial;font-size: small\">O controle remoto do bot\u00e3o \u00e9 necess\u00e1rio ao operar este modo para ajustar os padr\u00f5es de onda entre uma ou mais bombas ao mesmo tempo. Como o volume de \u00e1gua no tanque \u00e9 diferente da capacidade do tanque, o per\u00edodo das ondas precisava ser ajustado girando o bot\u00e3o. A onda \u00e9 maior quando o comprimento da onda \u00e9 igual ao comprimento do tanque; Aumente o comprimento da onda girando o bot\u00e3o no sentido hor\u00e1rio e reduza no sentido anti-hor\u00e1rio.<\/span><\/p>\n<p> <span style=\"font-family: arial\"> <\/span><\/p>\n<p align=\"left\"><span style=\"font-family: arial;font-size: small\"><strong>Dicas:<\/strong> Voc\u00ea deve mudar o bot\u00e3o gradualmente e observar o padr\u00e3o de onda em um determinado per\u00edodo ap\u00f3s cada ajuste. Pressione \u201cSPEED\/FEED\u201d para ajustar a taxa de fluxo.<\/span><\/p>\n<p align=\"left\"><span style=\"font-family: arial;font-size: small\"> <\/span><\/p>\n<p align=\"left\"><span style=\"font-family: arial;font-size: small\"><strong> W2<\/strong><strong>:<\/strong><strong> Modo senoidal<\/strong><strong> <\/strong><\/span><\/p>\n<p align=\"left\"><span style=\"font-family: arial;font-size: small\"> Uma ou mais bombas podem operar ao mesmo tempo neste modo. A pot\u00eancia varia entre 30% -100% e a regula\u00e7\u00e3o parece uma curva senoidal.<\/span><\/p>\n<p align=\"left\"><span style=\"font-family: arial;font-size: small\"> <\/span><\/p>\n<p align=\"left\"><span style=\"font-family: arial;font-size: small\"><strong> Else<\/strong><strong>:<\/strong><strong> Modo Aleat\u00f3rio<\/strong><strong><\/strong><\/span><\/p>\n<p align=\"left\"><span style=\"font-family: arial;font-size: small\">Uma ou mais bombas podem operar ao mesmo tempo. \u00c9 um modo aleat\u00f3rio, pois a pot\u00eancia da bomba muda para dados aleat\u00f3rios o tempo todo, sem regula\u00e7\u00e3o.<\/span><\/p>\n<p align=\"left\"><span style=\"font-family: arial;font-size: small\"> <\/span><\/p>\n<p align=\"left\"><span style=\"font-family: arial;font-size: small\"> <strong>H<\/strong><strong>:<\/strong><strong>Modo de fluxo<\/strong><strong><\/strong><\/span><\/p>\n<p align=\"left\"><span style=\"font-family: arial;font-size: small\">Uma ou mais bombas podem operar ao mesmo tempo. Em fluxo constante. A taxa de fluxo pode ser ajustada por \u201cSPEED\/FEED\u201d<\/span><\/p>\n<p align=\"left\"><span style=\"font-family: arial;font-size: small\"> <\/span><\/p>\n<p> <span style=\"font-family: arial;font-size: small\"> <strong>C<\/strong><strong>:<\/strong><strong> Mudar para o modo de fluxo<\/strong> <\/span><\/p>\n<p align=\"left\"><span style=\"font-family: arial;font-size: small\"> Duas bombas s\u00e3o necess\u00e1rias para operar ao mesmo tempo, quando elas mudam a onda e o fluxo em ciclos. Trabalho P1, parada P2; Trabalho P2, parada P1; Trabalho P1, parada P2. e ciclos como este. O per\u00edodo do ciclo (1s-1min) pode ser ajustado alternando o bot\u00e3o e ajustar a taxa de fluxo pressionando SPEED\/FEED<\/span><\/p>\n<\/p><\/div>\n<p> <span style=\"color: #0000ff;font-family: arial;font-size: large\"><strong><br \/><\/strong><\/span><\/div>\n","protected":false},"excerpt":{"rendered":"<p>f\u00e1cil uso e instala\u00e7\u00e3o<br \/>\n pode controlar 7 bombas escravas trabalhando juntas<\/p>\n","protected":false},"featured_media":1681,"comment_status":"open","ping_status":"closed","template":"","meta":[],"product_brand":[],"product_cat":[795],"product_tag":[],"class_list":{"0":"post-32418","1":"product","2":"type-product","3":"status-publish","4":"has-post-thumbnail","6":"product_cat-criadores-de-ondas","8":"first","9":"instock","10":"shipping-taxable","11":"purchasable","12":"product-type-simple","13":"add-to-wishlist-after_add_to_cart"},"jetpack_sharing_enabled":true,"_links":{"self":[{"href":"https:\/\/www.reefshops.com\/pt-br\/wp-json\/wp\/v2\/product\/32418","targetHints":{"allow":["GET"]}}],"collection":[{"href":"https:\/\/www.reefshops.com\/pt-br\/wp-json\/wp\/v2\/product"}],"about":[{"href":"https:\/\/www.reefshops.com\/pt-br\/wp-json\/wp\/v2\/types\/product"}],"replies":[{"embeddable":true,"href":"https:\/\/www.reefshops.com\/pt-br\/wp-json\/wp\/v2\/comments?post=32418"}],"wp:featuredmedia":[{"embeddable":true,"href":"https:\/\/www.reefshops.com\/pt-br\/wp-json\/wp\/v2\/media\/1681"}],"wp:attachment":[{"href":"https:\/\/www.reefshops.com\/pt-br\/wp-json\/wp\/v2\/media?parent=32418"}],"wp:term":[{"taxonomy":"product_brand","embeddable":true,"href":"https:\/\/www.reefshops.com\/pt-br\/wp-json\/wp\/v2\/product_brand?post=32418"},{"taxonomy":"product_cat","embeddable":true,"href":"https:\/\/www.reefshops.com\/pt-br\/wp-json\/wp\/v2\/product_cat?post=32418"},{"taxonomy":"product_tag","embeddable":true,"href":"https:\/\/www.reefshops.com\/pt-br\/wp-json\/wp\/v2\/product_tag?post=32418"}],"curies":[{"name":"wp","href":"https:\/\/api.w.org\/{rel}","templated":true}]}}