{"id":32428,"date":"2014-08-20T14:29:16","date_gmt":"2014-08-20T14:29:16","guid":{"rendered":"https:\/\/www.reefshops.com\/product\/skimmer-interno-de-proteinas-reef-octopus-ps-1000\/"},"modified":"2025-03-16T08:13:30","modified_gmt":"2025-03-16T08:13:30","slug":"skimmer-interno-de-proteinas-reef-octopus-ps-1000","status":"publish","type":"product","link":"https:\/\/www.reefshops.com\/pt-br\/produto\/skimmer-interno-de-proteinas-reef-octopus-ps-1000\/","title":{"rendered":"Skimmer interno de prote\u00ednas Reef Octopus PS-1000"},"content":{"rendered":"<p><span style=\"color: #000000;font-family: arial\"><strong>Recurso<\/strong><\/span><\/p>\n<ul>\n<li><span style=\"color: #000000;font-family: arial;font-size: small\"><strong>O Skimmer em forma de cone fornece efici\u00eancia de processamento de bolhas de acumula\u00e7\u00e3o mais est\u00e1vel.<\/strong><\/span><\/li>\n<li><span style=\"color: #000000;font-family: arial;font-size: small\"><strong>Novo dispositivo silenciador de admiss\u00e3o torna mais silencioso<\/strong><\/span><\/li>\n<li><strong><span style=\"font-family: Arial;font-size: small\">Entrada de ar acima de 500L a 540L\/H<\/span><\/strong><\/li>\n<\/ul>\n<p><span style=\"color: #000000;font-family: arial\"><strong>Especifica\u00e7\u00f5es<\/strong><\/span><\/p>\n<ul>\n<li><span style=\"color: #000000;font-family: arial;font-size: small\"><strong>Adequado para tanque de 500 litros<\/strong><\/span><\/li>\n<li><span style=\"color: #000000;font-family: arial;font-size: small\"><strong>Bomba BB-1000S com impulsor de malha<\/strong><\/span><\/li>\n<li><strong><span style=\"font-family: Arial;font-size: small\">Watt: 10W<\/span><\/strong><\/li>\n<li><span style=\"color: #000000;font-family: arial;font-size: small\"><strong>Pot\u00eancia: 220V a 240V 50Hz<\/strong><\/span><\/li>\n<\/ul>\n","protected":false},"excerpt":{"rendered":"<p>excelente skimmer<br \/>\n f\u00e1cil instala\u00e7\u00e3o e configura\u00e7\u00e3o<\/p>\n","protected":false},"featured_media":1779,"comment_status":"open","ping_status":"closed","template":"","meta":[],"product_brand":[],"product_cat":[1272],"product_tag":[],"class_list":{"0":"post-32428","1":"product","2":"type-product","3":"status-publish","4":"has-post-thumbnail","6":"product_cat-escumadores-de-proteina","8":"first","9":"instock","10":"shipping-taxable","11":"purchasable","12":"product-type-simple","13":"add-to-wishlist-after_add_to_cart"},"jetpack_sharing_enabled":true,"_links":{"self":[{"href":"https:\/\/www.reefshops.com\/pt-br\/wp-json\/wp\/v2\/product\/32428","targetHints":{"allow":["GET"]}}],"collection":[{"href":"https:\/\/www.reefshops.com\/pt-br\/wp-json\/wp\/v2\/product"}],"about":[{"href":"https:\/\/www.reefshops.com\/pt-br\/wp-json\/wp\/v2\/types\/product"}],"replies":[{"embeddable":true,"href":"https:\/\/www.reefshops.com\/pt-br\/wp-json\/wp\/v2\/comments?post=32428"}],"wp:featuredmedia":[{"embeddable":true,"href":"https:\/\/www.reefshops.com\/pt-br\/wp-json\/wp\/v2\/media\/1779"}],"wp:attachment":[{"href":"https:\/\/www.reefshops.com\/pt-br\/wp-json\/wp\/v2\/media?parent=32428"}],"wp:term":[{"taxonomy":"product_brand","embeddable":true,"href":"https:\/\/www.reefshops.com\/pt-br\/wp-json\/wp\/v2\/product_brand?post=32428"},{"taxonomy":"product_cat","embeddable":true,"href":"https:\/\/www.reefshops.com\/pt-br\/wp-json\/wp\/v2\/product_cat?post=32428"},{"taxonomy":"product_tag","embeddable":true,"href":"https:\/\/www.reefshops.com\/pt-br\/wp-json\/wp\/v2\/product_tag?post=32428"}],"curies":[{"name":"wp","href":"https:\/\/api.w.org\/{rel}","templated":true}]}}