{"id":32455,"date":"2016-09-25T23:27:48","date_gmt":"2016-09-25T23:27:48","guid":{"rendered":"https:\/\/www.reefshops.com\/product\/midia-de-filtro-de-carvao-ativado-de-boa-qualidade-para-aquario-e-lagoa\/"},"modified":"2025-03-16T08:20:44","modified_gmt":"2025-03-16T08:20:44","slug":"midia-de-filtro-de-carvao-ativado-de-boa-qualidade-para-aquario-e-lagoa","status":"publish","type":"product","link":"https:\/\/www.reefshops.com\/pt-br\/produto\/midia-de-filtro-de-carvao-ativado-de-boa-qualidade-para-aquario-e-lagoa\/","title":{"rendered":"m\u00eddia de filtro de carv\u00e3o ativado de boa qualidade para aqu\u00e1rio e lagoa"},"content":{"rendered":"<article class=\"article richtext richtext-detail AE:disable\" id=\"richTextContainer\">\n<div style=\"clear:both\">\n<p><span style=\"font-family: 'times new roman', times;font-size: 24px\">m\u00eddia de filtro de carv\u00e3o ativado de boa qualidade para aqu\u00e1rios e lagos <\/span><\/p>\n<p><span style=\"font-family: 'times new roman', times;font-size: 24px\">1.volume \u00e9 143 unidades\/caixa<\/span><\/p>\n<p><span style=\"font-family: 'times new roman', times;font-size: 24px\">2.Size :large<\/span><\/p>\n<p><span style=\"font-family: 'times new roman', times;24px\">3.shape:square<\/span><\/p>\n<p><span style=\"font-family: 'times new roman', times;font-size: 24px\">4.imagem detalhada dele<\/span><\/p>\n<p><span style=\"font-family: 'times new roman', times;font-size: 24px\"><img decoding=\"async\" data-alt=\"m\u00eddia de filtro de carv\u00e3o ativado de boa qualidade para aqu\u00e1rio e lago\" data-src=\"http:\/\/localhost\/media\/import\/detail\/HTB1r6aEHFXXXXcQXFXXq6xXFXXXc.jpg\" src=\"\"><img decoding=\"async\" alt=\"meio filtrante de carv\u00e3o ativado de boa qualidade para aqu\u00e1rio e lagoa\" src=\"http:\/\/localhost\/media\/import\/detail\/HTB1r6aEHFXXXXcQXFXXq6xXFXXXc.jpg\"><img decoding=\"async\" data-alt=\"meio filtrante de carv\u00e3o ativado de boa qualidade para aqu\u00e1rios e lagos\" data-src=\"http:\/\/localhost\/media\/import\/detail\/HTB1zmyCHFXXXXc7XFXXq6xXFXXXI.jpg\" src=\"\"><img decoding=\"async\" alt=\"meio filtrante de carv\u00e3o ativado de boa qualidade para aqu\u00e1rio e lago\" src=\"http:\/\/localhost\/media\/import\/detail\/HTB1zmyCHFXXXXc7XFXXq6xXFXXXI.jpg\"><img decoding=\"async\" data-alt=\"meio filtrante de carv\u00e3o ativado de boa qualidade para aqu\u00e1rio e lago\" data-src=\"http:\/\/localhost\/media\/import\/detail\/HTB12VWLHFXXXXXjXpXXq6xXFXXXB.jpg\" src=\"\"><img decoding=\"async\" alt=\"meio filtrante de carv\u00e3o ativado de boa qualidade para aqu\u00e1rio e lago\" src=\"http:\/\/localhost\/media\/import\/detail\/HTB12VWLHFXXXXXjXpXXq6xXFXXXB.jpg\"><\/span><\/p>\n<div style=\"clear:both\"><\/div>\n<\/div>\n<\/article>\n","protected":false},"excerpt":{"rendered":"<p>m\u00eddia de filtro de carv\u00e3o ativado de boa qualidade para aqu\u00e1rio e lagoa<\/p>\n","protected":false},"featured_media":2600,"comment_status":"open","ping_status":"closed","template":"","meta":[],"product_brand":[],"product_cat":[627],"product_tag":[],"class_list":{"0":"post-32455","1":"product","2":"type-product","3":"status-publish","4":"has-post-thumbnail","6":"product_cat-filtros-de-aquario","8":"first","9":"instock","10":"shipping-taxable","11":"purchasable","12":"product-type-simple","13":"add-to-wishlist-after_add_to_cart"},"jetpack_sharing_enabled":true,"_links":{"self":[{"href":"https:\/\/www.reefshops.com\/pt-br\/wp-json\/wp\/v2\/product\/32455","targetHints":{"allow":["GET"]}}],"collection":[{"href":"https:\/\/www.reefshops.com\/pt-br\/wp-json\/wp\/v2\/product"}],"about":[{"href":"https:\/\/www.reefshops.com\/pt-br\/wp-json\/wp\/v2\/types\/product"}],"replies":[{"embeddable":true,"href":"https:\/\/www.reefshops.com\/pt-br\/wp-json\/wp\/v2\/comments?post=32455"}],"wp:featuredmedia":[{"embeddable":true,"href":"https:\/\/www.reefshops.com\/pt-br\/wp-json\/wp\/v2\/media\/2600"}],"wp:attachment":[{"href":"https:\/\/www.reefshops.com\/pt-br\/wp-json\/wp\/v2\/media?parent=32455"}],"wp:term":[{"taxonomy":"product_brand","embeddable":true,"href":"https:\/\/www.reefshops.com\/pt-br\/wp-json\/wp\/v2\/product_brand?post=32455"},{"taxonomy":"product_cat","embeddable":true,"href":"https:\/\/www.reefshops.com\/pt-br\/wp-json\/wp\/v2\/product_cat?post=32455"},{"taxonomy":"product_tag","embeddable":true,"href":"https:\/\/www.reefshops.com\/pt-br\/wp-json\/wp\/v2\/product_tag?post=32455"}],"curies":[{"name":"wp","href":"https:\/\/api.w.org\/{rel}","templated":true}]}}