{"id":32468,"date":"2016-09-25T22:23:38","date_gmt":"2016-09-25T22:23:38","guid":{"rendered":"https:\/\/www.reefshops.com\/product\/unidade-de-resfriamento-de-aquario-hailea-de-economia-de-energia-1-4hp-hc300a\/"},"modified":"2025-03-16T08:13:43","modified_gmt":"2025-03-16T08:13:43","slug":"unidade-de-resfriamento-de-aquario-hailea-de-economia-de-energia-1-4hp-hc300a","status":"publish","type":"product","link":"https:\/\/www.reefshops.com\/pt-br\/produto\/unidade-de-resfriamento-de-aquario-hailea-de-economia-de-energia-1-4hp-hc300a\/","title":{"rendered":"Unidade de resfriamento de aqu\u00e1rio HAILEA de economia de energia 1 \/ 4HP HC300A"},"content":{"rendered":"<article class=\"article richtext richtext-detail AE:disable\" id=\"richTextContainer\">\n<div style=\"clear:both\">\n<p><span style=\"font-size: 18px\">Unidade de resfriamento de aqu\u00e1rio HAILEA HC300A com economia de energia de 1\/4 HP <br \/><\/span><\/p>\n<\/p>\n<p><span style=\"font-size: 18px\">Especifica\u00e7\u00e3o:<\/span><\/p>\n<\/p>\n<p style=\"border: 0px;font-family: Arial,Helvetica;font-size: 11.818181991577148px;line-height: 16.363636016845703px;#333333\"><span>a. Dur\u00e1vel e com economia de energia com compressor eficiente<\/span><\/p>\n<p style=\"border: 0px;font-family: Arial,Helvetica;font-size: 11.818181991577148px;line-height: 16.363636016845703px;vertical-align: baseline;color: #333333\"><span>b. Anticorrosivo com tubo de tit\u00e2nio dentro<\/span><\/p>\n<p style=\"border: 0px;font-family: Arial,Helvetica;font-size: 11.818181991577148px;line-height: 16.363636016845703px;vertical-align: linha de base\"><span>c. Longa dura\u00e7\u00e3o com protetor de atraso de tr\u00eas minutos<\/span><\/p>\n<p style=\"border: 0px;font-family: Arial,Helvetica;font-size: 11.818181991577148px;line-height: 16.363636016845703px;vertical-align: linha de base\"><span>d.one definido por caixa<\/span><\/p>\n<p><span style=\"color: #333333;font-family: Arial;font-size: large\"><span style=\"line-height: 24px\"><span style=\"color: #333333;font-family: Arial,Helvetica;line-height: 18px\"><img decoding=\"async\" data-alt=\"Economia de energia 1\/4HP HAILEA unidade de resfriamento de aqu\u00e1rio HC300A\" data-src=\"http:\/\/localhost\/media\/import\/detail\/HTB19ZJ1HFXXXXc2XFXXq6xXFXXXN.jpg\" src=\"\"><img decoding=\"async\" alt=\"Economia de energia 1\/4HP HAILEA unidade de resfriamento de aqu\u00e1rio HC300A\" src=\"http:\/\/localhost\/media\/import\/detail\/HTB19ZJ1HFXXXXc2XFXXq6xXFXXXN.jpg\"><br \/><\/span><\/span><\/span><\/p>\n<p style=\"border: 0px;color: #333333\"><span><br \/><\/span><\/p>\n<div style=\"clear:both\"><\/div>\n<\/div>\n<\/article>\n","protected":false},"excerpt":{"rendered":"<p>Unidade de resfriamento de aqu\u00e1rio HAILEA de economia de energia 1 \/ 4HP HC300A<\/p>\n","protected":false},"featured_media":2004,"comment_status":"open","ping_status":"closed","template":"","meta":[],"product_brand":[],"product_cat":[627],"product_tag":[],"class_list":{"0":"post-32468","1":"product","2":"type-product","3":"status-publish","4":"has-post-thumbnail","6":"product_cat-filtros-de-aquario","8":"first","9":"instock","10":"shipping-taxable","11":"purchasable","12":"product-type-simple","13":"add-to-wishlist-after_add_to_cart"},"jetpack_sharing_enabled":true,"_links":{"self":[{"href":"https:\/\/www.reefshops.com\/pt-br\/wp-json\/wp\/v2\/product\/32468","targetHints":{"allow":["GET"]}}],"collection":[{"href":"https:\/\/www.reefshops.com\/pt-br\/wp-json\/wp\/v2\/product"}],"about":[{"href":"https:\/\/www.reefshops.com\/pt-br\/wp-json\/wp\/v2\/types\/product"}],"replies":[{"embeddable":true,"href":"https:\/\/www.reefshops.com\/pt-br\/wp-json\/wp\/v2\/comments?post=32468"}],"wp:featuredmedia":[{"embeddable":true,"href":"https:\/\/www.reefshops.com\/pt-br\/wp-json\/wp\/v2\/media\/2004"}],"wp:attachment":[{"href":"https:\/\/www.reefshops.com\/pt-br\/wp-json\/wp\/v2\/media?parent=32468"}],"wp:term":[{"taxonomy":"product_brand","embeddable":true,"href":"https:\/\/www.reefshops.com\/pt-br\/wp-json\/wp\/v2\/product_brand?post=32468"},{"taxonomy":"product_cat","embeddable":true,"href":"https:\/\/www.reefshops.com\/pt-br\/wp-json\/wp\/v2\/product_cat?post=32468"},{"taxonomy":"product_tag","embeddable":true,"href":"https:\/\/www.reefshops.com\/pt-br\/wp-json\/wp\/v2\/product_tag?post=32468"}],"curies":[{"name":"wp","href":"https:\/\/api.w.org\/{rel}","templated":true}]}}