{"id":32482,"date":"2016-09-25T22:23:39","date_gmt":"2016-09-25T22:23:39","guid":{"rendered":"https:\/\/www.reefshops.com\/product\/atacado-mini-filtro-interno-para-aquarios-nano-becken\/"},"modified":"2025-03-16T08:13:47","modified_gmt":"2025-03-16T08:13:47","slug":"atacado-mini-filtro-interno-para-aquarios-nano-becken","status":"publish","type":"product","link":"https:\/\/www.reefshops.com\/pt-br\/produto\/atacado-mini-filtro-interno-para-aquarios-nano-becken\/","title":{"rendered":"atacado Mini-filtro interno para aqu\u00e1rios (Nano-Becken)"},"content":{"rendered":"<article class=\"article richtext richtext-detail AE:disable\" id=\"richTextContainer\">\n<div style=\"clear:both\">\n<p><span style=\"font-family: 'times new roman', times;font-size: 14px\"> atacado EHEIM Mini-filtro interno para aqu\u00e1rios (Nano-Becken)<\/span><\/p>\n<p style=\"padding-top: 15px;padding-bottom: 15px\">&lt;span style=&quot;background-color: #cee1e1; font-family: &#039;times new roman&#039;, times; para 30 l<\/span><\/p>\n<p style=\"padding-top: 15px;padding-bottom: 15px;font-size: 14px;line-height: 20px;font-family: Arial, Helvetica, sans-serif\"><span style=\"font-family: 'times new roman', times;font-size: 14px\"><span style=\"line-height: 20px\">\u00c9 pequeno, oferece excelente desempenho e \u00e9 simples de fixar no tanque com ventosas. O filtro suga a \u00e1gua pelas aberturas de ventila\u00e7\u00e3o, transporta-a atrav\u00e9s da esponja do filtro e direciona-a para cima, limpa, de volta ao tanque. Voc\u00ea tamb\u00e9m pode conectar uma mangueira de sa\u00edda para ajustar a dire\u00e7\u00e3o do fluxo de sa\u00edda.<\/span><\/span><\/p>\n<div style=\"margin: 0px;padding: 0px;font-family: Arial, Helvetica, sans-serif;line-height: 16px\">\n<ul>\n<li style=\"margin: 0px;padding: 0px 0px 10px 5px\"><span style=\"font-family: 'times new roman', times;font-size: 14px\">Design discreto e fino <\/span><\/li>\n<li style=\"margin: 0px;padding: 0px 0px 10px 5px\"><span style=\"font-family: 'times new roman', times;font-size: 14px\">Entrada de \u00e1gua frontal<\/span><\/li>\n<li style=\"margin: 0px;0px 10px 5px\"><span style=\"font-family: 'times new roman', times;font-size: 14px\"> Conex\u00e3o para mangueira de sa\u00edda de \u00e1gua<\/span><\/li>\n<li style=\"margin: 0px;padding: 0px 0px 10px 5px\"><span style=\"font-family: 'times new roman', times;font-size: 14px\">Completamente equipado com original <\/span><\/li>\n<li style=\"margin: 0px;padding: 0px 0px 10px 5px\"><span style=\"font-family: 'times new roman', times;font-size: 14px\">Pad de filtro EHEIM, pronto para usar <\/span><\/li>\n<li style=\"margin: 0px\"><span style=\"font-family: 'times new roman', times;font-size: 14px\">Consumo de energia de apenas 5 Watts<\/span><\/li>\n<li style=\"margin: 0px\">\n<h3 style=\"margin-top: 0px\"><span style=\"font-family: 'times new roman', times;font-size: 14px\">EHEIM miniUP<\/span><\/h3>\n<table cellpadding=\"0\" style=\"border-collapse: colapso\">\n<tbody>\n<tr style=\"background-color: #f1f1f1\">\n<td style=\"margin: 0px\"><span style=\"font-family: 'times new roman', times\">EAN<\/span><\/td>\n<td><span style=\"font-family: 'times new roman', times\">4011708224595<\/span><\/td>\n<\/tr>\n<tr style=\"background-color: transparente\">\n<td style=\"margin: 0px\"><span style=\"font-family: 'times new roman', times;font-size: 14px\">N\u00famero do artigo<\/span><\/td>\n<td style=\"margin: 0px\"><span style=\"font-family: 'times new roman', times\">2204020<\/span><\/td>\n<\/tr>\n<tr style=\"background-color: #f1f1f1\">\n<td style=\"margin: 0px\"><span style=\"font-family: 'times new roman', times\">UPC<\/span><\/td>\n<td><span style=\"font-family: 'times new roman', times\">(-)<\/span><\/td>\n<\/tr>\n<tr style=\"background-color: #f0caca\">\n<td style=\"margin: 0px\"><span style=\"font-family: 'times new roman', times\">Largura<\/span><\/td>\n<td><span style=\"font-family: 'times new roman', times\">33,40 mm<\/span><\/td>\n<\/tr>\n<tr style=\"background-color: #f1f1f1\">&lt;<\/p>\n","protected":false},"excerpt":{"rendered":"<p>atacado Mini-filtro interno para aqu\u00e1rios (Nano-Becken)<\/p>\n","protected":false},"featured_media":2048,"comment_status":"open","ping_status":"closed","template":"","meta":[],"product_brand":[],"product_cat":[627],"product_tag":[],"class_list":{"0":"post-32482","1":"product","2":"type-product","3":"status-publish","4":"has-post-thumbnail","6":"product_cat-filtros-de-aquario","8":"first","9":"instock","10":"shipping-taxable","11":"purchasable","12":"product-type-simple","13":"add-to-wishlist-after_add_to_cart"},"jetpack_sharing_enabled":true,"_links":{"self":[{"href":"https:\/\/www.reefshops.com\/pt-br\/wp-json\/wp\/v2\/product\/32482","targetHints":{"allow":["GET"]}}],"collection":[{"href":"https:\/\/www.reefshops.com\/pt-br\/wp-json\/wp\/v2\/product"}],"about":[{"href":"https:\/\/www.reefshops.com\/pt-br\/wp-json\/wp\/v2\/types\/product"}],"replies":[{"embeddable":true,"href":"https:\/\/www.reefshops.com\/pt-br\/wp-json\/wp\/v2\/comments?post=32482"}],"wp:featuredmedia":[{"embeddable":true,"href":"https:\/\/www.reefshops.com\/pt-br\/wp-json\/wp\/v2\/media\/2048"}],"wp:attachment":[{"href":"https:\/\/www.reefshops.com\/pt-br\/wp-json\/wp\/v2\/media?parent=32482"}],"wp:term":[{"taxonomy":"product_brand","embeddable":true,"href":"https:\/\/www.reefshops.com\/pt-br\/wp-json\/wp\/v2\/product_brand?post=32482"},{"taxonomy":"product_cat","embeddable":true,"href":"https:\/\/www.reefshops.com\/pt-br\/wp-json\/wp\/v2\/product_cat?post=32482"},{"taxonomy":"product_tag","embeddable":true,"href":"https:\/\/www.reefshops.com\/pt-br\/wp-json\/wp\/v2\/product_tag?post=32482"}],"curies":[{"name":"wp","href":"https:\/\/api.w.org\/{rel}","templated":true}]}}