{"id":32512,"date":"2016-09-25T22:48:05","date_gmt":"2016-09-25T22:48:05","guid":{"rendered":"https:\/\/www.reefshops.com\/product\/550ml-propoise-remedio-para-aquario-super-bacterias-nitrificantes\/"},"modified":"2025-03-16T08:13:53","modified_gmt":"2025-03-16T08:13:53","slug":"550ml-propoise-remedio-para-aquario-super-bacterias-nitrificantes","status":"publish","type":"product","link":"https:\/\/www.reefshops.com\/pt-br\/produto\/550ml-propoise-remedio-para-aquario-super-bacterias-nitrificantes\/","title":{"rendered":"550ml Propoise rem\u00e9dio para aqu\u00e1rio Super Bact\u00e9rias Nitrificantes"},"content":{"rendered":"<article class=\"article richtext richtext-detail AE:disable\" id=\"richTextContainer\">\n<div style=\"clear:both\">\n<p><span style=\"font-family: 'times new roman', times;font-size: 24px\"> 550ml Propoise rem\u00e9dio para aqu\u00e1rio Super Nitrifying Bacteria<\/span><br \/><span style=\"font-family: 'times new roman', times;font-size: 24px\">1.Ele cont\u00e9m muitos yeat.lactobacillus sp.Steptococus sp e todas as liga\u00e7\u00f5es de fungos ben\u00e9ficos.<\/span><\/p>\n<p><span style=\"font-family: 'times new roman', times;font-size: 24px\">2.Ele pode remover os materiais nocivos na \u00e1gua como: am\u00f4nia.nitrito e hidrog\u00eanio.sulfeto. tamb\u00e9m pode hidrog\u00eanio. sulfeto.<\/span><\/p>\n<p><span style=\"font-family: 'times new roman', times;font-size: 24px\">3.tamb\u00e9m pode melhorar a digest\u00e3o dos peixes. capacidade de metabolismo e capacidade antiestresse.ajuda na preven\u00e7\u00e3o de doen\u00e7as e na taxa de mortalidade de peixes. usando.<\/span><\/p>\n<div style=\"clear:both\"><\/article>\n","protected":false},"excerpt":{"rendered":"<p>550ml Propoise rem\u00e9dio para aqu\u00e1rio Super Bact\u00e9rias Nitrificantes<\/p>\n","protected":false},"featured_media":2118,"comment_status":"open","ping_status":"closed","template":"","meta":[],"product_brand":[],"product_cat":[627],"product_tag":[],"class_list":{"0":"post-32512","1":"product","2":"type-product","3":"status-publish","4":"has-post-thumbnail","6":"product_cat-filtros-de-aquario","8":"first","9":"instock","10":"shipping-taxable","11":"purchasable","12":"product-type-simple","13":"add-to-wishlist-after_add_to_cart"},"jetpack_sharing_enabled":true,"_links":{"self":[{"href":"https:\/\/www.reefshops.com\/pt-br\/wp-json\/wp\/v2\/product\/32512","targetHints":{"allow":["GET"]}}],"collection":[{"href":"https:\/\/www.reefshops.com\/pt-br\/wp-json\/wp\/v2\/product"}],"about":[{"href":"https:\/\/www.reefshops.com\/pt-br\/wp-json\/wp\/v2\/types\/product"}],"replies":[{"embeddable":true,"href":"https:\/\/www.reefshops.com\/pt-br\/wp-json\/wp\/v2\/comments?post=32512"}],"wp:featuredmedia":[{"embeddable":true,"href":"https:\/\/www.reefshops.com\/pt-br\/wp-json\/wp\/v2\/media\/2118"}],"wp:attachment":[{"href":"https:\/\/www.reefshops.com\/pt-br\/wp-json\/wp\/v2\/media?parent=32512"}],"wp:term":[{"taxonomy":"product_brand","embeddable":true,"href":"https:\/\/www.reefshops.com\/pt-br\/wp-json\/wp\/v2\/product_brand?post=32512"},{"taxonomy":"product_cat","embeddable":true,"href":"https:\/\/www.reefshops.com\/pt-br\/wp-json\/wp\/v2\/product_cat?post=32512"},{"taxonomy":"product_tag","embeddable":true,"href":"https:\/\/www.reefshops.com\/pt-br\/wp-json\/wp\/v2\/product_tag?post=32512"}],"curies":[{"name":"wp","href":"https:\/\/api.w.org\/{rel}","templated":true}]}}