{"id":32516,"date":"2016-09-25T22:48:05","date_gmt":"2016-09-25T22:48:05","guid":{"rendered":"https:\/\/www.reefshops.com\/product\/compressor-de-ar-portatil-55w-hailea-12v-dc-aco-006d\/"},"modified":"2025-03-16T08:13:54","modified_gmt":"2025-03-16T08:13:54","slug":"compressor-de-ar-portatil-55w-hailea-12v-dc-aco-006d","status":"publish","type":"product","link":"https:\/\/www.reefshops.com\/pt-br\/produto\/compressor-de-ar-portatil-55w-hailea-12v-dc-aco-006d\/","title":{"rendered":"Compressor de ar port\u00e1til 55W HAILEA 12V DC ACO-006D"},"content":{"rendered":"<article class=\"article richtext richtext-detail AE:disable\" id=\"richTextContainer\">\n<div style=\"clear:both\">\n<p align=\"left\"><span style=\"font-family: 'times new roman', times;font-size: 24px\">Compressor de ar port\u00e1til 12V DC 55W HAILEA ACO-006D<\/span><\/p>\n<p><span style=\"font-family: 'times new roman', times;font-size: 24px\">1.Acionado por motor DC permanente de alta qualidade, o pist\u00e3o<\/span><\/p>\n<p><span style=\"font-family: 'times new roman', times;font-size: 24px\">move-se reciprocamente no cilindro para cima e para baixo e produz ar<\/span><\/p>\n<p><span style=\"font-family: 'times new roman', times;24px\">fluxo grande em sa\u00edda e alta press\u00e3o.<\/span><\/p>\n<p><span style=\"font-family: 'times new roman', times;font-size: 24px\">2.Design de lubrifica\u00e7\u00e3o sem \u00f3leo para produzir ar comprimido mais purificado. <\/span><\/p>\n<p><span style=\"font-family: 'times new roman', times;font-size: 24px\">3.Adote o novo tipo de material vest\u00edvel SF3 para o cilindro e o pist\u00e3o,<\/span><\/p>\n<p><span style=\"font-family: 'times new roman', times;font-size: 24px\">4.A caixa \u00e9 feita de liga de alum\u00ednio, \u00e9 pequena em volume, r\u00e1pido<\/span><\/p>\n<p><span style=\"font-family: 'times new roman', times;font-size: 24px\">na dissipa\u00e7\u00e3o de calor e f\u00e1cil de mover.<\/span><\/p>\n<p><span style=\"font-family: 'times new roman', times;font-size: 24px\">5.A unidade tem opera\u00e7\u00e3o dupla de compressor de ar e bomba de v\u00e1cuo<\/span><\/p>\n<p><span style=\"font-family: 'times new roman', times;font-size: 24px\"><img decoding=\"async\" data-alt=\"55W HAILEA port\u00e1til 12V DC compressor de ar ACO-006D\" data-src=\"http:\/\/localhost\/media\/import\/detail\/HTB1ntWTHFXXXXaIXXXXq6xXFXXXx.jpg\" src=\"\"><img decoding=\"async\" alt=\"55W HAILEA port\u00e1til 12V DC compressor de ar ACO-006D\" src=\"http:\/\/localhost\/media\/import\/detail\/HTB1ntWTHFXXXXaIXXXXq6xXFXXXx.jpg\"><img decoding=\"async\" data-alt=\"55W HAILEA port\u00e1til 12V DC compressor de ar ACO-006D\" data-src=\"http:\/\/localhost\/media\/import\/detail\/HTB19YqHHFXXXXXdXVXXq6xXFXXXB.jpg\" src=\"\"><img decoding=\"async\" alt=\"55W HAILEA port\u00e1til 12V DC compressor de ar ACO-006D\" src=\"http:\/\/localhost\/media\/import\/detail\/HTB19YqHHFXXXXXdXVXXq6xXFXXXB.jpg\"><\/span><\/p>\n<div style=\"clear:both\"><\/div>\n<\/div>\n<\/article>\n","protected":false},"excerpt":{"rendered":"<p>Compressor de ar port\u00e1til 55W HAILEA 12V DC ACO-006D<\/p>\n","protected":false},"featured_media":2126,"comment_status":"open","ping_status":"closed","template":"","meta":[],"product_brand":[],"product_cat":[627],"product_tag":[],"class_list":{"0":"post-32516","1":"product","2":"type-product","3":"status-publish","4":"has-post-thumbnail","6":"product_cat-filtros-de-aquario","8":"first","9":"instock","10":"shipping-taxable","11":"purchasable","12":"product-type-simple","13":"add-to-wishlist-after_add_to_cart"},"jetpack_sharing_enabled":true,"_links":{"self":[{"href":"https:\/\/www.reefshops.com\/pt-br\/wp-json\/wp\/v2\/product\/32516","targetHints":{"allow":["GET"]}}],"collection":[{"href":"https:\/\/www.reefshops.com\/pt-br\/wp-json\/wp\/v2\/product"}],"about":[{"href":"https:\/\/www.reefshops.com\/pt-br\/wp-json\/wp\/v2\/types\/product"}],"replies":[{"embeddable":true,"href":"https:\/\/www.reefshops.com\/pt-br\/wp-json\/wp\/v2\/comments?post=32516"}],"wp:featuredmedia":[{"embeddable":true,"href":"https:\/\/www.reefshops.com\/pt-br\/wp-json\/wp\/v2\/media\/2126"}],"wp:attachment":[{"href":"https:\/\/www.reefshops.com\/pt-br\/wp-json\/wp\/v2\/media?parent=32516"}],"wp:term":[{"taxonomy":"product_brand","embeddable":true,"href":"https:\/\/www.reefshops.com\/pt-br\/wp-json\/wp\/v2\/product_brand?post=32516"},{"taxonomy":"product_cat","embeddable":true,"href":"https:\/\/www.reefshops.com\/pt-br\/wp-json\/wp\/v2\/product_cat?post=32516"},{"taxonomy":"product_tag","embeddable":true,"href":"https:\/\/www.reefshops.com\/pt-br\/wp-json\/wp\/v2\/product_tag?post=32516"}],"curies":[{"name":"wp","href":"https:\/\/api.w.org\/{rel}","templated":true}]}}