{"id":32550,"date":"2016-09-25T22:48:06","date_gmt":"2016-09-25T22:48:06","guid":{"rendered":"https:\/\/www.reefshops.com\/product\/controlador-de-bomba-de-helice-sem-fio-jebao-para-criador-de-ondas-rw8\/"},"modified":"2025-03-16T08:14:01","modified_gmt":"2025-03-16T08:14:01","slug":"controlador-de-bomba-de-helice-sem-fio-jebao-para-criador-de-ondas-rw8","status":"publish","type":"product","link":"https:\/\/www.reefshops.com\/pt-br\/produto\/controlador-de-bomba-de-helice-sem-fio-jebao-para-criador-de-ondas-rw8\/","title":{"rendered":"Controlador de bomba de h\u00e9lice sem fio jebao para criador de ondas RW8"},"content":{"rendered":"<article class=\"article richtext richtext-detail AE:disable\" id=\"richTextContainer\">\n<div style=\"clear:both\">\n<p><span style=\"font-family: 'times new roman', times;font-size: 24px\"> controlador de bomba de h\u00e9lice sem fio jebao para wave maker RW8<\/span><\/p>\n<p><span style=\"font-family: 'times new roman', times;font-size: 24px\">1.Sistema de controle exclusivo permite ondas de diferentes tipos e m\u00faltiplas fun\u00e7\u00f5es<\/span><\/p>\n<p><span style=\"font-family: 'times new roman', times;font-size: 24px\">2.controladores sem fio permitem opera\u00e7\u00e3o sincronizada entre fabricantes de ondas<\/span><\/p>\n<p>&lt;span style=&quot;font-family: &#039;times new roman&#039;, times; com frequ\u00eancia vari\u00e1vel fornece um ambiente seguro para o usu\u00e1rio <\/span><\/p>\n<p><span style=\"font-family: 'times new roman', times;font-size: 24px\">4.opera\u00e7\u00e3o f\u00e1cil para alcan\u00e7ar os m\u00faltiplos movimentos mar\u00edtimos<\/span><\/p>\n<p><span style=\"font-family: 'times new roman', times;font-size: 24px\">5.a dire\u00e7\u00e3o do fluxo pode ser ajustada por diferentes modelos necess\u00e1rio<\/span><\/p>\n<p><img decoding=\"async\" data-alt=\"jebao controlador de bomba de h\u00e9lice sem fio para wave maker RW8\" data-src=\"http:\/\/localhost\/media\/import\/detail\/HTB1C2w.HpXXXXb0XpXXq6xXFXXXJ.jpg\" src=\"\"><img decoding=\"async\" alt=\"jebao controlador de bomba de h\u00e9lice sem fio para wave maker RW8\" src=\"http:\/\/localhost\/media\/import\/detail\/HTB1C2w.HpXXXXb0XpXXq6xXFXXXJ.jpg\"><img decoding=\"async\" data-alt=\"jebao controlador de bomba de h\u00e9lice sem fio para wave maker RW8\" data-src=\"http:\/\/localhost\/media\/import\/detail\/HTB1_AQ2HpXXXXXPapXXq6xXFXXXP.jpg\" src=\"\"><img decoding=\"async\" alt=\"jebao controlador de bomba de h\u00e9lice sem fio para criador de ondas RW8\" src=\"http:\/\/localhost\/media\/import\/detail\/HTB1_AQ2HpXXXXXPapXXq6xXFXXXP.jpg\"><\/p>\n<div style=\"clear:both\"><\/div>\n<\/div>\n<\/article>\n","protected":false},"excerpt":{"rendered":"<p>Controlador de bomba de h\u00e9lice sem fio jebao para criador de ondas RW8<\/p>\n","protected":false},"featured_media":2193,"comment_status":"open","ping_status":"closed","template":"","meta":[],"product_brand":[],"product_cat":[627],"product_tag":[],"class_list":{"0":"post-32550","1":"product","2":"type-product","3":"status-publish","4":"has-post-thumbnail","6":"product_cat-filtros-de-aquario","8":"first","9":"instock","10":"shipping-taxable","11":"purchasable","12":"product-type-simple","13":"add-to-wishlist-after_add_to_cart"},"jetpack_sharing_enabled":true,"_links":{"self":[{"href":"https:\/\/www.reefshops.com\/pt-br\/wp-json\/wp\/v2\/product\/32550","targetHints":{"allow":["GET"]}}],"collection":[{"href":"https:\/\/www.reefshops.com\/pt-br\/wp-json\/wp\/v2\/product"}],"about":[{"href":"https:\/\/www.reefshops.com\/pt-br\/wp-json\/wp\/v2\/types\/product"}],"replies":[{"embeddable":true,"href":"https:\/\/www.reefshops.com\/pt-br\/wp-json\/wp\/v2\/comments?post=32550"}],"wp:featuredmedia":[{"embeddable":true,"href":"https:\/\/www.reefshops.com\/pt-br\/wp-json\/wp\/v2\/media\/2193"}],"wp:attachment":[{"href":"https:\/\/www.reefshops.com\/pt-br\/wp-json\/wp\/v2\/media?parent=32550"}],"wp:term":[{"taxonomy":"product_brand","embeddable":true,"href":"https:\/\/www.reefshops.com\/pt-br\/wp-json\/wp\/v2\/product_brand?post=32550"},{"taxonomy":"product_cat","embeddable":true,"href":"https:\/\/www.reefshops.com\/pt-br\/wp-json\/wp\/v2\/product_cat?post=32550"},{"taxonomy":"product_tag","embeddable":true,"href":"https:\/\/www.reefshops.com\/pt-br\/wp-json\/wp\/v2\/product_tag?post=32550"}],"curies":[{"name":"wp","href":"https:\/\/api.w.org\/{rel}","templated":true}]}}