{"id":32708,"date":"2016-09-25T23:27:44","date_gmt":"2016-09-25T23:27:44","guid":{"rendered":"https:\/\/www.reefshops.com\/product\/alimentador-automatico-de-alimentos-para-peixes-de-6l-jebao-pond\/"},"modified":"2025-03-16T08:20:32","modified_gmt":"2025-03-16T08:20:32","slug":"alimentador-automatico-de-alimentos-para-peixes-de-6l-jebao-pond","status":"publish","type":"product","link":"https:\/\/www.reefshops.com\/pt-br\/produto\/alimentador-automatico-de-alimentos-para-peixes-de-6l-jebao-pond\/","title":{"rendered":"Alimentador autom\u00e1tico de alimentos para peixes de 6L Jebao Pond"},"content":{"rendered":"<article class=\"article richtext richtext-detail AE:disable\" id=\"richTextContainer\">\n<div style=\"clear:both\">\n<p><strong><span style=\"font-size: 18px\">Alimentador autom\u00e1tico de ra\u00e7\u00e3o para peixes de lago Jebao 6L de grande venda <br \/><\/span><\/strong><\/p>\n<p><strong> <\/strong><\/p>\n<p><span style=\"font-size: 18px\">Benef\u00edcio:<\/span><\/p>\n<p style=\"border: 0px;font-family: Arial,Helvetica;font-size: 11.818181991577148px;line-height: 16.363636016845703px;#333333\"><span>1. Alimentos secos e soltos em flocos e pellets podem ser usados<\/span><\/p>\n<p style=\"border: 0px;font-family: Arial,Helvetica;font-size: 11.818181991577148px;line-height: 16.363636016845703px;vertical-align: linha de base;color: #333333\"><span>2. Ideal para v\u00e1rios tamanhos de aqu\u00e1rios. style=&#8221;margem: 0px; preenchimento: 0px; borda: 0px; fam\u00edlia de fontes: &#8216;times new roman&#8217;, times; tamanho da fonte: 24px; estilo da fonte: herdar; peso da fonte: herdar; altura da linha: 35,45454406738281px; alinhamento vertical: linha de base;&#8221;&gt;3. Temporizador digital para configurar programas regulares de alimenta\u00e7\u00e3o<\/span><\/p>\n<p style=\"border: 0px;font-family: Arial,Helvetica;font-size: 11.818181991577148px;line-height: 16.363636016845703px;vertical-align: linha de base\"><span>4. Sistema exclusivo para evitar que os alimentos sejam hidratados ou entupidos no dispensador<\/span><\/p>\n<p style=\"border: 0px;font-family: Arial,Helvetica;font-size: 11.818181991577148px;line-height: 16.363636016845703px;vertical-align: linha de base;color: #333333\"><span>5. Pode ser operado autom\u00e1tica ou manualmente, facilitando a manuten\u00e7\u00e3o dos peixes<\/span><\/p>\n<p style=\"border: 0px;font-family: Arial,Helvetica;line-height: 15px;vertical-align: baseline;color: #333333\"><span style=\"margin: 0px;padding: 0px;border: 0px;font-family: Arial;font-size: 18px;font-style: herdar\"><br \/><\/span><\/p>\n<div style=\"clear:both\"><\/article>\n","protected":false},"excerpt":{"rendered":"<p>Alimentador autom\u00e1tico de alimentos para peixes de 6L Jebao Pond<\/p>\n","protected":false},"featured_media":2491,"comment_status":"open","ping_status":"closed","template":"","meta":[],"product_brand":[],"product_cat":[627],"product_tag":[],"class_list":{"0":"post-32708","1":"product","2":"type-product","3":"status-publish","4":"has-post-thumbnail","6":"product_cat-filtros-de-aquario","8":"first","9":"instock","10":"shipping-taxable","11":"purchasable","12":"product-type-simple","13":"add-to-wishlist-after_add_to_cart"},"jetpack_sharing_enabled":true,"_links":{"self":[{"href":"https:\/\/www.reefshops.com\/pt-br\/wp-json\/wp\/v2\/product\/32708","targetHints":{"allow":["GET"]}}],"collection":[{"href":"https:\/\/www.reefshops.com\/pt-br\/wp-json\/wp\/v2\/product"}],"about":[{"href":"https:\/\/www.reefshops.com\/pt-br\/wp-json\/wp\/v2\/types\/product"}],"replies":[{"embeddable":true,"href":"https:\/\/www.reefshops.com\/pt-br\/wp-json\/wp\/v2\/comments?post=32708"}],"wp:featuredmedia":[{"embeddable":true,"href":"https:\/\/www.reefshops.com\/pt-br\/wp-json\/wp\/v2\/media\/2491"}],"wp:attachment":[{"href":"https:\/\/www.reefshops.com\/pt-br\/wp-json\/wp\/v2\/media?parent=32708"}],"wp:term":[{"taxonomy":"product_brand","embeddable":true,"href":"https:\/\/www.reefshops.com\/pt-br\/wp-json\/wp\/v2\/product_brand?post=32708"},{"taxonomy":"product_cat","embeddable":true,"href":"https:\/\/www.reefshops.com\/pt-br\/wp-json\/wp\/v2\/product_cat?post=32708"},{"taxonomy":"product_tag","embeddable":true,"href":"https:\/\/www.reefshops.com\/pt-br\/wp-json\/wp\/v2\/product_tag?post=32708"}],"curies":[{"name":"wp","href":"https:\/\/api.w.org\/{rel}","templated":true}]}}